{"id":17618,"date":"2024-07-03T02:14:46","date_gmt":"2024-07-03T00:14:46","guid":{"rendered":"https:\/\/bergstrominc.com\/es\/komponenten-und-zubehoer\/"},"modified":"2025-06-11T08:53:48","modified_gmt":"2025-06-11T06:53:48","slug":"komponenten-und-zubehoer","status":"publish","type":"page","link":"https:\/\/bergstrominc.com\/es\/de\/komponenten-und-zubehoer\/","title":{"rendered":"KOMPONENTEN UND ZUBEH\u00d6R"},"content":{"rendered":"\t\t<div data-elementor-type=\"wp-page\" data-elementor-id=\"17618\" class=\"elementor elementor-17618 elementor-8163\" data-elementor-post-type=\"page\">\n\t\t\t\t<div class=\"elementor-element elementor-element-f2f1f1e elementor-hidden-mobile e-flex e-con-boxed e-con e-parent\" data-id=\"f2f1f1e\" data-element_type=\"container\" data-e-type=\"container\" data-settings=\"{&quot;background_background&quot;:&quot;classic&quot;,&quot;sticky&quot;:&quot;top&quot;,&quot;jet_parallax_layout_list&quot;:[],&quot;sticky_on&quot;:[&quot;desktop&quot;,&quot;laptop&quot;,&quot;tablet&quot;,&quot;mobile&quot;],&quot;sticky_offset&quot;:0,&quot;sticky_effects_offset&quot;:0,&quot;sticky_anchor_link_offset&quot;:0}\">\n\t\t\t\t\t<div class=\"e-con-inner\">\n\t\t\t\t<div class=\"elementor-element elementor-element-61a50e8 elementor-nav-menu--dropdown-none elementor-widget elementor-widget-nav-menu\" data-id=\"61a50e8\" data-element_type=\"widget\" data-e-type=\"widget\" data-settings=\"{&quot;layout&quot;:&quot;horizontal&quot;,&quot;submenu_icon&quot;:{&quot;value&quot;:&quot;&lt;i class=\\&quot;fas fa-caret-down\\&quot; aria-hidden=\\&quot;true\\&quot;&gt;&lt;\\\/i&gt;&quot;,&quot;library&quot;:&quot;fa-solid&quot;}}\" data-widget_type=\"nav-menu.default\">\n\t\t\t\t<div class=\"elementor-widget-container\">\n\t\t\t\t\t\t\t\t<nav aria-label=\"Men\u00fa\" class=\"elementor-nav-menu--main elementor-nav-menu__container elementor-nav-menu--layout-horizontal e--pointer-none\">\n\t\t\t\t<ul id=\"menu-1-61a50e8\" class=\"elementor-nav-menu\"><li class=\"menu-item menu-item-type-taxonomy menu-item-object-product_cat menu-item-16660\"><a href=\"https:\/\/bergstrominc.com\/es\/de\/categoria-producto\/professionell\/zur-arbeit\/\" class=\"elementor-item menu-link\">Zur Arbeit<\/a><\/li>\n<li class=\"menu-item menu-item-type-taxonomy menu-item-object-product_cat menu-item-16661\"><a href=\"https:\/\/bergstrominc.com\/es\/de\/categoria-producto\/professionell\/fur-ruhepausen\/\" class=\"elementor-item menu-link\">F\u00fcr Ruhepausen<\/a><\/li>\n<li class=\"menu-item menu-item-type-post_type menu-item-object-page menu-item-19561\"><a href=\"https:\/\/bergstrominc.com\/es\/de\/ausgelaufene-ausruestung\/\" class=\"elementor-item menu-link\">Ausgelaufene Ausr\u00fcstung<\/a><\/li>\n<li class=\"menu-item menu-item-type-custom menu-item-object-custom menu-item-9518\"><a href=\"https:\/\/bergstrominc.com\/es\/de\/componentes-y-accesorios\/\" class=\"elementor-item menu-link\">Komponenten<\/a><\/li>\n<li class=\"menu-item menu-item-type-post_type menu-item-object-page menu-item-19738\"><a href=\"https:\/\/bergstrominc.com\/es\/de\/verdampfer\/\" class=\"elementor-item menu-link\">Verdampfer<\/a><\/li>\n<\/ul>\t\t\t<\/nav>\n\t\t\t\t\t\t<nav class=\"elementor-nav-menu--dropdown elementor-nav-menu__container\" aria-hidden=\"true\">\n\t\t\t\t<ul id=\"menu-2-61a50e8\" class=\"elementor-nav-menu\"><li class=\"menu-item menu-item-type-taxonomy menu-item-object-product_cat menu-item-16660\"><a href=\"https:\/\/bergstrominc.com\/es\/de\/categoria-producto\/professionell\/zur-arbeit\/\" class=\"elementor-item menu-link\" tabindex=\"-1\">Zur Arbeit<\/a><\/li>\n<li class=\"menu-item menu-item-type-taxonomy menu-item-object-product_cat menu-item-16661\"><a href=\"https:\/\/bergstrominc.com\/es\/de\/categoria-producto\/professionell\/fur-ruhepausen\/\" class=\"elementor-item menu-link\" tabindex=\"-1\">F\u00fcr Ruhepausen<\/a><\/li>\n<li class=\"menu-item menu-item-type-post_type menu-item-object-page menu-item-19561\"><a href=\"https:\/\/bergstrominc.com\/es\/de\/ausgelaufene-ausruestung\/\" class=\"elementor-item menu-link\" tabindex=\"-1\">Ausgelaufene Ausr\u00fcstung<\/a><\/li>\n<li class=\"menu-item menu-item-type-custom menu-item-object-custom menu-item-9518\"><a href=\"https:\/\/bergstrominc.com\/es\/de\/componentes-y-accesorios\/\" class=\"elementor-item menu-link\" tabindex=\"-1\">Komponenten<\/a><\/li>\n<li class=\"menu-item menu-item-type-post_type menu-item-object-page menu-item-19738\"><a href=\"https:\/\/bergstrominc.com\/es\/de\/verdampfer\/\" class=\"elementor-item menu-link\" tabindex=\"-1\">Verdampfer<\/a><\/li>\n<\/ul>\t\t\t<\/nav>\n\t\t\t\t\t\t<\/div>\n\t\t\t\t<\/div>\n\t\t\t\t\t<\/div>\n\t\t\t\t<\/div>\n\t\t<div class=\"elementor-element elementor-element-238ae10 e-con-full e-flex e-con e-parent\" data-id=\"238ae10\" data-element_type=\"container\" data-e-type=\"container\" data-settings=\"{&quot;jet_parallax_layout_list&quot;:[]}\">\n\t\t\t\t<div class=\"elementor-element elementor-element-88c41a1 elementor-widget elementor-widget-heading\" data-id=\"88c41a1\" data-element_type=\"widget\" data-e-type=\"widget\" data-widget_type=\"heading.default\">\n\t\t\t\t<div class=\"elementor-widget-container\">\n\t\t\t\t\t<h2 class=\"elementor-heading-title elementor-size-default\">KOMPONENTEN UND ZUBEH\u00d6R<\/h2>\t\t\t\t<\/div>\n\t\t\t\t<\/div>\n\t\t<div class=\"elementor-element elementor-element-d91a3e5 e-con-full e-flex e-con e-child\" data-id=\"d91a3e5\" data-element_type=\"container\" data-e-type=\"container\" data-settings=\"{&quot;jet_parallax_layout_list&quot;:[]}\">\n\t\t\t\t<div class=\"elementor-element elementor-element-06ac471 elementor-align-justify elementor-widget__width-initial elementor-widget-laptop__width-auto elementor-widget-mobile__width-inherit elementor-widget elementor-widget-button\" data-id=\"06ac471\" data-element_type=\"widget\" data-e-type=\"widget\" data-widget_type=\"button.default\">\n\t\t\t\t<div class=\"elementor-widget-container\">\n\t\t\t\t\t\t\t\t\t<div class=\"elementor-button-wrapper\">\n\t\t\t\t\t<a class=\"elementor-button elementor-button-link elementor-size-sm\" href=\"https:\/\/info-es.bergstrominc.com\/WebEspa%C3%B1a\/Components\/catalogo-compresores-profesional-2016.pdf\">\n\t\t\t\t\t\t<span class=\"elementor-button-content-wrapper\">\n\t\t\t\t\t\t<span class=\"elementor-button-icon\">\n\t\t\t\t<svg xmlns=\"http:\/\/www.w3.org\/2000\/svg\" width=\"24\" height=\"24\" viewBox=\"0 0 24 24\" fill=\"none\"><path fill-rule=\"evenodd\" clip-rule=\"evenodd\" d=\"M18.288 13.7716C18.5532 13.774 18.8085 13.671 18.9977 13.4852C19.1869 13.2994 19.2946 13.0461 19.2971 12.7809L19.3607 5.6462C19.3618 5.51347 19.3365 5.38185 19.2862 5.25902C19.2359 5.13618 19.1617 5.02458 19.0678 4.93072C18.974 4.83687 18.8624 4.76264 18.7395 4.71236C18.6167 4.66208 18.4851 4.63675 18.3524 4.63787L11.2177 4.70151C10.9551 4.70772 10.7056 4.81693 10.5229 5.00557C10.3403 5.19421 10.2391 5.44713 10.2413 5.70971C10.2436 5.97229 10.349 6.22346 10.5348 6.40897C10.7207 6.59448 10.972 6.69945 11.2346 6.7012L15.9256 6.65878L4.92653 17.6578C4.73899 17.8454 4.63364 18.0997 4.63364 18.3649C4.63364 18.6301 4.73899 18.8845 4.92653 19.072C5.11406 19.2596 5.36842 19.3649 5.63364 19.3649C5.89885 19.3649 6.15321 19.2596 6.34074 19.072L17.3398 8.07299L17.2974 12.7639C17.2951 13.0291 17.3983 13.2843 17.5842 13.4734C17.7702 13.6625 18.0229 13.7693 18.288 13.7716Z\" fill=\"#080707\"><\/path><\/svg>\t\t\t<\/span>\n\t\t\t\t\t\t\t\t\t<span class=\"elementor-button-text\">Kompressoren<\/span>\n\t\t\t\t\t<\/span>\n\t\t\t\t\t<\/a>\n\t\t\t\t<\/div>\n\t\t\t\t\t\t\t\t<\/div>\n\t\t\t\t<\/div>\n\t\t\t\t<div class=\"elementor-element elementor-element-bcac10c elementor-align-justify elementor-widget__width-initial elementor-widget-laptop__width-auto elementor-widget-mobile__width-inherit elementor-widget elementor-widget-button\" data-id=\"bcac10c\" data-element_type=\"widget\" data-e-type=\"widget\" data-widget_type=\"button.default\">\n\t\t\t\t<div class=\"elementor-widget-container\">\n\t\t\t\t\t\t\t\t\t<div class=\"elementor-button-wrapper\">\n\t\t\t\t\t<a class=\"elementor-button elementor-button-link elementor-size-sm\" href=\"https:\/\/info-es.bergstrominc.com\/WebEspa%C3%B1a\/Components\/catalogo-accesorios-profesional-20196.pdf\">\n\t\t\t\t\t\t<span class=\"elementor-button-content-wrapper\">\n\t\t\t\t\t\t<span class=\"elementor-button-icon\">\n\t\t\t\t<svg xmlns=\"http:\/\/www.w3.org\/2000\/svg\" width=\"24\" height=\"24\" viewBox=\"0 0 24 24\" fill=\"none\"><path fill-rule=\"evenodd\" clip-rule=\"evenodd\" d=\"M18.288 13.7716C18.5532 13.774 18.8085 13.671 18.9977 13.4852C19.1869 13.2994 19.2946 13.0461 19.2971 12.7809L19.3607 5.6462C19.3618 5.51347 19.3365 5.38185 19.2862 5.25902C19.2359 5.13618 19.1617 5.02458 19.0678 4.93072C18.974 4.83687 18.8624 4.76264 18.7395 4.71236C18.6167 4.66208 18.4851 4.63675 18.3524 4.63787L11.2177 4.70151C10.9551 4.70772 10.7056 4.81693 10.5229 5.00557C10.3403 5.19421 10.2391 5.44713 10.2413 5.70971C10.2436 5.97229 10.349 6.22346 10.5348 6.40897C10.7207 6.59448 10.972 6.69945 11.2346 6.7012L15.9256 6.65878L4.92653 17.6578C4.73899 17.8454 4.63364 18.0997 4.63364 18.3649C4.63364 18.6301 4.73899 18.8845 4.92653 19.072C5.11406 19.2596 5.36842 19.3649 5.63364 19.3649C5.89885 19.3649 6.15321 19.2596 6.34074 19.072L17.3398 8.07299L17.2974 12.7639C17.2951 13.0291 17.3983 13.2843 17.5842 13.4734C17.7702 13.6625 18.0229 13.7693 18.288 13.7716Z\" fill=\"#080707\"><\/path><\/svg>\t\t\t<\/span>\n\t\t\t\t\t\t\t\t\t<span class=\"elementor-button-text\">Komponenten<\/span>\n\t\t\t\t\t<\/span>\n\t\t\t\t\t<\/a>\n\t\t\t\t<\/div>\n\t\t\t\t\t\t\t\t<\/div>\n\t\t\t\t<\/div>\n\t\t\t\t<div class=\"elementor-element elementor-element-577047d elementor-align-justify elementor-widget__width-initial elementor-widget-laptop__width-auto elementor-widget-mobile__width-inherit elementor-widget elementor-widget-button\" data-id=\"577047d\" data-element_type=\"widget\" data-e-type=\"widget\" data-widget_type=\"button.default\">\n\t\t\t\t<div class=\"elementor-widget-container\">\n\t\t\t\t\t\t\t\t\t<div class=\"elementor-button-wrapper\">\n\t\t\t\t\t<a class=\"elementor-button elementor-button-link elementor-size-sm\" href=\"https:\/\/info-es.bergstrominc.com\/WebEspa%C3%B1a\/Components\/catalogo-sopladores-2016.pdf\">\n\t\t\t\t\t\t<span class=\"elementor-button-content-wrapper\">\n\t\t\t\t\t\t<span class=\"elementor-button-icon\">\n\t\t\t\t<svg xmlns=\"http:\/\/www.w3.org\/2000\/svg\" width=\"24\" height=\"24\" viewBox=\"0 0 24 24\" fill=\"none\"><path fill-rule=\"evenodd\" clip-rule=\"evenodd\" d=\"M18.288 13.7716C18.5532 13.774 18.8085 13.671 18.9977 13.4852C19.1869 13.2994 19.2946 13.0461 19.2971 12.7809L19.3607 5.6462C19.3618 5.51347 19.3365 5.38185 19.2862 5.25902C19.2359 5.13618 19.1617 5.02458 19.0678 4.93072C18.974 4.83687 18.8624 4.76264 18.7395 4.71236C18.6167 4.66208 18.4851 4.63675 18.3524 4.63787L11.2177 4.70151C10.9551 4.70772 10.7056 4.81693 10.5229 5.00557C10.3403 5.19421 10.2391 5.44713 10.2413 5.70971C10.2436 5.97229 10.349 6.22346 10.5348 6.40897C10.7207 6.59448 10.972 6.69945 11.2346 6.7012L15.9256 6.65878L4.92653 17.6578C4.73899 17.8454 4.63364 18.0997 4.63364 18.3649C4.63364 18.6301 4.73899 18.8845 4.92653 19.072C5.11406 19.2596 5.36842 19.3649 5.63364 19.3649C5.89885 19.3649 6.15321 19.2596 6.34074 19.072L17.3398 8.07299L17.2974 12.7639C17.2951 13.0291 17.3983 13.2843 17.5842 13.4734C17.7702 13.6625 18.0229 13.7693 18.288 13.7716Z\" fill=\"#080707\"><\/path><\/svg>\t\t\t<\/span>\n\t\t\t\t\t\t\t\t\t<span class=\"elementor-button-text\">Gebl\u00e4se<\/span>\n\t\t\t\t\t<\/span>\n\t\t\t\t\t<\/a>\n\t\t\t\t<\/div>\n\t\t\t\t\t\t\t\t<\/div>\n\t\t\t\t<\/div>\n\t\t\t\t<div class=\"elementor-element elementor-element-bcbe58a elementor-align-justify elementor-widget__width-initial elementor-widget-laptop__width-auto elementor-widget-mobile__width-inherit elementor-widget elementor-widget-button\" data-id=\"bcbe58a\" data-element_type=\"widget\" data-e-type=\"widget\" data-widget_type=\"button.default\">\n\t\t\t\t<div class=\"elementor-widget-container\">\n\t\t\t\t\t\t\t\t\t<div class=\"elementor-button-wrapper\">\n\t\t\t\t\t<a class=\"elementor-button elementor-button-link elementor-size-sm\" href=\"https:\/\/info-es.bergstrominc.com\/WebEspa%C3%B1a\/Components\/catalogo-electroventiladores-profesional-2016.pdf\">\n\t\t\t\t\t\t<span class=\"elementor-button-content-wrapper\">\n\t\t\t\t\t\t<span class=\"elementor-button-icon\">\n\t\t\t\t<svg xmlns=\"http:\/\/www.w3.org\/2000\/svg\" width=\"24\" height=\"24\" viewBox=\"0 0 24 24\" fill=\"none\"><path fill-rule=\"evenodd\" clip-rule=\"evenodd\" d=\"M18.288 13.7716C18.5532 13.774 18.8085 13.671 18.9977 13.4852C19.1869 13.2994 19.2946 13.0461 19.2971 12.7809L19.3607 5.6462C19.3618 5.51347 19.3365 5.38185 19.2862 5.25902C19.2359 5.13618 19.1617 5.02458 19.0678 4.93072C18.974 4.83687 18.8624 4.76264 18.7395 4.71236C18.6167 4.66208 18.4851 4.63675 18.3524 4.63787L11.2177 4.70151C10.9551 4.70772 10.7056 4.81693 10.5229 5.00557C10.3403 5.19421 10.2391 5.44713 10.2413 5.70971C10.2436 5.97229 10.349 6.22346 10.5348 6.40897C10.7207 6.59448 10.972 6.69945 11.2346 6.7012L15.9256 6.65878L4.92653 17.6578C4.73899 17.8454 4.63364 18.0997 4.63364 18.3649C4.63364 18.6301 4.73899 18.8845 4.92653 19.072C5.11406 19.2596 5.36842 19.3649 5.63364 19.3649C5.89885 19.3649 6.15321 19.2596 6.34074 19.072L17.3398 8.07299L17.2974 12.7639C17.2951 13.0291 17.3983 13.2843 17.5842 13.4734C17.7702 13.6625 18.0229 13.7693 18.288 13.7716Z\" fill=\"#080707\"><\/path><\/svg>\t\t\t<\/span>\n\t\t\t\t\t\t\t\t\t<span class=\"elementor-button-text\">L\u00fcfter<\/span>\n\t\t\t\t\t<\/span>\n\t\t\t\t\t<\/a>\n\t\t\t\t<\/div>\n\t\t\t\t\t\t\t\t<\/div>\n\t\t\t\t<\/div>\n\t\t\t\t<div class=\"elementor-element elementor-element-089339c elementor-align-justify elementor-widget__width-initial elementor-widget-laptop__width-auto elementor-widget-mobile__width-inherit elementor-widget elementor-widget-button\" data-id=\"089339c\" data-element_type=\"widget\" data-e-type=\"widget\" data-widget_type=\"button.default\">\n\t\t\t\t<div class=\"elementor-widget-container\">\n\t\t\t\t\t\t\t\t\t<div class=\"elementor-button-wrapper\">\n\t\t\t\t\t<a class=\"elementor-button elementor-button-link elementor-size-sm\" href=\"https:\/\/info-es.bergstrominc.com\/WebEspa%C3%B1a\/Components\/catalogo-filtro-profesional-2016.pdf\">\n\t\t\t\t\t\t<span class=\"elementor-button-content-wrapper\">\n\t\t\t\t\t\t<span class=\"elementor-button-icon\">\n\t\t\t\t<svg xmlns=\"http:\/\/www.w3.org\/2000\/svg\" width=\"24\" height=\"24\" viewBox=\"0 0 24 24\" fill=\"none\"><path fill-rule=\"evenodd\" clip-rule=\"evenodd\" d=\"M18.288 13.7716C18.5532 13.774 18.8085 13.671 18.9977 13.4852C19.1869 13.2994 19.2946 13.0461 19.2971 12.7809L19.3607 5.6462C19.3618 5.51347 19.3365 5.38185 19.2862 5.25902C19.2359 5.13618 19.1617 5.02458 19.0678 4.93072C18.974 4.83687 18.8624 4.76264 18.7395 4.71236C18.6167 4.66208 18.4851 4.63675 18.3524 4.63787L11.2177 4.70151C10.9551 4.70772 10.7056 4.81693 10.5229 5.00557C10.3403 5.19421 10.2391 5.44713 10.2413 5.70971C10.2436 5.97229 10.349 6.22346 10.5348 6.40897C10.7207 6.59448 10.972 6.69945 11.2346 6.7012L15.9256 6.65878L4.92653 17.6578C4.73899 17.8454 4.63364 18.0997 4.63364 18.3649C4.63364 18.6301 4.73899 18.8845 4.92653 19.072C5.11406 19.2596 5.36842 19.3649 5.63364 19.3649C5.89885 19.3649 6.15321 19.2596 6.34074 19.072L17.3398 8.07299L17.2974 12.7639C17.2951 13.0291 17.3983 13.2843 17.5842 13.4734C17.7702 13.6625 18.0229 13.7693 18.288 13.7716Z\" fill=\"#080707\"><\/path><\/svg>\t\t\t<\/span>\n\t\t\t\t\t\t\t\t\t<span class=\"elementor-button-text\">Filtertrockner<\/span>\n\t\t\t\t\t<\/span>\n\t\t\t\t\t<\/a>\n\t\t\t\t<\/div>\n\t\t\t\t\t\t\t\t<\/div>\n\t\t\t\t<\/div>\n\t\t\t\t<div class=\"elementor-element elementor-element-976dea4 elementor-align-justify elementor-widget__width-initial elementor-widget-laptop__width-auto elementor-widget-mobile__width-inherit elementor-widget elementor-widget-button\" data-id=\"976dea4\" data-element_type=\"widget\" data-e-type=\"widget\" data-widget_type=\"button.default\">\n\t\t\t\t<div class=\"elementor-widget-container\">\n\t\t\t\t\t\t\t\t\t<div class=\"elementor-button-wrapper\">\n\t\t\t\t\t<a class=\"elementor-button elementor-button-link elementor-size-sm\" href=\"https:\/\/info-es.bergstrominc.com\/WebEspa%C3%B1a\/Components\/Catalogo_Racores_2025_ACTUALIZADO_2.pdf\">\n\t\t\t\t\t\t<span class=\"elementor-button-content-wrapper\">\n\t\t\t\t\t\t<span class=\"elementor-button-icon\">\n\t\t\t\t<svg xmlns=\"http:\/\/www.w3.org\/2000\/svg\" width=\"24\" height=\"24\" viewBox=\"0 0 24 24\" fill=\"none\"><path fill-rule=\"evenodd\" clip-rule=\"evenodd\" d=\"M18.288 13.7716C18.5532 13.774 18.8085 13.671 18.9977 13.4852C19.1869 13.2994 19.2946 13.0461 19.2971 12.7809L19.3607 5.6462C19.3618 5.51347 19.3365 5.38185 19.2862 5.25902C19.2359 5.13618 19.1617 5.02458 19.0678 4.93072C18.974 4.83687 18.8624 4.76264 18.7395 4.71236C18.6167 4.66208 18.4851 4.63675 18.3524 4.63787L11.2177 4.70151C10.9551 4.70772 10.7056 4.81693 10.5229 5.00557C10.3403 5.19421 10.2391 5.44713 10.2413 5.70971C10.2436 5.97229 10.349 6.22346 10.5348 6.40897C10.7207 6.59448 10.972 6.69945 11.2346 6.7012L15.9256 6.65878L4.92653 17.6578C4.73899 17.8454 4.63364 18.0997 4.63364 18.3649C4.63364 18.6301 4.73899 18.8845 4.92653 19.072C5.11406 19.2596 5.36842 19.3649 5.63364 19.3649C5.89885 19.3649 6.15321 19.2596 6.34074 19.072L17.3398 8.07299L17.2974 12.7639C17.2951 13.0291 17.3983 13.2843 17.5842 13.4734C17.7702 13.6625 18.0229 13.7693 18.288 13.7716Z\" fill=\"#080707\"><\/path><\/svg>\t\t\t<\/span>\n\t\t\t\t\t\t\t\t\t<span class=\"elementor-button-text\">Rohre und Formst\u00fccke<\/span>\n\t\t\t\t\t<\/span>\n\t\t\t\t\t<\/a>\n\t\t\t\t<\/div>\n\t\t\t\t\t\t\t\t<\/div>\n\t\t\t\t<\/div>\n\t\t\t\t<\/div>\n\t\t\t\t<\/div>\n\t\t\t\t<\/div>\n\t\t","protected":false},"excerpt":{"rendered":"<p>KOMPONENTEN UND ZUBEH\u00d6R Kompressoren Komponenten Gebl\u00e4se L\u00fcfter Filtertrockner Rohre und Formst\u00fccke<\/p>\n","protected":false},"author":2,"featured_media":0,"parent":0,"menu_order":0,"comment_status":"closed","ping_status":"closed","template":"","meta":{"site-sidebar-layout":"no-sidebar","site-content-layout":"","ast-site-content-layout":"full-width-container","site-content-style":"default","site-sidebar-style":"default","ast-global-header-display":"","ast-banner-title-visibility":"","ast-main-header-display":"","ast-hfb-above-header-display":"","ast-hfb-below-header-display":"","ast-hfb-mobile-header-display":"","site-post-title":"disabled","ast-breadcrumbs-content":"","ast-featured-img":"disabled","footer-sml-layout":"","ast-disable-related-posts":"","theme-transparent-header-meta":"","adv-header-id-meta":"","stick-header-meta":"","header-above-stick-meta":"","header-main-stick-meta":"","header-below-stick-meta":"","astra-migrate-meta-layouts":"default","ast-page-background-enabled":"default","ast-page-background-meta":{"desktop":{"background-color":"var(--ast-global-color-4)","background-image":"","background-repeat":"repeat","background-position":"center center","background-size":"auto","background-attachment":"scroll","background-type":"","background-media":"","overlay-type":"","overlay-color":"","overlay-opacity":"","overlay-gradient":""},"tablet":{"background-color":"","background-image":"","background-repeat":"repeat","background-position":"center center","background-size":"auto","background-attachment":"scroll","background-type":"","background-media":"","overlay-type":"","overlay-color":"","overlay-opacity":"","overlay-gradient":""},"mobile":{"background-color":"","background-image":"","background-repeat":"repeat","background-position":"center center","background-size":"auto","background-attachment":"scroll","background-type":"","background-media":"","overlay-type":"","overlay-color":"","overlay-opacity":"","overlay-gradient":""}},"ast-content-background-meta":{"desktop":{"background-color":"var(--ast-global-color-5)","background-image":"","background-repeat":"repeat","background-position":"center center","background-size":"auto","background-attachment":"scroll","background-type":"","background-media":"","overlay-type":"","overlay-color":"","overlay-opacity":"","overlay-gradient":""},"tablet":{"background-color":"var(--ast-global-color-5)","background-image":"","background-repeat":"repeat","background-position":"center center","background-size":"auto","background-attachment":"scroll","background-type":"","background-media":"","overlay-type":"","overlay-color":"","overlay-opacity":"","overlay-gradient":""},"mobile":{"background-color":"var(--ast-global-color-5)","background-image":"","background-repeat":"repeat","background-position":"center center","background-size":"auto","background-attachment":"scroll","background-type":"","background-media":"","overlay-type":"","overlay-color":"","overlay-opacity":"","overlay-gradient":""}},"footnotes":""},"class_list":["post-17618","page","type-page","status-publish","hentry"],"_links":{"self":[{"href":"https:\/\/bergstrominc.com\/es\/de\/wp-json\/wp\/v2\/pages\/17618","targetHints":{"allow":["GET"]}}],"collection":[{"href":"https:\/\/bergstrominc.com\/es\/de\/wp-json\/wp\/v2\/pages"}],"about":[{"href":"https:\/\/bergstrominc.com\/es\/de\/wp-json\/wp\/v2\/types\/page"}],"author":[{"embeddable":true,"href":"https:\/\/bergstrominc.com\/es\/de\/wp-json\/wp\/v2\/users\/2"}],"replies":[{"embeddable":true,"href":"https:\/\/bergstrominc.com\/es\/de\/wp-json\/wp\/v2\/comments?post=17618"}],"version-history":[{"count":1,"href":"https:\/\/bergstrominc.com\/es\/de\/wp-json\/wp\/v2\/pages\/17618\/revisions"}],"predecessor-version":[{"id":17619,"href":"https:\/\/bergstrominc.com\/es\/de\/wp-json\/wp\/v2\/pages\/17618\/revisions\/17619"}],"wp:attachment":[{"href":"https:\/\/bergstrominc.com\/es\/de\/wp-json\/wp\/v2\/media?parent=17618"}],"curies":[{"name":"wp","href":"https:\/\/api.w.org\/{rel}","templated":true}]}}