{"id":6103,"date":"2024-03-25T13:25:20","date_gmt":"2024-03-25T12:25:20","guid":{"rendered":"https:\/\/dimgrey-goat-433611.hostingersite.com\/es\/garantie\/"},"modified":"2024-07-15T11:32:24","modified_gmt":"2024-07-15T09:32:24","slug":"garantie","status":"publish","type":"page","link":"https:\/\/bergstrominc.com\/es\/de\/garantie\/","title":{"rendered":"Garantie"},"content":{"rendered":"\t\t<div data-elementor-type=\"wp-page\" data-elementor-id=\"6103\" class=\"elementor elementor-6103 elementor-1168\" data-elementor-post-type=\"page\">\n\t\t\t\t<div class=\"elementor-element elementor-element-1ea9088 e-flex e-con-boxed e-con e-parent\" data-id=\"1ea9088\" data-element_type=\"container\" data-e-type=\"container\" data-settings=\"{&quot;background_background&quot;:&quot;classic&quot;,&quot;jet_parallax_layout_list&quot;:[]}\">\n\t\t\t\t\t<div class=\"e-con-inner\">\n\t\t<div class=\"elementor-element elementor-element-b9f985c e-con-full e-flex e-con e-child\" data-id=\"b9f985c\" data-element_type=\"container\" data-e-type=\"container\" data-settings=\"{&quot;jet_parallax_layout_list&quot;:[]}\">\n\t\t\t\t<div class=\"elementor-element elementor-element-c4e030c elementor-widget__width-initial elementor-widget elementor-widget-heading\" data-id=\"c4e030c\" data-element_type=\"widget\" data-e-type=\"widget\" data-widget_type=\"heading.default\">\n\t\t\t\t<div class=\"elementor-widget-container\">\n\t\t\t\t\t<h1 class=\"elementor-heading-title elementor-size-default\">Garantie<\/h1>\t\t\t\t<\/div>\n\t\t\t\t<\/div>\n\t\t\t\t<\/div>\n\t\t\t\t\t<\/div>\n\t\t\t\t<\/div>\n\t\t<div class=\"elementor-element elementor-element-2d5863c e-flex e-con-boxed e-con e-parent\" data-id=\"2d5863c\" data-element_type=\"container\" data-e-type=\"container\" data-settings=\"{&quot;background_background&quot;:&quot;classic&quot;,&quot;jet_parallax_layout_list&quot;:[]}\">\n\t\t\t\t\t<div class=\"e-con-inner\">\n\t\t\t\t<div class=\"elementor-element elementor-element-03b5c7f elementor-widget elementor-widget-text-editor\" data-id=\"03b5c7f\" data-element_type=\"widget\" data-e-type=\"widget\" data-widget_type=\"text-editor.default\">\n\t\t\t\t<div class=\"elementor-widget-container\">\n\t\t\t\t\t\t\t\t\t<h4>Garantieabdeckung<\/h4><div><br><\/div>\n<p>Die Garantie deckt Teile und Materialien mit abnormalem Betrieb oder Herstellungsfehlern ab und umfasst den Ersatz oder die Reparatur des als fehlerhaft erkannten Teils, je nach Entscheidung von DIRNA BERGSTROM. Die Garantie deckt in keinem Fall Reisekosten oder die Kosten f\u00fcr die Gasbef\u00fcllung ab. Die Arbeitskosten f\u00fcr den Austausch von Teilen sind nicht enthalten, mit Ausnahme der Parking Cooler-Ger\u00e4te (siehe n\u00e4chsten Absatz).<\/p>\n<p><\/p>\n<h4>Garantiezeitraum je nach Produkttyp:<\/h4><div><br><\/div>\n<p>Parking Cooler-Ger\u00e4te (elektrische Klimaanlagen f\u00fcr die Erholung des Fahrers in der Kabine bei abgestelltem Motor): 24 Monate ab dem Datum des Lieferscheins oder der Rechnung von DIRNA BERGSTROM. Nur bei den Parking Cooler-Ger\u00e4ten ist die Arbeitszeit f\u00fcr den Austausch des Teils enthalten. Es wird ausschlie\u00dflich die in der aktuellen Reparaturzeitentabelle angegebene Zeit und der von Dirna Bergstrom festgelegte Stundensatz angewendet. Es sind keine Fahrt- oder Transportkosten enthalten.<br>Spezielle elektrische Klimaanlagen (mit Motor-Kompressor): 12 Monate ab dem Datum des Lieferscheins oder der Rechnung von DIRNA BERGSTROM. Es sind keine Arbeits-, Fahrt- oder Transportkosten enthalten.<br>Komponenten und Kits mehrerer Klimaanlagenkomponenten (wie Verdampfer, Kondensatoren, Heizungen, Verdampfer- und Kondensatorkits, Produkte der T-Serie): 12 Monate ab dem Datum des Lieferscheins oder der Rechnung von DIRNA BERGSTROM. Es sind keine Arbeits-, Fahrt- oder Transportkosten enthalten.<br>Ersatzteile und Verbindungsst\u00fccke: 90 Tage ab dem Datum des Lieferscheins oder der Rechnung von DIRNA BERGSTROM.<br>In allen F\u00e4llen unterliegt die Garantie der Genehmigung durch die Technische Abteilung von DIRNA BERGSTROM.<\/p>\n<p><\/p>\n<h4>Ausschluss der Garantie<\/h4><div><br><\/div>\n<p>Die Garantie ist in folgenden F\u00e4llen ung\u00fcltig:<\/p>\n<ul>\n<li>Unsachgem\u00e4\u00dfe oder fahrl\u00e4ssige Nutzung der Ger\u00e4te. Insbesondere deckt die Garantie nicht folgende Anwendungen ab (nicht ausschlie\u00dflich aufgef\u00fchrt):\n<ul>\n<li>Verwendung von Parking Cooler-Ger\u00e4ten (Modelle wie z.B. Compact, SlimFIT, LITE, Dinamic) in Fahrzeugen, die abseits von Stra\u00dfen fahren, wo die Ger\u00e4te Vibrationen, St\u00f6\u00dfen und starken Neigungen ausgesetzt sind, wie z.B. landwirtschaftliche Maschinen, Baufahrzeuge oder Bergbauausr\u00fcstung.<\/li>\n<li>Nutzung in salzhaltigen oder chemisch aggressiven Umgebungen.<\/li>\n<li>Reinigung mit Hochdruckger\u00e4ten und\/oder Verwendung von Reinigungsmitteln.<\/li>\n<\/ul>\n<\/li>\n<li>Durchf\u00fchrung von Modifikationen oder Austausch der Ger\u00e4te ohne ausdr\u00fcckliche Genehmigung von DIRNA BERGSTROM.<br>Installation, Manipulation oder Reparatur des Ger\u00e4ts oder seiner Komponenten durch nicht von DIRNA BERGSTROM autorisiertes Personal.<\/li>\n<li>Sch\u00e4den an den Ger\u00e4ten oder ihren Teilen durch Zufall, h\u00f6here Gewalt (einschlie\u00dflich Naturkatastrophen wie Feuer, St\u00fcrme, \u00dcberschwemmungen usw.) und Unf\u00e4lle.<\/li>\n<li>Fehlendes oder unsachgem\u00e4\u00dfes oder fahrl\u00e4ssiges Warten.<\/li>\n<li>Rein \u00e4sthetische Beeintr\u00e4chtigungen an den Ger\u00e4ten, die durch den Zeitablauf verursacht werden, ohne die Funktionalit\u00e4t zu beeintr\u00e4chtigen.<\/li>\n<li>F\u00e4lle von Vorsatz oder Betrug.<\/li>\n<\/ul>\n<p>Der Installateur\/Verk\u00e4ufer haftet gegen\u00fcber dem Kunden oder Benutzer daf\u00fcr, dass die Installation gem\u00e4\u00df allen Anweisungen durchgef\u00fchrt wurde, die in der Dokumentation des Ger\u00e4ts f\u00fcr den Zusammenbau angegeben sind. Es wird dem Benutzer auch das ausgef\u00fcllte Garantieformular und das Handbuch zur Nutzung und Wartung des Ger\u00e4ts \u00fcbergeben.<\/p>\n<p>Diese Garantie erstreckt sich ausschlie\u00dflich auf die Ger\u00e4te und ihre Teile, wobei ausdr\u00fccklich jegliche Art von Schadenersatz ausgeschlossen ist.<\/p>\n<h4>Abwicklung<\/h4><div><br><\/div>\n<p>Zur Abwicklung sowohl von Garantieanspr\u00fcchen als auch R\u00fccksendungen nimmt der KUNDE Kontakt mit dem Technischen Service von Dirna Bergstrom auf, um die entsprechende Versandgenehmigung zu beantragen. Der Kunde sendet das reklamierte Teil auf jeden Fall auf seine Kosten an DIRNA BERGSTROM, c\/ Francisco Alonso, 6, E-28806 Alcal\u00e1 de Henares (MADRID, Spanien), unter Beif\u00fcgung dieser Genehmigung an gut sichtbarer Stelle.<\/p>\n<p>Vor dem Versand des Teils ist es entscheidend, dass der KUNDE sicherstellt, dass er von DIRNA BERGSTROM die Autorisierung erh\u00e4lt. Zus\u00e4tzlich wird dem Teil eine Fotokopie des Lieferscheins oder der Rechnung von Dirna Bergstrom und die Seriennummer des Ger\u00e4ts beigef\u00fcgt, und der festgestellte Defekt wird beschrieben. Sobald die Technische Abteilung von DIRNA BERGSTROM die Garantie akzeptiert, wird das Teil KOSTENLOS ersetzt. Dies kann entweder das reparierte Teil oder ein neues sein, je nach Entscheidung der Technischen Abteilung von DIRNA BERGSTROM. Falls Arbeitskosten enthalten sind, wird DIRNA BERGSTROM die entsprechende Gutschrift ausstellen. Rechnungen des KUNDEN f\u00fcr diesen Posten werden nicht akzeptiert.<\/p>\t\t\t\t\t\t\t\t<\/div>\n\t\t\t\t<\/div>\n\t\t\t\t\t<\/div>\n\t\t\t\t<\/div>\n\t\t\t\t<\/div>\n\t\t","protected":false},"excerpt":{"rendered":"<p>Garantieabdeckung Die Garantie deckt Teile und Materialien mit abnormalem Betrieb oder Herstellungsfehlern ab und umfasst den Ersatz oder die Reparatur [&hellip;]<\/p>\n","protected":false},"author":12,"featured_media":0,"parent":0,"menu_order":0,"comment_status":"closed","ping_status":"closed","template":"elementor_header_footer","meta":{"site-sidebar-layout":"no-sidebar","site-content-layout":"","ast-site-content-layout":"full-width-container","site-content-style":"default","site-sidebar-style":"default","ast-global-header-display":"","ast-banner-title-visibility":"","ast-main-header-display":"","ast-hfb-above-header-display":"","ast-hfb-below-header-display":"","ast-hfb-mobile-header-display":"","site-post-title":"disabled","ast-breadcrumbs-content":"","ast-featured-img":"disabled","footer-sml-layout":"","ast-disable-related-posts":"","theme-transparent-header-meta":"","adv-header-id-meta":"","stick-header-meta":"","header-above-stick-meta":"","header-main-stick-meta":"","header-below-stick-meta":"","astra-migrate-meta-layouts":"default","ast-page-background-enabled":"default","ast-page-background-meta":{"desktop":{"background-color":"var(--ast-global-color-4)","background-image":"","background-repeat":"repeat","background-position":"center center","background-size":"auto","background-attachment":"scroll","background-type":"","background-media":"","overlay-type":"","overlay-color":"","overlay-opacity":"","overlay-gradient":""},"tablet":{"background-color":"","background-image":"","background-repeat":"repeat","background-position":"center center","background-size":"auto","background-attachment":"scroll","background-type":"","background-media":"","overlay-type":"","overlay-color":"","overlay-opacity":"","overlay-gradient":""},"mobile":{"background-color":"","background-image":"","background-repeat":"repeat","background-position":"center center","background-size":"auto","background-attachment":"scroll","background-type":"","background-media":"","overlay-type":"","overlay-color":"","overlay-opacity":"","overlay-gradient":""}},"ast-content-background-meta":{"desktop":{"background-color":"var(--ast-global-color-5)","background-image":"","background-repeat":"repeat","background-position":"center center","background-size":"auto","background-attachment":"scroll","background-type":"","background-media":"","overlay-type":"","overlay-color":"","overlay-opacity":"","overlay-gradient":""},"tablet":{"background-color":"var(--ast-global-color-5)","background-image":"","background-repeat":"repeat","background-position":"center center","background-size":"auto","background-attachment":"scroll","background-type":"","background-media":"","overlay-type":"","overlay-color":"","overlay-opacity":"","overlay-gradient":""},"mobile":{"background-color":"var(--ast-global-color-5)","background-image":"","background-repeat":"repeat","background-position":"center center","background-size":"auto","background-attachment":"scroll","background-type":"","background-media":"","overlay-type":"","overlay-color":"","overlay-opacity":"","overlay-gradient":""}},"footnotes":""},"class_list":["post-6103","page","type-page","status-publish","hentry"],"_links":{"self":[{"href":"https:\/\/bergstrominc.com\/es\/de\/wp-json\/wp\/v2\/pages\/6103","targetHints":{"allow":["GET"]}}],"collection":[{"href":"https:\/\/bergstrominc.com\/es\/de\/wp-json\/wp\/v2\/pages"}],"about":[{"href":"https:\/\/bergstrominc.com\/es\/de\/wp-json\/wp\/v2\/types\/page"}],"author":[{"embeddable":true,"href":"https:\/\/bergstrominc.com\/es\/de\/wp-json\/wp\/v2\/users\/12"}],"replies":[{"embeddable":true,"href":"https:\/\/bergstrominc.com\/es\/de\/wp-json\/wp\/v2\/comments?post=6103"}],"version-history":[{"count":1,"href":"https:\/\/bergstrominc.com\/es\/de\/wp-json\/wp\/v2\/pages\/6103\/revisions"}],"predecessor-version":[{"id":6104,"href":"https:\/\/bergstrominc.com\/es\/de\/wp-json\/wp\/v2\/pages\/6103\/revisions\/6104"}],"wp:attachment":[{"href":"https:\/\/bergstrominc.com\/es\/de\/wp-json\/wp\/v2\/media?parent=6103"}],"curies":[{"name":"wp","href":"https:\/\/api.w.org\/{rel}","templated":true}]}}