{"id":6117,"date":"2024-04-26T09:28:16","date_gmt":"2024-04-26T07:28:16","guid":{"rendered":"https:\/\/dimgrey-goat-433611.hostingersite.com\/es\/die-cookie-richtlinie\/"},"modified":"2024-06-16T17:46:00","modified_gmt":"2024-06-16T15:46:00","slug":"die-cookie-richtlinie","status":"publish","type":"page","link":"https:\/\/bergstrominc.com\/es\/de\/die-cookie-richtlinie\/","title":{"rendered":"Cookie-Richtlinie"},"content":{"rendered":"\t\t<div data-elementor-type=\"wp-page\" data-elementor-id=\"6117\" class=\"elementor elementor-6117 elementor-2190\" data-elementor-post-type=\"page\">\n\t\t\t\t<div class=\"elementor-element elementor-element-ebc362e e-flex e-con-boxed e-con e-parent\" data-id=\"ebc362e\" data-element_type=\"container\" data-e-type=\"container\" data-settings=\"{&quot;background_background&quot;:&quot;classic&quot;,&quot;jet_parallax_layout_list&quot;:[]}\">\n\t\t\t\t\t<div class=\"e-con-inner\">\n\t\t<div class=\"elementor-element elementor-element-420b327 e-con-full e-flex e-con e-child\" data-id=\"420b327\" data-element_type=\"container\" data-e-type=\"container\" data-settings=\"{&quot;jet_parallax_layout_list&quot;:[]}\">\n\t\t\t\t<div class=\"elementor-element elementor-element-721ea5b elementor-widget__width-initial elementor-widget elementor-widget-heading\" data-id=\"721ea5b\" data-element_type=\"widget\" data-e-type=\"widget\" data-widget_type=\"heading.default\">\n\t\t\t\t<div class=\"elementor-widget-container\">\n\t\t\t\t\t<h1 class=\"elementor-heading-title elementor-size-default\">Cookie-Richtlinie<\/h1>\t\t\t\t<\/div>\n\t\t\t\t<\/div>\n\t\t\t\t<\/div>\n\t\t\t\t\t<\/div>\n\t\t\t\t<\/div>\n\t\t<div class=\"elementor-element elementor-element-9b1ac33 e-flex e-con-boxed e-con e-parent\" data-id=\"9b1ac33\" data-element_type=\"container\" data-e-type=\"container\" data-settings=\"{&quot;background_background&quot;:&quot;classic&quot;,&quot;jet_parallax_layout_list&quot;:[]}\">\n\t\t\t\t\t<div class=\"e-con-inner\">\n\t\t\t\t<div class=\"elementor-element elementor-element-cdd9f04 elementor-widget elementor-widget-text-editor\" data-id=\"cdd9f04\" data-element_type=\"widget\" data-e-type=\"widget\" data-widget_type=\"text-editor.default\">\n\t\t\t\t<div class=\"elementor-widget-container\">\n\t\t\t\t\t\t\t\t\t<p>Der Zugang zu dieser Webseite kann die Verwendung von Cookies beinhalten. Cookies sind kleine Mengen an Informationen, die im Browser jedes Benutzers gespeichert werden \u2014 auf den verschiedenen Ger\u00e4ten, die er zum Surfen verwendet \u2014, damit der Server sich an bestimmte Informationen erinnert, die sp\u00e4ter nur der Server, der sie implementiert hat, lesen wird. Cookies erleichtern das Surfen, machen es benutzerfreundlicher und schaden dem Surfger\u00e4t nicht.<\/p>\n<p>Cookies sind automatische Verfahren zur Erfassung von Informationen \u00fcber die vom Benutzer w\u00e4hrend seines Besuchs auf der Website festgelegten Pr\u00e4ferenzen. Dadurch wird der Benutzer erkannt und die Erfahrung sowie die Nutzung der Website personalisiert. Cookies k\u00f6nnen auch dabei helfen, Fehler zu identifizieren und zu beheben.<\/p>\n<p>Die durch Cookies gesammelten Informationen k\u00f6nnen das Datum und die Uhrzeit der Besuche auf der Website, die betrachteten Seiten, die Verweildauer auf der Website sowie die Websites umfassen, die der Benutzer unmittelbar vor und nach dem Besuch aufgerufen hat. Dennoch erm\u00f6glicht keine Cookie, dass sie selbst Kontakt mit der Telefonnummer des Benutzers oder anderen pers\u00f6nlichen Kontaktmitteln aufnimmt. Keine Cookie kann Informationen von der Festplatte des Benutzers extrahieren oder pers\u00f6nliche Informationen stehlen. Die einzige M\u00f6glichkeit, wie private Informationen des Benutzers Teil eines Cookie-Files werden k\u00f6nnten, ist, wenn der Benutzer diese Informationen pers\u00f6nlich dem Server zur Verf\u00fcgung stellt.<\/p>\n<p>Cookies, die es erm\u00f6glichen, eine Person zu identifizieren, gelten als personenbezogene Daten. Daher gilt f\u00fcr sie die zuvor beschriebene Datenschutzrichtlinie. F\u00fcr die Verwendung solcher Cookies ist die Zustimmung des Benutzers erforderlich. Diese Zustimmung wird auf der Grundlage einer echten Wahl eingeholt, die durch eine positive und eindeutige Entscheidung vor der ersten Verarbeitung erfolgt. Diese Zustimmung ist widerrufbar und wird dokumentiert.<\/p>\n<div class=\"\">\n<h4>Eigene Cookies<\/h4>\n<p>Diese Cookies werden an den Computer oder das Ger\u00e4t des Benutzers gesendet und ausschlie\u00dflich von <span class=\"blanc-space ng-binding\">Dirna Bergstrom<\/span> verwaltet, um die einwandfreie Funktion der Website zu gew\u00e4hrleisten. Die gesammelten Informationen werden verwendet, um die Qualit\u00e4t der Website und ihrer Inhalte sowie die Benutzererfahrung zu verbessern. Diese Cookies erm\u00f6glichen es, den Benutzer als wiederkehrenden Besucher der Website zu erkennen und den Inhalt anzupassen, um ihm Inhalte anzubieten, die seinen Pr\u00e4ferenzen entsprechen.<\/p>\n<\/div>\n<div class=\"thirdCookies\">\n<h4>Cookies von Drittanbietern<\/h4>\n<p>Diese Cookies werden von externen Entit\u00e4ten verwendet und verwaltet, die von <span class=\"blanc-space ng-binding\">Dirna Bergstrom<\/span> beauftragt wurden, um die Website zu verbessern und die Benutzererfahrung beim Surfen auf der Website zu optimieren. Die Hauptziele f\u00fcr die Verwendung von Cookies von Drittanbietern sind die Erstellung von Zugriffsstatistiken und die Analyse der Browserinformationen, also wie der Benutzer mit der Website interagiert.<\/p>\n<p>Die gesammelten Informationen beziehen sich zum Beispiel auf die Anzahl der besuchten Seiten, die Sprache, den Standort anhand der IP-Adresse des Benutzers, die Anzahl der Benutzer, die Zugriff haben, die H\u00e4ufigkeit und Wiederholung der Besuche, die Besuchszeit, den verwendeten Browser, den Betreiber oder Typ des Ger\u00e4ts, von dem aus der Besuch erfolgt. Diese Informationen werden verwendet, um die Website zu verbessern und neue Bed\u00fcrfnisse zu erkennen, um den Benutzern Inhalte und\/oder Dienstleistungen von optimaler Qualit\u00e4t anzubieten. In jedem Fall werden die Informationen anonym gesammelt, und es werden Trendberichte \u00fcber die Website erstellt, ohne einzelne Benutzer zu identifizieren.<\/p>\n<p>Weitere Informationen zu Cookies, Informationen zum Datenschutz oder eine Beschreibung der verwendeten Cookie-Arten, deren Hauptfunktionen, Ablauffrist usw. k\u00f6nnen Sie unter den folgenden Links abrufen:<\/p>\n<p><span style=\"font-style: inherit; font-weight: inherit; color: var( --e-global-color-text ); text-align: var(--text-align);\">Die Entit\u00e4t(en), die f\u00fcr die Bereitstellung von Cookies verantwortlich ist\/sind, kann\/k\u00f6nnen diese Informationen an Dritte weitergeben, sofern dies gesetzlich vorgeschrieben ist oder ein Dritter diese Informationen im Auftrag dieser Entit\u00e4ten verarbeitet.<\/span><\/p>\n<\/div>\n<div class=\"\">\n<h4>Cookies von sozialen Netzwerken<\/h4>\n<p><span class=\"blanc-space ng-binding\">Dirna Bergstrom <\/span> integriert Plugins sozialer Netzwerke, die es erm\u00f6glichen, auf diese \u00fcber die Website zuzugreifen. Aus diesem Grund k\u00f6nnen Cookies von sozialen Netzwerken im Browser des Benutzers gespeichert werden. Die Betreiber dieser sozialen Netzwerke verf\u00fcgen \u00fcber eigene Datenschutz- und Cookie-Richtlinien und sind jeweils f\u00fcr ihre eigenen Dateien und Datenschutzpraktiken verantwortlich. Der Benutzer sollte sich auf diese Richtlinien beziehen, um Informationen \u00fcber diese Cookies und gegebenenfalls \u00fcber die Verarbeitung seiner pers\u00f6nlichen Daten zu erhalten. Zu rein informativen Zwecken sind unten die Links aufgef\u00fchrt, unter denen diese Datenschutz- und\/oder Cookie-Richtlinien eingesehen werden k\u00f6nnen:<\/p>\n<ul>\n<li>Facebook: <a class=\"text-info\" href=\"https:\/\/www.facebook.com\/policies\/cookies\/\">https:\/\/www.facebook.com\/policies\/cookies\/<\/a><\/li>\n<li>Twitter: <a class=\"text-info\" href=\"https:\/\/twitter.com\/es\/privacy\">https:\/\/twitter.com\/es\/privacy<\/a><\/li>\n<li>Instagram: <a class=\"text-info\" href=\"https:\/\/help.instagram.com\/1896641480634370?ref=ig\">https:\/\/help.instagram.com\/1896641480634370?ref=ig<\/a><\/li>\n<li>YouTube: <a class=\"text-info\" href=\"https:\/\/policies.google.com\/privacy?hl=es-419&amp;gl=mx\">https:\/\/policies.google.com\/privacy?hl=es-419&amp;gl=mx<\/a><\/li>\n<li>Pinterest: <a class=\"text-info\" href=\"https:\/\/policy.pinterest.com\/es\/privacy-policy\">https:\/\/policy.pinterest.com\/es\/privacy-policy<\/a><\/li>\n<li>LinkedIn: <a class=\"text-info\" href=\"https:\/\/www.linkedin.com\/legal\/cookie-policy?trk=hp-cookies\">https:\/\/www.linkedin.com\/legal\/cookie-policy?trk=hp-cookies<\/a><\/li>\n<\/ul>\n<\/div>\n<h4>Deaktivieren, Ablehnen und L\u00f6schen von Cookies<\/h4>\n<p>Der Benutzer kann Cookies \u2014 ganz oder teilweise \u2014 auf seinem Ger\u00e4t deaktivieren, ablehnen und l\u00f6schen, indem er die Einstellungen seines Browsers anpasst (wie z.B. Chrome, Firefox, Safari, Explorer). Die Verfahren zum Ablehnen und L\u00f6schen von Cookies k\u00f6nnen je nach Internetbrowser variieren. Daher sollte der Benutzer den Anweisungen seines jeweiligen Internetbrowsers folgen. Wenn der Benutzer die Verwendung von Cookies \u2014 ganz oder teilweise \u2014 ablehnt, kann er die Website weiterhin nutzen, jedoch k\u00f6nnten einige Funktionen eingeschr\u00e4nkt sein.<\/p>\n\t\t\t\t\t\t\t\t<\/div>\n\t\t\t\t<\/div>\n\t\t\t\t\t<\/div>\n\t\t\t\t<\/div>\n\t\t\t\t<\/div>\n\t\t","protected":false},"excerpt":{"rendered":"<p>Der Zugang zu dieser Webseite kann die Verwendung von Cookies beinhalten. Cookies sind kleine Mengen an Informationen, die im Browser [&hellip;]<\/p>\n","protected":false},"author":12,"featured_media":0,"parent":0,"menu_order":0,"comment_status":"closed","ping_status":"closed","template":"","meta":{"site-sidebar-layout":"no-sidebar","site-content-layout":"","ast-site-content-layout":"full-width-container","site-content-style":"default","site-sidebar-style":"default","ast-global-header-display":"","ast-banner-title-visibility":"","ast-main-header-display":"","ast-hfb-above-header-display":"","ast-hfb-below-header-display":"","ast-hfb-mobile-header-display":"","site-post-title":"disabled","ast-breadcrumbs-content":"","ast-featured-img":"disabled","footer-sml-layout":"","ast-disable-related-posts":"","theme-transparent-header-meta":"","adv-header-id-meta":"","stick-header-meta":"","header-above-stick-meta":"","header-main-stick-meta":"","header-below-stick-meta":"","astra-migrate-meta-layouts":"default","ast-page-background-enabled":"default","ast-page-background-meta":{"desktop":{"background-color":"var(--ast-global-color-4)","background-image":"","background-repeat":"repeat","background-position":"center center","background-size":"auto","background-attachment":"scroll","background-type":"","background-media":"","overlay-type":"","overlay-color":"","overlay-opacity":"","overlay-gradient":""},"tablet":{"background-color":"","background-image":"","background-repeat":"repeat","background-position":"center center","background-size":"auto","background-attachment":"scroll","background-type":"","background-media":"","overlay-type":"","overlay-color":"","overlay-opacity":"","overlay-gradient":""},"mobile":{"background-color":"","background-image":"","background-repeat":"repeat","background-position":"center center","background-size":"auto","background-attachment":"scroll","background-type":"","background-media":"","overlay-type":"","overlay-color":"","overlay-opacity":"","overlay-gradient":""}},"ast-content-background-meta":{"desktop":{"background-color":"var(--ast-global-color-5)","background-image":"","background-repeat":"repeat","background-position":"center center","background-size":"auto","background-attachment":"scroll","background-type":"","background-media":"","overlay-type":"","overlay-color":"","overlay-opacity":"","overlay-gradient":""},"tablet":{"background-color":"var(--ast-global-color-5)","background-image":"","background-repeat":"repeat","background-position":"center center","background-size":"auto","background-attachment":"scroll","background-type":"","background-media":"","overlay-type":"","overlay-color":"","overlay-opacity":"","overlay-gradient":""},"mobile":{"background-color":"var(--ast-global-color-5)","background-image":"","background-repeat":"repeat","background-position":"center center","background-size":"auto","background-attachment":"scroll","background-type":"","background-media":"","overlay-type":"","overlay-color":"","overlay-opacity":"","overlay-gradient":""}},"footnotes":""},"class_list":["post-6117","page","type-page","status-publish","hentry"],"_links":{"self":[{"href":"https:\/\/bergstrominc.com\/es\/de\/wp-json\/wp\/v2\/pages\/6117","targetHints":{"allow":["GET"]}}],"collection":[{"href":"https:\/\/bergstrominc.com\/es\/de\/wp-json\/wp\/v2\/pages"}],"about":[{"href":"https:\/\/bergstrominc.com\/es\/de\/wp-json\/wp\/v2\/types\/page"}],"author":[{"embeddable":true,"href":"https:\/\/bergstrominc.com\/es\/de\/wp-json\/wp\/v2\/users\/12"}],"replies":[{"embeddable":true,"href":"https:\/\/bergstrominc.com\/es\/de\/wp-json\/wp\/v2\/comments?post=6117"}],"version-history":[{"count":2,"href":"https:\/\/bergstrominc.com\/es\/de\/wp-json\/wp\/v2\/pages\/6117\/revisions"}],"predecessor-version":[{"id":6309,"href":"https:\/\/bergstrominc.com\/es\/de\/wp-json\/wp\/v2\/pages\/6117\/revisions\/6309"}],"wp:attachment":[{"href":"https:\/\/bergstrominc.com\/es\/de\/wp-json\/wp\/v2\/media?parent=6117"}],"curies":[{"name":"wp","href":"https:\/\/api.w.org\/{rel}","templated":true}]}}