{"id":6119,"date":"2024-03-08T16:45:44","date_gmt":"2024-03-08T15:45:44","guid":{"rendered":"https:\/\/dimgrey-goat-433611.hostingersite.com\/es\/datenschutzrichtlinie\/"},"modified":"2025-07-02T12:55:45","modified_gmt":"2025-07-02T10:55:45","slug":"datenschutzrichtlinie","status":"publish","type":"page","link":"https:\/\/bergstrominc.com\/es\/de\/datenschutzrichtlinie\/","title":{"rendered":"Datenschutzrichtlinie"},"content":{"rendered":"\t\t<div data-elementor-type=\"wp-page\" data-elementor-id=\"6119\" class=\"elementor elementor-6119 elementor-3\" data-elementor-post-type=\"page\">\n\t\t\t\t<div class=\"elementor-element elementor-element-bfa02a3 e-flex e-con-boxed e-con e-parent\" data-id=\"bfa02a3\" data-element_type=\"container\" data-e-type=\"container\" data-settings=\"{&quot;background_background&quot;:&quot;classic&quot;,&quot;jet_parallax_layout_list&quot;:[]}\">\n\t\t\t\t\t<div class=\"e-con-inner\">\n\t\t<div class=\"elementor-element elementor-element-8078865 e-con-full e-flex e-con e-child\" data-id=\"8078865\" data-element_type=\"container\" data-e-type=\"container\" data-settings=\"{&quot;jet_parallax_layout_list&quot;:[]}\">\n\t\t\t\t<div class=\"elementor-element elementor-element-9d10754 elementor-widget__width-initial elementor-widget elementor-widget-heading\" data-id=\"9d10754\" data-element_type=\"widget\" data-e-type=\"widget\" data-widget_type=\"heading.default\">\n\t\t\t\t<div class=\"elementor-widget-container\">\n\t\t\t\t\t<h1 class=\"elementor-heading-title elementor-size-default\">Datenschutzrichtlinie<\/h1>\t\t\t\t<\/div>\n\t\t\t\t<\/div>\n\t\t\t\t<\/div>\n\t\t\t\t\t<\/div>\n\t\t\t\t<\/div>\n\t\t<div class=\"elementor-element elementor-element-20ea8c2 e-flex e-con-boxed e-con e-parent\" data-id=\"20ea8c2\" data-element_type=\"container\" data-e-type=\"container\" data-settings=\"{&quot;background_background&quot;:&quot;classic&quot;,&quot;jet_parallax_layout_list&quot;:[]}\">\n\t\t\t\t\t<div class=\"e-con-inner\">\n\t\t\t\t<div class=\"elementor-element elementor-element-ae512c6 elementor-widget elementor-widget-text-editor\" data-id=\"ae512c6\" data-element_type=\"widget\" data-e-type=\"widget\" data-widget_type=\"text-editor.default\">\n\t\t\t\t<div class=\"elementor-widget-container\">\n\t\t\t\t\t\t\t\t\t<h4><strong>Schutz personenbezogener Daten gem\u00e4\u00df dem LOPD<\/strong><\/h4><div><span style=\"font-style: inherit; font-weight: inherit; color: var( --e-global-color-text ); text-align: var(--text-align);\"> <\/span><\/div><div><span style=\"font-style: inherit; font-weight: inherit; color: var( --e-global-color-text ); text-align: var(--text-align);\">Dirna Bergstrom, S.L. informiert Sie gem\u00e4\u00df den geltenden Vorschriften zum Schutz personenbezogener Daten dar\u00fcber, dass die \u00fcber die Formulare auf der Website https:\/\/bergstrominc.com\/es erfassten personenbezogenen Daten in den spezifischen automatisierten Dateien der Benutzer der Dienste von Dirna Bergstrom, S.L. enthalten sind.<\/span><\/div><p>Die Erfassung und automatisierte Verarbeitung personenbezogener Daten dient der Aufrechterhaltung der Gesch\u00e4ftsbeziehung sowie der Durchf\u00fchrung von Informations-, Schulungs-, Beratungs- und anderen Aktivit\u00e4ten, die f\u00fcr Dirna Bergstrom, S.L. typisch sind.<\/p><p>Diese Daten werden nur an diejenigen Entit\u00e4ten weitergegeben, die erforderlich sind, um das zuvor genannte Ziel zu erreichen.<\/p><p>Dirna Bergstrom, S.L., trifft die erforderlichen Ma\u00dfnahmen, um gem\u00e4\u00df der Verordnung (EU) 2016\/679 des Europ\u00e4ischen Parlaments und des Rates vom 27. April 2016 \u00fcber den Schutz nat\u00fcrlicher Personen bei der Verarbeitung personenbezogener Daten und den freien Datenverkehr die Sicherheit, Integrit\u00e4t und Vertraulichkeit der Daten zu gew\u00e4hrleisten.<\/p><p>El Nutzer kann jederzeit die in der genannten Verordnung (EU) anerkannten Rechte auf Zugang, Widerspruch, Berichtigung und L\u00f6schung aus\u00fcben. Der Nutzer kann jederzeit die in der oben genannten Verordnung (EU) anerkannten Rechte auf Zugang, Widerspruch, Berichtigung und L\u00f6schung aus\u00fcben. Der Nutzer kann diese Rechte per E-Mail an ventas@dirna.bergstrominc.com oder sales@dirna.bergstrominc.com oder an die folgende Adresse aus\u00fcben: Dirna Bergstrom, S.L. Calle Francisco Alonso, 11 A \u2013 28806 \u2013 Alcal\u00e1 de Henares, Madrid, Spanien. <\/p><p>El usuario erkl\u00e4rt, dass alle von ihm bereitgestellten Daten wahr und korrekt sind, und verpflichtet sich, diese aktuell zu halten, indem er \u00c4nderungen an Dirna Bergstrom, S.L. mitteilt.<\/p><h4><b>Zweck der Verarbeitung personenbezogener Daten<\/b><\/h4><div><span style=\"font-style: inherit; font-weight: inherit; color: var( --e-global-color-text ); text-align: var(--text-align);\"> <\/span><\/div><div><span style=\"font-style: inherit; font-weight: inherit; color: var( --e-global-color-text ); text-align: var(--text-align);\">Zu welchem Zweck werden deine pers\u00f6nlichen Daten verarbeitet?<\/span><\/div><p>Bei Dirna Bergstrom, S.L. verarbeiten wir Ihre \u00fcber die Website https:\/\/bergstrominc.com\/es erfassten personenbezogenen Daten zu folgenden Zwecken:<\/p><p>Im Falle des Vertragsabschlusses f\u00fcr die \u00fcber https:\/\/bergstrominc.com\/es angebotenen Waren und Dienstleistungen zur Aufrechterhaltung des Vertragsverh\u00e4ltnisses sowie zur Verwaltung, Information, Bereitstellung und Verbesserung des Dienstes.<br>Zusendung von Informationen, die \u00fcber die unter https:\/\/bergstrominc.com\/es verf\u00fcgbaren Formulare angefordert werden.<br>Zusendung von Newslettern sowie kommerziellen Mitteilungen zu Werbeaktionen und\/oder Werbung von Dirna Bergstrom, S.L. und der Branche.<br>Wir weisen Sie darauf hin, dass Sie dem Erhalt kommerzieller Mitteilungen jederzeit und auf beliebige Weise widersprechen k\u00f6nnen, indem Sie eine E-Mail an die oben angegebene Adresse senden.<\/p><p>Die Felder in diesen Registern m\u00fcssen obligatorisch ausgef\u00fcllt werden. Ohne die Bereitstellung dieser Daten ist es unm\u00f6glich, die genannten Zwecke zu erf\u00fcllen.<\/p><p>Wie lange werden die gesammelten personenbezogenen Daten aufbewahrt?<br>Die bereitgestellten personenbezogenen Daten werden so lange aufbewahrt, wie die Gesch\u00e4ftsbeziehung besteht oder bis du deren L\u00f6schung beantragst. Dar\u00fcber hinaus k\u00f6nnen sie f\u00fcr den Zeitraum aufbewahrt werden, in dem rechtliche Verantwortlichkeiten aus den erbrachten Dienstleistungen entstehen k\u00f6nnten.<\/p><h4><b>Die Rechtm\u00e4\u00dfigkeit:<\/b><\/h4><div><b> <\/b><\/div><p>Die Verarbeitung deiner Daten erfolgt auf folgenden rechtlichen Grundlagen, die sie legitimieren:<\/p><p>Die Anfrage nach Informationen und\/oder die Beauftragung der Dienstleistungen von Dirna Bergstrom, S.L., deren Gesch\u00e4ftsbedingungen dir in jedem Fall vor einer m\u00f6glichen Beauftragung zur Verf\u00fcgung gestellt werden.<br>Die Zustimmung erfolgt freiwillig, spezifisch, informiert und unmissverst\u00e4ndlich, indem wir dir diese Datenschutzrichtlinie zur Verf\u00fcgung stellen. Nachdem du sie gelesen hast, kannst du dein Einverst\u00e4ndnis geben, indem du eine Erkl\u00e4rung abgibst oder eine klare positive Handlung vornimmst, wie das Ankreuzen eines daf\u00fcr vorgesehenen K\u00e4stchens.<br>Falls du uns deine Daten nicht zur Verf\u00fcgung stellst oder dies fehlerhaft oder unvollst\u00e4ndig tust, k\u00f6nnen wir deine Anfrage nicht bearbeiten. Dadurch wird es vollst\u00e4ndig unm\u00f6glich sein, dir die angeforderten Informationen zur Verf\u00fcgung zu stellen oder die Dienstleistungen zu vermitteln.<\/p><h4><b>Empf\u00e4nger:<\/b><\/h4><div><b> <\/b><\/div><p data-start=\"338\" data-end=\"646\">Die Daten werden Dritten au\u00dferhalb von Dirna Bergstrom, S.L. nicht mitgeteilt, es sei denn, es besteht eine gesetzliche Verpflichtung.<\/p><p>Als Auftragsverarbeiter haben wir folgende Dienstleister vertraglich gebunden, sich bei ihrer Beauftragung zur Einhaltung der geltenden Datenschutzbestimmungen zu verpflichten:<br><a href=\"https:\/\/groubermarketing.com\/\">Grouber Marketing S.L. <\/a>bietet Direktmarketing-Dienstleistungen sowie Website-Wartung und -Hosting an. Die Datenschutzbestimmungen und weitere rechtliche Informationen des Unternehmens finden Sie unter folgendem Link: <a href=\"https:\/\/groubermarketing.com\/\">groubermarketing.com\/ <\/a> <\/p><p><b style=\"font-size: 1.3em; font-style: inherit;\">DATEN, DIE VON DEN NUTZERN DER DIENSTE ERHOBEN WERDEN<\/b><\/p><div><b> <\/b><\/div><p>In F\u00e4llen, in denen der Nutzer Dateien mit personenbezogenen Daten auf den Servern f\u00fcr Shared Hosting hochl\u00e4dt, \u00fcbernimmt Dirna Bergstrom, S.L. keine Verantwortung f\u00fcr Verst\u00f6\u00dfe des Nutzers gegen die DSGVO.<\/p><h4><b>SPEICHERUNG VON DATEN IN \u00dcBEREINSTIMMUNG MIT DEM LSSI<\/b><\/h4><div><b> <\/b><\/div><p>Dirna Bergstrom, S.L. gibt bekannt, dass sie als Anbieter von Datenspeicherdiensten gem\u00e4\u00df den Bestimmungen des Gesetzes 34\/2002 vom 11. Juli \u00fcber Dienste der Informationsgesellschaft und den elektronischen Gesch\u00e4ftsverkehr (LSSI) die Informationen f\u00fcr maximal 12 Monate aufbewahrt, die zur Identifizierung der Herkunft der gehosteten Daten und des Zeitpunkts, zu dem der Dienst begonnen wurde, unerl\u00e4sslich sind. Die Aufbewahrung dieser Daten beeintr\u00e4chtigt nicht das Kommunikationsgeheimnis und sie d\u00fcrfen nur im Rahmen einer strafrechtlichen Ermittlung oder zum Schutz der \u00f6ffentlichen Sicherheit verwendet werden. Sie werden den Gerichten oder dem Ministerium zur Verf\u00fcgung gestellt, wenn diese sie anfordern. <\/p><p>Die Weitergabe von Daten an die staatlichen Sicherheitskr\u00e4fte erfolgt gem\u00e4\u00df den Bestimmungen zum Schutz personenbezogener Daten.<\/p><h4><b>URHEBERRECHTE<\/b><\/h4><div><b> <\/b><\/div><p>Dirna Bergstrom, S.L. ist Inhaberin aller Urheberrechte, geistigen und gewerblichen Eigentumsrechte, des Know-hows und aller anderen Rechte in Bezug auf den Inhalt der Website https:\/\/bergstrominc.com\/es und die dort angebotenen Dienste sowie der f\u00fcr ihre Implementierung erforderlichen Programme und der damit verbundenen Informationen.<\/p><p>Die Vervielf\u00e4ltigung, Ver\u00f6ffentlichung und\/oder Nutzung der Inhalte der Website https:\/\/bergstrominc.com\/es, ganz oder teilweise, mit Ausnahme streng privater Zwecke, ist ohne vorherige schriftliche Zustimmung untersagt.<\/p><h4><b>GEISTIGES EIGENTUM AN DER SOFTWARE<\/b><\/h4><div><b> <\/b><\/div><p>Der Nutzer ist verpflichtet, die Programme von Drittanbietern zu respektieren, die von Dirna Bergstrom, S.L. zur Verf\u00fcgung gestellt werden, auch wenn sie kostenlos und\/oder \u00f6ffentlich zug\u00e4nglich sind.<\/p><p>Dirna Bergstrom, S.L. verf\u00fcgt \u00fcber die erforderlichen Nutzungs- und geistigen Eigentumsrechte an der Software.<\/p><p>El Nutzer erwirbt keinerlei Rechte oder Lizenzen f\u00fcr die in Anspruch genommenen Dienste, einschlie\u00dflich der f\u00fcr die Erbringung der Dienste erforderlichen Software und technischen Serviceinformationen. Ausnahme bilden die f\u00fcr die Erf\u00fcllung der vereinbarten Dienste erforderlichen Rechte und Lizenzen, die ausschlie\u00dflich f\u00fcr die Dauer der Dienstleistung gelten.<\/p><p>F\u00fcr jegliche Handlung, die \u00fcber die Vertragserf\u00fcllung hinausgeht, ben\u00f6tigt der Nutzer eine schriftliche Genehmigung von Dirna Bergstrom, S.L. Es ist dem Nutzer untersagt, auf die Server zuzugreifen, deren Konfiguration, Struktur und Dateien zu modifizieren oder einzusehen, die im Eigentum von Dirna Bergstrom, S.L. stehen. Der Nutzer \u00fcbernimmt die zivil- und strafrechtliche Verantwortung f\u00fcr jegliche Vorf\u00e4lle, die direkt aus fahrl\u00e4ssigem oder b\u00f6sartigem Verhalten seinerseits resultieren k\u00f6nnten, die die Server und Sicherheitssysteme betreffen.<\/p><h4><b>GEISTIGES EIGENTUM DER GEHOSTETEN INHALTE<\/b><\/h4><div><b> <\/b><\/div><p>Die Nutzung der Dienstleistungen von Dirna Bergstrom, S.L. entgegen den Gesetzen zum geistigen Eigentum ist untersagt, insbesondere:<\/p><p>Die Nutzung, die gegen spanisches Recht verst\u00f6\u00dft oder die Rechte Dritter verletzt.<br>Die Ver\u00f6ffentlichung oder \u00dcbertragung von Inhalten, die nach Ansicht von Dirna Bergstrom, S.L., gewaltt\u00e4tig, obsz\u00f6n, missbr\u00e4uchlich, illegal, rassistisch, fremdenfeindlich oder diffamierend sind.<br>Cracks, Seriennummern von Programmen oder jeglicher anderer Inhalt, der die Rechte des geistigen Eigentums Dritter verletzt.<br>Die Erhebung und\/oder Verwendung personenbezogener Daten anderer Nutzer ohne deren ausdr\u00fcckliche Zustimmung oder unter Versto\u00df gegen die Verordnung (EU) 2016\/679 des Europ\u00e4ischen Parlaments und des Rates vom 27. April 2016 zum Schutz nat\u00fcrlicher Personen bei der Verarbeitung personenbezogener Daten und zum freien Datenverkehr.<br>Die Nutzung des Mail-Servers der Domain und der E-Mail-Adressen zum Versand von unerw\u00fcnschter Massen-E-Mail.<br>Der Benutzer tr\u00e4gt die volle Verantwortung f\u00fcr den Inhalt seiner Website, die \u00fcbertragenen und gespeicherten Informationen, Hypertext-Links, Anspr\u00fcche Dritter sowie rechtliche Schritte in Bezug auf geistiges Eigentum, Rechte Dritter und den Schutz von Minderj\u00e4hrigen.<\/p><p>Der Benutzer ist verantwortlich f\u00fcr die Einhaltung geltender Gesetze und Vorschriften sowie Regeln im Zusammenhang mit dem Betrieb des Online-Dienstes, elektronischem Handel, Urheberrecht, Aufrechterhaltung der \u00f6ffentlichen Ordnung sowie allgemeinen Grunds\u00e4tzen der Internetnutzung.<\/p><p>Der Benutzer wird Dirna Bergstrom, S.L. f\u00fcr die Kosten entsch\u00e4digen, die durch die Anklage gegen Dirna Bergstrom, S.L. in einem Verfahren entstehen, dessen Verantwortung dem Benutzer zuzurechnen ist, einschlie\u00dflich Anwaltsgeb\u00fchren und rechtlicher Verteidigungskosten, auch im Falle einer vorl\u00e4ufigen gerichtlichen Entscheidung.<\/p><h4><b>SCHUTZ DER GEHOSTETEN INFORMATIONEN<\/b><\/h4><div><b> <\/b><\/div><p>Dirna Bergstrom, S.L. erstellt Sicherungskopien der auf ihren Servern gehosteten Inhalte, \u00fcbernimmt jedoch keine Verantwortung f\u00fcr den Verlust oder die versehentliche L\u00f6schung von Daten durch die Benutzer. Ebenso wird keine vollst\u00e4ndige Wiederherstellung der von den Benutzern gel\u00f6schten Daten garantiert, da diese Daten w\u00e4hrend des Zeitraums seit der letzten Sicherungskopie gel\u00f6scht und\/oder ge\u00e4ndert worden sein k\u00f6nnten. <\/p><p>Die angebotenen Dienstleistungen umfassen, mit Ausnahme spezifischer Backup-Dienste, nicht die Wiederherstellung von Inhalten, die in den von Dirna Bergstrom, S.L. durchgef\u00fchrten Sicherungskopien gespeichert sind, wenn dieser Verlust dem Benutzer zuzurechnen ist. In diesem Fall wird eine Geb\u00fchr entsprechend dem Aufwand und dem Umfang der Wiederherstellung festgelegt, nach vorheriger Zustimmung des Benutzers.<\/p><p>Die Wiederherstellung gel\u00f6schter Daten ist nur im Preis des Dienstes enthalten, wenn der Verlust des Inhalts auf Ursachen zur\u00fcckzuf\u00fchren ist, die Dirna Bergstrom, S.L. zuzurechnen sind.<\/p><h4><b>Werbemitteilungen<\/b><\/h4><div><b> <\/b><\/div><p>Gem\u00e4\u00df dem LSSI Dirna Bergstrom, S.L. wird keine Werbe- oder Promotionsmitteilungen per E-Mail oder einem anderen gleichwertigen elektronischen Kommunikationsmittel versenden, die nicht zuvor von den Empf\u00e4ngern angefordert oder ausdr\u00fccklich autorisiert wurden. <\/p><p>F\u00fcr Benutzer, mit denen eine vorherige Vertragsbeziehung besteht, ist Dirna Bergstrom, S.L. berechtigt, kommerzielle Mitteilungen zu Produkten oder Dienstleistungen von Dirna Bergstrom, S.L. zu senden, die \u00e4hnlich sind wie die, die urspr\u00fcnglich mit dem Kunden vereinbart wurden.<\/p><p>In jedem Fall kann der Benutzer nach Identit\u00e4tsnachweis beantragen, keine weiteren kommerziellen Informationen \u00fcber die Kundendienstkan\u00e4le zu erhalten.<\/p>\t\t\t\t\t\t\t\t<\/div>\n\t\t\t\t<\/div>\n\t\t\t\t<div class=\"elementor-element elementor-element-6869bbc elementor-widget elementor-widget-html\" data-id=\"6869bbc\" data-element_type=\"widget\" data-e-type=\"widget\" data-widget_type=\"html.default\">\n\t\t\t\t<div class=\"elementor-widget-container\">\n\t\t\t\t\tDirna Bergstrom, S.L. nimmt teil und stimmt dem Satz der Spezifikationen und Richtlinien des Transparency &amp; Consent Frameworks der IAB Europe zu. Wir verwenden die Consent Management Platform Nr. 92. <br><br>\nSie k\u00f6nnen Ihre Auswahl jederzeit \u00e4ndern, indem <a href=\"javascript:Sddan.cmp.displayUI()\">Sie hier klicken.<\/a>\t\t\t\t<\/div>\n\t\t\t\t<\/div>\n\t\t\t\t\t<\/div>\n\t\t\t\t<\/div>\n\t\t\t\t<\/div>\n\t\t","protected":false},"excerpt":{"rendered":"<p>Schutz personenbezogener Daten gem\u00e4\u00df dem LOPD Dirna Bergstrom, S.L. informiert Sie gem\u00e4\u00df den geltenden Vorschriften zum Schutz personenbezogener Daten dar\u00fcber, [&hellip;]<\/p>\n","protected":false},"author":2,"featured_media":0,"parent":0,"menu_order":0,"comment_status":"closed","ping_status":"open","template":"elementor_header_footer","meta":{"site-sidebar-layout":"default","site-content-layout":"","ast-site-content-layout":"full-width-container","site-content-style":"default","site-sidebar-style":"default","ast-global-header-display":"","ast-banner-title-visibility":"","ast-main-header-display":"","ast-hfb-above-header-display":"","ast-hfb-below-header-display":"","ast-hfb-mobile-header-display":"","site-post-title":"","ast-breadcrumbs-content":"","ast-featured-img":"","footer-sml-layout":"","ast-disable-related-posts":"","theme-transparent-header-meta":"","adv-header-id-meta":"","stick-header-meta":"","header-above-stick-meta":"","header-main-stick-meta":"","header-below-stick-meta":"","astra-migrate-meta-layouts":"default","ast-page-background-enabled":"default","ast-page-background-meta":{"desktop":{"background-color":"var(--ast-global-color-4)","background-image":"","background-repeat":"repeat","background-position":"center center","background-size":"auto","background-attachment":"scroll","background-type":"","background-media":"","overlay-type":"","overlay-color":"","overlay-opacity":"","overlay-gradient":""},"tablet":{"background-color":"","background-image":"","background-repeat":"repeat","background-position":"center center","background-size":"auto","background-attachment":"scroll","background-type":"","background-media":"","overlay-type":"","overlay-color":"","overlay-opacity":"","overlay-gradient":""},"mobile":{"background-color":"","background-image":"","background-repeat":"repeat","background-position":"center center","background-size":"auto","background-attachment":"scroll","background-type":"","background-media":"","overlay-type":"","overlay-color":"","overlay-opacity":"","overlay-gradient":""}},"ast-content-background-meta":{"desktop":{"background-color":"var(--ast-global-color-5)","background-image":"","background-repeat":"repeat","background-position":"center center","background-size":"auto","background-attachment":"scroll","background-type":"","background-media":"","overlay-type":"","overlay-color":"","overlay-opacity":"","overlay-gradient":""},"tablet":{"background-color":"var(--ast-global-color-5)","background-image":"","background-repeat":"repeat","background-position":"center center","background-size":"auto","background-attachment":"scroll","background-type":"","background-media":"","overlay-type":"","overlay-color":"","overlay-opacity":"","overlay-gradient":""},"mobile":{"background-color":"var(--ast-global-color-5)","background-image":"","background-repeat":"repeat","background-position":"center center","background-size":"auto","background-attachment":"scroll","background-type":"","background-media":"","overlay-type":"","overlay-color":"","overlay-opacity":"","overlay-gradient":""}},"footnotes":""},"class_list":["post-6119","page","type-page","status-publish","hentry"],"_links":{"self":[{"href":"https:\/\/bergstrominc.com\/es\/de\/wp-json\/wp\/v2\/pages\/6119","targetHints":{"allow":["GET"]}}],"collection":[{"href":"https:\/\/bergstrominc.com\/es\/de\/wp-json\/wp\/v2\/pages"}],"about":[{"href":"https:\/\/bergstrominc.com\/es\/de\/wp-json\/wp\/v2\/types\/page"}],"author":[{"embeddable":true,"href":"https:\/\/bergstrominc.com\/es\/de\/wp-json\/wp\/v2\/users\/2"}],"replies":[{"embeddable":true,"href":"https:\/\/bergstrominc.com\/es\/de\/wp-json\/wp\/v2\/comments?post=6119"}],"version-history":[{"count":11,"href":"https:\/\/bergstrominc.com\/es\/de\/wp-json\/wp\/v2\/pages\/6119\/revisions"}],"predecessor-version":[{"id":17909,"href":"https:\/\/bergstrominc.com\/es\/de\/wp-json\/wp\/v2\/pages\/6119\/revisions\/17909"}],"wp:attachment":[{"href":"https:\/\/bergstrominc.com\/es\/de\/wp-json\/wp\/v2\/media?parent=6119"}],"curies":[{"name":"wp","href":"https:\/\/api.w.org\/{rel}","templated":true}]}}