{"id":6121,"date":"2024-03-22T10:42:01","date_gmt":"2024-03-22T09:42:01","guid":{"rendered":"https:\/\/dimgrey-goat-433611.hostingersite.com\/es\/bedingungen-und-konditionen\/"},"modified":"2025-06-16T13:21:24","modified_gmt":"2025-06-16T11:21:24","slug":"bedingungen-und-konditionen","status":"publish","type":"page","link":"https:\/\/bergstrominc.com\/es\/de\/bedingungen-und-konditionen\/","title":{"rendered":"Bedingungen und Konditionen"},"content":{"rendered":"\t\t<div data-elementor-type=\"wp-page\" data-elementor-id=\"6121\" class=\"elementor elementor-6121 elementor-18\" data-elementor-post-type=\"page\">\n\t\t\t\t<div class=\"elementor-element elementor-element-1ea9088 e-flex e-con-boxed e-con e-parent\" data-id=\"1ea9088\" data-element_type=\"container\" data-e-type=\"container\" data-settings=\"{&quot;background_background&quot;:&quot;classic&quot;,&quot;jet_parallax_layout_list&quot;:[]}\">\n\t\t\t\t\t<div class=\"e-con-inner\">\n\t\t<div class=\"elementor-element elementor-element-b9f985c e-con-full e-flex e-con e-child\" data-id=\"b9f985c\" data-element_type=\"container\" data-e-type=\"container\" data-settings=\"{&quot;jet_parallax_layout_list&quot;:[]}\">\n\t\t\t\t<div class=\"elementor-element elementor-element-c4e030c elementor-widget__width-initial elementor-widget elementor-widget-heading\" data-id=\"c4e030c\" data-element_type=\"widget\" data-e-type=\"widget\" data-widget_type=\"heading.default\">\n\t\t\t\t<div class=\"elementor-widget-container\">\n\t\t\t\t\t<h1 class=\"elementor-heading-title elementor-size-default\">Bedingungen und Konditionen<\/h1>\t\t\t\t<\/div>\n\t\t\t\t<\/div>\n\t\t\t\t<\/div>\n\t\t\t\t\t<\/div>\n\t\t\t\t<\/div>\n\t\t<div class=\"elementor-element elementor-element-2d5863c e-flex e-con-boxed e-con e-parent\" data-id=\"2d5863c\" data-element_type=\"container\" data-e-type=\"container\" data-settings=\"{&quot;background_background&quot;:&quot;classic&quot;,&quot;jet_parallax_layout_list&quot;:[]}\">\n\t\t\t\t\t<div class=\"e-con-inner\">\n\t\t\t\t<div class=\"elementor-element elementor-element-03b5c7f elementor-widget elementor-widget-text-editor\" data-id=\"03b5c7f\" data-element_type=\"widget\" data-e-type=\"widget\" data-widget_type=\"text-editor.default\">\n\t\t\t\t<div class=\"elementor-widget-container\">\n\t\t\t\t\t\t\t\t\t<p>Das Eigentum an dieser Website, bergstrominc.com\/es, im Folgenden \u201eWebsite\u201c, liegt bei <strong>Dirna Bergstrom S.L<\/strong>. mit der Steuernummer ES-B86653995, eingetragen im Handelsregister von Madrid, Band 30.723, Abschnitt Acht, Blatt M-552.885, Erstes Register, und deren Kontaktdaten lauten: Calle Francisco Alonso, 11 A \u2013 28806 Alcal\u00e1 de Henares.<\/p><p>Dieses Dokument (sowie alle anderen hier erw\u00e4hnten Dokumente) regelt die Bedingungen, unter denen die Nutzung dieser Website und der Kauf oder Erwerb von Produkten und\/oder Dienstleistungen auf derselben (nachfolgend &#8222;Bedingungen&#8220;) erfolgt.<\/p><p>Zus\u00e4tzlich zum Lesen dieser Bedingungen sollte der Benutzer vor dem Zugriff, der Navigation und\/oder der Nutzung dieser Webseite die rechtlichen Hinweise, die allgemeinen Nutzungsbedingungen einschlie\u00dflich etwaiger Cookie-Richtlinien sowie die Datenschutz- und Datenschutzbestimmungen von Dirna Bergstrom S.L. gelesen haben.<\/p><p>Durch die Nutzung dieser Website oder durch den Kauf und\/oder die Bestellung eines Produkts und\/oder einer Dienstleistung \u00fcber diese Website erkl\u00e4rt sich der Benutzer damit einverstanden, an diese Bedingungen und an alles oben Genannte gebunden zu sein.<\/p><p>Wenn der Benutzer damit nicht einverstanden ist, sollte er diese Website nicht nutzen. Dar\u00fcber hinaus wird darauf hingewiesen, dass diese Bedingungen ge\u00e4ndert werden k\u00f6nnen. Der Benutzer ist daf\u00fcr verantwortlich, sie jedes Mal zu konsultieren, wenn er auf die Website zugreift, sie durchsucht und\/oder nutzt, da die zum Zeitpunkt der Bestellung von Produkten und\/oder Dienstleistungen geltenden Bedingungen ma\u00dfgeblich sind. <\/p><p>F\u00fcr alle Fragen bez\u00fcglich der Bedingungen kann sich der Benutzer \u00fcber die oben genannten Kontaktinformationen oder gegebenenfalls \u00fcber das Kontaktformular an den Inhaber wenden.<\/p><h4>RELEVANTE INFORMATIONEN<\/h4><div> <\/div><p>Es ist eine notwendige Voraussetzung f\u00fcr den Erwerb der angebotenen Produkte auf dieser Website, dass Sie die folgenden Nutzungsbedingungen lesen und akzeptieren, die nachstehend aufgef\u00fchrt sind. Die Nutzung unserer Dienste sowie der Kauf unserer Produkte bedeutet, dass Sie die Nutzungsbedingungen in diesem Dokument gelesen und akzeptiert haben. Alle Produkte, die von unserer Website angeboten werden und m\u00f6glicherweise \u00fcber eine Drittanbieter-Website erstellt, berechnet, versendet oder angezeigt werden, unterliegen ihren eigenen Nutzungsbedingungen. In einigen F\u00e4llen ist f\u00fcr den Kauf eines Produkts eine Registrierung durch den Benutzer erforderlich, bei der Eingabe zuverl\u00e4ssiger pers\u00f6nlicher Daten und der Definition eines Passworts.   <\/p><p>Der Benutzer kann jederzeit das Passwort f\u00fcr den Zugang zur Verwaltung seines Kontos w\u00e4hlen und \u00e4ndern, falls er sich registriert hat und dies f\u00fcr den Kauf eines unserer Produkte erforderlich ist.<\/p><p>bergstrominternational.com\/es\/ \u00fcbernimmt keine Verantwortung, wenn der Benutzer dieses Passwort an Dritte weitergibt.<\/p><p>Alle K\u00e4ufe und Transaktionen, die \u00fcber diese Website durchgef\u00fchrt werden, unterliegen einem Best\u00e4tigungs- und \u00dcberpr\u00fcfungsprozess, der die \u00dcberpr\u00fcfung des Lagerbestands und der Produktverf\u00fcgbarkeit, die Validierung der Zahlungsmethode, die Validierung der Rechnung (falls vorhanden) und die Erf\u00fcllung der vom ausgew\u00e4hlten Zahlungsmittel geforderten Bedingungen umfassen kann. In einigen F\u00e4llen kann eine \u00dcberpr\u00fcfung per E-Mail erforderlich sein. <\/p><p>Die auf dieser Online-Shop angebotenen Preise f\u00fcr die Produkte gelten nur f\u00fcr Eink\u00e4ufe, die auf dieser Website get\u00e4tigt werden.<\/p><h4>DER BENUTZER<\/h4><div> <\/div><p>Der Zugang, die Navigation und die Nutzung der Website verleiht dem Benutzer die Eigenschaft eines Benutzers (nachfolgend einzeln oder gemeinsam als Benutzer bezeichnet), sodass alle hier festgelegten Bedingungen sowie deren nachfolgende \u00c4nderungen akzeptiert werden, sobald die Navigation auf der Website beginnt, unbeschadet der Anwendung der entsprechenden gesetzlichen Vorschriften, die in jedem Fall verbindlich sind.<\/p><p>Der Benutzer \u00fcbernimmt die Verantwortung f\u00fcr die ordnungsgem\u00e4\u00dfe Nutzung der Website. Diese Verantwortung erstreckt sich auf: <\/p><ul><li>Die Nutzung dieser Website ist ausschlie\u00dflich f\u00fcr rechtlich zul\u00e4ssige Anfragen, Eink\u00e4ufe oder Erwerbungen vorgesehen.<\/li><li>Es d\u00fcrfen keine falschen oder betr\u00fcgerischen Eink\u00e4ufe get\u00e4tigt werden. Wenn vern\u00fcnftigerweise angenommen werden k\u00f6nnte, dass ein solcher Kauf get\u00e4tigt wurde, kann er storniert werden, und die entsprechenden Beh\u00f6rden werden informiert. <\/li><li>Es m\u00fcssen wahrheitsgem\u00e4\u00dfe und rechtm\u00e4\u00dfige Kontaktinformationen bereitgestellt werden, wie z.B. E-Mail-Adresse, Postanschrift und\/oder andere Daten (siehe Impressum und Allgemeine Nutzungsbedingungen).<\/li><li>Der Benutzer erkl\u00e4rt, vollj\u00e4hrig zu sein und die rechtliche F\u00e4higkeit zu haben, Vertr\u00e4ge \u00fcber diese Website abzuschlie\u00dfen.<\/li><\/ul><p>Die Website richtet sich haupts\u00e4chlich an Benutzer, die in Spanien ans\u00e4ssig sind. Dirna Bergstrom S.L. \u00fcbernimmt keine Gew\u00e4hr daf\u00fcr, dass die Website vollst\u00e4ndig oder teilweise den Gesetzen anderer L\u00e4nder entspricht. Dirna Bergstrom S.L. lehnt jede Verantwortung f\u00fcr solchen Zugriff ab und garantiert auch keine Lieferungen oder Dienstleistungen au\u00dferhalb Spaniens.  <\/p><p>Der Benutzer kann mit Dirna Bergstrom S.L. den Kaufvertrag f\u00fcr die gew\u00fcnschten Produkte und\/oder Dienstleistungen in einer der Sprachen formalisieren, in denen diese Bedingungen auf dieser Website verf\u00fcgbar sind.<\/p><h4>Lizenz<\/h4><div> <\/div><p>Dirna Bergstrom S.L. gew\u00e4hrt \u00fcber seine Website eine Lizenz zur Nutzung der auf dieser Website verkauften Produkte gem\u00e4\u00df den in diesem Dokument beschriebenen Allgemeinen Gesch\u00e4ftsbedingungen.<\/p><h4>UNAUTORISIERTE NUTZUNG<\/h4><div> <\/div><p>Falls zutreffend (f\u00fcr den Verkauf von Software, Vorlagen oder anderen Design- und Programmierungsprodukten), d\u00fcrfen Sie keines unserer Produkte, weder modifiziert noch unmodifiziert, auf einer CD, Website oder einem anderen Medium platzieren und sie zur Weiterverteilung oder zum Wiederverkauf jeglicher Art anbieten.<\/p><h4>EIGENTUM<\/h4><div> <\/div><p>Sie d\u00fcrfen weder geistiges noch exklusives Eigentum an einem unserer Produkte, modifiziert oder unmodifiziert, beanspruchen. Alle Produkte sind Eigentum der Inhaltsanbieter. Sofern nicht anders angegeben, werden unsere Produkte ohne jegliche Gew\u00e4hrleistung, weder ausdr\u00fccklich noch stillschweigend, bereitgestellt. In keinem Fall haftet dieses Unternehmen f\u00fcr Sch\u00e4den, einschlie\u00dflich, aber nicht beschr\u00e4nkt auf, direkte, indirekte, spezielle, zuf\u00e4llige oder Folgesch\u00e4den oder andere Verluste, die aus der Nutzung oder der Unm\u00f6glichkeit der Nutzung unserer Produkte resultieren.   <\/p><h4 id=\"garant\u00eda\">R\u00dcCKERSTATTUNGS- UND GARANTIERICHTLINIEN<\/h4><div> <\/div><p>Bei Produkten, die unwiderrufliche immaterielle Waren sind, bieten wir nach dem Versand des Produkts keine R\u00fcckerstattungen an. Sie sind daf\u00fcr verantwortlich, zu verstehen, was Sie kaufen, bevor Sie es kaufen. Wir bitten Sie, vor dem Kauf sorgf\u00e4ltig zu lesen. Wir machen nur Ausnahmen von dieser Regel, wenn die Beschreibung nicht dem Produkt entspricht. Einige Produkte k\u00f6nnen eine Garantie und R\u00fcckerstattungsm\u00f6glichkeiten haben, dies wird jedoch beim Kauf des Produkts angegeben. In solchen F\u00e4llen deckt die Garantie nur Fabrikationsfehler ab und wird nur wirksam, wenn das Produkt ordnungsgem\u00e4\u00df verwendet wurde. Die Garantie deckt keine Ausf\u00e4lle oder Sch\u00e4den ab, die durch unsachgem\u00e4\u00dfen Gebrauch verursacht wurden. Die Garantiebedingungen beziehen sich auf Herstellungsfehler und die Funktionsf\u00e4higkeit unter normalen Bedingungen der Produkte und werden nur wirksam, wenn das Ger\u00e4t ordnungsgem\u00e4\u00df verwendet wurde. Dies umfasst:       <\/p><ul><li>Gem\u00e4\u00df den f\u00fcr jedes Produkt angegebenen technischen Spezifikationen.<\/li><li>Unter Umweltbedingungen, die den vom Hersteller angegebenen Spezifikationen entsprechen.<\/li><li>Bei bestimmungsgem\u00e4\u00dfer Verwendung f\u00fcr die Funktion, f\u00fcr die es ab Werk vorgesehen ist.<\/li><li>Unter elektrischen Betriebsbedingungen gem\u00e4\u00df den angegebenen Spezifikationen und Toleranzen.<\/li><\/ul><h4>BETRUGS\u00dcBERPR\u00dcFUNG<\/h4><div> <\/div><p>Der Kauf des Kunden kann zur Betrugs\u00fcberpr\u00fcfung aufgeschoben werden. Sie kann auch f\u00fcr eine gr\u00fcndlichere Untersuchung l\u00e4nger ausgesetzt werden, um betr\u00fcgerische Transaktionen zu vermeiden. <\/p><h4>DATENSCHUTZ<\/h4><p>bergstrominternational.com\/de\/ garantiert, dass die von Ihnen \u00fcbermittelten pers\u00f6nlichen Daten gem\u00e4\u00df den Bestimmungen der Datenschutzpolitik (Impressum und Allgemeine Nutzungsbedingungen) behandelt werden. Die von einem Benutzer eingegebenen Daten oder im Falle einer Best\u00e4tigung der Bestellungen erforderlichen Daten werden nicht an Dritte weitergegeben, es sei denn, dies ist zur Erf\u00fcllung einer gerichtlichen Anordnung oder gesetzlicher Anforderungen erforderlich. <\/p><p>Das Abonnement von Werbe-Newslettern per E-Mail ist freiwillig und kann bei der Erstellung Ihres Kontos ausgew\u00e4hlt werden.<\/p><p>Durch den Zugriff auf, das Durchsuchen und\/oder die Nutzung der Website stimmt der Benutzer der Verarbeitung dieser Informationen und Daten zu und erkl\u00e4rt, dass alle von ihm bereitgestellten Informationen und Daten wahrheitsgem\u00e4\u00df sind.<\/p><h4>ANWENDBARES RECHT UND GERICHTSSTAND<\/h4><div> <\/div><p>Der Zugriff auf, das Durchsuchen und\/oder die Nutzung dieser Website und die Kaufvertr\u00e4ge f\u00fcr Produkte \u00fcber diese Website unterliegen spanischem Recht.<\/p><p>Jegliche Streitigkeiten, Probleme oder Meinungsverschiedenheiten, die aus dem Zugriff, dem Durchsuchen und\/oder der Nutzung der Website oder aus der Auslegung und Ausf\u00fchrung dieser Bedingungen oder aus den Kaufvertr\u00e4gen zwischen Dirna Bergstrom S.L. und dem Benutzer entstehen oder damit zusammenh\u00e4ngen, unterliegen der nicht ausschlie\u00dflichen Zust\u00e4ndigkeit der spanischen Gerichte.<\/p><h4>BESCHWERDEN UND REKLAMATIONEN<\/h4><div> <\/div><p>Der Benutzer kann Dirna Bergstrom S.L. seine Beschwerden, Reklamationen oder sonstigen Kommentare \u00fcber die zu Beginn dieser Bedingungen angegebenen Kontaktdaten (Allgemeine Informationen) zukommen lassen.<\/p>\t\t\t\t\t\t\t\t<\/div>\n\t\t\t\t<\/div>\n\t\t\t\t\t<\/div>\n\t\t\t\t<\/div>\n\t\t\t\t<\/div>\n\t\t","protected":false},"excerpt":{"rendered":"<p>Das Eigentum an dieser Website, bergstrominc.com\/es, im Folgenden \u201eWebsite\u201c, liegt bei Dirna Bergstrom S.L. mit der Steuernummer ES-B86653995, eingetragen im [&hellip;]<\/p>\n","protected":false},"author":2,"featured_media":0,"parent":0,"menu_order":0,"comment_status":"closed","ping_status":"closed","template":"elementor_header_footer","meta":{"site-sidebar-layout":"no-sidebar","site-content-layout":"","ast-site-content-layout":"full-width-container","site-content-style":"default","site-sidebar-style":"default","ast-global-header-display":"","ast-banner-title-visibility":"","ast-main-header-display":"","ast-hfb-above-header-display":"","ast-hfb-below-header-display":"","ast-hfb-mobile-header-display":"","site-post-title":"disabled","ast-breadcrumbs-content":"","ast-featured-img":"disabled","footer-sml-layout":"","ast-disable-related-posts":"","theme-transparent-header-meta":"","adv-header-id-meta":"","stick-header-meta":"","header-above-stick-meta":"","header-main-stick-meta":"","header-below-stick-meta":"","astra-migrate-meta-layouts":"default","ast-page-background-enabled":"default","ast-page-background-meta":{"desktop":{"background-color":"var(--ast-global-color-4)","background-image":"","background-repeat":"repeat","background-position":"center center","background-size":"auto","background-attachment":"scroll","background-type":"","background-media":"","overlay-type":"","overlay-color":"","overlay-opacity":"","overlay-gradient":""},"tablet":{"background-color":"","background-image":"","background-repeat":"repeat","background-position":"center center","background-size":"auto","background-attachment":"scroll","background-type":"","background-media":"","overlay-type":"","overlay-color":"","overlay-opacity":"","overlay-gradient":""},"mobile":{"background-color":"","background-image":"","background-repeat":"repeat","background-position":"center center","background-size":"auto","background-attachment":"scroll","background-type":"","background-media":"","overlay-type":"","overlay-color":"","overlay-opacity":"","overlay-gradient":""}},"ast-content-background-meta":{"desktop":{"background-color":"var(--ast-global-color-5)","background-image":"","background-repeat":"repeat","background-position":"center center","background-size":"auto","background-attachment":"scroll","background-type":"","background-media":"","overlay-type":"","overlay-color":"","overlay-opacity":"","overlay-gradient":""},"tablet":{"background-color":"var(--ast-global-color-5)","background-image":"","background-repeat":"repeat","background-position":"center center","background-size":"auto","background-attachment":"scroll","background-type":"","background-media":"","overlay-type":"","overlay-color":"","overlay-opacity":"","overlay-gradient":""},"mobile":{"background-color":"var(--ast-global-color-5)","background-image":"","background-repeat":"repeat","background-position":"center center","background-size":"auto","background-attachment":"scroll","background-type":"","background-media":"","overlay-type":"","overlay-color":"","overlay-opacity":"","overlay-gradient":""}},"footnotes":""},"class_list":["post-6121","page","type-page","status-publish","hentry"],"_links":{"self":[{"href":"https:\/\/bergstrominc.com\/es\/de\/wp-json\/wp\/v2\/pages\/6121","targetHints":{"allow":["GET"]}}],"collection":[{"href":"https:\/\/bergstrominc.com\/es\/de\/wp-json\/wp\/v2\/pages"}],"about":[{"href":"https:\/\/bergstrominc.com\/es\/de\/wp-json\/wp\/v2\/types\/page"}],"author":[{"embeddable":true,"href":"https:\/\/bergstrominc.com\/es\/de\/wp-json\/wp\/v2\/users\/2"}],"replies":[{"embeddable":true,"href":"https:\/\/bergstrominc.com\/es\/de\/wp-json\/wp\/v2\/comments?post=6121"}],"version-history":[{"count":3,"href":"https:\/\/bergstrominc.com\/es\/de\/wp-json\/wp\/v2\/pages\/6121\/revisions"}],"predecessor-version":[{"id":17734,"href":"https:\/\/bergstrominc.com\/es\/de\/wp-json\/wp\/v2\/pages\/6121\/revisions\/17734"}],"wp:attachment":[{"href":"https:\/\/bergstrominc.com\/es\/de\/wp-json\/wp\/v2\/media?parent=6121"}],"curies":[{"name":"wp","href":"https:\/\/api.w.org\/{rel}","templated":true}]}}