{"id":11160,"date":"2024-06-19T06:28:54","date_gmt":"2024-06-19T04:28:54","guid":{"rendered":"https:\/\/dimgrey-goat-433611.hostingersite.com\/es\/producto\/integral-power-ii\/"},"modified":"2026-01-29T10:13:40","modified_gmt":"2026-01-29T09:13:40","slug":"integral-power-ii","status":"publish","type":"product","link":"https:\/\/bergstrominc.com\/es\/de\/producto\/integral-power-ii\/","title":{"rendered":"INTEGRAL POWER II"},"content":{"rendered":"<p>Integral Power II wird auf dem Fahrerhausdach montiert und ist die ideale L\u00f6sung, wenn das Fahrzeug werkseitig nicht \u00fcber eine Klimaanlage verf\u00fcgt, eine zus\u00e4tzliche Klimaanlage ben\u00f6tigt wird oder in Situationen, in denen eine zus\u00e4tzliche Klimaanlage ben\u00f6tigt wird.<\/p>\n<p>Die Hauptanwendungsgebiete sind Gel\u00e4ndefahrzeuge wie Bagger, Muldenkipper, Kr\u00e4ne, Bulldozer, Landmaschinen und Gabelstapler. Auch in st\u00e4dtischen M\u00fcllwagen ist sein Einsatz weit verbreitet.<\/p>\n<ul>\n<li>Funkfernbedienung (RF) und digitales Thermometer (<sup>0<\/sup>\u00b0C oder<sup> 0<\/sup>\u00b0F).<\/li>\n<li>Vollst\u00e4ndig elektrisches Ger\u00e4t mit Inverter-Technologie.<\/li>\n<li>Sehr widerstandsf\u00e4hige Struktur und minimaler Wartungsaufwand.<\/li>\n<li>Einfache Installation auf dem Dach der Kabine, ohne den Fahrzeugmotor zu ber\u00fchren.<\/li>\n<li>Perfekte Anpassung: Geeignet f\u00fcr verschiedene Kabinentypen, mit oder ohne Dachluke.<\/li>\n<li>Enth\u00e4lt Schnittmuster f\u00fcr Fahrzeuge ohne Dachluke.<\/li>\n<li>Verf\u00fcgbarkeit spezifischer Konsolen f\u00fcr bestimmte Modelle (Anfragen).<\/li>\n<\/ul>\n","protected":false},"excerpt":{"rendered":"<p>Integral Power II ist ein Dachklimaanlage, die als unabh\u00e4ngige Einheit direkt \u00fcber die Fahrzeugbatterie betrieben wird und f\u00fcr den Einsatz in den h\u00e4rtesten und anspruchsvollsten Umgebungen entwickelt wurde.<\/p>\n","protected":false},"featured_media":9878,"comment_status":"open","ping_status":"closed","template":"","meta":{"site-sidebar-layout":"default","site-content-layout":"","ast-site-content-layout":"default","site-content-style":"default","site-sidebar-style":"default","ast-global-header-display":"","ast-banner-title-visibility":"","ast-main-header-display":"","ast-hfb-above-header-display":"","ast-hfb-below-header-display":"","ast-hfb-mobile-header-display":"","site-post-title":"","ast-breadcrumbs-content":"","ast-featured-img":"","footer-sml-layout":"","ast-disable-related-posts":"","theme-transparent-header-meta":"default","adv-header-id-meta":"","stick-header-meta":"","header-above-stick-meta":"","header-main-stick-meta":"","header-below-stick-meta":"","astra-migrate-meta-layouts":"set","ast-page-background-enabled":"default","ast-page-background-meta":{"desktop":{"background-color":"var(--ast-global-color-4)","background-image":"","background-repeat":"repeat","background-position":"center center","background-size":"auto","background-attachment":"scroll","background-type":"","background-media":"","overlay-type":"","overlay-color":"","overlay-opacity":"","overlay-gradient":""},"tablet":{"background-color":"","background-image":"","background-repeat":"repeat","background-position":"center center","background-size":"auto","background-attachment":"scroll","background-type":"","background-media":"","overlay-type":"","overlay-color":"","overlay-opacity":"","overlay-gradient":""},"mobile":{"background-color":"","background-image":"","background-repeat":"repeat","background-position":"center center","background-size":"auto","background-attachment":"scroll","background-type":"","background-media":"","overlay-type":"","overlay-color":"","overlay-opacity":"","overlay-gradient":""}},"ast-content-background-meta":{"desktop":{"background-color":"var(--ast-global-color-5)","background-image":"","background-repeat":"repeat","background-position":"center center","background-size":"auto","background-attachment":"scroll","background-type":"","background-media":"","overlay-type":"","overlay-color":"","overlay-opacity":"","overlay-gradient":""},"tablet":{"background-color":"var(--ast-global-color-5)","background-image":"","background-repeat":"repeat","background-position":"center center","background-size":"auto","background-attachment":"scroll","background-type":"","background-media":"","overlay-type":"","overlay-color":"","overlay-opacity":"","overlay-gradient":""},"mobile":{"background-color":"var(--ast-global-color-5)","background-image":"","background-repeat":"repeat","background-position":"center center","background-size":"auto","background-attachment":"scroll","background-type":"","background-media":"","overlay-type":"","overlay-color":"","overlay-opacity":"","overlay-gradient":""}}},"product_brand":[],"product_cat":[124,125],"product_tag":[126],"class_list":{"0":"post-11160","1":"product","2":"type-product","3":"status-publish","4":"has-post-thumbnail","6":"product_cat-professionell","7":"product_cat-zur-arbeit","8":"product_tag-3columnas-de","9":"desktop-align-left","10":"tablet-align-left","11":"mobile-align-left","13":"first","14":"instock","15":"shipping-taxable","16":"product-type-simple"},"_links":{"self":[{"href":"https:\/\/bergstrominc.com\/es\/de\/wp-json\/wp\/v2\/product\/11160","targetHints":{"allow":["GET"]}}],"collection":[{"href":"https:\/\/bergstrominc.com\/es\/de\/wp-json\/wp\/v2\/product"}],"about":[{"href":"https:\/\/bergstrominc.com\/es\/de\/wp-json\/wp\/v2\/types\/product"}],"replies":[{"embeddable":true,"href":"https:\/\/bergstrominc.com\/es\/de\/wp-json\/wp\/v2\/comments?post=11160"}],"version-history":[{"count":7,"href":"https:\/\/bergstrominc.com\/es\/de\/wp-json\/wp\/v2\/product\/11160\/revisions"}],"predecessor-version":[{"id":19321,"href":"https:\/\/bergstrominc.com\/es\/de\/wp-json\/wp\/v2\/product\/11160\/revisions\/19321"}],"wp:featuredmedia":[{"embeddable":true,"href":"https:\/\/bergstrominc.com\/es\/de\/wp-json\/wp\/v2\/media\/9878"}],"wp:attachment":[{"href":"https:\/\/bergstrominc.com\/es\/de\/wp-json\/wp\/v2\/media?parent=11160"}],"wp:term":[{"taxonomy":"product_brand","embeddable":true,"href":"https:\/\/bergstrominc.com\/es\/de\/wp-json\/wp\/v2\/product_brand?post=11160"},{"taxonomy":"product_cat","embeddable":true,"href":"https:\/\/bergstrominc.com\/es\/de\/wp-json\/wp\/v2\/product_cat?post=11160"},{"taxonomy":"product_tag","embeddable":true,"href":"https:\/\/bergstrominc.com\/es\/de\/wp-json\/wp\/v2\/product_tag?post=11160"}],"curies":[{"name":"wp","href":"https:\/\/api.w.org\/{rel}","templated":true}]}}