{"id":11191,"date":"2024-07-03T10:27:38","date_gmt":"2024-07-03T08:27:38","guid":{"rendered":"https:\/\/dimgrey-goat-433611.hostingersite.com\/es\/producto\/dual-power-ii\/"},"modified":"2026-03-02T14:28:32","modified_gmt":"2026-03-02T13:28:32","slug":"dual-power-ii","status":"publish","type":"product","link":"https:\/\/bergstrominc.com\/es\/de\/producto\/dual-power-ii\/","title":{"rendered":"DUAL POWER II"},"content":{"rendered":"<p>DUAL POWER II est\u00e1 compuesto por dos partes principales: una unidad condensadora con compresor el\u00e9ctrico y una unidad evaporadora. Combinando las distintas unidades entre s\u00ed y completando con kits de instalaci\u00f3n, se podr\u00e1 colocar de forma flexible en m\u00faltiples ubicaciones. <\/p>\n<p>Como el compresor es el\u00e9ctrico, no se necesita la potencia del motor, sino tan solo de una conexi\u00f3n al sistema el\u00e9ctrico del veh\u00edculo.<\/p>\n<p>Las diferentes opciones de instalaci\u00f3n de DUAL POWER II permiten disponer de toda una gama de soluciones para veh\u00edculos off-road tales como excavadoras, gr\u00faas, niveladoras o maquinaria agr\u00edcola. Son equipos de aire acondicionado ideales para trabajar confortablemente. <\/p>\n<ul>\n<li>Vollst\u00e4ndig elektrisches Ger\u00e4t<\/li>\n<li>Sehr widerstandsf\u00e4hige Struktur und minimaler Wartungsaufwand.<\/li>\n<li>Installation ohne Ber\u00fchrung des Fahrzeugmotors und geeignet f\u00fcr verschiedene Kabinentypen.<\/li>\n<li>Vollst\u00e4ndige Anpassung an das Fahrzeug durch die modulare Struktur.<\/li>\n<li>3 L\u00fcftergeschwindigkeiten<\/li>\n<li>Manuelle Regulierung der K\u00fchlleistung.<\/li>\n<\/ul>\n","protected":false},"excerpt":{"rendered":"<p>DUAL POWER II ist eine zweimodulare elektrische Klimaanlage, ideal f\u00fcr die Fahrerkabinen von Spezialfahrzeugen, die unter rauen und anspruchsvollen Bedingungen eingesetzt werden.<\/p>\n<p>Dank ihrer vielf\u00e4ltigen Installationsm\u00f6glichkeiten l\u00e4sst sie sich optimal an das jeweilige Fahrzeug anpassen.<\/p>\n","protected":false},"featured_media":10055,"comment_status":"open","ping_status":"closed","template":"","meta":{"site-sidebar-layout":"default","site-content-layout":"","ast-site-content-layout":"default","site-content-style":"default","site-sidebar-style":"default","ast-global-header-display":"","ast-banner-title-visibility":"","ast-main-header-display":"","ast-hfb-above-header-display":"","ast-hfb-below-header-display":"","ast-hfb-mobile-header-display":"","site-post-title":"","ast-breadcrumbs-content":"","ast-featured-img":"","footer-sml-layout":"","ast-disable-related-posts":"","theme-transparent-header-meta":"default","adv-header-id-meta":"","stick-header-meta":"","header-above-stick-meta":"","header-main-stick-meta":"","header-below-stick-meta":"","astra-migrate-meta-layouts":"set","ast-page-background-enabled":"default","ast-page-background-meta":{"desktop":{"background-color":"var(--ast-global-color-4)","background-image":"","background-repeat":"repeat","background-position":"center center","background-size":"auto","background-attachment":"scroll","background-type":"","background-media":"","overlay-type":"","overlay-color":"","overlay-opacity":"","overlay-gradient":""},"tablet":{"background-color":"","background-image":"","background-repeat":"repeat","background-position":"center center","background-size":"auto","background-attachment":"scroll","background-type":"","background-media":"","overlay-type":"","overlay-color":"","overlay-opacity":"","overlay-gradient":""},"mobile":{"background-color":"","background-image":"","background-repeat":"repeat","background-position":"center center","background-size":"auto","background-attachment":"scroll","background-type":"","background-media":"","overlay-type":"","overlay-color":"","overlay-opacity":"","overlay-gradient":""}},"ast-content-background-meta":{"desktop":{"background-color":"var(--ast-global-color-5)","background-image":"","background-repeat":"repeat","background-position":"center center","background-size":"auto","background-attachment":"scroll","background-type":"","background-media":"","overlay-type":"","overlay-color":"","overlay-opacity":"","overlay-gradient":""},"tablet":{"background-color":"var(--ast-global-color-5)","background-image":"","background-repeat":"repeat","background-position":"center center","background-size":"auto","background-attachment":"scroll","background-type":"","background-media":"","overlay-type":"","overlay-color":"","overlay-opacity":"","overlay-gradient":""},"mobile":{"background-color":"var(--ast-global-color-5)","background-image":"","background-repeat":"repeat","background-position":"center center","background-size":"auto","background-attachment":"scroll","background-type":"","background-media":"","overlay-type":"","overlay-color":"","overlay-opacity":"","overlay-gradient":""}}},"product_brand":[],"product_cat":[124,125],"product_tag":[126],"class_list":{"0":"post-11191","1":"product","2":"type-product","3":"status-publish","4":"has-post-thumbnail","6":"product_cat-professionell","7":"product_cat-zur-arbeit","8":"product_tag-3columnas-de","9":"desktop-align-left","10":"tablet-align-left","11":"mobile-align-left","13":"first","14":"instock","15":"shipping-taxable","16":"product-type-simple"},"_links":{"self":[{"href":"https:\/\/bergstrominc.com\/es\/de\/wp-json\/wp\/v2\/product\/11191","targetHints":{"allow":["GET"]}}],"collection":[{"href":"https:\/\/bergstrominc.com\/es\/de\/wp-json\/wp\/v2\/product"}],"about":[{"href":"https:\/\/bergstrominc.com\/es\/de\/wp-json\/wp\/v2\/types\/product"}],"replies":[{"embeddable":true,"href":"https:\/\/bergstrominc.com\/es\/de\/wp-json\/wp\/v2\/comments?post=11191"}],"version-history":[{"count":11,"href":"https:\/\/bergstrominc.com\/es\/de\/wp-json\/wp\/v2\/product\/11191\/revisions"}],"predecessor-version":[{"id":19770,"href":"https:\/\/bergstrominc.com\/es\/de\/wp-json\/wp\/v2\/product\/11191\/revisions\/19770"}],"wp:featuredmedia":[{"embeddable":true,"href":"https:\/\/bergstrominc.com\/es\/de\/wp-json\/wp\/v2\/media\/10055"}],"wp:attachment":[{"href":"https:\/\/bergstrominc.com\/es\/de\/wp-json\/wp\/v2\/media?parent=11191"}],"wp:term":[{"taxonomy":"product_brand","embeddable":true,"href":"https:\/\/bergstrominc.com\/es\/de\/wp-json\/wp\/v2\/product_brand?post=11191"},{"taxonomy":"product_cat","embeddable":true,"href":"https:\/\/bergstrominc.com\/es\/de\/wp-json\/wp\/v2\/product_cat?post=11191"},{"taxonomy":"product_tag","embeddable":true,"href":"https:\/\/bergstrominc.com\/es\/de\/wp-json\/wp\/v2\/product_tag?post=11191"}],"curies":[{"name":"wp","href":"https:\/\/api.w.org\/{rel}","templated":true}]}}