{"id":11279,"date":"2024-07-02T17:09:57","date_gmt":"2024-07-02T15:09:57","guid":{"rendered":"https:\/\/dimgrey-goat-433611.hostingersite.com\/es\/producto\/lite\/"},"modified":"2026-01-29T14:26:01","modified_gmt":"2026-01-29T13:26:01","slug":"lite","status":"publish","type":"product","link":"https:\/\/bergstrominc.com\/es\/de\/producto\/lite\/","title":{"rendered":"LITE"},"content":{"rendered":"<p>LITE, eine kompakte, leistungsstarke, in sich geschlossene Dachklimaanlage, wurde mit einem einzigen hermetischen Kompressor zur K\u00fchlung der Lkw-Kabine w\u00e4hrend der n\u00e4chtlichen Ruhezeiten des Fahrers entwickelt.<\/p>\n<p>LITE ist leicht und dank seiner kompakten Abmessungen und geringen H\u00f6he einfach zu installieren. Er wird direkt von der Fahrzeugbatterie gespeist, was dazu beitr\u00e4gt, den Kraftstoffverbrauch und den CO\u2082-Aussto\u00df in die Atmosph\u00e4re zu reduzieren (umweltfreundlich). <\/p>\n<p>&#8211; Vollelektrisches Ger\u00e4t mit Invertertechnologie.<br \/>\n&#8211; Einbau ohne Ber\u00fchrung des Fahrzeugmotors.<br \/>\n&#8211; Einfacher Einbau ohne Aufbohren des Kabinendachs in LKWs mit Luke.<br \/>\n&#8211; Manueller und automatischer Betrieb.<br \/>\n&#8211; Fernsteuerung \u00fcber Funk (RF) und digitales Thermometer (in <sup>0C<\/sup>oder <sup>0F<\/sup>).<br \/>\n&#8211; Doppelter Batterieschutz.<br \/>\n&#8211; Kraftstoffeinsparung.<br \/>\n&#8211; 5 L\u00fcftungsgeschwindigkeiten.<br \/>\n&#8211; 0 Emissionen: der Fahrzeugmotor bleibt ausgeschaltet, w\u00e4hrend das Ger\u00e4t in Betrieb ist.<br \/>\n&#8211; Erm\u00f6glicht eine gute Erholung in der Fahrzeugkabine, was zu einer erh\u00f6hten Verkehrssicherheit beitr\u00e4gt.<\/p>\n","protected":false},"excerpt":{"rendered":"<p>LITE ist das kompakteste deckenmontierte Elektroger\u00e4t von Bergstrom. Mit reduzierten Abmessungen und einer \u00e4hnlichen H\u00f6he wie SlimFIT ist es leicht und einfach zu installieren. <\/p>\n<p>LITE wird direkt von der Fahrzeugbatterie angetrieben und ist mit einem einzigen hermetischen Kompressor ausgestattet, eine gute L\u00f6sung f\u00fcr eine gute Nachtruhe in der LKW-Kabine.<\/p>\n","protected":false},"featured_media":10208,"comment_status":"open","ping_status":"closed","template":"","meta":{"site-sidebar-layout":"default","site-content-layout":"","ast-site-content-layout":"default","site-content-style":"default","site-sidebar-style":"default","ast-global-header-display":"","ast-banner-title-visibility":"","ast-main-header-display":"","ast-hfb-above-header-display":"","ast-hfb-below-header-display":"","ast-hfb-mobile-header-display":"","site-post-title":"","ast-breadcrumbs-content":"","ast-featured-img":"","footer-sml-layout":"","ast-disable-related-posts":"","theme-transparent-header-meta":"default","adv-header-id-meta":"","stick-header-meta":"","header-above-stick-meta":"","header-main-stick-meta":"","header-below-stick-meta":"","astra-migrate-meta-layouts":"set","ast-page-background-enabled":"default","ast-page-background-meta":{"desktop":{"background-color":"var(--ast-global-color-4)","background-image":"","background-repeat":"repeat","background-position":"center center","background-size":"auto","background-attachment":"scroll","background-type":"","background-media":"","overlay-type":"","overlay-color":"","overlay-opacity":"","overlay-gradient":""},"tablet":{"background-color":"","background-image":"","background-repeat":"repeat","background-position":"center center","background-size":"auto","background-attachment":"scroll","background-type":"","background-media":"","overlay-type":"","overlay-color":"","overlay-opacity":"","overlay-gradient":""},"mobile":{"background-color":"","background-image":"","background-repeat":"repeat","background-position":"center center","background-size":"auto","background-attachment":"scroll","background-type":"","background-media":"","overlay-type":"","overlay-color":"","overlay-opacity":"","overlay-gradient":""}},"ast-content-background-meta":{"desktop":{"background-color":"var(--ast-global-color-5)","background-image":"","background-repeat":"repeat","background-position":"center center","background-size":"auto","background-attachment":"scroll","background-type":"","background-media":"","overlay-type":"","overlay-color":"","overlay-opacity":"","overlay-gradient":""},"tablet":{"background-color":"var(--ast-global-color-5)","background-image":"","background-repeat":"repeat","background-position":"center center","background-size":"auto","background-attachment":"scroll","background-type":"","background-media":"","overlay-type":"","overlay-color":"","overlay-opacity":"","overlay-gradient":""},"mobile":{"background-color":"var(--ast-global-color-5)","background-image":"","background-repeat":"repeat","background-position":"center center","background-size":"auto","background-attachment":"scroll","background-type":"","background-media":"","overlay-type":"","overlay-color":"","overlay-opacity":"","overlay-gradient":""}}},"product_brand":[],"product_cat":[132,124],"product_tag":[126],"class_list":{"0":"post-11279","1":"product","2":"type-product","3":"status-publish","4":"has-post-thumbnail","6":"product_cat-fur-ruhepausen","7":"product_cat-professionell","8":"product_tag-3columnas-de","9":"desktop-align-left","10":"tablet-align-left","11":"mobile-align-left","13":"first","14":"instock","15":"shipping-taxable","16":"product-type-simple"},"_links":{"self":[{"href":"https:\/\/bergstrominc.com\/es\/de\/wp-json\/wp\/v2\/product\/11279","targetHints":{"allow":["GET"]}}],"collection":[{"href":"https:\/\/bergstrominc.com\/es\/de\/wp-json\/wp\/v2\/product"}],"about":[{"href":"https:\/\/bergstrominc.com\/es\/de\/wp-json\/wp\/v2\/types\/product"}],"replies":[{"embeddable":true,"href":"https:\/\/bergstrominc.com\/es\/de\/wp-json\/wp\/v2\/comments?post=11279"}],"version-history":[{"count":4,"href":"https:\/\/bergstrominc.com\/es\/de\/wp-json\/wp\/v2\/product\/11279\/revisions"}],"predecessor-version":[{"id":19355,"href":"https:\/\/bergstrominc.com\/es\/de\/wp-json\/wp\/v2\/product\/11279\/revisions\/19355"}],"wp:featuredmedia":[{"embeddable":true,"href":"https:\/\/bergstrominc.com\/es\/de\/wp-json\/wp\/v2\/media\/10208"}],"wp:attachment":[{"href":"https:\/\/bergstrominc.com\/es\/de\/wp-json\/wp\/v2\/media?parent=11279"}],"wp:term":[{"taxonomy":"product_brand","embeddable":true,"href":"https:\/\/bergstrominc.com\/es\/de\/wp-json\/wp\/v2\/product_brand?post=11279"},{"taxonomy":"product_cat","embeddable":true,"href":"https:\/\/bergstrominc.com\/es\/de\/wp-json\/wp\/v2\/product_cat?post=11279"},{"taxonomy":"product_tag","embeddable":true,"href":"https:\/\/bergstrominc.com\/es\/de\/wp-json\/wp\/v2\/product_tag?post=11279"}],"curies":[{"name":"wp","href":"https:\/\/api.w.org\/{rel}","templated":true}]}}