{"id":11313,"date":"2024-07-02T16:24:29","date_gmt":"2024-07-02T14:24:29","guid":{"rendered":"https:\/\/dimgrey-goat-433611.hostingersite.com\/es\/producto\/slimfit\/"},"modified":"2026-01-29T11:15:54","modified_gmt":"2026-01-29T10:15:54","slug":"slimfit","status":"publish","type":"product","link":"https:\/\/bergstrominc.com\/es\/de\/producto\/slimfit\/","title":{"rendered":"SlimFIT"},"content":{"rendered":"<p>SlimFIT ist die flachste und leistungsst\u00e4rkste eigenst\u00e4ndige Klimaanlage auf dem Markt. Sie wurde entwickelt, um die Lkw-Kabine w\u00e4hrend der n\u00e4chtlichen Ruhezeiten des Fahrers, beim Be- und Entladen sowie bei vorgeschriebenen Stopps zu k\u00fchlen.<\/p>\n<p>SlimFIT funktioniert sowohl bei laufendem als auch bei ausgeschaltetem Motor und da es den Strom direkt aus der Fahrzeugbatterie bezieht, hilft es Ihnen, den Kraftstoffverbrauch zu senken und die CO\u2082-Emissionen in die Atmosph\u00e4re zu vermeiden. Seine geringe H\u00f6he und sein aerodynamisches Design machen ihn zum perfekten Zubeh\u00f6r f\u00fcr die K\u00fchlung von Fahrzeugen mit hohen Kabinen.<\/p>\n<h4><strong>VORTEILE:<\/strong><\/h4>\n<p>&nbsp;<\/p>\n<ul>\n<li>Vollst\u00e4ndig elektrische Anlage mit Full-Inverter-Technologie.<\/li>\n<li>Einfache Installation, bei der der Fahrzeugmotor nicht ber\u00fchrt werden muss.<\/li>\n<li>Einfache Montage ohne Bohren des Kabinendachs bei Lkw mit Dachluke.<\/li>\n<li>Manuelle und automatische Funktion.<\/li>\n<li>Infrarot-Fernbedienung (IR) und Touch-Bedienfeld.<\/li>\n<li>Digitalthermometer (in <sup>\u00b0<\/sup>C und <sup>\u00b0<\/sup>F).<\/li>\n<li>Doppelte Batterieschutzfunktion.<\/li>\n<li>Kraftstoffeinsparung.<\/li>\n<li>5 L\u00fcftergeschwindigkeiten.<\/li>\n<li>Vorgef\u00fclltes System mit R134a-K\u00e4ltemittel.<\/li>\n<li>Programmierungsfunktion.<\/li>\n<li>Geringer Wartungsaufwand.<\/li>\n<li>Null Emissionen \u2013 100% umweltfreundlich.<\/li>\n<li>Erm\u00f6glicht eine gute Erholung in der Fahrzeugkabine, was zur Erh\u00f6hung der Verkehrssicherheit beitr\u00e4gt.<\/li>\n<\/ul>\n","protected":false},"excerpt":{"rendered":"<p>SlimFIT von Dirna Bergstrom, ein auf dem Fahrerhausdach montiertes System, ist die flachste, kompakteste, in sich geschlossene Klimaanlage f\u00fcr \u00dcberland-Lkw auf dem Markt.<\/p>\n<p>Es wird direkt von der Fahrzeugbatterie mit Strom versorgt und ist eine hervorragende L\u00f6sung zum K\u00fchlen und Kraftstoffsparen. Aufgrund seiner reduzierten H\u00f6he ist SlimFIT perfekt f\u00fcr Fahrzeuge mit hohen Kabinen.<\/p>\n","protected":false},"featured_media":9913,"comment_status":"open","ping_status":"closed","template":"","meta":{"site-sidebar-layout":"default","site-content-layout":"","ast-site-content-layout":"default","site-content-style":"default","site-sidebar-style":"default","ast-global-header-display":"","ast-banner-title-visibility":"","ast-main-header-display":"","ast-hfb-above-header-display":"","ast-hfb-below-header-display":"","ast-hfb-mobile-header-display":"","site-post-title":"","ast-breadcrumbs-content":"","ast-featured-img":"","footer-sml-layout":"","ast-disable-related-posts":"","theme-transparent-header-meta":"default","adv-header-id-meta":"","stick-header-meta":"","header-above-stick-meta":"","header-main-stick-meta":"","header-below-stick-meta":"","astra-migrate-meta-layouts":"set","ast-page-background-enabled":"default","ast-page-background-meta":{"desktop":{"background-color":"var(--ast-global-color-4)","background-image":"","background-repeat":"repeat","background-position":"center center","background-size":"auto","background-attachment":"scroll","background-type":"","background-media":"","overlay-type":"","overlay-color":"","overlay-opacity":"","overlay-gradient":""},"tablet":{"background-color":"","background-image":"","background-repeat":"repeat","background-position":"center center","background-size":"auto","background-attachment":"scroll","background-type":"","background-media":"","overlay-type":"","overlay-color":"","overlay-opacity":"","overlay-gradient":""},"mobile":{"background-color":"","background-image":"","background-repeat":"repeat","background-position":"center center","background-size":"auto","background-attachment":"scroll","background-type":"","background-media":"","overlay-type":"","overlay-color":"","overlay-opacity":"","overlay-gradient":""}},"ast-content-background-meta":{"desktop":{"background-color":"var(--ast-global-color-5)","background-image":"","background-repeat":"repeat","background-position":"center center","background-size":"auto","background-attachment":"scroll","background-type":"","background-media":"","overlay-type":"","overlay-color":"","overlay-opacity":"","overlay-gradient":""},"tablet":{"background-color":"var(--ast-global-color-5)","background-image":"","background-repeat":"repeat","background-position":"center center","background-size":"auto","background-attachment":"scroll","background-type":"","background-media":"","overlay-type":"","overlay-color":"","overlay-opacity":"","overlay-gradient":""},"mobile":{"background-color":"var(--ast-global-color-5)","background-image":"","background-repeat":"repeat","background-position":"center center","background-size":"auto","background-attachment":"scroll","background-type":"","background-media":"","overlay-type":"","overlay-color":"","overlay-opacity":"","overlay-gradient":""}}},"product_brand":[],"product_cat":[132,124],"product_tag":[126],"class_list":{"0":"post-11313","1":"product","2":"type-product","3":"status-publish","4":"has-post-thumbnail","6":"product_cat-fur-ruhepausen","7":"product_cat-professionell","8":"product_tag-3columnas-de","9":"desktop-align-left","10":"tablet-align-left","11":"mobile-align-left","13":"first","14":"instock","15":"shipping-taxable","16":"product-type-simple"},"_links":{"self":[{"href":"https:\/\/bergstrominc.com\/es\/de\/wp-json\/wp\/v2\/product\/11313","targetHints":{"allow":["GET"]}}],"collection":[{"href":"https:\/\/bergstrominc.com\/es\/de\/wp-json\/wp\/v2\/product"}],"about":[{"href":"https:\/\/bergstrominc.com\/es\/de\/wp-json\/wp\/v2\/types\/product"}],"replies":[{"embeddable":true,"href":"https:\/\/bergstrominc.com\/es\/de\/wp-json\/wp\/v2\/comments?post=11313"}],"version-history":[{"count":4,"href":"https:\/\/bergstrominc.com\/es\/de\/wp-json\/wp\/v2\/product\/11313\/revisions"}],"predecessor-version":[{"id":19345,"href":"https:\/\/bergstrominc.com\/es\/de\/wp-json\/wp\/v2\/product\/11313\/revisions\/19345"}],"wp:featuredmedia":[{"embeddable":true,"href":"https:\/\/bergstrominc.com\/es\/de\/wp-json\/wp\/v2\/media\/9913"}],"wp:attachment":[{"href":"https:\/\/bergstrominc.com\/es\/de\/wp-json\/wp\/v2\/media?parent=11313"}],"wp:term":[{"taxonomy":"product_brand","embeddable":true,"href":"https:\/\/bergstrominc.com\/es\/de\/wp-json\/wp\/v2\/product_brand?post=11313"},{"taxonomy":"product_cat","embeddable":true,"href":"https:\/\/bergstrominc.com\/es\/de\/wp-json\/wp\/v2\/product_cat?post=11313"},{"taxonomy":"product_tag","embeddable":true,"href":"https:\/\/bergstrominc.com\/es\/de\/wp-json\/wp\/v2\/product_tag?post=11313"}],"curies":[{"name":"wp","href":"https:\/\/api.w.org\/{rel}","templated":true}]}}