{"id":11332,"date":"2024-07-02T17:28:19","date_gmt":"2024-07-02T15:28:19","guid":{"rendered":"https:\/\/dimgrey-goat-433611.hostingersite.com\/es\/producto\/compact-1-4\/"},"modified":"2026-01-29T11:22:47","modified_gmt":"2026-01-29T10:22:47","slug":"compact-1-4","status":"publish","type":"product","link":"https:\/\/bergstrominc.com\/es\/de\/producto\/compact-1-4\/","title":{"rendered":"COMPACT 1.4"},"content":{"rendered":"<p>COMPACT 1.4 ist eine kompakte, leistungsstarke, in sich geschlossene Klimaanlage zur K\u00fchlung der Lkw-Kabine w\u00e4hrend der n\u00e4chtlichen Ruhezeiten des Fahrers, beim Be- und Entladen und bei Stopps. Compact 1.4 funktioniert sowohl mit laufenden als auch mit stehenden Motoren. Da es sich um ein in sich geschlossenes elektrisches System handelt, hilft es Ihnen, den Kraftstoffverbrauch und die CO\u2082-Emissionen in die Atmosph\u00e4re zu reduzieren.<\/p>\n<p>&#8211; Vollst\u00e4ndig elektrisches Ger\u00e4t mit Invertertechnologie.<br \/>\n&#8211; Installation ohne Ber\u00fchrung des Fahrzeugmotors.<br \/>\n&#8211; Einfache Installation ohne Bohren des Kabinendachs in LKWs mit Luke.<br \/>\n&#8211; Manuelle und automatische Funktion.<br \/>\n&#8211; Fernbedienung (RF) und digitales Thermometer (in \u00baC und \u00baF)<br \/>\n&#8211; Doppelter Batterieschutz<br \/>\n&#8211; Kraftstoffeinsparung.<br \/>\n&#8211; 5 L\u00fcftungsgeschwindigkeiten<br \/>\n&#8211; Vorgeladene Systeme<br \/>\n&#8211; Erm\u00f6glicht eine bequeme Erholung in der Fahrzeugkabine, was zu einer erh\u00f6hten Verkehrssicherheit beitr\u00e4gt.<\/p>\n","protected":false},"excerpt":{"rendered":"<p>COMPACT 1.4 ist die perfekte L\u00f6sung f\u00fcr die n\u00e4chtliche Ruhepause in der Lkw-Kabine und kann je nach Modell auch dazu verwendet werden, eine angenehme Umgebung in der Kabine w\u00e4hrend der Be- und Entladevorg\u00e4nge sowie in den obligatorischen Pausen aufrechtzuerhalten.<\/p>\n","protected":false},"featured_media":9973,"comment_status":"open","ping_status":"closed","template":"","meta":{"site-sidebar-layout":"default","site-content-layout":"","ast-site-content-layout":"default","site-content-style":"default","site-sidebar-style":"default","ast-global-header-display":"","ast-banner-title-visibility":"","ast-main-header-display":"","ast-hfb-above-header-display":"","ast-hfb-below-header-display":"","ast-hfb-mobile-header-display":"","site-post-title":"","ast-breadcrumbs-content":"","ast-featured-img":"","footer-sml-layout":"","ast-disable-related-posts":"","theme-transparent-header-meta":"default","adv-header-id-meta":"","stick-header-meta":"","header-above-stick-meta":"","header-main-stick-meta":"","header-below-stick-meta":"","astra-migrate-meta-layouts":"set","ast-page-background-enabled":"default","ast-page-background-meta":{"desktop":{"background-color":"var(--ast-global-color-4)","background-image":"","background-repeat":"repeat","background-position":"center center","background-size":"auto","background-attachment":"scroll","background-type":"","background-media":"","overlay-type":"","overlay-color":"","overlay-opacity":"","overlay-gradient":""},"tablet":{"background-color":"","background-image":"","background-repeat":"repeat","background-position":"center center","background-size":"auto","background-attachment":"scroll","background-type":"","background-media":"","overlay-type":"","overlay-color":"","overlay-opacity":"","overlay-gradient":""},"mobile":{"background-color":"","background-image":"","background-repeat":"repeat","background-position":"center center","background-size":"auto","background-attachment":"scroll","background-type":"","background-media":"","overlay-type":"","overlay-color":"","overlay-opacity":"","overlay-gradient":""}},"ast-content-background-meta":{"desktop":{"background-color":"var(--ast-global-color-5)","background-image":"","background-repeat":"repeat","background-position":"center center","background-size":"auto","background-attachment":"scroll","background-type":"","background-media":"","overlay-type":"","overlay-color":"","overlay-opacity":"","overlay-gradient":""},"tablet":{"background-color":"var(--ast-global-color-5)","background-image":"","background-repeat":"repeat","background-position":"center center","background-size":"auto","background-attachment":"scroll","background-type":"","background-media":"","overlay-type":"","overlay-color":"","overlay-opacity":"","overlay-gradient":""},"mobile":{"background-color":"var(--ast-global-color-5)","background-image":"","background-repeat":"repeat","background-position":"center center","background-size":"auto","background-attachment":"scroll","background-type":"","background-media":"","overlay-type":"","overlay-color":"","overlay-opacity":"","overlay-gradient":""}}},"product_brand":[],"product_cat":[132,124],"product_tag":[126],"class_list":{"0":"post-11332","1":"product","2":"type-product","3":"status-publish","4":"has-post-thumbnail","6":"product_cat-fur-ruhepausen","7":"product_cat-professionell","8":"product_tag-3columnas-de","9":"desktop-align-left","10":"tablet-align-left","11":"mobile-align-left","13":"first","14":"instock","15":"shipping-taxable","16":"product-type-simple"},"_links":{"self":[{"href":"https:\/\/bergstrominc.com\/es\/de\/wp-json\/wp\/v2\/product\/11332","targetHints":{"allow":["GET"]}}],"collection":[{"href":"https:\/\/bergstrominc.com\/es\/de\/wp-json\/wp\/v2\/product"}],"about":[{"href":"https:\/\/bergstrominc.com\/es\/de\/wp-json\/wp\/v2\/types\/product"}],"replies":[{"embeddable":true,"href":"https:\/\/bergstrominc.com\/es\/de\/wp-json\/wp\/v2\/comments?post=11332"}],"version-history":[{"count":4,"href":"https:\/\/bergstrominc.com\/es\/de\/wp-json\/wp\/v2\/product\/11332\/revisions"}],"predecessor-version":[{"id":19233,"href":"https:\/\/bergstrominc.com\/es\/de\/wp-json\/wp\/v2\/product\/11332\/revisions\/19233"}],"wp:featuredmedia":[{"embeddable":true,"href":"https:\/\/bergstrominc.com\/es\/de\/wp-json\/wp\/v2\/media\/9973"}],"wp:attachment":[{"href":"https:\/\/bergstrominc.com\/es\/de\/wp-json\/wp\/v2\/media?parent=11332"}],"wp:term":[{"taxonomy":"product_brand","embeddable":true,"href":"https:\/\/bergstrominc.com\/es\/de\/wp-json\/wp\/v2\/product_brand?post=11332"},{"taxonomy":"product_cat","embeddable":true,"href":"https:\/\/bergstrominc.com\/es\/de\/wp-json\/wp\/v2\/product_cat?post=11332"},{"taxonomy":"product_tag","embeddable":true,"href":"https:\/\/bergstrominc.com\/es\/de\/wp-json\/wp\/v2\/product_tag?post=11332"}],"curies":[{"name":"wp","href":"https:\/\/api.w.org\/{rel}","templated":true}]}}