{"id":15378,"date":"2025-02-07T10:46:49","date_gmt":"2025-02-07T09:46:49","guid":{"rendered":"https:\/\/dimgrey-goat-433611.hostingersite.com\/es\/?post_type=product&#038;p=15378"},"modified":"2025-02-07T10:47:01","modified_gmt":"2025-02-07T09:47:01","slug":"flex-power-ii-copia","status":"publish","type":"product","link":"https:\/\/bergstrominc.com\/es\/de\/producto\/flex-power-ii-copia\/","title":{"rendered":"FLEX POWER II (copia)"},"content":{"rendered":"<p>FLEX POWER II besteht aus drei Hauptteilen: einer Kompressoreinheit, einer Kondensatoreinheit und einer Verdampfereinheit. Durch die Kombination dieser drei Einheiten und die Vervollst\u00e4ndigung mit einem Installationskit kann es flexibel an verschiedenen Standorten je nach den Anforderungen jedes Fahrzeugs konfiguriert werden. Da es mit einem elektrischen Kompressor ausgestattet ist, ben\u00f6tigt FLEX POWER II keine Motorleistung des Fahrzeugs, sondern lediglich eine Verbindung zum elektrischen System.   <\/p>\n<ul>\n<li>Vollst\u00e4ndig elektrisches Ger\u00e4t.<\/li>\n<li>Sehr widerstandsf\u00e4hige Struktur und minimaler Wartungsaufwand.<\/li>\n<li>Installation ohne Ber\u00fchrung des Fahrzeugmotors und geeignet f\u00fcr verschiedene Kabinentypen.<\/li>\n<li>Vollst\u00e4ndige Anpassung an das Fahrzeug durch die modulare Struktur.<\/li>\n<li>3 L\u00fcftergeschwindigkeiten.<\/li>\n<li>Manuelle Regulierung der K\u00fchlleistung.<\/li>\n<\/ul>\n","protected":false},"excerpt":{"rendered":"<p>FLEX POWER II ist ein modulares elektrisches Klimasystem f\u00fcr spezielle Anwendungen, das f\u00fcr den Einsatz in harten und anspruchsvollen Umgebungen ausgelegt ist. Die verschiedenen Installationsvarianten erm\u00f6glichen eine vollst\u00e4ndige Anpassung an das Fahrzeug, in dem es installiert werden soll. <\/p>\n","protected":false},"featured_media":10023,"comment_status":"open","ping_status":"closed","template":"","meta":{"site-sidebar-layout":"default","site-content-layout":"","ast-site-content-layout":"default","site-content-style":"default","site-sidebar-style":"default","ast-global-header-display":"","ast-banner-title-visibility":"","ast-main-header-display":"","ast-hfb-above-header-display":"","ast-hfb-below-header-display":"","ast-hfb-mobile-header-display":"","site-post-title":"","ast-breadcrumbs-content":"","ast-featured-img":"","footer-sml-layout":"","ast-disable-related-posts":"","theme-transparent-header-meta":"default","adv-header-id-meta":"","stick-header-meta":"","header-above-stick-meta":"","header-main-stick-meta":"","header-below-stick-meta":"","astra-migrate-meta-layouts":"set","ast-page-background-enabled":"default","ast-page-background-meta":{"desktop":{"background-color":"var(--ast-global-color-4)","background-image":"","background-repeat":"repeat","background-position":"center center","background-size":"auto","background-attachment":"scroll","background-type":"","background-media":"","overlay-type":"","overlay-color":"","overlay-opacity":"","overlay-gradient":""},"tablet":{"background-color":"","background-image":"","background-repeat":"repeat","background-position":"center center","background-size":"auto","background-attachment":"scroll","background-type":"","background-media":"","overlay-type":"","overlay-color":"","overlay-opacity":"","overlay-gradient":""},"mobile":{"background-color":"","background-image":"","background-repeat":"repeat","background-position":"center center","background-size":"auto","background-attachment":"scroll","background-type":"","background-media":"","overlay-type":"","overlay-color":"","overlay-opacity":"","overlay-gradient":""}},"ast-content-background-meta":{"desktop":{"background-color":"var(--ast-global-color-5)","background-image":"","background-repeat":"repeat","background-position":"center center","background-size":"auto","background-attachment":"scroll","background-type":"","background-media":"","overlay-type":"","overlay-color":"","overlay-opacity":"","overlay-gradient":""},"tablet":{"background-color":"var(--ast-global-color-5)","background-image":"","background-repeat":"repeat","background-position":"center center","background-size":"auto","background-attachment":"scroll","background-type":"","background-media":"","overlay-type":"","overlay-color":"","overlay-opacity":"","overlay-gradient":""},"mobile":{"background-color":"var(--ast-global-color-5)","background-image":"","background-repeat":"repeat","background-position":"center center","background-size":"auto","background-attachment":"scroll","background-type":"","background-media":"","overlay-type":"","overlay-color":"","overlay-opacity":"","overlay-gradient":""}}},"product_brand":[],"product_cat":[138],"product_tag":[],"class_list":{"0":"post-15378","1":"product","2":"type-product","3":"status-publish","4":"has-post-thumbnail","6":"product_cat-sin-categorizar-de","7":"desktop-align-left","8":"tablet-align-left","9":"mobile-align-left","11":"first","12":"instock","13":"shipping-taxable","14":"product-type-simple"},"_links":{"self":[{"href":"https:\/\/bergstrominc.com\/es\/de\/wp-json\/wp\/v2\/product\/15378","targetHints":{"allow":["GET"]}}],"collection":[{"href":"https:\/\/bergstrominc.com\/es\/de\/wp-json\/wp\/v2\/product"}],"about":[{"href":"https:\/\/bergstrominc.com\/es\/de\/wp-json\/wp\/v2\/types\/product"}],"replies":[{"embeddable":true,"href":"https:\/\/bergstrominc.com\/es\/de\/wp-json\/wp\/v2\/comments?post=15378"}],"version-history":[{"count":1,"href":"https:\/\/bergstrominc.com\/es\/de\/wp-json\/wp\/v2\/product\/15378\/revisions"}],"predecessor-version":[{"id":15382,"href":"https:\/\/bergstrominc.com\/es\/de\/wp-json\/wp\/v2\/product\/15378\/revisions\/15382"}],"wp:featuredmedia":[{"embeddable":true,"href":"https:\/\/bergstrominc.com\/es\/de\/wp-json\/wp\/v2\/media\/10023"}],"wp:attachment":[{"href":"https:\/\/bergstrominc.com\/es\/de\/wp-json\/wp\/v2\/media?parent=15378"}],"wp:term":[{"taxonomy":"product_brand","embeddable":true,"href":"https:\/\/bergstrominc.com\/es\/de\/wp-json\/wp\/v2\/product_brand?post=15378"},{"taxonomy":"product_cat","embeddable":true,"href":"https:\/\/bergstrominc.com\/es\/de\/wp-json\/wp\/v2\/product_cat?post=15378"},{"taxonomy":"product_tag","embeddable":true,"href":"https:\/\/bergstrominc.com\/es\/de\/wp-json\/wp\/v2\/product_tag?post=15378"}],"curies":[{"name":"wp","href":"https:\/\/api.w.org\/{rel}","templated":true}]}}