{"id":15183,"date":"2024-03-08T16:45:44","date_gmt":"2024-03-08T15:45:44","guid":{"rendered":"https:\/\/dimgrey-goat-433611.hostingersite.com\/es\/politica-privacidad\/"},"modified":"2025-07-02T12:56:38","modified_gmt":"2025-07-02T10:56:38","slug":"politique-de-confidentialite","status":"publish","type":"page","link":"https:\/\/bergstrominc.com\/es\/fr\/politique-de-confidentialite\/","title":{"rendered":"politique de confidentialit\u00e9"},"content":{"rendered":"\t\t<div data-elementor-type=\"wp-page\" data-elementor-id=\"15183\" class=\"elementor elementor-15183 elementor-3\" data-elementor-post-type=\"page\">\n\t\t\t\t<div class=\"elementor-element elementor-element-bfa02a3 e-flex e-con-boxed e-con e-parent\" data-id=\"bfa02a3\" data-element_type=\"container\" data-e-type=\"container\" data-settings=\"{&quot;background_background&quot;:&quot;classic&quot;,&quot;jet_parallax_layout_list&quot;:[]}\">\n\t\t\t\t\t<div class=\"e-con-inner\">\n\t\t<div class=\"elementor-element elementor-element-8078865 e-con-full e-flex e-con e-child\" data-id=\"8078865\" data-element_type=\"container\" data-e-type=\"container\" data-settings=\"{&quot;jet_parallax_layout_list&quot;:[]}\">\n\t\t\t\t<div class=\"elementor-element elementor-element-9d10754 elementor-widget__width-initial elementor-widget elementor-widget-heading\" data-id=\"9d10754\" data-element_type=\"widget\" data-e-type=\"widget\" data-widget_type=\"heading.default\">\n\t\t\t\t<div class=\"elementor-widget-container\">\n\t\t\t\t\t<h1 class=\"elementor-heading-title elementor-size-default\">politique de confidentialit\u00e9<\/h1>\t\t\t\t<\/div>\n\t\t\t\t<\/div>\n\t\t\t\t<\/div>\n\t\t\t\t\t<\/div>\n\t\t\t\t<\/div>\n\t\t<div class=\"elementor-element elementor-element-20ea8c2 e-flex e-con-boxed e-con e-parent\" data-id=\"20ea8c2\" data-element_type=\"container\" data-e-type=\"container\" data-settings=\"{&quot;background_background&quot;:&quot;classic&quot;,&quot;jet_parallax_layout_list&quot;:[]}\">\n\t\t\t\t\t<div class=\"e-con-inner\">\n\t\t\t\t<div class=\"elementor-element elementor-element-ae512c6 elementor-widget elementor-widget-text-editor\" data-id=\"ae512c6\" data-element_type=\"widget\" data-e-type=\"widget\" data-widget_type=\"text-editor.default\">\n\t\t\t\t<div class=\"elementor-widget-container\">\n\t\t\t\t\t\t\t\t\t<h4><strong>PROTECTION DES DONN\u00c9ES PERSONNELLES SELON LA LOPD <br><\/strong><\/h4><div><span style=\"font-style: inherit; font-weight: inherit; color: var( --e-global-color-text ); text-align: var(--text-align);\"> <\/span><\/div><div><span style=\"font-style: inherit; font-weight: inherit; color: var( --e-global-color-text ); text-align: var(--text-align);\">Dirna Bergstrom, S.L., conform\u00e9ment \u00e0 la r\u00e9glementation en vigueur sur la protection des donn\u00e9es personnelles, vous informe que les donn\u00e9es personnelles collect\u00e9es via les formulaires du site Web : https:\/\/bergstrominc.com\/es, sont incluses dans les fichiers automatis\u00e9s sp\u00e9cifiques des utilisateurs des services de Dirna Bergstrom, S.L.<\/span><\/div><p>La collecte et le traitement automatis\u00e9s des donn\u00e9es personnelles ont pour but de maintenir la relation commerciale et de r\u00e9aliser des activit\u00e9s d&rsquo;information, de formation, de conseil et autres de Dirna Bergstrom, S.L. <br><\/p><p>Ces donn\u00e9es ne seront transf\u00e9r\u00e9es qu&rsquo;aux entit\u00e9s n\u00e9cessaires \u00e0 la seule fin de remplir la finalit\u00e9 indiqu\u00e9e ci-dessus. <br><\/p><p>Dirna Bergstrom, S.L., adopte les mesures n\u00e9cessaires pour garantir la s\u00e9curit\u00e9, l&rsquo;int\u00e9grit\u00e9 et la confidentialit\u00e9 des donn\u00e9es conform\u00e9ment aux dispositions du r\u00e8glement (UE) 2016\/679 du Parlement europ\u00e9en et du Conseil, du 27 avril 2016, relatif \u00e0 la protection des personnes physiques \u00e0 l&rsquo;\u00e9gard du traitement des donn\u00e9es \u00e0 caract\u00e8re personnel et \u00e0 la libre circulation de ces donn\u00e9es. <br><\/p><p>L&rsquo;utilisateur peut exercer \u00e0 tout moment les droits d&rsquo;acc\u00e8s, d&rsquo;opposition, de rectification et de suppression reconnus par le R\u00e8glement (UE) susmentionn\u00e9. Il peut exercer ces droits par courrier \u00e9lectronique \u00e0 : ventas@dirna.bergstrominc.com ou sales@dirna.bergstrominc.com, ou \u00e0 l&rsquo;adresse suivante : Dirna Bergstrom, S.L., Calle Francisco Alonso, 11 A \u2013 28806 \u2013 Alcal\u00e1 de Henares, Madrid, Espagne. <\/p><p>L&rsquo;utilisateur d\u00e9clare que toutes les donn\u00e9es fournies par lui sont vraies et correctes, et s&rsquo;engage \u00e0 les tenir \u00e0 jour, en communiquant toute modification \u00e0 Dirna Bergstrom, S.L.<\/p><h4><b>FINALIT\u00c9 DU TRAITEMENT DES DONN\u00c9ES PERSONNELLES <br><\/b><\/h4><div><span style=\"font-style: inherit; font-weight: inherit; color: var( --e-global-color-text ); text-align: var(--text-align);\"> <\/span><\/div><div><span style=\"font-style: inherit; font-weight: inherit; color: var( --e-global-color-text ); text-align: var(--text-align);\">Dans quel but traiterons-nous vos donn\u00e9es personnelles ?<\/span><\/div><p>Chez Dirna Bergstrom, S.L., nous traiterons vos donn\u00e9es personnelles collect\u00e9es via le site Web : https:\/\/bergstrominc.com\/es, aux fins suivantes :<\/p><p>En cas de souscription aux biens et services propos\u00e9s sur https:\/\/bergstrominc.com\/es, maintenir la relation contractuelle, ainsi que la gestion, l&rsquo;administration, l&rsquo;information, la fourniture et l&rsquo;am\u00e9lioration du service.<br>Envoi des informations demand\u00e9es via les formulaires disponibles sur https:\/\/bergstrominc.com\/es<br>Envoi de newsletters et de communications commerciales concernant les promotions et\/ou la publicit\u00e9 de Dirna Bergstrom, S.L. et du secteur.<br>Nous vous rappelons que vous pouvez vous d\u00e9sinscrire de la r\u00e9ception de communications commerciales par tout moyen et \u00e0 tout moment en envoyant un e-mail \u00e0 l&rsquo;adresse indiqu\u00e9e ci-dessus.<\/p><p>Les champs de ces enregistrements doivent \u00eatre compl\u00e9t\u00e9s et il est impossible d\u2019atteindre les objectifs \u00e9nonc\u00e9s si ces donn\u00e9es ne sont pas fournies.<\/p><p>Combien de temps sont conserv\u00e9es les donn\u00e9es personnelles collect\u00e9es ? <br><br>Los datos personales proporcionados se conservar\u00e1n mientras se mantenga la relaci\u00f3n comercial o no solicites su supresi\u00f3n y durante el plazo por el cu\u00e1l pudieran derivarse responsabilidades legales por los servicios prestados.<\/p><h4><b>L\u00c9GITIMATION: <br><\/b><\/h4><div><b> <\/b><\/div><p>Le traitement de vos donn\u00e9es s&rsquo;effectue sur les bases juridiques suivantes qui le l\u00e9gitiment : <br><\/p><p>La demande d&rsquo;informations et\/ou la souscription des services de Dirna Bergstrom, S.L., dont les termes et conditions seront mis \u00e0 votre disposition dans tous les cas, pr\u00e9alablement \u00e0 toute \u00e9ventuelle souscription. <br><br>El consentimiento libre, espec\u00edfico, informado e inequ\u00edvoco, en tanto que te informamos poniendo a tu disposici\u00f3n la presente pol\u00edtica de privacidad, que, tras la lectura de la misma, en caso de estar conforme, puedes aceptar mediante una declaraci\u00f3n o una clara acci\u00f3n afirmativa, como el marcado de una casilla dispuesta al efecto.<br>Si vous ne nous fournissez pas vos donn\u00e9es ou le faites de mani\u00e8re incorrecte ou incompl\u00e8te, nous ne pourrons pas traiter votre demande, ce qui rendra impossible de vous fournir les informations demand\u00e9es ou de r\u00e9aliser la sous-traitance des services. <br><\/p><h4><b>DESTINATAIRES : <br><\/b><\/h4><div><b> <\/b><\/div><p data-start=\"338\" data-end=\"646\">Les donn\u00e9es ne seront communiqu\u00e9es \u00e0 aucun tiers autre que Dirna Bergstrom, S.L., sauf obligation l\u00e9gale. <br><\/p><p>En tant que sous-traitants de donn\u00e9es, nous avons contract\u00e9 les prestataires de services suivants, qui ont accept\u00e9 de se conformer \u00e0 la r\u00e9glementation applicable en mati\u00e8re de protection des donn\u00e9es au moment de leur contractualisation :<br><a href=\"https:\/\/groubermarketing.com\/\">Grouber Marketing S.L.<\/a> propose des services de marketing direct, ainsi que la maintenance et l&rsquo;h\u00e9bergement de sites web. Vous pouvez consulter la politique de confidentialit\u00e9 et les autres informations l\u00e9gales de l&rsquo;entreprise en cliquant sur le lien suivant : <a href=\"https:\/\/groubermarketing.com\/\">groubermarketing.com\/ <\/a> <\/p><p><b style=\"font-size: 1.3em; font-style: inherit;\">DONN\u00c9ES COLLECT\u00c9ES PAR LES UTILISATEURS DES SERVICES <br><\/b><\/p><div><b> <\/b><\/div><p>Dans les cas o\u00f9 l&rsquo;utilisateur inclut des fichiers contenant des donn\u00e9es personnelles sur les serveurs d&rsquo;h\u00e9bergement partag\u00e9, Dirna Bergstrom, S.L. n&rsquo;est pas responsable du non-respect du RGPD par l&rsquo;utilisateur. <br><\/p><h4><b>CONSERVATION DES DONN\u00c9ES CONFORM\u00c9MENT \u00c0 LA LSSI<\/b><\/h4><div><b> <\/b><\/div><p>Dirna Bergstr\u00f6m, S.L. informe qu&rsquo;en tant que fournisseur de services d&rsquo;h\u00e9bergement de donn\u00e9es et conform\u00e9ment aux dispositions de la loi 34\/2002 du 11 juillet sur les services de la soci\u00e9t\u00e9 de l&rsquo;information et du commerce \u00e9lectronique (LSSI), il conserve pendant une p\u00e9riode maximale de 12 mois les informations essentielles pour identifier l&rsquo;origine des donn\u00e9es h\u00e9berg\u00e9es et le moment o\u00f9 la prestation du service a commenc\u00e9. La conservation de ces donn\u00e9es ne porte pas atteinte \u00e0 la confidentialit\u00e9 des communications et ne pourra \u00eatre utilis\u00e9e que dans le cadre d&rsquo;une enqu\u00eate p\u00e9nale ou pour sauvegarder la s\u00e9curit\u00e9 publique, et pourra \u00eatre mise \u00e0 la disposition des juges et\/ou des tribunaux ou du Minist\u00e8re qui en fera la demande. <br> <\/p><p>La communication des donn\u00e9es aux Forces et Corps de l&rsquo;\u00c9tat sera effectu\u00e9e conform\u00e9ment aux dispositions de la r\u00e9glementation sur la protection des donn\u00e9es personnelles. <br><\/p><h4><b>DROITS DE PROPRI\u00c9T\u00c9 INTELLECTUELLE <br><\/b><\/h4><div><b> <\/b><\/div><p>Dirna Bergstrom, S.L. est propri\u00e9taire de tous les droits d&rsquo;auteur, droits de propri\u00e9t\u00e9 intellectuelle et industrielle, savoir-faire et tout autre droit li\u00e9 au contenu du site Web https:\/\/bergstrominc.com\/es et aux services qui y sont propos\u00e9s, ainsi qu&rsquo;aux programmes n\u00e9cessaires \u00e0 sa mise en \u0153uvre et aux informations connexes.<\/p><p>La reproduction, la publication et\/ou l&rsquo;utilisation du contenu, en tout ou en partie, du site Web https:\/\/bergstrominc.com\/es, \u00e0 des fins autres que strictement priv\u00e9es, sont interdites sans autorisation \u00e9crite pr\u00e9alable.<\/p><h4><b>PROPRI\u00c9T\u00c9 INTELLECTUELLE DU LOGICIEL <br><\/b><\/h4><div><b> <\/b><\/div><p>L&rsquo;utilisateur doit respecter les programmes tiers mis \u00e0 sa disposition par Dirna Bergstrom, S.L., m\u00eame s&rsquo;ils sont gratuits et\/ou accessibles au public. <br><\/p><p>Dirna Bergstr\u00f6m, S.L. dispose des droits de propri\u00e9t\u00e9 intellectuelle et d\u2019exploitation n\u00e9cessaires sur le logiciel. <br><\/p><p>L&rsquo;utilisateur n&rsquo;acquiert aucun droit ni licence sur le service contract\u00e9, sur le logiciel n\u00e9cessaire \u00e0 la fourniture du service, ni sur les informations techniques pour le suivi du service, \u00e0 l&rsquo;exception des droits et licences n\u00e9cessaires \u00e0 l&rsquo;ex\u00e9cution des services contract\u00e9s et uniquement pour la dur\u00e9e de ceux-ci. <br><\/p><p>Pour toute action d\u00e9passant l&rsquo;ex\u00e9cution du contrat, l&rsquo;utilisateur aura besoin d&rsquo;une autorisation \u00e9crite de Dirna Bergstrom, S.L. Il est interdit \u00e0 l&rsquo;utilisateur d&rsquo;acc\u00e9der, de modifier, de visualiser la configuration, la structure et les fichiers des serveurs appartenant \u00e0 Dirna Bergstrom, S.L., assumant la responsabilit\u00e9 civile et p\u00e9nale d\u00e9coulant de tout incident pouvant survenir sur les serveurs et les syst\u00e8mes de s\u00e9curit\u00e9 comme cons\u00e9quence directe d&rsquo;une action n\u00e9gligente ou malveillante de sa part. <br><\/p><h4><b>PROPRI\u00c9T\u00c9 INTELLECTUELLE DES CONTENUS H\u00c9BERG\u00c9S <br><\/b><\/h4><div><b> <\/b><\/div><p>Toute utilisation des services fournis par Dirna Bergstrom, S.L. en violation de la loi sur la propri\u00e9t\u00e9 intellectuelle est interdite. et, en particulier : <br><\/p><p>Toute utilisation contraire aux lois espagnoles ou portant atteinte aux droits de tiers. <br><br>La publication ou la transmission de tout contenu qui, de l&rsquo;avis de Dirna Bergstrom, S.L., est violent, obsc\u00e8ne, abusif, ill\u00e9gal, racial, x\u00e9nophobe ou diffamatoire. <br><br>Cracks, num\u00e9ros de s\u00e9rie de programmes ou tout autre contenu portant atteinte aux droits de propri\u00e9t\u00e9 intellectuelle de tiers. <br><br>La collecte et\/ou l\u2019utilisation de donn\u00e9es personnelles d\u2019autres utilisateurs sans leur consentement expr\u00e8s ou en violation des dispositions du R\u00e8glement (UE) 2016\/679 du Parlement europ\u00e9en et du Conseil du 27 avril 2016 relatif \u00e0 la protection des personnes physiques \u00e0 l\u2019\u00e9gard du traitement des donn\u00e9es \u00e0 caract\u00e8re personnel et \u00e0 la libre circulation de ces donn\u00e9es. <br><br>Utiliser le serveur de messagerie et les adresses e-mail du domaine pour envoyer du spam en masse. <br><br>L&rsquo;utilisateur assume l&rsquo;enti\u00e8re responsabilit\u00e9 du contenu de son site Web, des informations transmises et stock\u00e9es, des liens hypertextes, des r\u00e9clamations de tiers et des actions en justice en r\u00e9f\u00e9rence \u00e0 la propri\u00e9t\u00e9 intellectuelle, aux droits des tiers et \u00e0 la protection des mineurs. <br><\/p><p>L&rsquo;utilisateur est responsable des lois et r\u00e8glements en vigueur et des r\u00e8gles relatives au fonctionnement du service en ligne, au commerce \u00e9lectronique, au droit d&rsquo;auteur, au maintien de l&rsquo;ordre public, ainsi qu&rsquo;aux principes universels d&rsquo;utilisation d&rsquo;Internet. <br><\/p><p>L&rsquo;utilisateur indemnisera Dirna Bergstrom, S.L. pour les d\u00e9penses engag\u00e9es par l&rsquo;imputation de Dirna Bergstrom, S.L. dans tous les cas pour lesquels la responsabilit\u00e9 est imputable \u00e0 l&rsquo;utilisateur, y compris les frais et honoraires d&rsquo;avocat, m\u00eame en cas de d\u00e9cision judiciaire non d\u00e9finitive. <br><\/p><h4><b>PROTECTION DES INFORMATIONS H\u00c9BERG\u00c9ES <br><\/b><\/h4><div><b> <\/b><\/div><p>Dirna Bergstr\u00f6m, S.L. effectue des copies de sauvegarde du contenu h\u00e9berg\u00e9 sur ses serveurs, cependant, il n&rsquo;est pas responsable de la perte ou de la suppression accidentelle de donn\u00e9es par les utilisateurs. De m\u00eame, il ne garantit pas la restauration compl\u00e8te des donn\u00e9es supprim\u00e9es par les utilisateurs, car les donn\u00e9es susmentionn\u00e9es pourraient avoir \u00e9t\u00e9 supprim\u00e9es et\/ou modifi\u00e9es pendant la p\u00e9riode de temps \u00e9coul\u00e9e depuis la derni\u00e8re sauvegarde. <br> <\/p><p>Les services offerts, \u00e0 l&rsquo;exception des services de sauvegarde sp\u00e9cifiques, n&rsquo;incluent pas le remplacement du contenu conserv\u00e9 dans les copies de sauvegarde r\u00e9alis\u00e9es par Dirna Bergstrom, S.L., lorsque cette perte est imputable \u00e0 l&rsquo;utilisateur ; Dans ce cas, un tarif sera d\u00e9termin\u00e9 en fonction de la complexit\u00e9 et du volume de la r\u00e9cup\u00e9ration, toujours sous r\u00e9serve de l&rsquo;acceptation pr\u00e9alable de l&rsquo;utilisateur. <br><\/p><p>Le remplacement des donn\u00e9es supprim\u00e9es n&rsquo;est inclus dans le prix du service que lorsque la perte de contenu est due \u00e0 des causes imputables \u00e0 Dirna Bergstrom, S.L. <br><\/p><h4><b>COMMUNICATIONS COMMERCIALES <br><\/b><\/h4><div><b> <\/b><\/div><p>En application de la LSSI. Dirna Bergstr\u00f6m, S.L. n&rsquo;enverra pas de communications publicitaires ou promotionnelles par courrier \u00e9lectronique ou par tout autre moyen de communication \u00e9lectronique \u00e9quivalent qui n&rsquo;auront pas \u00e9t\u00e9 pr\u00e9alablement demand\u00e9es ou express\u00e9ment autoris\u00e9es par les destinataires de celles-ci. <br> <\/p><p>Dans le cas des utilisateurs avec lesquels il existe une relation contractuelle pr\u00e9alable, Dirna Bergstrom, S.L. Vous \u00eates autoris\u00e9 \u00e0 envoyer des communications commerciales concernant les produits ou services de Dirna Bergstrom, S.L. qui sont similaires \u00e0 ceux initialement contract\u00e9s avec le client. <br><\/p><p>Dans tous les cas, l&rsquo;utilisateur, apr\u00e8s avoir prouv\u00e9 son identit\u00e9, peut demander qu&rsquo;aucune autre information commerciale ne lui soit envoy\u00e9e via les canaux du Service Client. <br><\/p>\t\t\t\t\t\t\t\t<\/div>\n\t\t\t\t<\/div>\n\t\t\t\t<div class=\"elementor-element elementor-element-6869bbc elementor-widget elementor-widget-html\" data-id=\"6869bbc\" data-element_type=\"widget\" data-e-type=\"widget\" data-widget_type=\"html.default\">\n\t\t\t\t<div class=\"elementor-widget-container\">\n\t\t\t\t\tDirna Bergstr\u00f6m, S.L. participe et se conforme \u00e0 toutes les sp\u00e9cifications et politiques du cadre de transparence et de consentement de l'IAB Europe. Nous utilisons la plateforme de gestion du consentement n\u00b0 92. <br> <br><br>\nVous pouvez modifier vos choix \u00e0 tout moment <a href=\"javascript:Sddan.cmp.displayUI()\">en cliquant ici.<\/a> <br>\t\t\t\t<\/div>\n\t\t\t\t<\/div>\n\t\t\t\t\t<\/div>\n\t\t\t\t<\/div>\n\t\t\t\t<\/div>\n\t\t","protected":false},"excerpt":{"rendered":"<p>PROTECTION DES DONN\u00c9ES PERSONNELLES SELON LA LOPD Dirna Bergstrom, S.L., conform\u00e9ment \u00e0 la r\u00e9glementation en vigueur sur la protection des [&hellip;]<\/p>\n","protected":false},"author":2,"featured_media":0,"parent":0,"menu_order":0,"comment_status":"closed","ping_status":"open","template":"elementor_header_footer","meta":{"site-sidebar-layout":"default","site-content-layout":"","ast-site-content-layout":"full-width-container","site-content-style":"default","site-sidebar-style":"default","ast-global-header-display":"","ast-banner-title-visibility":"","ast-main-header-display":"","ast-hfb-above-header-display":"","ast-hfb-below-header-display":"","ast-hfb-mobile-header-display":"","site-post-title":"","ast-breadcrumbs-content":"","ast-featured-img":"","footer-sml-layout":"","ast-disable-related-posts":"","theme-transparent-header-meta":"","adv-header-id-meta":"","stick-header-meta":"","header-above-stick-meta":"","header-main-stick-meta":"","header-below-stick-meta":"","astra-migrate-meta-layouts":"default","ast-page-background-enabled":"default","ast-page-background-meta":{"desktop":{"background-color":"var(--ast-global-color-4)","background-image":"","background-repeat":"repeat","background-position":"center center","background-size":"auto","background-attachment":"scroll","background-type":"","background-media":"","overlay-type":"","overlay-color":"","overlay-opacity":"","overlay-gradient":""},"tablet":{"background-color":"","background-image":"","background-repeat":"repeat","background-position":"center center","background-size":"auto","background-attachment":"scroll","background-type":"","background-media":"","overlay-type":"","overlay-color":"","overlay-opacity":"","overlay-gradient":""},"mobile":{"background-color":"","background-image":"","background-repeat":"repeat","background-position":"center center","background-size":"auto","background-attachment":"scroll","background-type":"","background-media":"","overlay-type":"","overlay-color":"","overlay-opacity":"","overlay-gradient":""}},"ast-content-background-meta":{"desktop":{"background-color":"var(--ast-global-color-5)","background-image":"","background-repeat":"repeat","background-position":"center center","background-size":"auto","background-attachment":"scroll","background-type":"","background-media":"","overlay-type":"","overlay-color":"","overlay-opacity":"","overlay-gradient":""},"tablet":{"background-color":"var(--ast-global-color-5)","background-image":"","background-repeat":"repeat","background-position":"center center","background-size":"auto","background-attachment":"scroll","background-type":"","background-media":"","overlay-type":"","overlay-color":"","overlay-opacity":"","overlay-gradient":""},"mobile":{"background-color":"var(--ast-global-color-5)","background-image":"","background-repeat":"repeat","background-position":"center center","background-size":"auto","background-attachment":"scroll","background-type":"","background-media":"","overlay-type":"","overlay-color":"","overlay-opacity":"","overlay-gradient":""}},"footnotes":""},"class_list":["post-15183","page","type-page","status-publish","hentry"],"_links":{"self":[{"href":"https:\/\/bergstrominc.com\/es\/fr\/wp-json\/wp\/v2\/pages\/15183","targetHints":{"allow":["GET"]}}],"collection":[{"href":"https:\/\/bergstrominc.com\/es\/fr\/wp-json\/wp\/v2\/pages"}],"about":[{"href":"https:\/\/bergstrominc.com\/es\/fr\/wp-json\/wp\/v2\/types\/page"}],"author":[{"embeddable":true,"href":"https:\/\/bergstrominc.com\/es\/fr\/wp-json\/wp\/v2\/users\/2"}],"replies":[{"embeddable":true,"href":"https:\/\/bergstrominc.com\/es\/fr\/wp-json\/wp\/v2\/comments?post=15183"}],"version-history":[{"count":8,"href":"https:\/\/bergstrominc.com\/es\/fr\/wp-json\/wp\/v2\/pages\/15183\/revisions"}],"predecessor-version":[{"id":17911,"href":"https:\/\/bergstrominc.com\/es\/fr\/wp-json\/wp\/v2\/pages\/15183\/revisions\/17911"}],"wp:attachment":[{"href":"https:\/\/bergstrominc.com\/es\/fr\/wp-json\/wp\/v2\/media?parent=15183"}],"curies":[{"name":"wp","href":"https:\/\/api.w.org\/{rel}","templated":true}]}}