{"id":15194,"date":"2024-04-26T09:28:16","date_gmt":"2024-04-26T07:28:16","guid":{"rendered":"https:\/\/dimgrey-goat-433611.hostingersite.com\/es\/politica-de-cookies\/"},"modified":"2025-02-06T08:00:17","modified_gmt":"2025-02-06T07:00:17","slug":"politique-de-cookies","status":"publish","type":"page","link":"https:\/\/bergstrominc.com\/es\/fr\/politique-de-cookies\/","title":{"rendered":"Politique de Cookies"},"content":{"rendered":"\t\t<div data-elementor-type=\"wp-page\" data-elementor-id=\"15194\" class=\"elementor elementor-15194 elementor-2190\" data-elementor-post-type=\"page\">\n\t\t\t\t<div class=\"elementor-element elementor-element-ebc362e e-flex e-con-boxed e-con e-parent\" data-id=\"ebc362e\" data-element_type=\"container\" data-e-type=\"container\" data-settings=\"{&quot;background_background&quot;:&quot;classic&quot;,&quot;jet_parallax_layout_list&quot;:[]}\">\n\t\t\t\t\t<div class=\"e-con-inner\">\n\t\t<div class=\"elementor-element elementor-element-420b327 e-con-full e-flex e-con e-child\" data-id=\"420b327\" data-element_type=\"container\" data-e-type=\"container\" data-settings=\"{&quot;jet_parallax_layout_list&quot;:[]}\">\n\t\t\t\t<div class=\"elementor-element elementor-element-721ea5b elementor-widget__width-initial elementor-widget elementor-widget-heading\" data-id=\"721ea5b\" data-element_type=\"widget\" data-e-type=\"widget\" data-widget_type=\"heading.default\">\n\t\t\t\t<div class=\"elementor-widget-container\">\n\t\t\t\t\t<h1 class=\"elementor-heading-title elementor-size-default\">Politique de Cookies<\/h1>\t\t\t\t<\/div>\n\t\t\t\t<\/div>\n\t\t\t\t<\/div>\n\t\t\t\t\t<\/div>\n\t\t\t\t<\/div>\n\t\t<div class=\"elementor-element elementor-element-9b1ac33 e-flex e-con-boxed e-con e-parent\" data-id=\"9b1ac33\" data-element_type=\"container\" data-e-type=\"container\" data-settings=\"{&quot;background_background&quot;:&quot;classic&quot;,&quot;jet_parallax_layout_list&quot;:[]}\">\n\t\t\t\t\t<div class=\"e-con-inner\">\n\t\t\t\t<div class=\"elementor-element elementor-element-cdd9f04 elementor-widget elementor-widget-text-editor\" data-id=\"cdd9f04\" data-element_type=\"widget\" data-e-type=\"widget\" data-widget_type=\"text-editor.default\">\n\t\t\t\t<div class=\"elementor-widget-container\">\n\t\t\t\t\t\t\t\t\t<p>L&rsquo;acc\u00e8s \u00e0 ce site Web peut impliquer l&rsquo;utilisation de cookies. Les cookies sont de petites quantit\u00e9s d&rsquo;informations qui sont stock\u00e9es dans le navigateur utilis\u00e9 par chaque utilisateur &#8211; sur les diff\u00e9rents appareils qu&rsquo;il peut utiliser pour naviguer &#8211; afin que le serveur se souvienne de certaines informations qui ne seront ensuite lues que par le serveur qui les a impl\u00e9ment\u00e9es. Les cookies rendent la navigation plus facile, plus conviviale et n&rsquo;endommagent pas le terminal de navigation.   <\/p>\n<p>Les cookies sont des proc\u00e9dures automatiques de collecte d&rsquo;informations relatives aux pr\u00e9f\u00e9rences d\u00e9termin\u00e9es par l&rsquo;Utilisateur lors de sa visite sur le Site Web afin de le reconna\u00eetre en tant qu&rsquo;Utilisateur, et de personnaliser son exp\u00e9rience et son utilisation du Site Web, et peuvent \u00e9galement, par exemple, aider \u00e0 identifier et \u00e0 r\u00e9soudre les erreurs. <\/p>\n<p>Les informations collect\u00e9es via les cookies peuvent inclure la date et l&rsquo;heure des visites sur le Site Web, les pages consult\u00e9es, le temps pass\u00e9 sur le Site Web et les sites visit\u00e9s juste avant et juste apr\u00e8s la visite. Cependant, aucun cookie ne permet de contacter le num\u00e9ro de t\u00e9l\u00e9phone de l&rsquo;Utilisateur ou tout autre moyen de contact personnel. Aucun cookie ne peut extraire des informations du disque dur de l&rsquo;Utilisateur ni voler des informations personnelles. La seule fa\u00e7on pour que les informations priv\u00e9es de l&rsquo;utilisateur puissent faire partie du fichier Cookie est si l&rsquo;utilisateur fournit personnellement ces informations au serveur.    <\/p>\n<p>Les cookies qui permettent d\u2019identifier une personne sont consid\u00e9r\u00e9s comme des donn\u00e9es personnelles. Par cons\u00e9quent, la politique de confidentialit\u00e9 d\u00e9crite ci-dessus s\u2019appliquera \u00e0 eux. En ce sens, le consentement de l&rsquo;Utilisateur sera n\u00e9cessaire pour leur utilisation. Ce consentement sera communiqu\u00e9, sur la base d&rsquo;un choix authentique, offert par une d\u00e9cision affirmative et positive, avant le traitement initial, amovible et document\u00e9.    <\/p>\n<div class=\"\">\n<h4>Cookies propres <br \/><\/h4>\n<p>Ce sont des cookies qui sont envoy\u00e9s \u00e0 l&rsquo;ordinateur ou \u00e0 l&rsquo;appareil de l&rsquo;utilisateur et g\u00e9r\u00e9s exclusivement par <span class=\"blanc-space ng-binding\">Dirna Bergstrom<\/span> pour le meilleur fonctionnement du site Web. Les informations collect\u00e9es sont utilis\u00e9es pour am\u00e9liorer la qualit\u00e9 du Site et de son Contenu ainsi que votre exp\u00e9rience en tant qu&rsquo;Utilisateur. Ces cookies permettent \u00e0 l&rsquo;Utilisateur d&rsquo;\u00eatre reconnu comme un visiteur r\u00e9current du Site et d&rsquo;adapter le contenu pour lui proposer un contenu correspondant \u00e0 ses pr\u00e9f\u00e9rences.   <\/p>\n<\/div>\n<div class=\"thirdCookies\">\n<h4>Cookies tiers <br \/><\/h4>\n<p>Il s&rsquo;agit de cookies utilis\u00e9s et g\u00e9r\u00e9s par des entit\u00e9s externes qui fournissent \u00e0 <span class=\"blanc-space ng-binding\">Dirna Bergstrom<\/span> les services demand\u00e9s par cette derni\u00e8re pour am\u00e9liorer le site Web et l&rsquo;exp\u00e9rience de l&rsquo;utilisateur lors de la navigation sur le site Web. Les principales finalit\u00e9s pour lesquelles les cookies tiers sont utilis\u00e9s sont d&rsquo;obtenir des statistiques d&rsquo;acc\u00e8s et d&rsquo;analyser les informations de navigation, c&rsquo;est-\u00e0-dire la mani\u00e8re dont l&rsquo;Utilisateur interagit avec le Site Web. <\/p>\n<p>Les informations obtenues se r\u00e9f\u00e8rent, par exemple, au nombre de pages visit\u00e9es, \u00e0 la langue, \u00e0 la localisation \u00e0 partir de laquelle l&rsquo;adresse IP \u00e0 partir de laquelle l&rsquo;Utilisateur acc\u00e8de, au nombre d&rsquo;Utilisateurs qui acc\u00e8dent, \u00e0 la fr\u00e9quence et \u00e0 la r\u00e9currence des visites, \u00e0 l&rsquo;heure de la visite, au navigateur qu&rsquo;ils utilisent, \u00e0 l&rsquo;op\u00e9rateur ou au type d&rsquo;appareil \u00e0 partir duquel la visite est effectu\u00e9e. Ces informations sont utilis\u00e9es pour am\u00e9liorer le Site et d\u00e9tecter de nouveaux besoins afin d&rsquo;offrir aux Utilisateurs un Contenu et\/ou un service de qualit\u00e9 optimale. Dans tous les cas, les informations sont collect\u00e9es de mani\u00e8re anonyme et les rapports sur les tendances du site Web sont pr\u00e9par\u00e9s sans identifier les utilisateurs individuels.   <\/p>\n<p>Vous pouvez obtenir plus d&rsquo;informations sur les cookies, les informations de confidentialit\u00e9, ou consulter la description du type de cookies utilis\u00e9s, leurs principales caract\u00e9ristiques, leur d\u00e9lai d&rsquo;expiration, etc. aux liens suivants : <\/p>\n<p><span style=\"font-style: inherit; font-weight: inherit; color: var( --e-global-color-text ); text-align: var(--text-align);\">Les entit\u00e9s responsables de la fourniture des cookies peuvent transf\u00e9rer ces informations \u00e0 des tiers, \u00e0 condition que cela soit requis par la loi ou qu&rsquo;un tiers traite ces informations pour le compte de ces entit\u00e9s. <br \/><\/span><\/p>\n<\/div>\n<div class=\"\">\n<h4>Cookies des r\u00e9seaux sociaux <br \/><\/h4>\n<p><span class=\"blanc-space ng-binding\">Dirna Bergstrom<\/span> int\u00e8gre des plugins de r\u00e9seaux sociaux, qui permettent l&rsquo;acc\u00e8s aux r\u00e9seaux sociaux \u00e0 partir du site Web. Pour cette raison, des cookies de r\u00e9seaux sociaux peuvent \u00eatre stock\u00e9s dans le navigateur de l&rsquo;Utilisateur. Les propri\u00e9taires de ces r\u00e9seaux sociaux ont leurs propres politiques de protection des donn\u00e9es et de cookies et sont eux-m\u00eames, dans chaque cas, responsables de leurs propres fichiers et de leurs propres pratiques de confidentialit\u00e9. L&rsquo;Utilisateur devra s&rsquo;y r\u00e9f\u00e9rer pour obtenir des informations sur lesdits cookies et, le cas \u00e9ch\u00e9ant, sur le traitement de ses donn\u00e9es personnelles. A titre informatif uniquement, les liens o\u00f9 ces politiques de confidentialit\u00e9 et\/ou de cookies peuvent \u00eatre consult\u00e9es sont fournis ci-dessous :     <\/p>\n<ul>\n<li>Facebook: <a class=\"text-info\" href=\"https:\/\/www.facebook.com\/policies\/cookies\/\">https:\/\/www.facebook.com\/policies\/cookies\/<\/a><\/li>\n<li>Twitter: <a class=\"text-info\" href=\"https:\/\/twitter.com\/es\/privacy\">https:\/\/twitter.com\/es\/privacy<\/a><\/li>\n<li>Instagram: <a class=\"text-info\" href=\"https:\/\/help.instagram.com\/1896641480634370?ref=ig\">https:\/\/help.instagram.com\/1896641480634370?ref=ig<\/a><\/li>\n<li>YouTube: <a class=\"text-info\" href=\"https:\/\/policies.google.com\/privacy?hl=es-419&amp;gl=mx\">https:\/\/policies.google.com\/privacy?hl=es-419&amp;gl=mx<\/a><\/li>\n<li>Pinterest: <a class=\"text-info\" href=\"https:\/\/policy.pinterest.com\/es\/privacy-policy\">https:\/\/policy.pinterest.com\/es\/privacy-policy<\/a><\/li>\n<li>LinkedIn: <a class=\"text-info\" href=\"https:\/\/www.linkedin.com\/legal\/cookie-policy?trk=hp-cookies\">https:\/\/www.linkedin.com\/legal\/cookie-policy?trk=hp-cookies<\/a><\/li>\n<\/ul>\n<\/div>\n<h4>D\u00e9sactiver, rejeter et supprimer les cookies <br \/><\/h4>\n<p>L\u2019Utilisateur peut d\u00e9sactiver, rejeter et supprimer \u2013 en tout ou en partie \u2013 les cookies install\u00e9s sur son terminal en configurant son navigateur (comprenant, par exemple, Chrome, Firefox, Safari, Explorer). \u00c0 cet \u00e9gard, les proc\u00e9dures de rejet et de suppression des cookies peuvent diff\u00e9rer d\u2019un navigateur Internet \u00e0 l\u2019autre. Par cons\u00e9quent, l\u2019Utilisateur devra suivre les instructions fournies par le navigateur Internet qu\u2019il utilise. Si vous refusez l\u2019utilisation de cookies \u2013 en tout ou en partie \u2013 vous pouvez continuer \u00e0 utiliser le site Web, m\u00eame si votre utilisation de certaines de ses fonctionnalit\u00e9s peut \u00eatre limit\u00e9e.    <\/p>\n\t\t\t\t\t\t\t\t<\/div>\n\t\t\t\t<\/div>\n\t\t\t\t\t<\/div>\n\t\t\t\t<\/div>\n\t\t\t\t<\/div>\n\t\t","protected":false},"excerpt":{"rendered":"<p>L&rsquo;acc\u00e8s \u00e0 ce site Web peut impliquer l&rsquo;utilisation de cookies. Les cookies sont de petites quantit\u00e9s d&rsquo;informations qui sont stock\u00e9es [&hellip;]<\/p>\n","protected":false},"author":12,"featured_media":0,"parent":0,"menu_order":0,"comment_status":"closed","ping_status":"closed","template":"","meta":{"site-sidebar-layout":"no-sidebar","site-content-layout":"","ast-site-content-layout":"full-width-container","site-content-style":"default","site-sidebar-style":"default","ast-global-header-display":"","ast-banner-title-visibility":"","ast-main-header-display":"","ast-hfb-above-header-display":"","ast-hfb-below-header-display":"","ast-hfb-mobile-header-display":"","site-post-title":"disabled","ast-breadcrumbs-content":"","ast-featured-img":"disabled","footer-sml-layout":"","ast-disable-related-posts":"","theme-transparent-header-meta":"","adv-header-id-meta":"","stick-header-meta":"","header-above-stick-meta":"","header-main-stick-meta":"","header-below-stick-meta":"","astra-migrate-meta-layouts":"default","ast-page-background-enabled":"default","ast-page-background-meta":{"desktop":{"background-color":"var(--ast-global-color-4)","background-image":"","background-repeat":"repeat","background-position":"center center","background-size":"auto","background-attachment":"scroll","background-type":"","background-media":"","overlay-type":"","overlay-color":"","overlay-opacity":"","overlay-gradient":""},"tablet":{"background-color":"","background-image":"","background-repeat":"repeat","background-position":"center center","background-size":"auto","background-attachment":"scroll","background-type":"","background-media":"","overlay-type":"","overlay-color":"","overlay-opacity":"","overlay-gradient":""},"mobile":{"background-color":"","background-image":"","background-repeat":"repeat","background-position":"center center","background-size":"auto","background-attachment":"scroll","background-type":"","background-media":"","overlay-type":"","overlay-color":"","overlay-opacity":"","overlay-gradient":""}},"ast-content-background-meta":{"desktop":{"background-color":"var(--ast-global-color-5)","background-image":"","background-repeat":"repeat","background-position":"center center","background-size":"auto","background-attachment":"scroll","background-type":"","background-media":"","overlay-type":"","overlay-color":"","overlay-opacity":"","overlay-gradient":""},"tablet":{"background-color":"var(--ast-global-color-5)","background-image":"","background-repeat":"repeat","background-position":"center center","background-size":"auto","background-attachment":"scroll","background-type":"","background-media":"","overlay-type":"","overlay-color":"","overlay-opacity":"","overlay-gradient":""},"mobile":{"background-color":"var(--ast-global-color-5)","background-image":"","background-repeat":"repeat","background-position":"center center","background-size":"auto","background-attachment":"scroll","background-type":"","background-media":"","overlay-type":"","overlay-color":"","overlay-opacity":"","overlay-gradient":""}},"footnotes":""},"class_list":["post-15194","page","type-page","status-publish","hentry"],"_links":{"self":[{"href":"https:\/\/bergstrominc.com\/es\/fr\/wp-json\/wp\/v2\/pages\/15194","targetHints":{"allow":["GET"]}}],"collection":[{"href":"https:\/\/bergstrominc.com\/es\/fr\/wp-json\/wp\/v2\/pages"}],"about":[{"href":"https:\/\/bergstrominc.com\/es\/fr\/wp-json\/wp\/v2\/types\/page"}],"author":[{"embeddable":true,"href":"https:\/\/bergstrominc.com\/es\/fr\/wp-json\/wp\/v2\/users\/12"}],"replies":[{"embeddable":true,"href":"https:\/\/bergstrominc.com\/es\/fr\/wp-json\/wp\/v2\/comments?post=15194"}],"version-history":[{"count":2,"href":"https:\/\/bergstrominc.com\/es\/fr\/wp-json\/wp\/v2\/pages\/15194\/revisions"}],"predecessor-version":[{"id":15196,"href":"https:\/\/bergstrominc.com\/es\/fr\/wp-json\/wp\/v2\/pages\/15194\/revisions\/15196"}],"wp:attachment":[{"href":"https:\/\/bergstrominc.com\/es\/fr\/wp-json\/wp\/v2\/media?parent=15194"}],"curies":[{"name":"wp","href":"https:\/\/api.w.org\/{rel}","templated":true}]}}