{"id":11131,"date":"2024-07-02T16:40:58","date_gmt":"2024-07-02T14:40:58","guid":{"rendered":"https:\/\/dimgrey-goat-433611.hostingersite.com\/es\/producto\/t5\/"},"modified":"2026-04-20T11:25:37","modified_gmt":"2026-04-20T09:25:37","slug":"t5","status":"publish","type":"product","link":"https:\/\/bergstrominc.com\/es\/fr\/producto\/t5\/","title":{"rendered":"T5"},"content":{"rendered":"<p>Le T5 compact est un climatiseur \u00e9vaporateur-condenseur avec 5 vitesses de ventilation et un thermostat r\u00e9glable, adapt\u00e9 aux cabines de petite et moyenne taille de tous types de v\u00e9hicules. L&rsquo;installation du T5 compact doit \u00eatre compl\u00e9t\u00e9e par un compresseur adapt\u00e9 \u00e0 la motorisation du v\u00e9hicule (non inclus dans le compact de toit).<\/p>\n<ul>\n<li>Fonctionnement manuel.<\/li>\n<li>Faible entretien.<\/li>\n<li>Montage facile.<\/li>\n<li>Structure tr\u00e8s r\u00e9sistante.<\/li>\n<li>Faible entretien.<\/li>\n<li>Fonctionnement manuel.<\/li>\n<li>Faible entretien.<\/li>\n<li>Montage sur le toit de la cabine<\/li>\n<\/ul>\n<p>Nous offrons la possibilit\u00e9 de compl\u00e9ter le compact T5 avec un kit d&rsquo;installation standard compos\u00e9 de:<\/p>\n<ul>\n<li>Compresseur \u00e0 double canal avec courroie trap\u00e9zo\u00efdale (5H14 2A).<\/li>\n<li>Ensemble de tuyaux de 6 m\u00e8tres avec raccords standard.<\/li>\n<li>Faisceau de c\u00e2blage.<\/li>\n<li>Bidon d&rsquo;huile.<\/li>\n<li>Support de compresseur NON INCLUS.<\/li>\n<\/ul>\n","protected":false},"excerpt":{"rendered":"<p>T5 est une unit\u00e9 de climatisation \u00e9vaporateur-condenseur avec 3 vitesses de ventilation et un thermostat r\u00e9glable.<\/p>\n","protected":false},"featured_media":11133,"comment_status":"open","ping_status":"closed","template":"","meta":{"site-sidebar-layout":"default","site-content-layout":"","ast-site-content-layout":"default","site-content-style":"default","site-sidebar-style":"default","ast-global-header-display":"","ast-banner-title-visibility":"","ast-main-header-display":"","ast-hfb-above-header-display":"","ast-hfb-below-header-display":"","ast-hfb-mobile-header-display":"","site-post-title":"","ast-breadcrumbs-content":"","ast-featured-img":"","footer-sml-layout":"","ast-disable-related-posts":"","theme-transparent-header-meta":"default","adv-header-id-meta":"","stick-header-meta":"","header-above-stick-meta":"","header-main-stick-meta":"","header-below-stick-meta":"","astra-migrate-meta-layouts":"set","ast-page-background-enabled":"default","ast-page-background-meta":{"desktop":{"background-color":"var(--ast-global-color-4)","background-image":"","background-repeat":"repeat","background-position":"center center","background-size":"auto","background-attachment":"scroll","background-type":"","background-media":"","overlay-type":"","overlay-color":"","overlay-opacity":"","overlay-gradient":""},"tablet":{"background-color":"","background-image":"","background-repeat":"repeat","background-position":"center center","background-size":"auto","background-attachment":"scroll","background-type":"","background-media":"","overlay-type":"","overlay-color":"","overlay-opacity":"","overlay-gradient":""},"mobile":{"background-color":"","background-image":"","background-repeat":"repeat","background-position":"center center","background-size":"auto","background-attachment":"scroll","background-type":"","background-media":"","overlay-type":"","overlay-color":"","overlay-opacity":"","overlay-gradient":""}},"ast-content-background-meta":{"desktop":{"background-color":"var(--ast-global-color-5)","background-image":"","background-repeat":"repeat","background-position":"center center","background-size":"auto","background-attachment":"scroll","background-type":"","background-media":"","overlay-type":"","overlay-color":"","overlay-opacity":"","overlay-gradient":""},"tablet":{"background-color":"var(--ast-global-color-5)","background-image":"","background-repeat":"repeat","background-position":"center center","background-size":"auto","background-attachment":"scroll","background-type":"","background-media":"","overlay-type":"","overlay-color":"","overlay-opacity":"","overlay-gradient":""},"mobile":{"background-color":"var(--ast-global-color-5)","background-image":"","background-repeat":"repeat","background-position":"center center","background-size":"auto","background-attachment":"scroll","background-type":"","background-media":"","overlay-type":"","overlay-color":"","overlay-opacity":"","overlay-gradient":""}}},"product_brand":[],"product_cat":[121,120],"product_tag":[122],"class_list":{"0":"post-11131","1":"product","2":"type-product","3":"status-publish","4":"has-post-thumbnail","6":"product_cat-pour-travailler","7":"product_cat-professionnel","8":"product_tag-3columnas-fr","9":"desktop-align-left","10":"tablet-align-left","11":"mobile-align-left","13":"first","14":"instock","15":"shipping-taxable","16":"product-type-simple"},"_links":{"self":[{"href":"https:\/\/bergstrominc.com\/es\/fr\/wp-json\/wp\/v2\/product\/11131","targetHints":{"allow":["GET"]}}],"collection":[{"href":"https:\/\/bergstrominc.com\/es\/fr\/wp-json\/wp\/v2\/product"}],"about":[{"href":"https:\/\/bergstrominc.com\/es\/fr\/wp-json\/wp\/v2\/types\/product"}],"replies":[{"embeddable":true,"href":"https:\/\/bergstrominc.com\/es\/fr\/wp-json\/wp\/v2\/comments?post=11131"}],"version-history":[{"count":8,"href":"https:\/\/bergstrominc.com\/es\/fr\/wp-json\/wp\/v2\/product\/11131\/revisions"}],"predecessor-version":[{"id":20089,"href":"https:\/\/bergstrominc.com\/es\/fr\/wp-json\/wp\/v2\/product\/11131\/revisions\/20089"}],"wp:featuredmedia":[{"embeddable":true,"href":"https:\/\/bergstrominc.com\/es\/fr\/wp-json\/wp\/v2\/media\/11133"}],"wp:attachment":[{"href":"https:\/\/bergstrominc.com\/es\/fr\/wp-json\/wp\/v2\/media?parent=11131"}],"wp:term":[{"taxonomy":"product_brand","embeddable":true,"href":"https:\/\/bergstrominc.com\/es\/fr\/wp-json\/wp\/v2\/product_brand?post=11131"},{"taxonomy":"product_cat","embeddable":true,"href":"https:\/\/bergstrominc.com\/es\/fr\/wp-json\/wp\/v2\/product_cat?post=11131"},{"taxonomy":"product_tag","embeddable":true,"href":"https:\/\/bergstrominc.com\/es\/fr\/wp-json\/wp\/v2\/product_tag?post=11131"}],"curies":[{"name":"wp","href":"https:\/\/api.w.org\/{rel}","templated":true}]}}