{"id":11161,"date":"2024-06-19T06:28:54","date_gmt":"2024-06-19T04:28:54","guid":{"rendered":"https:\/\/dimgrey-goat-433611.hostingersite.com\/es\/producto\/integral-power-ii\/"},"modified":"2026-01-29T10:12:27","modified_gmt":"2026-01-29T09:12:27","slug":"integral-power-ii","status":"publish","type":"product","link":"https:\/\/bergstrominc.com\/es\/fr\/producto\/integral-power-ii\/","title":{"rendered":"INTEGRAL POWER II"},"content":{"rendered":"<p>Integral Power II est mont\u00e9 sur le toit de la cabine et constitue la solution id\u00e9ale lorsque le v\u00e9hicule n&rsquo;est pas \u00e9quip\u00e9 de climatisation d&rsquo;usine, lorsqu&rsquo;un syst\u00e8me de climatisation suppl\u00e9mentaire est requis ou dans les situations o\u00f9 un syst\u00e8me de climatisation suppl\u00e9mentaire est n\u00e9cessaire.<\/p>\n<p>Les principales applications sont les v\u00e9hicules tout-terrain tels que les excavatrices, les camions \u00e0 benne basculante, les grues, les bulldozers, les machines agricoles et les chariots \u00e9l\u00e9vateurs. Son utilisation est \u00e9galement r\u00e9pandue dans les camions de collecte des d\u00e9chets urbains.<\/p>\n<ul>\n<li>T\u00e9l\u00e9commande par radiofr\u00e9quence (RF) et thermom\u00e8tre num\u00e9rique (<sup>0<\/sup>\u00b0C ou <sup>0<\/sup>\u00b0F).<\/li>\n<li>\u00c9quipement enti\u00e8rement \u00e9lectrique dot\u00e9 de la technologie inverter.<\/li>\n<li>Structure tr\u00e8s r\u00e9sistante et entretien minimal.<\/li>\n<li>Installation facile sur le toit de la cabine sans toucher au moteur du v\u00e9hicule.<\/li>\n<li>Adaptation parfaite : convient \u00e0 diff\u00e9rents types de cabines, avec ou sans lucarne.<\/li>\n<li>Comprend un gabarit de d\u00e9coupe pour les v\u00e9hicules ne disposant pas de lucarne.<\/li>\n<li>Disponibilit\u00e9 de consoles sp\u00e9cifiques pour certains mod\u00e8les (consulter).<\/li>\n<\/ul>\n","protected":false},"excerpt":{"rendered":"<p>Integral Power II est un climatiseur \u00e9lectrique de toit, autonome et aliment\u00e9 directement par la batterie du v\u00e9hicule, con\u00e7u pour fonctionner dans les environnements les plus durs et exigeants.<\/p>\n","protected":false},"featured_media":11170,"comment_status":"open","ping_status":"closed","template":"","meta":{"site-sidebar-layout":"default","site-content-layout":"","ast-site-content-layout":"default","site-content-style":"default","site-sidebar-style":"default","ast-global-header-display":"","ast-banner-title-visibility":"","ast-main-header-display":"","ast-hfb-above-header-display":"","ast-hfb-below-header-display":"","ast-hfb-mobile-header-display":"","site-post-title":"","ast-breadcrumbs-content":"","ast-featured-img":"","footer-sml-layout":"","ast-disable-related-posts":"","theme-transparent-header-meta":"default","adv-header-id-meta":"","stick-header-meta":"","header-above-stick-meta":"","header-main-stick-meta":"","header-below-stick-meta":"","astra-migrate-meta-layouts":"set","ast-page-background-enabled":"default","ast-page-background-meta":{"desktop":{"background-color":"var(--ast-global-color-4)","background-image":"","background-repeat":"repeat","background-position":"center center","background-size":"auto","background-attachment":"scroll","background-type":"","background-media":"","overlay-type":"","overlay-color":"","overlay-opacity":"","overlay-gradient":""},"tablet":{"background-color":"","background-image":"","background-repeat":"repeat","background-position":"center center","background-size":"auto","background-attachment":"scroll","background-type":"","background-media":"","overlay-type":"","overlay-color":"","overlay-opacity":"","overlay-gradient":""},"mobile":{"background-color":"","background-image":"","background-repeat":"repeat","background-position":"center center","background-size":"auto","background-attachment":"scroll","background-type":"","background-media":"","overlay-type":"","overlay-color":"","overlay-opacity":"","overlay-gradient":""}},"ast-content-background-meta":{"desktop":{"background-color":"var(--ast-global-color-5)","background-image":"","background-repeat":"repeat","background-position":"center center","background-size":"auto","background-attachment":"scroll","background-type":"","background-media":"","overlay-type":"","overlay-color":"","overlay-opacity":"","overlay-gradient":""},"tablet":{"background-color":"var(--ast-global-color-5)","background-image":"","background-repeat":"repeat","background-position":"center center","background-size":"auto","background-attachment":"scroll","background-type":"","background-media":"","overlay-type":"","overlay-color":"","overlay-opacity":"","overlay-gradient":""},"mobile":{"background-color":"var(--ast-global-color-5)","background-image":"","background-repeat":"repeat","background-position":"center center","background-size":"auto","background-attachment":"scroll","background-type":"","background-media":"","overlay-type":"","overlay-color":"","overlay-opacity":"","overlay-gradient":""}}},"product_brand":[],"product_cat":[121,120],"product_tag":[122],"class_list":{"0":"post-11161","1":"product","2":"type-product","3":"status-publish","4":"has-post-thumbnail","6":"product_cat-pour-travailler","7":"product_cat-professionnel","8":"product_tag-3columnas-fr","9":"desktop-align-left","10":"tablet-align-left","11":"mobile-align-left","13":"first","14":"instock","15":"shipping-taxable","16":"product-type-simple"},"_links":{"self":[{"href":"https:\/\/bergstrominc.com\/es\/fr\/wp-json\/wp\/v2\/product\/11161","targetHints":{"allow":["GET"]}}],"collection":[{"href":"https:\/\/bergstrominc.com\/es\/fr\/wp-json\/wp\/v2\/product"}],"about":[{"href":"https:\/\/bergstrominc.com\/es\/fr\/wp-json\/wp\/v2\/types\/product"}],"replies":[{"embeddable":true,"href":"https:\/\/bergstrominc.com\/es\/fr\/wp-json\/wp\/v2\/comments?post=11161"}],"version-history":[{"count":6,"href":"https:\/\/bergstrominc.com\/es\/fr\/wp-json\/wp\/v2\/product\/11161\/revisions"}],"predecessor-version":[{"id":19319,"href":"https:\/\/bergstrominc.com\/es\/fr\/wp-json\/wp\/v2\/product\/11161\/revisions\/19319"}],"wp:featuredmedia":[{"embeddable":true,"href":"https:\/\/bergstrominc.com\/es\/fr\/wp-json\/wp\/v2\/media\/11170"}],"wp:attachment":[{"href":"https:\/\/bergstrominc.com\/es\/fr\/wp-json\/wp\/v2\/media?parent=11161"}],"wp:term":[{"taxonomy":"product_brand","embeddable":true,"href":"https:\/\/bergstrominc.com\/es\/fr\/wp-json\/wp\/v2\/product_brand?post=11161"},{"taxonomy":"product_cat","embeddable":true,"href":"https:\/\/bergstrominc.com\/es\/fr\/wp-json\/wp\/v2\/product_cat?post=11161"},{"taxonomy":"product_tag","embeddable":true,"href":"https:\/\/bergstrominc.com\/es\/fr\/wp-json\/wp\/v2\/product_tag?post=11161"}],"curies":[{"name":"wp","href":"https:\/\/api.w.org\/{rel}","templated":true}]}}