{"id":11193,"date":"2024-07-03T10:27:38","date_gmt":"2024-07-03T08:27:38","guid":{"rendered":"https:\/\/dimgrey-goat-433611.hostingersite.com\/es\/producto\/dual-power-ii\/"},"modified":"2026-03-02T14:24:56","modified_gmt":"2026-03-02T13:24:56","slug":"dual-power-ii","status":"publish","type":"product","link":"https:\/\/bergstrominc.com\/es\/fr\/producto\/dual-power-ii\/","title":{"rendered":"DUAL POWER II"},"content":{"rendered":"<p>DUAL POWER II est\u00e1 compuesto por dos partes principales: una unidad condensadora con compresor el\u00e9ctrico y una unidad evaporadora. Combinando las distintas unidades entre s\u00ed y completando con kits de instalaci\u00f3n, se podr\u00e1 colocar de forma flexible en m\u00faltiples ubicaciones. <\/p>\n<p>Como el compresor es el\u00e9ctrico, no se necesita la potencia del motor, sino tan solo de una conexi\u00f3n al sistema el\u00e9ctrico del veh\u00edculo.<\/p>\n<p>Las diferentes opciones de instalaci\u00f3n de DUAL POWER II permiten disponer de toda una gama de soluciones para veh\u00edculos off-road tales como excavadoras, gr\u00faas, niveladoras o maquinaria agr\u00edcola. Son equipos de aire acondicionado ideales para trabajar confortablemente. <\/p>\n<ul>\n<li>\u00c9quipement enti\u00e8rement \u00e9lectrique<\/li>\n<li>Structure tr\u00e8s r\u00e9sistante et entretien minimal.<\/li>\n<li>Installation sans toucher au moteur du v\u00e9hicule et adapt\u00e9e \u00e0 diff\u00e9rents types de cabines.<\/li>\n<li>Adaptation totale au v\u00e9hicule gr\u00e2ce \u00e0 sa structure modulaire.<\/li>\n<li>3 vitesses de ventilation<\/li>\n<li>R\u00e9gulation manuelle de la puissance frigorifique.<\/li>\n<\/ul>\n","protected":false},"excerpt":{"rendered":"<p>DUAL POWER II est un syst\u00e8me de climatisation \u00e9lectrique bi-modulaire id\u00e9al pour les cabines de v\u00e9hicules sp\u00e9cialis\u00e9s con\u00e7us pour fonctionner dans des environnements difficiles et exigeants.<\/p>\n<p>Ses diff\u00e9rentes options d&rsquo;installation permettent une personnalisation compl\u00e8te du v\u00e9hicule.<\/p>\n","protected":false},"featured_media":11208,"comment_status":"open","ping_status":"closed","template":"","meta":{"site-sidebar-layout":"default","site-content-layout":"","ast-site-content-layout":"default","site-content-style":"default","site-sidebar-style":"default","ast-global-header-display":"","ast-banner-title-visibility":"","ast-main-header-display":"","ast-hfb-above-header-display":"","ast-hfb-below-header-display":"","ast-hfb-mobile-header-display":"","site-post-title":"","ast-breadcrumbs-content":"","ast-featured-img":"","footer-sml-layout":"","ast-disable-related-posts":"","theme-transparent-header-meta":"default","adv-header-id-meta":"","stick-header-meta":"","header-above-stick-meta":"","header-main-stick-meta":"","header-below-stick-meta":"","astra-migrate-meta-layouts":"set","ast-page-background-enabled":"default","ast-page-background-meta":{"desktop":{"background-color":"var(--ast-global-color-4)","background-image":"","background-repeat":"repeat","background-position":"center center","background-size":"auto","background-attachment":"scroll","background-type":"","background-media":"","overlay-type":"","overlay-color":"","overlay-opacity":"","overlay-gradient":""},"tablet":{"background-color":"","background-image":"","background-repeat":"repeat","background-position":"center center","background-size":"auto","background-attachment":"scroll","background-type":"","background-media":"","overlay-type":"","overlay-color":"","overlay-opacity":"","overlay-gradient":""},"mobile":{"background-color":"","background-image":"","background-repeat":"repeat","background-position":"center center","background-size":"auto","background-attachment":"scroll","background-type":"","background-media":"","overlay-type":"","overlay-color":"","overlay-opacity":"","overlay-gradient":""}},"ast-content-background-meta":{"desktop":{"background-color":"var(--ast-global-color-5)","background-image":"","background-repeat":"repeat","background-position":"center center","background-size":"auto","background-attachment":"scroll","background-type":"","background-media":"","overlay-type":"","overlay-color":"","overlay-opacity":"","overlay-gradient":""},"tablet":{"background-color":"var(--ast-global-color-5)","background-image":"","background-repeat":"repeat","background-position":"center center","background-size":"auto","background-attachment":"scroll","background-type":"","background-media":"","overlay-type":"","overlay-color":"","overlay-opacity":"","overlay-gradient":""},"mobile":{"background-color":"var(--ast-global-color-5)","background-image":"","background-repeat":"repeat","background-position":"center center","background-size":"auto","background-attachment":"scroll","background-type":"","background-media":"","overlay-type":"","overlay-color":"","overlay-opacity":"","overlay-gradient":""}}},"product_brand":[],"product_cat":[121,120],"product_tag":[122],"class_list":{"0":"post-11193","1":"product","2":"type-product","3":"status-publish","4":"has-post-thumbnail","6":"product_cat-pour-travailler","7":"product_cat-professionnel","8":"product_tag-3columnas-fr","9":"desktop-align-left","10":"tablet-align-left","11":"mobile-align-left","13":"first","14":"instock","15":"shipping-taxable","16":"product-type-simple"},"_links":{"self":[{"href":"https:\/\/bergstrominc.com\/es\/fr\/wp-json\/wp\/v2\/product\/11193","targetHints":{"allow":["GET"]}}],"collection":[{"href":"https:\/\/bergstrominc.com\/es\/fr\/wp-json\/wp\/v2\/product"}],"about":[{"href":"https:\/\/bergstrominc.com\/es\/fr\/wp-json\/wp\/v2\/types\/product"}],"replies":[{"embeddable":true,"href":"https:\/\/bergstrominc.com\/es\/fr\/wp-json\/wp\/v2\/comments?post=11193"}],"version-history":[{"count":11,"href":"https:\/\/bergstrominc.com\/es\/fr\/wp-json\/wp\/v2\/product\/11193\/revisions"}],"predecessor-version":[{"id":19769,"href":"https:\/\/bergstrominc.com\/es\/fr\/wp-json\/wp\/v2\/product\/11193\/revisions\/19769"}],"wp:featuredmedia":[{"embeddable":true,"href":"https:\/\/bergstrominc.com\/es\/fr\/wp-json\/wp\/v2\/media\/11208"}],"wp:attachment":[{"href":"https:\/\/bergstrominc.com\/es\/fr\/wp-json\/wp\/v2\/media?parent=11193"}],"wp:term":[{"taxonomy":"product_brand","embeddable":true,"href":"https:\/\/bergstrominc.com\/es\/fr\/wp-json\/wp\/v2\/product_brand?post=11193"},{"taxonomy":"product_cat","embeddable":true,"href":"https:\/\/bergstrominc.com\/es\/fr\/wp-json\/wp\/v2\/product_cat?post=11193"},{"taxonomy":"product_tag","embeddable":true,"href":"https:\/\/bergstrominc.com\/es\/fr\/wp-json\/wp\/v2\/product_tag?post=11193"}],"curies":[{"name":"wp","href":"https:\/\/api.w.org\/{rel}","templated":true}]}}