{"id":11229,"date":"2024-07-03T14:06:27","date_gmt":"2024-07-03T12:06:27","guid":{"rendered":"https:\/\/dimgrey-goat-433611.hostingersite.com\/es\/producto\/flex-power-ii\/"},"modified":"2025-06-17T08:32:08","modified_gmt":"2025-06-17T06:32:08","slug":"flex-power-ii","status":"publish","type":"product","link":"https:\/\/bergstrominc.com\/es\/fr\/producto\/flex-power-ii\/","title":{"rendered":"FLEX POWER II<br><span style=\"color: orange;\">ARR\u00caT\u00c9<\/span>"},"content":{"rendered":"<p>FLEX POWER II est compos\u00e9 de trois parties principales : une unit\u00e9 de compresseur, une unit\u00e9 de condenseur et une unit\u00e9 d&rsquo;\u00e9vaporateur. En combinant ces trois unit\u00e9s et en compl\u00e9tant le kit d&rsquo;installation, elles peuvent \u00eatre configur\u00e9es de mani\u00e8re flexible dans plusieurs endroits en fonction des besoins de chaque v\u00e9hicule. <\/p>\n<p>Con\u00e7u avec un compresseur \u00e9lectrique, FLEX POWER II ne n\u00e9cessite pas la puissance du moteur du v\u00e9hicule, mais uniquement une connexion au syst\u00e8me \u00e9lectrique.<\/p>\n<ul>\n<li>\u00c9quipement enti\u00e8rement \u00e9lectrique.<\/li>\n<li>Structure tr\u00e8s r\u00e9sistante et entretien minimal.<\/li>\n<li>Installation sans toucher au moteur du v\u00e9hicule et adapt\u00e9e \u00e0 diff\u00e9rents types de cabines.<\/li>\n<li>Adaptation totale au v\u00e9hicule gr\u00e2ce \u00e0 sa structure modulaire.<\/li>\n<li>3 vitesses de ventilation.<\/li>\n<li>R\u00e9gulation manuelle de la puissance frigorifique.<\/li>\n<\/ul>\n","protected":false},"excerpt":{"rendered":"<p>FLEX POWER II est un syst\u00e8me de climatisation \u00e9lectrique modulaire pour applications sp\u00e9ciales, capable de fonctionner dans des environnements difficiles et exigeants.<\/p>\n<p>Ses diff\u00e9rentes variantes d&rsquo;installation permettent une adaptation compl\u00e8te au v\u00e9hicule dans lequel il sera install\u00e9.<\/p>\n","protected":false},"featured_media":11234,"comment_status":"open","ping_status":"closed","template":"","meta":{"site-sidebar-layout":"default","site-content-layout":"","ast-site-content-layout":"default","site-content-style":"default","site-sidebar-style":"default","ast-global-header-display":"","ast-banner-title-visibility":"","ast-main-header-display":"","ast-hfb-above-header-display":"","ast-hfb-below-header-display":"","ast-hfb-mobile-header-display":"","site-post-title":"","ast-breadcrumbs-content":"","ast-featured-img":"","footer-sml-layout":"","ast-disable-related-posts":"","theme-transparent-header-meta":"default","adv-header-id-meta":"","stick-header-meta":"","header-above-stick-meta":"","header-main-stick-meta":"","header-below-stick-meta":"","astra-migrate-meta-layouts":"set","ast-page-background-enabled":"default","ast-page-background-meta":{"desktop":{"background-color":"var(--ast-global-color-4)","background-image":"","background-repeat":"repeat","background-position":"center center","background-size":"auto","background-attachment":"scroll","background-type":"","background-media":"","overlay-type":"","overlay-color":"","overlay-opacity":"","overlay-gradient":""},"tablet":{"background-color":"","background-image":"","background-repeat":"repeat","background-position":"center center","background-size":"auto","background-attachment":"scroll","background-type":"","background-media":"","overlay-type":"","overlay-color":"","overlay-opacity":"","overlay-gradient":""},"mobile":{"background-color":"","background-image":"","background-repeat":"repeat","background-position":"center center","background-size":"auto","background-attachment":"scroll","background-type":"","background-media":"","overlay-type":"","overlay-color":"","overlay-opacity":"","overlay-gradient":""}},"ast-content-background-meta":{"desktop":{"background-color":"var(--ast-global-color-5)","background-image":"","background-repeat":"repeat","background-position":"center center","background-size":"auto","background-attachment":"scroll","background-type":"","background-media":"","overlay-type":"","overlay-color":"","overlay-opacity":"","overlay-gradient":""},"tablet":{"background-color":"var(--ast-global-color-5)","background-image":"","background-repeat":"repeat","background-position":"center center","background-size":"auto","background-attachment":"scroll","background-type":"","background-media":"","overlay-type":"","overlay-color":"","overlay-opacity":"","overlay-gradient":""},"mobile":{"background-color":"var(--ast-global-color-5)","background-image":"","background-repeat":"repeat","background-position":"center center","background-size":"auto","background-attachment":"scroll","background-type":"","background-media":"","overlay-type":"","overlay-color":"","overlay-opacity":"","overlay-gradient":""}}},"product_brand":[],"product_cat":[226,121,120],"product_tag":[122],"class_list":{"0":"post-11229","1":"product","2":"type-product","3":"status-publish","4":"has-post-thumbnail","6":"product_cat-arrete","7":"product_cat-pour-travailler","8":"product_cat-professionnel","9":"product_tag-3columnas-fr","10":"desktop-align-left","11":"tablet-align-left","12":"mobile-align-left","14":"first","15":"outofstock","16":"shipping-taxable","17":"product-type-simple"},"_links":{"self":[{"href":"https:\/\/bergstrominc.com\/es\/fr\/wp-json\/wp\/v2\/product\/11229","targetHints":{"allow":["GET"]}}],"collection":[{"href":"https:\/\/bergstrominc.com\/es\/fr\/wp-json\/wp\/v2\/product"}],"about":[{"href":"https:\/\/bergstrominc.com\/es\/fr\/wp-json\/wp\/v2\/types\/product"}],"replies":[{"embeddable":true,"href":"https:\/\/bergstrominc.com\/es\/fr\/wp-json\/wp\/v2\/comments?post=11229"}],"version-history":[{"count":3,"href":"https:\/\/bergstrominc.com\/es\/fr\/wp-json\/wp\/v2\/product\/11229\/revisions"}],"predecessor-version":[{"id":17756,"href":"https:\/\/bergstrominc.com\/es\/fr\/wp-json\/wp\/v2\/product\/11229\/revisions\/17756"}],"wp:featuredmedia":[{"embeddable":true,"href":"https:\/\/bergstrominc.com\/es\/fr\/wp-json\/wp\/v2\/media\/11234"}],"wp:attachment":[{"href":"https:\/\/bergstrominc.com\/es\/fr\/wp-json\/wp\/v2\/media?parent=11229"}],"wp:term":[{"taxonomy":"product_brand","embeddable":true,"href":"https:\/\/bergstrominc.com\/es\/fr\/wp-json\/wp\/v2\/product_brand?post=11229"},{"taxonomy":"product_cat","embeddable":true,"href":"https:\/\/bergstrominc.com\/es\/fr\/wp-json\/wp\/v2\/product_cat?post=11229"},{"taxonomy":"product_tag","embeddable":true,"href":"https:\/\/bergstrominc.com\/es\/fr\/wp-json\/wp\/v2\/product_tag?post=11229"}],"curies":[{"name":"wp","href":"https:\/\/api.w.org\/{rel}","templated":true}]}}