{"id":11251,"date":"2024-07-01T17:48:29","date_gmt":"2024-07-01T15:48:29","guid":{"rendered":"https:\/\/dimgrey-goat-433611.hostingersite.com\/es\/producto\/compact-3-0\/"},"modified":"2026-01-29T11:27:10","modified_gmt":"2026-01-29T10:27:10","slug":"compact-3-0","status":"publish","type":"product","link":"https:\/\/bergstrominc.com\/es\/fr\/producto\/compact-3-0\/","title":{"rendered":"COMPACT 3.0"},"content":{"rendered":"\t\t<div data-elementor-type=\"product-post\" data-elementor-id=\"11251\" class=\"elementor elementor-11251 elementor-7428\" data-elementor-post-type=\"product\">\n\t\t\t\t<div class=\"elementor-element elementor-element-696f71ce e-flex e-con-boxed e-con e-parent\" data-id=\"696f71ce\" data-element_type=\"container\" data-e-type=\"container\" data-settings=\"{&quot;jet_parallax_layout_list&quot;:[]}\">\n\t\t\t\t\t<div class=\"e-con-inner\">\n\t\t\t\t<div class=\"elementor-element elementor-element-3c498659 elementor-widget elementor-widget-text-editor\" data-id=\"3c498659\" data-element_type=\"widget\" data-e-type=\"widget\" data-widget_type=\"text-editor.default\">\n\t\t\t\t<div class=\"elementor-widget-container\">\n\t\t\t\t\t\t\t\t\t<p>COMPACT 3.0 est une unit\u00e9 enti\u00e8rement \u00e9lectrique \u00e9quip\u00e9e de la technologie Full Inverter.<\/p><p>En plus d&rsquo;\u00eatre recommand\u00e9 pour une utilisation pendant les temps d&rsquo;arr\u00eat obligatoires ou les op\u00e9rations de chargement et de d\u00e9chargement, COMPACT est l&rsquo;une des meilleures options pour le repos nocturne dans la cabine du camion.<\/p><p>COMPACT 3.0 est \u00e9quip\u00e9 de deux compresseurs et de deux circuits frigorifiques ind\u00e9pendants pour l&rsquo;\u00e9vaporateur et le condenseur, il agit donc comme deux unit\u00e9s de climatisation dans une seule unit\u00e9.<\/p><ul><li>Unit\u00e9 enti\u00e8rement \u00e9lectrique dot\u00e9e de la technologie full inverter.<\/li><li>Installation sur le toit sans toucher au moteur du v\u00e9hicule.<\/li><li>Installation facile sans avoir besoin de percer le toit de la cabine pour les camions avec trappe.<\/li><li>Fonction manuelle et automatique.<\/li><li>T\u00e9l\u00e9commande par radiofr\u00e9quence (RF) et thermom\u00e8tre digital (en \u00b0C et \u00b0F).<\/li><li>Double protection de batterie.<\/li><li>\u00c9conomies de carburant.<\/li><li>5 vitesses de ventilation.<\/li><li>Syst\u00e8mes pr\u00e9charg\u00e9s.<\/li><li>Entretien minimal.<\/li><li>Fonctionnement avec le moteur du v\u00e9hicule \u00e9teint ou en marche.<\/li><li>Z\u00e9ro \u00e9mission \u2013 100% respectueux de l&rsquo;environnement.<\/li><li>Permet un bon repos dans la cabine du v\u00e9hicule, contribuant ainsi \u00e0 une meilleure s\u00e9curit\u00e9 routi\u00e8re.<\/li><\/ul>\t\t\t\t\t\t\t\t<\/div>\n\t\t\t\t<\/div>\n\t\t\t\t\t<\/div>\n\t\t\t\t<\/div>\n\t\t\t\t<\/div>\n\t\t","protected":false},"excerpt":{"rendered":"<p>COMPACT 3.0, un syst\u00e8me de climatisation autonome compact et performant qui peut \u00eatre utilis\u00e9 avec le moteur \u00e9teint ou en marche, a \u00e9t\u00e9 con\u00e7u comme une alternative de climatisation pour les v\u00e9hicules sans climatisation d&rsquo;origine.<\/p>\n","protected":false},"featured_media":11259,"comment_status":"open","ping_status":"closed","template":"","meta":{"site-sidebar-layout":"default","site-content-layout":"","ast-site-content-layout":"default","site-content-style":"default","site-sidebar-style":"default","ast-global-header-display":"","ast-banner-title-visibility":"","ast-main-header-display":"","ast-hfb-above-header-display":"","ast-hfb-below-header-display":"","ast-hfb-mobile-header-display":"","site-post-title":"","ast-breadcrumbs-content":"","ast-featured-img":"","footer-sml-layout":"","ast-disable-related-posts":"","theme-transparent-header-meta":"default","adv-header-id-meta":"","stick-header-meta":"","header-above-stick-meta":"","header-main-stick-meta":"","header-below-stick-meta":"","astra-migrate-meta-layouts":"set","ast-page-background-enabled":"default","ast-page-background-meta":{"desktop":{"background-color":"var(--ast-global-color-4)","background-image":"","background-repeat":"repeat","background-position":"center center","background-size":"auto","background-attachment":"scroll","background-type":"","background-media":"","overlay-type":"","overlay-color":"","overlay-opacity":"","overlay-gradient":""},"tablet":{"background-color":"","background-image":"","background-repeat":"repeat","background-position":"center center","background-size":"auto","background-attachment":"scroll","background-type":"","background-media":"","overlay-type":"","overlay-color":"","overlay-opacity":"","overlay-gradient":""},"mobile":{"background-color":"","background-image":"","background-repeat":"repeat","background-position":"center center","background-size":"auto","background-attachment":"scroll","background-type":"","background-media":"","overlay-type":"","overlay-color":"","overlay-opacity":"","overlay-gradient":""}},"ast-content-background-meta":{"desktop":{"background-color":"var(--ast-global-color-5)","background-image":"","background-repeat":"repeat","background-position":"center center","background-size":"auto","background-attachment":"scroll","background-type":"","background-media":"","overlay-type":"","overlay-color":"","overlay-opacity":"","overlay-gradient":""},"tablet":{"background-color":"var(--ast-global-color-5)","background-image":"","background-repeat":"repeat","background-position":"center center","background-size":"auto","background-attachment":"scroll","background-type":"","background-media":"","overlay-type":"","overlay-color":"","overlay-opacity":"","overlay-gradient":""},"mobile":{"background-color":"var(--ast-global-color-5)","background-image":"","background-repeat":"repeat","background-position":"center center","background-size":"auto","background-attachment":"scroll","background-type":"","background-media":"","overlay-type":"","overlay-color":"","overlay-opacity":"","overlay-gradient":""}}},"product_brand":[],"product_cat":[134],"product_tag":[122],"class_list":{"0":"post-11251","1":"product","2":"type-product","3":"status-publish","4":"has-post-thumbnail","6":"product_cat-pour-se-reposer","7":"product_tag-3columnas-fr","8":"desktop-align-left","9":"tablet-align-left","10":"mobile-align-left","12":"first","13":"instock","14":"shipping-taxable","15":"product-type-simple"},"_links":{"self":[{"href":"https:\/\/bergstrominc.com\/es\/fr\/wp-json\/wp\/v2\/product\/11251","targetHints":{"allow":["GET"]}}],"collection":[{"href":"https:\/\/bergstrominc.com\/es\/fr\/wp-json\/wp\/v2\/product"}],"about":[{"href":"https:\/\/bergstrominc.com\/es\/fr\/wp-json\/wp\/v2\/types\/product"}],"replies":[{"embeddable":true,"href":"https:\/\/bergstrominc.com\/es\/fr\/wp-json\/wp\/v2\/comments?post=11251"}],"version-history":[{"count":7,"href":"https:\/\/bergstrominc.com\/es\/fr\/wp-json\/wp\/v2\/product\/11251\/revisions"}],"predecessor-version":[{"id":19349,"href":"https:\/\/bergstrominc.com\/es\/fr\/wp-json\/wp\/v2\/product\/11251\/revisions\/19349"}],"wp:featuredmedia":[{"embeddable":true,"href":"https:\/\/bergstrominc.com\/es\/fr\/wp-json\/wp\/v2\/media\/11259"}],"wp:attachment":[{"href":"https:\/\/bergstrominc.com\/es\/fr\/wp-json\/wp\/v2\/media?parent=11251"}],"wp:term":[{"taxonomy":"product_brand","embeddable":true,"href":"https:\/\/bergstrominc.com\/es\/fr\/wp-json\/wp\/v2\/product_brand?post=11251"},{"taxonomy":"product_cat","embeddable":true,"href":"https:\/\/bergstrominc.com\/es\/fr\/wp-json\/wp\/v2\/product_cat?post=11251"},{"taxonomy":"product_tag","embeddable":true,"href":"https:\/\/bergstrominc.com\/es\/fr\/wp-json\/wp\/v2\/product_tag?post=11251"}],"curies":[{"name":"wp","href":"https:\/\/api.w.org\/{rel}","templated":true}]}}