{"id":11281,"date":"2024-07-02T17:09:57","date_gmt":"2024-07-02T15:09:57","guid":{"rendered":"https:\/\/dimgrey-goat-433611.hostingersite.com\/es\/producto\/lite\/"},"modified":"2026-01-29T14:25:20","modified_gmt":"2026-01-29T13:25:20","slug":"lite","status":"publish","type":"product","link":"https:\/\/bergstrominc.com\/es\/fr\/producto\/lite\/","title":{"rendered":"LITE"},"content":{"rendered":"<p>LITE, un climatiseur compact, performant, autonome et mont\u00e9 sur le toit, a \u00e9t\u00e9 con\u00e7u avec un seul compresseur herm\u00e9tique pour refroidir la cabine du camion pendant les p\u00e9riodes de repos nocturne du conducteur.<\/p>\n<p>LITE est l\u00e9ger et facile \u00e0 installer gr\u00e2ce \u00e0 ses dimensions compactes et \u00e0 sa faible hauteur. Il est aliment\u00e9 directement par la batterie du v\u00e9hicule, ce qui permet de r\u00e9duire la consommation de carburant et les \u00e9missions de CO\u2082 dans l&rsquo;atmosph\u00e8re (respect de l&rsquo;environnement). <\/p>\n<p>&#8211; \u00c9quipement enti\u00e8rement \u00e9lectrique avec technologie inverter.<br \/>\n&#8211; Installation sans toucher au moteur du v\u00e9hicule.<br \/>\n&#8211; Installation facile sans percer le toit de la cabine dans les camions avec hayon.<br \/>\n&#8211; Fonctionnement manuel et automatique.<br \/>\n&#8211; T\u00e9l\u00e9commande par radiofr\u00e9quence (RF) et thermom\u00e8tre num\u00e9rique (en <sup>0C<\/sup>ou <sup>0F<\/sup>).<br \/>\n&#8211; Double protection de la batterie.<br \/>\n&#8211; Economie de carburant.<br \/>\n&#8211; 5 vitesses de ventilation.<br \/>\n&#8211; 0 \u00e9missions : le moteur du v\u00e9hicule reste \u00e9teint pendant le fonctionnement de l&rsquo;\u00e9quipement.<br \/>\n&#8211; Permet un bon repos dans la cabine du v\u00e9hicule, ce qui contribue \u00e0 augmenter la s\u00e9curit\u00e9 routi\u00e8re.<\/p>\n","protected":false},"excerpt":{"rendered":"<p>LITE est l&rsquo;\u00e9quipement \u00e9lectrique mont\u00e9 au plafond le plus compact de Bergstrom. Avec des dimensions r\u00e9duites et une hauteur similaire \u00e0 celle de SlimFIT, il est l\u00e9ger et facile \u00e0 installer. <\/p>\n<p>Aliment\u00e9 directement par la batterie du v\u00e9hicule et dot\u00e9 d&rsquo;un seul compresseur herm\u00e9tique, LITE est une bonne solution pour une bonne nuit de repos dans la cabine du camion.<\/p>\n","protected":false},"featured_media":11286,"comment_status":"open","ping_status":"closed","template":"","meta":{"site-sidebar-layout":"default","site-content-layout":"","ast-site-content-layout":"default","site-content-style":"default","site-sidebar-style":"default","ast-global-header-display":"","ast-banner-title-visibility":"","ast-main-header-display":"","ast-hfb-above-header-display":"","ast-hfb-below-header-display":"","ast-hfb-mobile-header-display":"","site-post-title":"","ast-breadcrumbs-content":"","ast-featured-img":"","footer-sml-layout":"","ast-disable-related-posts":"","theme-transparent-header-meta":"default","adv-header-id-meta":"","stick-header-meta":"","header-above-stick-meta":"","header-main-stick-meta":"","header-below-stick-meta":"","astra-migrate-meta-layouts":"set","ast-page-background-enabled":"default","ast-page-background-meta":{"desktop":{"background-color":"var(--ast-global-color-4)","background-image":"","background-repeat":"repeat","background-position":"center center","background-size":"auto","background-attachment":"scroll","background-type":"","background-media":"","overlay-type":"","overlay-color":"","overlay-opacity":"","overlay-gradient":""},"tablet":{"background-color":"","background-image":"","background-repeat":"repeat","background-position":"center center","background-size":"auto","background-attachment":"scroll","background-type":"","background-media":"","overlay-type":"","overlay-color":"","overlay-opacity":"","overlay-gradient":""},"mobile":{"background-color":"","background-image":"","background-repeat":"repeat","background-position":"center center","background-size":"auto","background-attachment":"scroll","background-type":"","background-media":"","overlay-type":"","overlay-color":"","overlay-opacity":"","overlay-gradient":""}},"ast-content-background-meta":{"desktop":{"background-color":"var(--ast-global-color-5)","background-image":"","background-repeat":"repeat","background-position":"center center","background-size":"auto","background-attachment":"scroll","background-type":"","background-media":"","overlay-type":"","overlay-color":"","overlay-opacity":"","overlay-gradient":""},"tablet":{"background-color":"var(--ast-global-color-5)","background-image":"","background-repeat":"repeat","background-position":"center center","background-size":"auto","background-attachment":"scroll","background-type":"","background-media":"","overlay-type":"","overlay-color":"","overlay-opacity":"","overlay-gradient":""},"mobile":{"background-color":"var(--ast-global-color-5)","background-image":"","background-repeat":"repeat","background-position":"center center","background-size":"auto","background-attachment":"scroll","background-type":"","background-media":"","overlay-type":"","overlay-color":"","overlay-opacity":"","overlay-gradient":""}}},"product_brand":[],"product_cat":[134,120],"product_tag":[122],"class_list":{"0":"post-11281","1":"product","2":"type-product","3":"status-publish","4":"has-post-thumbnail","6":"product_cat-pour-se-reposer","7":"product_cat-professionnel","8":"product_tag-3columnas-fr","9":"desktop-align-left","10":"tablet-align-left","11":"mobile-align-left","13":"first","14":"instock","15":"shipping-taxable","16":"product-type-simple"},"_links":{"self":[{"href":"https:\/\/bergstrominc.com\/es\/fr\/wp-json\/wp\/v2\/product\/11281","targetHints":{"allow":["GET"]}}],"collection":[{"href":"https:\/\/bergstrominc.com\/es\/fr\/wp-json\/wp\/v2\/product"}],"about":[{"href":"https:\/\/bergstrominc.com\/es\/fr\/wp-json\/wp\/v2\/types\/product"}],"replies":[{"embeddable":true,"href":"https:\/\/bergstrominc.com\/es\/fr\/wp-json\/wp\/v2\/comments?post=11281"}],"version-history":[{"count":5,"href":"https:\/\/bergstrominc.com\/es\/fr\/wp-json\/wp\/v2\/product\/11281\/revisions"}],"predecessor-version":[{"id":19354,"href":"https:\/\/bergstrominc.com\/es\/fr\/wp-json\/wp\/v2\/product\/11281\/revisions\/19354"}],"wp:featuredmedia":[{"embeddable":true,"href":"https:\/\/bergstrominc.com\/es\/fr\/wp-json\/wp\/v2\/media\/11286"}],"wp:attachment":[{"href":"https:\/\/bergstrominc.com\/es\/fr\/wp-json\/wp\/v2\/media?parent=11281"}],"wp:term":[{"taxonomy":"product_brand","embeddable":true,"href":"https:\/\/bergstrominc.com\/es\/fr\/wp-json\/wp\/v2\/product_brand?post=11281"},{"taxonomy":"product_cat","embeddable":true,"href":"https:\/\/bergstrominc.com\/es\/fr\/wp-json\/wp\/v2\/product_cat?post=11281"},{"taxonomy":"product_tag","embeddable":true,"href":"https:\/\/bergstrominc.com\/es\/fr\/wp-json\/wp\/v2\/product_tag?post=11281"}],"curies":[{"name":"wp","href":"https:\/\/api.w.org\/{rel}","templated":true}]}}