{"id":11316,"date":"2024-07-02T16:24:29","date_gmt":"2024-07-02T14:24:29","guid":{"rendered":"https:\/\/dimgrey-goat-433611.hostingersite.com\/es\/producto\/slimfit\/"},"modified":"2026-01-29T11:13:33","modified_gmt":"2026-01-29T10:13:33","slug":"slimfit","status":"publish","type":"product","link":"https:\/\/bergstrominc.com\/es\/fr\/producto\/slimfit\/","title":{"rendered":"SlimFIT"},"content":{"rendered":"<p>SlimFIT est le syst\u00e8me de climatisation autonome le plus plat et le plus performant du march\u00e9, con\u00e7u pour refroidir la cabine du camion pendant les p\u00e9riodes de repos nocturne du conducteur, les op\u00e9rations de chargement et de d\u00e9chargement et pendant les arr\u00eats obligatoires.<\/p>\n<p>SlimFIT fonctionne aussi bien avec le moteur en marche qu&rsquo;\u00e0 l&rsquo;arr\u00eat, et comme il tire son \u00e9nergie directement de la batterie du v\u00e9hicule, il vous aidera \u00e0 r\u00e9duire la consommation de carburant et \u00e0 pr\u00e9venir les \u00e9missions de CO\u2082 dans l&rsquo;atmosph\u00e8re. Sa faible hauteur et sa conception a\u00e9rodynamique en font l&rsquo;accessoire parfait pour refroidir les v\u00e9hicules \u00e0 cabine haute.<\/p>\n<h4><strong>AVANTAGES :<\/strong><\/h4>\n<p>&nbsp;<\/p>\n<ul>\n<li>Unit\u00e9 enti\u00e8rement \u00e9lectrique dot\u00e9e de la technologie full inverter.<\/li>\n<li>Installation simple sans avoir besoin de toucher au moteur du v\u00e9hicule.<\/li>\n<li>Installation facile sans avoir besoin de percer le toit de la cabine dans les camions avec trappe.<\/li>\n<li>Fonction manuelle et automatique.<\/li>\n<li>T\u00e9l\u00e9commande infrarouge (IR) et panneau de commande tactile.<\/li>\n<li>Thermom\u00e8tre num\u00e9rique (en <sup>\u00b0<\/sup>C et <sup>\u00b0<\/sup>F).<\/li>\n<li>Double protection de batterie.<\/li>\n<li>\u00c9conomies de carburant.<\/li>\n<li>5 vitesses de ventilation.<\/li>\n<li>Syst\u00e8me pr\u00e9charg\u00e9 avec du r\u00e9frig\u00e9rant R134a.<\/li>\n<li>Fonction de programmation.<\/li>\n<li>Faible entretien.<\/li>\n<li>\u00c9missions nulles \u2013 100 % respectueux de l&rsquo;environnement.<\/li>\n<li>Permet un bon repos dans la cabine du v\u00e9hicule, contribuant ainsi \u00e0 une meilleure s\u00e9curit\u00e9 routi\u00e8re.<\/li>\n<\/ul>\n","protected":false},"excerpt":{"rendered":"<p>Le SlimFIT de Dirna Bergstrom, un syst\u00e8me mont\u00e9 sur le toit de la cabine, est l&rsquo;unit\u00e9 de climatisation autonome compacte la plus plate du march\u00e9 pour les camions routiers.<\/p>\n<p>Aliment\u00e9 directement par la batterie du v\u00e9hicule, il constitue une excellente solution de refroidissement et d&rsquo;\u00e9conomie de carburant. En raison de sa hauteur r\u00e9duite, SlimFIT est parfait pour les v\u00e9hicules avec des cabines hautes.<\/p>\n","protected":false},"featured_media":11318,"comment_status":"open","ping_status":"closed","template":"","meta":{"site-sidebar-layout":"default","site-content-layout":"","ast-site-content-layout":"default","site-content-style":"default","site-sidebar-style":"default","ast-global-header-display":"","ast-banner-title-visibility":"","ast-main-header-display":"","ast-hfb-above-header-display":"","ast-hfb-below-header-display":"","ast-hfb-mobile-header-display":"","site-post-title":"","ast-breadcrumbs-content":"","ast-featured-img":"","footer-sml-layout":"","ast-disable-related-posts":"","theme-transparent-header-meta":"default","adv-header-id-meta":"","stick-header-meta":"","header-above-stick-meta":"","header-main-stick-meta":"","header-below-stick-meta":"","astra-migrate-meta-layouts":"set","ast-page-background-enabled":"default","ast-page-background-meta":{"desktop":{"background-color":"var(--ast-global-color-4)","background-image":"","background-repeat":"repeat","background-position":"center center","background-size":"auto","background-attachment":"scroll","background-type":"","background-media":"","overlay-type":"","overlay-color":"","overlay-opacity":"","overlay-gradient":""},"tablet":{"background-color":"","background-image":"","background-repeat":"repeat","background-position":"center center","background-size":"auto","background-attachment":"scroll","background-type":"","background-media":"","overlay-type":"","overlay-color":"","overlay-opacity":"","overlay-gradient":""},"mobile":{"background-color":"","background-image":"","background-repeat":"repeat","background-position":"center center","background-size":"auto","background-attachment":"scroll","background-type":"","background-media":"","overlay-type":"","overlay-color":"","overlay-opacity":"","overlay-gradient":""}},"ast-content-background-meta":{"desktop":{"background-color":"var(--ast-global-color-5)","background-image":"","background-repeat":"repeat","background-position":"center center","background-size":"auto","background-attachment":"scroll","background-type":"","background-media":"","overlay-type":"","overlay-color":"","overlay-opacity":"","overlay-gradient":""},"tablet":{"background-color":"var(--ast-global-color-5)","background-image":"","background-repeat":"repeat","background-position":"center center","background-size":"auto","background-attachment":"scroll","background-type":"","background-media":"","overlay-type":"","overlay-color":"","overlay-opacity":"","overlay-gradient":""},"mobile":{"background-color":"var(--ast-global-color-5)","background-image":"","background-repeat":"repeat","background-position":"center center","background-size":"auto","background-attachment":"scroll","background-type":"","background-media":"","overlay-type":"","overlay-color":"","overlay-opacity":"","overlay-gradient":""}}},"product_brand":[],"product_cat":[134,120],"product_tag":[122],"class_list":{"0":"post-11316","1":"product","2":"type-product","3":"status-publish","4":"has-post-thumbnail","6":"product_cat-pour-se-reposer","7":"product_cat-professionnel","8":"product_tag-3columnas-fr","9":"desktop-align-left","10":"tablet-align-left","11":"mobile-align-left","13":"first","14":"instock","15":"shipping-taxable","16":"product-type-simple"},"_links":{"self":[{"href":"https:\/\/bergstrominc.com\/es\/fr\/wp-json\/wp\/v2\/product\/11316","targetHints":{"allow":["GET"]}}],"collection":[{"href":"https:\/\/bergstrominc.com\/es\/fr\/wp-json\/wp\/v2\/product"}],"about":[{"href":"https:\/\/bergstrominc.com\/es\/fr\/wp-json\/wp\/v2\/types\/product"}],"replies":[{"embeddable":true,"href":"https:\/\/bergstrominc.com\/es\/fr\/wp-json\/wp\/v2\/comments?post=11316"}],"version-history":[{"count":4,"href":"https:\/\/bergstrominc.com\/es\/fr\/wp-json\/wp\/v2\/product\/11316\/revisions"}],"predecessor-version":[{"id":19343,"href":"https:\/\/bergstrominc.com\/es\/fr\/wp-json\/wp\/v2\/product\/11316\/revisions\/19343"}],"wp:featuredmedia":[{"embeddable":true,"href":"https:\/\/bergstrominc.com\/es\/fr\/wp-json\/wp\/v2\/media\/11318"}],"wp:attachment":[{"href":"https:\/\/bergstrominc.com\/es\/fr\/wp-json\/wp\/v2\/media?parent=11316"}],"wp:term":[{"taxonomy":"product_brand","embeddable":true,"href":"https:\/\/bergstrominc.com\/es\/fr\/wp-json\/wp\/v2\/product_brand?post=11316"},{"taxonomy":"product_cat","embeddable":true,"href":"https:\/\/bergstrominc.com\/es\/fr\/wp-json\/wp\/v2\/product_cat?post=11316"},{"taxonomy":"product_tag","embeddable":true,"href":"https:\/\/bergstrominc.com\/es\/fr\/wp-json\/wp\/v2\/product_tag?post=11316"}],"curies":[{"name":"wp","href":"https:\/\/api.w.org\/{rel}","templated":true}]}}