{"id":11334,"date":"2024-07-02T17:28:19","date_gmt":"2024-07-02T15:28:19","guid":{"rendered":"https:\/\/dimgrey-goat-433611.hostingersite.com\/es\/producto\/compact-1-4\/"},"modified":"2026-01-29T11:19:40","modified_gmt":"2026-01-29T10:19:40","slug":"compact-1-4","status":"publish","type":"product","link":"https:\/\/bergstrominc.com\/es\/fr\/producto\/compact-1-4\/","title":{"rendered":"COMPACT 1.4"},"content":{"rendered":"<p>COMPACT 1.4 est un syst\u00e8me de climatisation compact, performant et autonome, con\u00e7u pour refroidir la cabine du camion pendant les p\u00e9riodes de repos nocturne du conducteur, les op\u00e9rations de chargement et de d\u00e9chargement et les arr\u00eats. Compact 1.4 fonctionne avec des moteurs en marche ou \u00e0 l&rsquo;arr\u00eat et, comme il s&rsquo;agit d&rsquo;un syst\u00e8me \u00e9lectrique autonome, il vous aidera \u00e0 r\u00e9duire la consommation de carburant et les \u00e9missions de CO\u2082 dans l&rsquo;atmosph\u00e8re.<\/p>\n<p>&#8211; \u00c9quipement enti\u00e8rement \u00e9lectrique avec technologie inverter.<br \/>\n&#8211; Installation sans toucher au moteur du v\u00e9hicule.<br \/>\n&#8211; Installation facile sans percer le toit de la cabine dans les camions avec hayon.<br \/>\n&#8211; Fonction manuelle et automatique.<br \/>\n&#8211; T\u00e9l\u00e9commande par (RF) et thermom\u00e8tre num\u00e9rique (en \u00baC et \u00baF)<br \/>\n&#8211; Double protection de la batterie<br \/>\n&#8211; \u00c9conomie de carburant.<br \/>\n&#8211; 5 vitesses de ventilation<br \/>\n&#8211; Syst\u00e8mes pr\u00e9charg\u00e9s<br \/>\n&#8211; Permet un repos confortable dans la cabine du v\u00e9hicule, ce qui contribue \u00e0 augmenter la s\u00e9curit\u00e9 routi\u00e8re.<\/p>\n","protected":false},"excerpt":{"rendered":"<p>COMPACT 1.4 est la solution parfaite pour le repos nocturne dans la cabine du camion et, selon le mod\u00e8le, il peut \u00e9galement \u00eatre utilis\u00e9 pour maintenir un environnement confortable \u00e0 l&rsquo;int\u00e9rieur de la cabine pendant les op\u00e9rations de chargement et de d\u00e9chargement, ainsi que pendant les p\u00e9riodes d&rsquo;arr\u00eat obligatoire.<\/p>\n","protected":false},"featured_media":11336,"comment_status":"open","ping_status":"closed","template":"","meta":{"site-sidebar-layout":"default","site-content-layout":"","ast-site-content-layout":"default","site-content-style":"default","site-sidebar-style":"default","ast-global-header-display":"","ast-banner-title-visibility":"","ast-main-header-display":"","ast-hfb-above-header-display":"","ast-hfb-below-header-display":"","ast-hfb-mobile-header-display":"","site-post-title":"","ast-breadcrumbs-content":"","ast-featured-img":"","footer-sml-layout":"","ast-disable-related-posts":"","theme-transparent-header-meta":"default","adv-header-id-meta":"","stick-header-meta":"","header-above-stick-meta":"","header-main-stick-meta":"","header-below-stick-meta":"","astra-migrate-meta-layouts":"set","ast-page-background-enabled":"default","ast-page-background-meta":{"desktop":{"background-color":"var(--ast-global-color-4)","background-image":"","background-repeat":"repeat","background-position":"center center","background-size":"auto","background-attachment":"scroll","background-type":"","background-media":"","overlay-type":"","overlay-color":"","overlay-opacity":"","overlay-gradient":""},"tablet":{"background-color":"","background-image":"","background-repeat":"repeat","background-position":"center center","background-size":"auto","background-attachment":"scroll","background-type":"","background-media":"","overlay-type":"","overlay-color":"","overlay-opacity":"","overlay-gradient":""},"mobile":{"background-color":"","background-image":"","background-repeat":"repeat","background-position":"center center","background-size":"auto","background-attachment":"scroll","background-type":"","background-media":"","overlay-type":"","overlay-color":"","overlay-opacity":"","overlay-gradient":""}},"ast-content-background-meta":{"desktop":{"background-color":"var(--ast-global-color-5)","background-image":"","background-repeat":"repeat","background-position":"center center","background-size":"auto","background-attachment":"scroll","background-type":"","background-media":"","overlay-type":"","overlay-color":"","overlay-opacity":"","overlay-gradient":""},"tablet":{"background-color":"var(--ast-global-color-5)","background-image":"","background-repeat":"repeat","background-position":"center center","background-size":"auto","background-attachment":"scroll","background-type":"","background-media":"","overlay-type":"","overlay-color":"","overlay-opacity":"","overlay-gradient":""},"mobile":{"background-color":"var(--ast-global-color-5)","background-image":"","background-repeat":"repeat","background-position":"center center","background-size":"auto","background-attachment":"scroll","background-type":"","background-media":"","overlay-type":"","overlay-color":"","overlay-opacity":"","overlay-gradient":""}}},"product_brand":[],"product_cat":[134,120],"product_tag":[122],"class_list":{"0":"post-11334","1":"product","2":"type-product","3":"status-publish","4":"has-post-thumbnail","6":"product_cat-pour-se-reposer","7":"product_cat-professionnel","8":"product_tag-3columnas-fr","9":"desktop-align-left","10":"tablet-align-left","11":"mobile-align-left","13":"first","14":"instock","15":"shipping-taxable","16":"product-type-simple"},"_links":{"self":[{"href":"https:\/\/bergstrominc.com\/es\/fr\/wp-json\/wp\/v2\/product\/11334","targetHints":{"allow":["GET"]}}],"collection":[{"href":"https:\/\/bergstrominc.com\/es\/fr\/wp-json\/wp\/v2\/product"}],"about":[{"href":"https:\/\/bergstrominc.com\/es\/fr\/wp-json\/wp\/v2\/types\/product"}],"replies":[{"embeddable":true,"href":"https:\/\/bergstrominc.com\/es\/fr\/wp-json\/wp\/v2\/comments?post=11334"}],"version-history":[{"count":3,"href":"https:\/\/bergstrominc.com\/es\/fr\/wp-json\/wp\/v2\/product\/11334\/revisions"}],"predecessor-version":[{"id":19346,"href":"https:\/\/bergstrominc.com\/es\/fr\/wp-json\/wp\/v2\/product\/11334\/revisions\/19346"}],"wp:featuredmedia":[{"embeddable":true,"href":"https:\/\/bergstrominc.com\/es\/fr\/wp-json\/wp\/v2\/media\/11336"}],"wp:attachment":[{"href":"https:\/\/bergstrominc.com\/es\/fr\/wp-json\/wp\/v2\/media?parent=11334"}],"wp:term":[{"taxonomy":"product_brand","embeddable":true,"href":"https:\/\/bergstrominc.com\/es\/fr\/wp-json\/wp\/v2\/product_brand?post=11334"},{"taxonomy":"product_cat","embeddable":true,"href":"https:\/\/bergstrominc.com\/es\/fr\/wp-json\/wp\/v2\/product_cat?post=11334"},{"taxonomy":"product_tag","embeddable":true,"href":"https:\/\/bergstrominc.com\/es\/fr\/wp-json\/wp\/v2\/product_tag?post=11334"}],"curies":[{"name":"wp","href":"https:\/\/api.w.org\/{rel}","templated":true}]}}