{"id":11352,"date":"2024-07-03T12:41:18","date_gmt":"2024-07-03T10:41:18","guid":{"rendered":"https:\/\/dimgrey-goat-433611.hostingersite.com\/es\/producto\/dinamic-1-1\/"},"modified":"2026-01-29T11:32:01","modified_gmt":"2026-01-29T10:32:01","slug":"dinamic-1-1","status":"publish","type":"product","link":"https:\/\/bergstrominc.com\/es\/fr\/producto\/dinamic-1-1\/","title":{"rendered":"DINAMIC 1.1"},"content":{"rendered":"<p>DINAMIC est un climatiseur \u00e9lectrique autonome \u00e0 hautes performances, mont\u00e9 \u00e0 l&rsquo;arri\u00e8re : l&rsquo;unit\u00e9 est positionn\u00e9e \u00e0 l&rsquo;arri\u00e8re de la cabine, \u00e9liminant ainsi le besoin de toucher la trappe d&rsquo;origine.<\/p>\n<p>Bien que sp\u00e9cialement con\u00e7u pour les camions \u00e0 cabine haute, les cabines am\u00e9ricaines, les cabines sans hayon ou les transporteurs de voitures, il constitue une bonne solution universelle pour refroidir la cabine du camion pendant les p\u00e9riodes de repos nocturne du conducteur et pendant les op\u00e9rations de chargement et de d\u00e9chargement avec le moteur \u00e9teint.<\/p>\n<p>DINAMIC est un syst\u00e8me \u00e9lectrique autonome aliment\u00e9 directement par la batterie du v\u00e9hicule, vous aidant \u00e0 r\u00e9duire les co\u00fbts de carburant et \u00e0 pr\u00e9venir les \u00e9missions de CO\u2082 dans l&rsquo;atmosph\u00e8re (respectueux de l&rsquo;environnement) en fonctionnant lorsque le moteur est \u00e9teint.<\/p>\n<ul>\n<li>\u00c9quipement enti\u00e8rement \u00e9lectrique dot\u00e9 de la technologie inverter.<\/li>\n<li>Installation simple sur la paroi arri\u00e8re sans toucher au moteur du v\u00e9hicule.<\/li>\n<li>Op\u00e9rationnelle avec le moteur allum\u00e9 ou \u00e9teint<\/li>\n<li>Fonctionnement manuel et automatique<\/li>\n<li>T\u00e9l\u00e9commande par radiofr\u00e9quence (RF) et thermom\u00e8tre digital (<sup>0<\/sup>C ou <sup>0<\/sup>F)<\/li>\n<li>Double protection de la batterie<\/li>\n<li>5 vitesses de ventilation<\/li>\n<li>Permet un bon repos dans la cabine du v\u00e9hicule, contribuant ainsi \u00e0 une meilleure s\u00e9curit\u00e9 routi\u00e8re.<\/li>\n<\/ul>\n","protected":false},"excerpt":{"rendered":"<p>Avec une tr\u00e8s faible consommation d&rsquo;\u00e9nergie, le climatiseur autonome DINAMIC est particuli\u00e8rement adapt\u00e9 \u00e0 une utilisation de nuit, lorsque le moteur est \u00e9teint.<\/p>\n<p>DINAMIC est particuli\u00e8rement adapt\u00e9 aux v\u00e9hicules routiers tels que les porte-voitures ou les camions avec des cabines trop hautes, des cabines am\u00e9ricaines ou des cabines sans hayon.<\/p>\n","protected":false},"featured_media":11354,"comment_status":"open","ping_status":"closed","template":"","meta":{"site-sidebar-layout":"default","site-content-layout":"","ast-site-content-layout":"default","site-content-style":"default","site-sidebar-style":"default","ast-global-header-display":"","ast-banner-title-visibility":"","ast-main-header-display":"","ast-hfb-above-header-display":"","ast-hfb-below-header-display":"","ast-hfb-mobile-header-display":"","site-post-title":"","ast-breadcrumbs-content":"","ast-featured-img":"","footer-sml-layout":"","ast-disable-related-posts":"","theme-transparent-header-meta":"default","adv-header-id-meta":"","stick-header-meta":"","header-above-stick-meta":"","header-main-stick-meta":"","header-below-stick-meta":"","astra-migrate-meta-layouts":"set","ast-page-background-enabled":"default","ast-page-background-meta":{"desktop":{"background-color":"var(--ast-global-color-4)","background-image":"","background-repeat":"repeat","background-position":"center center","background-size":"auto","background-attachment":"scroll","background-type":"","background-media":"","overlay-type":"","overlay-color":"","overlay-opacity":"","overlay-gradient":""},"tablet":{"background-color":"","background-image":"","background-repeat":"repeat","background-position":"center center","background-size":"auto","background-attachment":"scroll","background-type":"","background-media":"","overlay-type":"","overlay-color":"","overlay-opacity":"","overlay-gradient":""},"mobile":{"background-color":"","background-image":"","background-repeat":"repeat","background-position":"center center","background-size":"auto","background-attachment":"scroll","background-type":"","background-media":"","overlay-type":"","overlay-color":"","overlay-opacity":"","overlay-gradient":""}},"ast-content-background-meta":{"desktop":{"background-color":"var(--ast-global-color-5)","background-image":"","background-repeat":"repeat","background-position":"center center","background-size":"auto","background-attachment":"scroll","background-type":"","background-media":"","overlay-type":"","overlay-color":"","overlay-opacity":"","overlay-gradient":""},"tablet":{"background-color":"var(--ast-global-color-5)","background-image":"","background-repeat":"repeat","background-position":"center center","background-size":"auto","background-attachment":"scroll","background-type":"","background-media":"","overlay-type":"","overlay-color":"","overlay-opacity":"","overlay-gradient":""},"mobile":{"background-color":"var(--ast-global-color-5)","background-image":"","background-repeat":"repeat","background-position":"center center","background-size":"auto","background-attachment":"scroll","background-type":"","background-media":"","overlay-type":"","overlay-color":"","overlay-opacity":"","overlay-gradient":""}}},"product_brand":[],"product_cat":[134,120],"product_tag":[122],"class_list":{"0":"post-11352","1":"product","2":"type-product","3":"status-publish","4":"has-post-thumbnail","6":"product_cat-pour-se-reposer","7":"product_cat-professionnel","8":"product_tag-3columnas-fr","9":"desktop-align-left","10":"tablet-align-left","11":"mobile-align-left","13":"first","14":"instock","15":"shipping-taxable","16":"product-type-simple"},"_links":{"self":[{"href":"https:\/\/bergstrominc.com\/es\/fr\/wp-json\/wp\/v2\/product\/11352","targetHints":{"allow":["GET"]}}],"collection":[{"href":"https:\/\/bergstrominc.com\/es\/fr\/wp-json\/wp\/v2\/product"}],"about":[{"href":"https:\/\/bergstrominc.com\/es\/fr\/wp-json\/wp\/v2\/types\/product"}],"replies":[{"embeddable":true,"href":"https:\/\/bergstrominc.com\/es\/fr\/wp-json\/wp\/v2\/comments?post=11352"}],"version-history":[{"count":4,"href":"https:\/\/bergstrominc.com\/es\/fr\/wp-json\/wp\/v2\/product\/11352\/revisions"}],"predecessor-version":[{"id":17861,"href":"https:\/\/bergstrominc.com\/es\/fr\/wp-json\/wp\/v2\/product\/11352\/revisions\/17861"}],"wp:featuredmedia":[{"embeddable":true,"href":"https:\/\/bergstrominc.com\/es\/fr\/wp-json\/wp\/v2\/media\/11354"}],"wp:attachment":[{"href":"https:\/\/bergstrominc.com\/es\/fr\/wp-json\/wp\/v2\/media?parent=11352"}],"wp:term":[{"taxonomy":"product_brand","embeddable":true,"href":"https:\/\/bergstrominc.com\/es\/fr\/wp-json\/wp\/v2\/product_brand?post=11352"},{"taxonomy":"product_cat","embeddable":true,"href":"https:\/\/bergstrominc.com\/es\/fr\/wp-json\/wp\/v2\/product_cat?post=11352"},{"taxonomy":"product_tag","embeddable":true,"href":"https:\/\/bergstrominc.com\/es\/fr\/wp-json\/wp\/v2\/product_tag?post=11352"}],"curies":[{"name":"wp","href":"https:\/\/api.w.org\/{rel}","templated":true}]}}