{"id":14779,"date":"2025-01-23T08:52:31","date_gmt":"2025-01-23T07:52:31","guid":{"rendered":"https:\/\/dimgrey-goat-433611.hostingersite.com\/es\/?post_type=product&#038;p=14779"},"modified":"2026-03-02T13:10:32","modified_gmt":"2026-03-02T12:10:32","slug":"p23-2t-plus","status":"publish","type":"product","link":"https:\/\/bergstrominc.com\/es\/fr\/producto\/p23-2t-plus\/","title":{"rendered":"P23-2T Plus"},"content":{"rendered":"<p>P23-2T Plus est une unit\u00e9 de climatisation compacte, performante et autonome qui se monte sur le toit de la cabine et constitue une solution id\u00e9ale pour refroidir la cabine lorsqu&rsquo;il n&rsquo;y a pas de syst\u00e8me de climatisation d&rsquo;origine install\u00e9 ou lorsque la climatisation existante n\u00e9cessite un renforcement suppl\u00e9mentaire.<\/p>\n<p>Le P23-2T Plus fonctionne aussi bien en mode moteur tournant qu&rsquo;en mode moteur arr\u00eat\u00e9 et, comme il s&rsquo;agit d&rsquo;un syst\u00e8me \u00e9lectrique autonome, il vous aidera \u00e0 r\u00e9duire votre consommation de carburant et vos \u00e9missions de CO\u2082 dans l&rsquo;atmosph\u00e8re.<\/p>\n<ul>\n<li>Unit\u00e9 enti\u00e8rement \u00e9lectrique dot\u00e9e de la technologie full inverter.<\/li>\n<li>Installation sans toucher le moteur du v\u00e9hicule.<\/li>\n<li>Montage facile : installation universelle adaptable \u00e0 tous types de cabine<\/li>\n<li>Fonction manuelle, automatique et \u00e9co.<\/li>\n<li>T\u00e9l\u00e9commande (IR) et thermom\u00e8tre num\u00e9rique \u00e0 <sup>0 <\/sup>C<\/li>\n<li>Syst\u00e8me intelligent de protection de la batterie pour assurer le d\u00e9marrage<\/li>\n<li>\u00c9conomies de carburant.<\/li>\n<li>3 vitesses de ventilation<\/li>\n<li>Syst\u00e8mes pr\u00e9charg\u00e9s<\/li>\n<li>Il permet un repos confortable dans l&rsquo;habitacle du v\u00e9hicule, ce qui contribue \u00e0 augmenter la s\u00e9curit\u00e9 routi\u00e8re.<\/li>\n<\/ul>\n","protected":false},"excerpt":{"rendered":"<div class=\"lRu31\" dir=\"ltr\">\n<div class=\"lRu31\" dir=\"ltr\"><span class=\"HwtZe\" lang=\"es\"><span class=\"jCAhz JpY6Fd\"><span class=\"ryNqvb\">Le P23-2T Plus est un climatiseur de toit compact aliment\u00e9 directement par la batterie du v\u00e9hicule, con\u00e7u pour fonctionner dans les v\u00e9hicules utilis\u00e9s dans les conditions sur route et hors route les plus exigeantes.<\/span><\/span><\/span><\/div>\n<div dir=\"ltr\"><\/div>\n<div><a href=\"https:\/\/www.youtube.com\/watch?v=h5bHuRh4E7E\">En cliquant ici, vous pouvez regarder la vid\u00e9o d&rsquo;installation sur YouTube.<\/a><\/div>\n<\/div>\n<p><a href=\"https:\/\/info-es.bergstrominc.com\/WebEspa%C3%B1a\/Encuentra-tu-referencia\/Para-trabajar\/P23\/Plantilla%20de%20Corte%20P23-2T%20Plus.pdf\">T\u00e9l\u00e9chargez le gabarit de d\u00e9coupe en cliquant ici<\/a><\/p>\n","protected":false},"featured_media":15068,"comment_status":"open","ping_status":"closed","template":"","meta":{"site-sidebar-layout":"default","site-content-layout":"","ast-site-content-layout":"default","site-content-style":"default","site-sidebar-style":"default","ast-global-header-display":"","ast-banner-title-visibility":"","ast-main-header-display":"","ast-hfb-above-header-display":"","ast-hfb-below-header-display":"","ast-hfb-mobile-header-display":"","site-post-title":"","ast-breadcrumbs-content":"","ast-featured-img":"","footer-sml-layout":"","ast-disable-related-posts":"","theme-transparent-header-meta":"default","adv-header-id-meta":"","stick-header-meta":"","header-above-stick-meta":"","header-main-stick-meta":"","header-below-stick-meta":"","astra-migrate-meta-layouts":"set","ast-page-background-enabled":"default","ast-page-background-meta":{"desktop":{"background-color":"var(--ast-global-color-4)","background-image":"","background-repeat":"repeat","background-position":"center center","background-size":"auto","background-attachment":"scroll","background-type":"","background-media":"","overlay-type":"","overlay-color":"","overlay-opacity":"","overlay-gradient":""},"tablet":{"background-color":"","background-image":"","background-repeat":"repeat","background-position":"center center","background-size":"auto","background-attachment":"scroll","background-type":"","background-media":"","overlay-type":"","overlay-color":"","overlay-opacity":"","overlay-gradient":""},"mobile":{"background-color":"","background-image":"","background-repeat":"repeat","background-position":"center center","background-size":"auto","background-attachment":"scroll","background-type":"","background-media":"","overlay-type":"","overlay-color":"","overlay-opacity":"","overlay-gradient":""}},"ast-content-background-meta":{"desktop":{"background-color":"var(--ast-global-color-5)","background-image":"","background-repeat":"repeat","background-position":"center center","background-size":"auto","background-attachment":"scroll","background-type":"","background-media":"","overlay-type":"","overlay-color":"","overlay-opacity":"","overlay-gradient":""},"tablet":{"background-color":"var(--ast-global-color-5)","background-image":"","background-repeat":"repeat","background-position":"center center","background-size":"auto","background-attachment":"scroll","background-type":"","background-media":"","overlay-type":"","overlay-color":"","overlay-opacity":"","overlay-gradient":""},"mobile":{"background-color":"var(--ast-global-color-5)","background-image":"","background-repeat":"repeat","background-position":"center center","background-size":"auto","background-attachment":"scroll","background-type":"","background-media":"","overlay-type":"","overlay-color":"","overlay-opacity":"","overlay-gradient":""}}},"product_brand":[],"product_cat":[121,120],"product_tag":[122],"class_list":{"0":"post-14779","1":"product","2":"type-product","3":"status-publish","4":"has-post-thumbnail","6":"product_cat-pour-travailler","7":"product_cat-professionnel","8":"product_tag-3columnas-fr","9":"desktop-align-left","10":"tablet-align-left","11":"mobile-align-left","13":"first","14":"instock","15":"shipping-taxable","16":"product-type-simple"},"_links":{"self":[{"href":"https:\/\/bergstrominc.com\/es\/fr\/wp-json\/wp\/v2\/product\/14779","targetHints":{"allow":["GET"]}}],"collection":[{"href":"https:\/\/bergstrominc.com\/es\/fr\/wp-json\/wp\/v2\/product"}],"about":[{"href":"https:\/\/bergstrominc.com\/es\/fr\/wp-json\/wp\/v2\/types\/product"}],"replies":[{"embeddable":true,"href":"https:\/\/bergstrominc.com\/es\/fr\/wp-json\/wp\/v2\/comments?post=14779"}],"version-history":[{"count":14,"href":"https:\/\/bergstrominc.com\/es\/fr\/wp-json\/wp\/v2\/product\/14779\/revisions"}],"predecessor-version":[{"id":18968,"href":"https:\/\/bergstrominc.com\/es\/fr\/wp-json\/wp\/v2\/product\/14779\/revisions\/18968"}],"wp:featuredmedia":[{"embeddable":true,"href":"https:\/\/bergstrominc.com\/es\/fr\/wp-json\/wp\/v2\/media\/15068"}],"wp:attachment":[{"href":"https:\/\/bergstrominc.com\/es\/fr\/wp-json\/wp\/v2\/media?parent=14779"}],"wp:term":[{"taxonomy":"product_brand","embeddable":true,"href":"https:\/\/bergstrominc.com\/es\/fr\/wp-json\/wp\/v2\/product_brand?post=14779"},{"taxonomy":"product_cat","embeddable":true,"href":"https:\/\/bergstrominc.com\/es\/fr\/wp-json\/wp\/v2\/product_cat?post=14779"},{"taxonomy":"product_tag","embeddable":true,"href":"https:\/\/bergstrominc.com\/es\/fr\/wp-json\/wp\/v2\/product_tag?post=14779"}],"curies":[{"name":"wp","href":"https:\/\/api.w.org\/{rel}","templated":true}]}}