{"id":15380,"date":"2025-02-07T10:46:49","date_gmt":"2025-02-07T09:46:49","guid":{"rendered":"https:\/\/dimgrey-goat-433611.hostingersite.com\/es\/?post_type=product&#038;p=15380"},"modified":"2025-02-07T10:47:01","modified_gmt":"2025-02-07T09:47:01","slug":"flex-power-ii-copia","status":"publish","type":"product","link":"https:\/\/bergstrominc.com\/es\/fr\/producto\/flex-power-ii-copia\/","title":{"rendered":"FLEX POWER II (copia)"},"content":{"rendered":"<p>\u00c9tant con\u00e7u avec un compresseur \u00e9lectrique, FLEX POWER II ne n\u00e9cessite pas la puissance du moteur du v\u00e9hicule, mais seulement une connexion au syst\u00e8me \u00e9lectrique.FLEX POWER II est compos\u00e9 de trois parties principales : une unit\u00e9 compresseur, une unit\u00e9 condenseur et une unit\u00e9 \u00e9vaporateur. En combinant ces trois unit\u00e9s et en les compl\u00e9tant avec un kit d&rsquo;installation, il peut \u00eatre configur\u00e9 de mani\u00e8re flexible \u00e0 plusieurs endroits selon les besoins de chaque v\u00e9hicule.   <\/p>\n<ul>\n<li>\u00c9quipement enti\u00e8rement \u00e9lectrique.<\/li>\n<li>Structure tr\u00e8s r\u00e9sistante et entretien minimal.<\/li>\n<li>Installation sans toucher au moteur du v\u00e9hicule et adapt\u00e9e \u00e0 diff\u00e9rents types de cabines.<\/li>\n<li>Adaptation totale au v\u00e9hicule gr\u00e2ce \u00e0 sa structure modulaire.<\/li>\n<li>3 vitesses de ventilation.<\/li>\n<li>R\u00e9gulation manuelle de la puissance frigorifique.<\/li>\n<\/ul>\n","protected":false},"excerpt":{"rendered":"<p>FLEX POWER II est un syst\u00e8me modulaire de climatisation \u00e9lectrique pour des applications sp\u00e9ciales, capable de fonctionner dans des environnements durs et exigeants. Ses diff\u00e9rentes options d&rsquo;installation permettent une adaptation compl\u00e8te au v\u00e9hicule dans lequel il sera install\u00e9. <\/p>\n","protected":false},"featured_media":11234,"comment_status":"open","ping_status":"closed","template":"","meta":{"site-sidebar-layout":"default","site-content-layout":"","ast-site-content-layout":"default","site-content-style":"default","site-sidebar-style":"default","ast-global-header-display":"","ast-banner-title-visibility":"","ast-main-header-display":"","ast-hfb-above-header-display":"","ast-hfb-below-header-display":"","ast-hfb-mobile-header-display":"","site-post-title":"","ast-breadcrumbs-content":"","ast-featured-img":"","footer-sml-layout":"","ast-disable-related-posts":"","theme-transparent-header-meta":"default","adv-header-id-meta":"","stick-header-meta":"","header-above-stick-meta":"","header-main-stick-meta":"","header-below-stick-meta":"","astra-migrate-meta-layouts":"set","ast-page-background-enabled":"default","ast-page-background-meta":{"desktop":{"background-color":"var(--ast-global-color-4)","background-image":"","background-repeat":"repeat","background-position":"center center","background-size":"auto","background-attachment":"scroll","background-type":"","background-media":"","overlay-type":"","overlay-color":"","overlay-opacity":"","overlay-gradient":""},"tablet":{"background-color":"","background-image":"","background-repeat":"repeat","background-position":"center center","background-size":"auto","background-attachment":"scroll","background-type":"","background-media":"","overlay-type":"","overlay-color":"","overlay-opacity":"","overlay-gradient":""},"mobile":{"background-color":"","background-image":"","background-repeat":"repeat","background-position":"center center","background-size":"auto","background-attachment":"scroll","background-type":"","background-media":"","overlay-type":"","overlay-color":"","overlay-opacity":"","overlay-gradient":""}},"ast-content-background-meta":{"desktop":{"background-color":"var(--ast-global-color-5)","background-image":"","background-repeat":"repeat","background-position":"center center","background-size":"auto","background-attachment":"scroll","background-type":"","background-media":"","overlay-type":"","overlay-color":"","overlay-opacity":"","overlay-gradient":""},"tablet":{"background-color":"var(--ast-global-color-5)","background-image":"","background-repeat":"repeat","background-position":"center center","background-size":"auto","background-attachment":"scroll","background-type":"","background-media":"","overlay-type":"","overlay-color":"","overlay-opacity":"","overlay-gradient":""},"mobile":{"background-color":"var(--ast-global-color-5)","background-image":"","background-repeat":"repeat","background-position":"center center","background-size":"auto","background-attachment":"scroll","background-type":"","background-media":"","overlay-type":"","overlay-color":"","overlay-opacity":"","overlay-gradient":""}}},"product_brand":[],"product_cat":[137],"product_tag":[],"class_list":{"0":"post-15380","1":"product","2":"type-product","3":"status-publish","4":"has-post-thumbnail","6":"product_cat-sin-categorizar-fr","7":"desktop-align-left","8":"tablet-align-left","9":"mobile-align-left","11":"first","12":"instock","13":"shipping-taxable","14":"product-type-simple"},"_links":{"self":[{"href":"https:\/\/bergstrominc.com\/es\/fr\/wp-json\/wp\/v2\/product\/15380","targetHints":{"allow":["GET"]}}],"collection":[{"href":"https:\/\/bergstrominc.com\/es\/fr\/wp-json\/wp\/v2\/product"}],"about":[{"href":"https:\/\/bergstrominc.com\/es\/fr\/wp-json\/wp\/v2\/types\/product"}],"replies":[{"embeddable":true,"href":"https:\/\/bergstrominc.com\/es\/fr\/wp-json\/wp\/v2\/comments?post=15380"}],"version-history":[{"count":1,"href":"https:\/\/bergstrominc.com\/es\/fr\/wp-json\/wp\/v2\/product\/15380\/revisions"}],"predecessor-version":[{"id":15384,"href":"https:\/\/bergstrominc.com\/es\/fr\/wp-json\/wp\/v2\/product\/15380\/revisions\/15384"}],"wp:featuredmedia":[{"embeddable":true,"href":"https:\/\/bergstrominc.com\/es\/fr\/wp-json\/wp\/v2\/media\/11234"}],"wp:attachment":[{"href":"https:\/\/bergstrominc.com\/es\/fr\/wp-json\/wp\/v2\/media?parent=15380"}],"wp:term":[{"taxonomy":"product_brand","embeddable":true,"href":"https:\/\/bergstrominc.com\/es\/fr\/wp-json\/wp\/v2\/product_brand?post=15380"},{"taxonomy":"product_cat","embeddable":true,"href":"https:\/\/bergstrominc.com\/es\/fr\/wp-json\/wp\/v2\/product_cat?post=15380"},{"taxonomy":"product_tag","embeddable":true,"href":"https:\/\/bergstrominc.com\/es\/fr\/wp-json\/wp\/v2\/product_tag?post=15380"}],"curies":[{"name":"wp","href":"https:\/\/api.w.org\/{rel}","templated":true}]}}