{"id":19589,"date":"2026-02-02T09:55:03","date_gmt":"2026-02-02T08:55:03","guid":{"rendered":"https:\/\/bergstrominc.com\/es\/producto\/integral-power-duo-fra\/"},"modified":"2026-03-23T07:56:38","modified_gmt":"2026-03-23T06:56:38","slug":"integral-power-duo-fra","status":"publish","type":"product","link":"https:\/\/bergstrominc.com\/es\/fr\/producto\/integral-power-duo-fra\/","title":{"rendered":"INTEGRAL POWER DUO"},"content":{"rendered":"<p data-start=\"252\" data-end=\"503\">L&rsquo;Integral Power DUO est l&rsquo;\u00e9volution du c\u00e9l\u00e8bre Integral Power II, int\u00e9grant la climatisation et le chauffage dans une seule unit\u00e9 enti\u00e8rement \u00e9lectrique, con\u00e7ue pour garantir un confort thermique maximal \u00e0 tout moment de l&rsquo;ann\u00e9e.<\/p>\n<p data-start=\"505\" data-end=\"778\">Il est mont\u00e9 sur le toit de la cabine et constitue la solution id\u00e9ale lorsque le v\u00e9hicule n&rsquo;est pas \u00e9quip\u00e9 d&rsquo;une climatisation d&rsquo;origine, lorsqu&rsquo;un renforcement du syst\u00e8me existant est n\u00e9cessaire ou lorsqu&rsquo;un \u00e9quipement suppl\u00e9mentaire et ind\u00e9pendant est requis, aussi bien par temps chaud que par temps froid.<\/p>\n<p data-start=\"780\" data-end=\"1146\">Gr\u00e2ce \u00e0 sa polyvalence et \u00e0 sa robustesse, le groupe \u00e9lectrog\u00e8ne Integral Power DUO est particuli\u00e8rement adapt\u00e9 aux engins tout-terrain tels que les pelles hydrauliques, les camions-bennes, les grues, les niveleuses, les machines agricoles et les chariots \u00e9l\u00e9vateurs. Il est \u00e9galement largement utilis\u00e9 dans les camions de collecte des d\u00e9chets urbains, o\u00f9 la fiabilit\u00e9 et le confort de l&rsquo;op\u00e9rateur sont essentiels.<\/p>\n<h3 data-start=\"1148\" data-end=\"1183\">Caract\u00e9ristiques principales<\/h3>\n<p>&nbsp;<\/p>\n<ul data-start=\"1184\" data-end=\"1892\">\n<li data-start=\"1184\" data-end=\"1257\">\n<p data-start=\"1186\" data-end=\"1257\">Double fonction : climatisation et chauffage dans un seul appareil.<\/p>\n<\/li>\n<li data-start=\"1345\" data-end=\"1437\">\n<p data-start=\"1347\" data-end=\"1437\">Unit\u00e9 100 % \u00e9lectrique dot\u00e9e d&rsquo;une technologie Inverter avanc\u00e9e, efficace et silencieuse. Jusqu&rsquo;\u00e0 12 dB(A) de bruit ext\u00e9rieur en moins.<\/p>\n<\/li>\n<li data-start=\"1438\" data-end=\"1559\">\n<p data-start=\"1440\" data-end=\"1559\">Structure extr\u00eamement r\u00e9sistante, con\u00e7ue pour les environnements de travail exigeants et n\u00e9cessitant un entretien minimal.<\/p>\n<\/li>\n<li data-start=\"1560\" data-end=\"1660\">\n<p data-start=\"1562\" data-end=\"1660\">Installation simple sur le toit de la cabine, sans intervention sur le moteur du v\u00e9hicule.<\/p>\n<\/li>\n<li data-start=\"1661\" data-end=\"1739\">\n<p data-start=\"1663\" data-end=\"1739\">Parfaitement adapt\u00e9 aux cabines sans trappe.<\/p>\n<\/li>\n<li data-start=\"1740\" data-end=\"1802\">\n<p data-start=\"1742\" data-end=\"1802\">Gabarit de d\u00e9coupe inclus.<\/p>\n<\/li>\n<li data-start=\"1803\" data-end=\"1892\">\n<p data-start=\"1805\" data-end=\"1892\">Il contient du gaz r\u00e9frig\u00e9rant de nouvelle g\u00e9n\u00e9ration R-1234yf \u00e0 impact environnemental quasi nul<\/p>\n<\/li>\n<\/ul>\n<p data-start=\"1894\" data-end=\"2102\">L&rsquo;Integral Power DUO est la solution id\u00e9ale pour ceux qui recherchent un confort thermique tout au long de l&rsquo;ann\u00e9e, une fiabilit\u00e9 maximale et une installation rapide et propre, m\u00eame dans les applications les plus exigeantes.<\/p>\n","protected":false},"excerpt":{"rendered":"<p>Integral Power DUO est un climatiseur \u00e9lectrique de toit qui combine climatisation et chauffage en une seule unit\u00e9, con\u00e7u pour les v\u00e9hicules travaillant dans des conditions exigeantes et n\u00e9cessitant une solution fiable, efficace et facile \u00e0 installer.<\/p>\n","protected":false},"featured_media":19310,"comment_status":"open","ping_status":"closed","template":"","meta":{"site-sidebar-layout":"default","site-content-layout":"","ast-site-content-layout":"default","site-content-style":"default","site-sidebar-style":"default","ast-global-header-display":"","ast-banner-title-visibility":"","ast-main-header-display":"","ast-hfb-above-header-display":"","ast-hfb-below-header-display":"","ast-hfb-mobile-header-display":"","site-post-title":"","ast-breadcrumbs-content":"","ast-featured-img":"","footer-sml-layout":"","ast-disable-related-posts":"","theme-transparent-header-meta":"default","adv-header-id-meta":"","stick-header-meta":"","header-above-stick-meta":"","header-main-stick-meta":"","header-below-stick-meta":"","astra-migrate-meta-layouts":"set","ast-page-background-enabled":"default","ast-page-background-meta":{"desktop":{"background-color":"var(--ast-global-color-4)","background-image":"","background-repeat":"repeat","background-position":"center center","background-size":"auto","background-attachment":"scroll","background-type":"","background-media":"","overlay-type":"","overlay-color":"","overlay-opacity":"","overlay-gradient":""},"tablet":{"background-color":"","background-image":"","background-repeat":"repeat","background-position":"center center","background-size":"auto","background-attachment":"scroll","background-type":"","background-media":"","overlay-type":"","overlay-color":"","overlay-opacity":"","overlay-gradient":""},"mobile":{"background-color":"","background-image":"","background-repeat":"repeat","background-position":"center center","background-size":"auto","background-attachment":"scroll","background-type":"","background-media":"","overlay-type":"","overlay-color":"","overlay-opacity":"","overlay-gradient":""}},"ast-content-background-meta":{"desktop":{"background-color":"var(--ast-global-color-5)","background-image":"","background-repeat":"repeat","background-position":"center center","background-size":"auto","background-attachment":"scroll","background-type":"","background-media":"","overlay-type":"","overlay-color":"","overlay-opacity":"","overlay-gradient":""},"tablet":{"background-color":"var(--ast-global-color-5)","background-image":"","background-repeat":"repeat","background-position":"center center","background-size":"auto","background-attachment":"scroll","background-type":"","background-media":"","overlay-type":"","overlay-color":"","overlay-opacity":"","overlay-gradient":""},"mobile":{"background-color":"var(--ast-global-color-5)","background-image":"","background-repeat":"repeat","background-position":"center center","background-size":"auto","background-attachment":"scroll","background-type":"","background-media":"","overlay-type":"","overlay-color":"","overlay-opacity":"","overlay-gradient":""}}},"product_brand":[],"product_cat":[121,120],"product_tag":[],"class_list":{"0":"post-19589","1":"product","2":"type-product","3":"status-publish","4":"has-post-thumbnail","6":"product_cat-pour-travailler","7":"product_cat-professionnel","8":"desktop-align-left","9":"tablet-align-left","10":"mobile-align-left","12":"first","13":"instock","14":"shipping-taxable","15":"product-type-simple"},"_links":{"self":[{"href":"https:\/\/bergstrominc.com\/es\/fr\/wp-json\/wp\/v2\/product\/19589","targetHints":{"allow":["GET"]}}],"collection":[{"href":"https:\/\/bergstrominc.com\/es\/fr\/wp-json\/wp\/v2\/product"}],"about":[{"href":"https:\/\/bergstrominc.com\/es\/fr\/wp-json\/wp\/v2\/types\/product"}],"replies":[{"embeddable":true,"href":"https:\/\/bergstrominc.com\/es\/fr\/wp-json\/wp\/v2\/comments?post=19589"}],"version-history":[{"count":2,"href":"https:\/\/bergstrominc.com\/es\/fr\/wp-json\/wp\/v2\/product\/19589\/revisions"}],"predecessor-version":[{"id":19848,"href":"https:\/\/bergstrominc.com\/es\/fr\/wp-json\/wp\/v2\/product\/19589\/revisions\/19848"}],"wp:featuredmedia":[{"embeddable":true,"href":"https:\/\/bergstrominc.com\/es\/fr\/wp-json\/wp\/v2\/media\/19310"}],"wp:attachment":[{"href":"https:\/\/bergstrominc.com\/es\/fr\/wp-json\/wp\/v2\/media?parent=19589"}],"wp:term":[{"taxonomy":"product_brand","embeddable":true,"href":"https:\/\/bergstrominc.com\/es\/fr\/wp-json\/wp\/v2\/product_brand?post=19589"},{"taxonomy":"product_cat","embeddable":true,"href":"https:\/\/bergstrominc.com\/es\/fr\/wp-json\/wp\/v2\/product_cat?post=19589"},{"taxonomy":"product_tag","embeddable":true,"href":"https:\/\/bergstrominc.com\/es\/fr\/wp-json\/wp\/v2\/product_tag?post=19589"}],"curies":[{"name":"wp","href":"https:\/\/api.w.org\/{rel}","templated":true}]}}