{"id":15361,"date":"2024-03-08T16:45:44","date_gmt":"2024-03-08T15:45:44","guid":{"rendered":"https:\/\/dimgrey-goat-433611.hostingersite.com\/es\/politica-sulla-riservatezza\/"},"modified":"2025-07-02T12:54:58","modified_gmt":"2025-07-02T10:54:58","slug":"politica-sulla-riservatezza","status":"publish","type":"page","link":"https:\/\/bergstrominc.com\/es\/it\/politica-sulla-riservatezza\/","title":{"rendered":"politica sulla riservatezza <br>"},"content":{"rendered":"\t\t<div data-elementor-type=\"wp-page\" data-elementor-id=\"15361\" class=\"elementor elementor-15361 elementor-3\" data-elementor-post-type=\"page\">\n\t\t\t\t<div class=\"elementor-element elementor-element-bfa02a3 e-flex e-con-boxed e-con e-parent\" data-id=\"bfa02a3\" data-element_type=\"container\" data-e-type=\"container\" data-settings=\"{&quot;background_background&quot;:&quot;classic&quot;,&quot;jet_parallax_layout_list&quot;:[]}\">\n\t\t\t\t\t<div class=\"e-con-inner\">\n\t\t<div class=\"elementor-element elementor-element-8078865 e-con-full e-flex e-con e-child\" data-id=\"8078865\" data-element_type=\"container\" data-e-type=\"container\" data-settings=\"{&quot;jet_parallax_layout_list&quot;:[]}\">\n\t\t\t\t<div class=\"elementor-element elementor-element-9d10754 elementor-widget__width-initial elementor-widget elementor-widget-heading\" data-id=\"9d10754\" data-element_type=\"widget\" data-e-type=\"widget\" data-widget_type=\"heading.default\">\n\t\t\t\t<div class=\"elementor-widget-container\">\n\t\t\t\t\t<h1 class=\"elementor-heading-title elementor-size-default\">politica sulla riservatezza <br><\/h1>\t\t\t\t<\/div>\n\t\t\t\t<\/div>\n\t\t\t\t<\/div>\n\t\t\t\t\t<\/div>\n\t\t\t\t<\/div>\n\t\t<div class=\"elementor-element elementor-element-20ea8c2 e-flex e-con-boxed e-con e-parent\" data-id=\"20ea8c2\" data-element_type=\"container\" data-e-type=\"container\" data-settings=\"{&quot;background_background&quot;:&quot;classic&quot;,&quot;jet_parallax_layout_list&quot;:[]}\">\n\t\t\t\t\t<div class=\"e-con-inner\">\n\t\t\t\t<div class=\"elementor-element elementor-element-ae512c6 elementor-widget elementor-widget-text-editor\" data-id=\"ae512c6\" data-element_type=\"widget\" data-e-type=\"widget\" data-widget_type=\"text-editor.default\">\n\t\t\t\t<div class=\"elementor-widget-container\">\n\t\t\t\t\t\t\t\t\t<h4><strong>PROTEZIONE DEI DATI PERSONALI SECONDO LA LOPD <br><\/strong><\/h4><div><span style=\"font-style: inherit; font-weight: inherit; color: var( --e-global-color-text ); text-align: var(--text-align);\"> <\/span><\/div><div><span style=\"font-style: inherit; font-weight: inherit; color: var( --e-global-color-text ); text-align: var(--text-align);\">Dirna Bergstrom, S.L., in conformit\u00e0 con la normativa vigente in materia di protezione dei dati personali, informa che i dati personali raccolti attraverso i moduli presenti sul sito web: https:\/\/bergstrominc.com\/es, sono inseriti nei file automatizzati specifici degli utenti dei servizi di Dirna Bergstrom, S.L.<\/span><\/div><p>Lo scopo della raccolta e del trattamento automatizzato dei dati personali \u00e8 quello di mantenere il rapporto commerciale e di svolgere attivit\u00e0 di informazione, formazione, consulenza e altre attivit\u00e0 di Dirna Bergstrom, S.L. <br><\/p><p>Tali dati saranno trasferiti esclusivamente ai soggetti necessari al solo fine di realizzare lo scopo sopra indicato. <br><\/p><p>Dirna Bergstrom, S.L., adotta le misure necessarie per garantire la sicurezza, l&#8217;integrit\u00e0 e la riservatezza dei dati conformemente a quanto disposto dal Regolamento (UE) 2016\/679 del Parlamento europeo e del Consiglio, del 27 aprile 2016, relativo alla protezione delle persone fisiche con riguardo al trattamento dei dati personali, nonch\u00e9 alla libera circolazione di tali dati. <br><\/p><p>L&#8217;utente potr\u00e0 in qualsiasi momento esercitare i diritti di accesso, opposizione, rettifica e cancellazione riconosciuti dal Regolamento (UE) sopra menzionato. L&#8217;utente potr\u00e0 esercitare tali diritti inviando un&#8217;e-mail a: ventas@dirna.bergstrominc.com o sales@dirna.bergstrominc.com oppure al seguente indirizzo: Dirna Bergstrom, S.L., Calle Francisco Alonso, 11 A \u2013 28806 \u2013 Alcal\u00e1 de Henares, Madrid, Spagna. <\/p><p>L&#8217;utente dichiara che tutti i dati da lui forniti sono veritieri e corretti e si impegna a mantenerli aggiornati, comunicando a Dirna Bergstrom, S.L. qualsiasi modifica. <br><\/p><h4><b>FINALIT\u00c0 DEL TRATTAMENTO DEI DATI PERSONALI<\/b><\/h4><div><span style=\"font-style: inherit; font-weight: inherit; color: var( --e-global-color-text ); text-align: var(--text-align);\"> <\/span><\/div><div><span style=\"font-style: inherit; font-weight: inherit; color: var( --e-global-color-text ); text-align: var(--text-align);\">Per quali finalit\u00e0 tratteremo i tuoi dati personali? <br><\/span><\/div><p>Presso Dirna Bergstrom, S.L. tratteremo i tuoi dati personali raccolti tramite il sito web: https:\/\/bergstrominc.com\/es, per le seguenti finalit\u00e0:<\/p><p>In caso di acquisto di beni e servizi offerti tramite https:\/\/bergstrominc.com\/es, per il mantenimento del rapporto contrattuale, nonch\u00e9 per la gestione, l&#8217;amministrazione, l&#8217;informazione, la fornitura e il miglioramento del servizio.<br>Invio di informazioni richieste tramite i moduli disponibili su https:\/\/bergstrominc.com\/es<br>Invio di newsletter, nonch\u00e9 di comunicazioni commerciali relative a promozioni e\/o pubblicit\u00e0 di Dirna Bergstrom, S.L. e del settore.<br>Ti ricordiamo che puoi scegliere di non ricevere comunicazioni commerciali con qualsiasi mezzo e in qualsiasi momento inviando un&#8217;e-mail all&#8217;indirizzo sopra indicato.<\/p><p>I campi di questi registri devono essere compilati obbligatoriamente e senza il conferimento dei dati non sar\u00e0 possibile raggiungere gli scopi dichiarati. <br><\/p><p>Per quanto tempo vengono conservati i dati personali raccolti? <br><br>I dati personali forniti saranno conservati fintantoch\u00e9 sar\u00e0 mantenuto il rapporto commerciale o non ne verr\u00e0 richiesta la cancellazione e per il periodo in cui potranno sorgere responsabilit\u00e0 legali per i servizi forniti. <br><\/p><h4><b>LEGITTIMAZIONE: <br><\/b><\/h4><div><b> <\/b><\/div><p>Il trattamento dei Suoi dati \u00e8 effettuato sulle seguenti basi giuridiche che lo legittimano: <br><\/p><p>La richiesta di informazioni e\/o la contrattazione dei servizi di Dirna Bergstrom, S.L., i cui termini e condizioni saranno in ogni caso messi a vostra disposizione, prima di qualsiasi eventuale contrattazione. <br><br>Consenso libero, specifico, informato e inequivocabile, come ti informiamo mettendoti a disposizione la presente informativa sulla privacy, che, dopo averla letta, se sei d&#8217;accordo, potrai accettare mediante una dichiarazione o un&#8217;azione affermativa chiara, come ad esempio spuntando una casella prevista a tale scopo. <br><br>Se non ci fornisci i tuoi dati o li fornisci in modo errato o incompleto, non potremo elaborare la tua richiesta, rendendo impossibile fornirti le informazioni richieste o eseguire la stipula del contratto dei servizi. <br><\/p><h4><b>DESTINATARI: <br><\/b><\/h4><div><b> <\/b><\/div><p data-start=\"338\" data-end=\"646\">I dati non saranno comunicati a terzi diversi da Dirna Bergstrom, S.L., salvo obbligo di legge. <br><\/p><p>In qualit\u00e0 di responsabili del trattamento dei dati, abbiamo stipulato contratti con i seguenti fornitori di servizi, che al momento della stipula del contratto hanno accettato di rispettare le normative sulla protezione dei dati applicabili:<br><a href=\"https:\/\/groubermarketing.com\/\">Grouber Marketing S.L. <\/a>fornisce servizi di marketing diretto, manutenzione e hosting di siti web. \u00c8 possibile consultare l&#8217;informativa sulla privacy e altre informazioni legali dell&#8217;azienda al seguente link: <a href=\"https:\/\/groubermarketing.com\/\">groubermarketing.com\/ <\/a> <\/p><p><b style=\"font-size: 1.3em; font-style: inherit;\">DATI RACCOLTI DAGLI UTENTI DEI SERVIZI <br><\/b><\/p><div><b> <\/b><\/div><p>Nei casi in cui l&#8217;utente includa file con dati personali sui server di hosting condiviso, Dirna Bergstrom, S.L. non \u00e8 responsabile della mancata conformit\u00e0 dell&#8217;utente al GDPR. <br><\/p><h4><b>CONSERVAZIONE DEI DATI AI SENSI DELLA LSSI<\/b><\/h4><div><b> <\/b><\/div><p>Dirna Bergstrom, S.L. informa che, in qualit\u00e0 di fornitore di servizi di hosting di dati e in conformit\u00e0 con quanto disposto dalla Legge 34\/2002 dell&#8217;11 luglio sui servizi della societ\u00e0 dell&#8217;informazione e del commercio elettronico (LSSI), conserva per un periodo massimo di 12 mesi le informazioni essenziali per identificare l&#8217;origine dei dati ospitati e il momento in cui \u00e8 iniziata la prestazione del servizio. La conservazione di questi dati non pregiudica la riservatezza delle comunicazioni e potranno essere utilizzati solo nell&#8217;ambito di un&#8217;indagine penale o per salvaguardare la sicurezza pubblica e potranno essere messi a disposizione di giudici e\/o tribunali o del Ministero che ne facciano richiesta. <\/p><p>La comunicazione dei dati alle Forze e ai Corpi dello Stato avverr\u00e0 nel rispetto di quanto previsto dalla normativa sulla protezione dei dati personali. <br><\/p><h4><b>DIRITTI DI PROPRIET\u00c0 INTELLETTUALE <br><\/b><\/h4><div><b> <\/b><\/div><p>Dirna Bergstrom, S.L. \u00e8 titolare di tutti i diritti d&#8217;autore, di propriet\u00e0 intellettuale e industriale, del know-how e di qualsiasi altro diritto correlato al contenuto del sito web https:\/\/bergstrominc.com\/es e ai servizi in esso offerti, nonch\u00e9 dei programmi necessari per la sua implementazione e delle informazioni correlate.<\/p><p>\u00c8 vietata la riproduzione, la pubblicazione e\/o l&#8217;uso, totale o parziale, dei contenuti del sito web https:\/\/bergstrominc.com\/es, per scopi diversi da quelli strettamente privati, senza il previo consenso scritto. <br><\/p><h4><b>PROPRIET\u00c0 INTELLETTUALE DEL SOFTWARE <br><\/b><\/h4><div><b> <\/b><\/div><p>L&#8217;utente \u00e8 tenuto a rispettare i programmi di terze parti messi a sua disposizione da Dirna Bergstrom, S.L., anche se gratuiti e\/o accessibili al pubblico. <br><\/p><p>Dirna Bergstrom, S.L. possiede i necessari diritti di propriet\u00e0 intellettuale e di sfruttamento del software.<\/p><p>L&#8217;utente non acquisisce alcun diritto o licenza per il servizio contrattato, sul software necessario per la fornitura del servizio, n\u00e9 sulle informazioni tecniche per il monitoraggio del servizio, ad eccezione dei diritti e delle licenze necessari per l&#8217;adempimento dei servizi contrattati e solo per la durata degli stessi.<\/p><p>Per qualsiasi azione che ecceda l&#8217;adempimento del contratto, l&#8217;utente avr\u00e0 bisogno dell&#8217;autorizzazione scritta di Dirna Bergstrom, S.L. All&#8217;utente \u00e8 vietato accedere, modificare, visualizzare la configurazione, la struttura e i file dei server di propriet\u00e0 di Dirna Bergstrom, S.L., assumendosi la responsabilit\u00e0 civile e penale derivante da qualsiasi incidente che possa verificarsi sui server e sui sistemi di sicurezza come conseguenza diretta di azioni negligenti o dolose da parte sua. <br><\/p><h4><b>PROPRIET\u00c0 INTELLETTUALE DEI CONTENUTI OSPITATI <br><\/b><\/h4><div><b> <\/b><\/div><p>\u00c8 vietato qualsiasi utilizzo dei servizi forniti da Dirna Bergstrom, S.L. che violi la legge sulla propriet\u00e0 intellettuale. e, in particolare: <br><\/p><p>Qualsiasi utilizzo contrario alle leggi spagnole o che violi i diritti di terzi. <br><br>La pubblicazione o la trasmissione di qualsiasi contenuto che, a giudizio di Dirna Bergstrom, S.L., sia violento, osceno, offensivo, illegale, razziale, xenofobo o diffamatorio. <br><br>Crack, numeri di serie di programmi o qualsiasi altro contenuto che violi i diritti di propriet\u00e0 intellettuale di terzi. <br><br>La raccolta e\/o l&#8217;utilizzo di dati personali di altri utenti senza il loro consenso espresso o in violazione delle disposizioni del Regolamento (UE) 2016\/679 del Parlamento europeo e del Consiglio del 27 aprile 2016, relativa alla protezione delle persone fisiche con riguardo al trattamento dei dati personali, nonch\u00e9 alla libera circolazione di tali dati.<br>Utilizzare il server di posta e gli indirizzi email del dominio per inviare spam di massa. <br><br>L&#8217;utente \u00e8 pienamente responsabile del contenuto del suo sito web, delle informazioni trasmesse e memorizzate, dei collegamenti ipertestuali, delle rivendicazioni di terzi e delle azioni legali in riferimento alla propriet\u00e0 intellettuale, ai diritti di terzi e alla tutela dei minori. <br><\/p><p>L&#8217;utente \u00e8 responsabile delle leggi e dei regolamenti vigenti, nonch\u00e9 delle norme che regolano il funzionamento del servizio online, il commercio elettronico, il diritto d&#8217;autore, il mantenimento dell&#8217;ordine pubblico, nonch\u00e9 dei principi universali di utilizzo di Internet. <br><\/p><p>L&#8217;utente indennizzer\u00e0 Dirna Bergstrom, S.L. per le spese sostenute per l&#8217;imputazione di Dirna Bergstrom, S.L. in ogni caso per il quale sia imputabile all&#8217;utente la responsabilit\u00e0, ivi comprese le spese e gli onorari legali, anche nel caso di pronuncia giudiziale non definitiva. <br><\/p><h4><b>PROTEZIONE DELLE INFORMAZIONI OSPITATE <br><\/b><\/h4><div><b> <\/b><\/div><p>Dirna Bergstrom, S.L. effettua copie di backup dei contenuti ospitati sui propri server, tuttavia non \u00e8 responsabile per la perdita o l&#8217;eliminazione accidentale dei dati da parte degli utenti. Allo stesso modo, non si garantisce il ripristino completo dei dati cancellati dagli utenti, poich\u00e9 i suddetti dati potrebbero essere stati cancellati e\/o modificati nel periodo di tempo trascorso dall&#8217;ultimo backup. <\/p><p>I servizi offerti, ad eccezione di specifici servizi di backup, non includono la sostituzione dei contenuti conservati nelle copie di backup realizzate da Dirna Bergstrom, S.L., quando tale perdita \u00e8 imputabile all&#8217;utente; In questo caso verr\u00e0 determinata una tariffa in base alla complessit\u00e0 e al volume del recupero, sempre previa accettazione dell&#8217;utente. <br><\/p><p>La sostituzione dei dati cancellati \u00e8 inclusa nel prezzo del servizio solo quando la perdita dei contenuti \u00e8 dovuta a cause imputabili a Dirna Bergstrom, S.L. <br><\/p><h4><b>COMUNICAZIONI COMMERCIALI <br><\/b><\/h4><div><b> <\/b><\/div><p>In applicazione della LSSI. Dirna Bergstrom, S.L. non invier\u00e0 comunicazioni pubblicitarie o promozionali tramite posta elettronica o altri mezzi di comunicazione elettronica equivalenti che non siano stati preventivamente richiesti o espressamente autorizzati dai destinatari delle stesse. <\/p><p>Nel caso di utenti con i quali esiste un precedente rapporto contrattuale, Dirna Bergstrom, S.L. Sei autorizzato a inviare comunicazioni commerciali relative a prodotti o servizi di Dirna Bergstrom, S.L. che siano simili a quelli inizialmente concordati con il cliente. <br><\/p><p>In ogni caso, l&#8217;utente, dopo aver dimostrato la propria identit\u00e0, potr\u00e0 richiedere che non gli vengano inviate ulteriori informazioni commerciali tramite i canali del Servizio Clienti. <br><\/p>\t\t\t\t\t\t\t\t<\/div>\n\t\t\t\t<\/div>\n\t\t\t\t<div class=\"elementor-element elementor-element-6869bbc elementor-widget elementor-widget-html\" data-id=\"6869bbc\" data-element_type=\"widget\" data-e-type=\"widget\" data-widget_type=\"html.default\">\n\t\t\t\t<div class=\"elementor-widget-container\">\n\t\t\t\t\tDirna Bergstrom, S.L. partecipa e accetta tutti i principi di Trasparenza e Quadro di consenso dell'IAB Europa. Utilizziamo la piattaforma di gestione del consenso n. 92. <br> <br><br>\nPuoi modificare le tue scelte in qualsiasi momento <a href=\"javascript:Sddan.cmp.displayUI()\">cliccando qui.<\/a>\t\t\t\t<\/div>\n\t\t\t\t<\/div>\n\t\t\t\t\t<\/div>\n\t\t\t\t<\/div>\n\t\t\t\t<\/div>\n\t\t","protected":false},"excerpt":{"rendered":"<p>PROTEZIONE DEI DATI PERSONALI SECONDO LA LOPD Dirna Bergstrom, S.L., in conformit\u00e0 con la normativa vigente in materia di protezione [&hellip;]<\/p>\n","protected":false},"author":2,"featured_media":0,"parent":0,"menu_order":0,"comment_status":"closed","ping_status":"open","template":"elementor_header_footer","meta":{"site-sidebar-layout":"default","site-content-layout":"","ast-site-content-layout":"full-width-container","site-content-style":"default","site-sidebar-style":"default","ast-global-header-display":"","ast-banner-title-visibility":"","ast-main-header-display":"","ast-hfb-above-header-display":"","ast-hfb-below-header-display":"","ast-hfb-mobile-header-display":"","site-post-title":"","ast-breadcrumbs-content":"","ast-featured-img":"","footer-sml-layout":"","ast-disable-related-posts":"","theme-transparent-header-meta":"","adv-header-id-meta":"","stick-header-meta":"","header-above-stick-meta":"","header-main-stick-meta":"","header-below-stick-meta":"","astra-migrate-meta-layouts":"default","ast-page-background-enabled":"default","ast-page-background-meta":{"desktop":{"background-color":"var(--ast-global-color-4)","background-image":"","background-repeat":"repeat","background-position":"center center","background-size":"auto","background-attachment":"scroll","background-type":"","background-media":"","overlay-type":"","overlay-color":"","overlay-opacity":"","overlay-gradient":""},"tablet":{"background-color":"","background-image":"","background-repeat":"repeat","background-position":"center center","background-size":"auto","background-attachment":"scroll","background-type":"","background-media":"","overlay-type":"","overlay-color":"","overlay-opacity":"","overlay-gradient":""},"mobile":{"background-color":"","background-image":"","background-repeat":"repeat","background-position":"center center","background-size":"auto","background-attachment":"scroll","background-type":"","background-media":"","overlay-type":"","overlay-color":"","overlay-opacity":"","overlay-gradient":""}},"ast-content-background-meta":{"desktop":{"background-color":"var(--ast-global-color-5)","background-image":"","background-repeat":"repeat","background-position":"center center","background-size":"auto","background-attachment":"scroll","background-type":"","background-media":"","overlay-type":"","overlay-color":"","overlay-opacity":"","overlay-gradient":""},"tablet":{"background-color":"var(--ast-global-color-5)","background-image":"","background-repeat":"repeat","background-position":"center center","background-size":"auto","background-attachment":"scroll","background-type":"","background-media":"","overlay-type":"","overlay-color":"","overlay-opacity":"","overlay-gradient":""},"mobile":{"background-color":"var(--ast-global-color-5)","background-image":"","background-repeat":"repeat","background-position":"center center","background-size":"auto","background-attachment":"scroll","background-type":"","background-media":"","overlay-type":"","overlay-color":"","overlay-opacity":"","overlay-gradient":""}},"footnotes":""},"class_list":["post-15361","page","type-page","status-publish","hentry"],"_links":{"self":[{"href":"https:\/\/bergstrominc.com\/es\/it\/wp-json\/wp\/v2\/pages\/15361","targetHints":{"allow":["GET"]}}],"collection":[{"href":"https:\/\/bergstrominc.com\/es\/it\/wp-json\/wp\/v2\/pages"}],"about":[{"href":"https:\/\/bergstrominc.com\/es\/it\/wp-json\/wp\/v2\/types\/page"}],"author":[{"embeddable":true,"href":"https:\/\/bergstrominc.com\/es\/it\/wp-json\/wp\/v2\/users\/2"}],"replies":[{"embeddable":true,"href":"https:\/\/bergstrominc.com\/es\/it\/wp-json\/wp\/v2\/comments?post=15361"}],"version-history":[{"count":7,"href":"https:\/\/bergstrominc.com\/es\/it\/wp-json\/wp\/v2\/pages\/15361\/revisions"}],"predecessor-version":[{"id":17907,"href":"https:\/\/bergstrominc.com\/es\/it\/wp-json\/wp\/v2\/pages\/15361\/revisions\/17907"}],"wp:attachment":[{"href":"https:\/\/bergstrominc.com\/es\/it\/wp-json\/wp\/v2\/media?parent=15361"}],"curies":[{"name":"wp","href":"https:\/\/api.w.org\/{rel}","templated":true}]}}