{"id":15367,"date":"2024-03-22T10:58:05","date_gmt":"2024-03-22T09:58:05","guid":{"rendered":"https:\/\/dimgrey-goat-433611.hostingersite.com\/es\/avviso-legale\/"},"modified":"2025-06-16T13:13:19","modified_gmt":"2025-06-16T11:13:19","slug":"avviso-legale","status":"publish","type":"page","link":"https:\/\/bergstrominc.com\/es\/it\/avviso-legale\/","title":{"rendered":"Avviso legale <br>"},"content":{"rendered":"\t\t<div data-elementor-type=\"wp-page\" data-elementor-id=\"15367\" class=\"elementor elementor-15367 elementor-903\" data-elementor-post-type=\"page\">\n\t\t\t\t<div class=\"elementor-element elementor-element-0628ef6 e-flex e-con-boxed e-con e-parent\" data-id=\"0628ef6\" data-element_type=\"container\" data-e-type=\"container\" data-settings=\"{&quot;background_background&quot;:&quot;classic&quot;,&quot;jet_parallax_layout_list&quot;:[]}\">\n\t\t\t\t\t<div class=\"e-con-inner\">\n\t\t<div class=\"elementor-element elementor-element-fd6a7f6 e-con-full e-flex e-con e-child\" data-id=\"fd6a7f6\" data-element_type=\"container\" data-e-type=\"container\" data-settings=\"{&quot;jet_parallax_layout_list&quot;:[]}\">\n\t\t\t\t<div class=\"elementor-element elementor-element-5824db4 elementor-widget__width-initial elementor-widget elementor-widget-heading\" data-id=\"5824db4\" data-element_type=\"widget\" data-e-type=\"widget\" data-widget_type=\"heading.default\">\n\t\t\t\t<div class=\"elementor-widget-container\">\n\t\t\t\t\t<h1 class=\"elementor-heading-title elementor-size-default\">Avviso legale <br><\/h1>\t\t\t\t<\/div>\n\t\t\t\t<\/div>\n\t\t\t\t<\/div>\n\t\t\t\t\t<\/div>\n\t\t\t\t<\/div>\n\t\t<div class=\"elementor-element elementor-element-e42e7e9 e-flex e-con-boxed e-con e-parent\" data-id=\"e42e7e9\" data-element_type=\"container\" data-e-type=\"container\" data-settings=\"{&quot;background_background&quot;:&quot;classic&quot;,&quot;jet_parallax_layout_list&quot;:[]}\">\n\t\t\t\t\t<div class=\"e-con-inner\">\n\t\t\t\t<div class=\"elementor-element elementor-element-5096788 elementor-widget elementor-widget-text-editor\" data-id=\"5096788\" data-element_type=\"widget\" data-e-type=\"widget\" data-widget_type=\"text-editor.default\">\n\t\t\t\t<div class=\"elementor-widget-container\">\n\t\t\t\t\t\t\t\t\t<p><b>Dirna Bergstrom, S.L.<\/b>, con NIF\/CIF B86653995, indirizzo Calle Francisco Alonso, 11 A \u2013 28806 Alcal\u00e1 de Henares, Madrid, non pu\u00f2 assumersi alcuna responsabilit\u00e0 derivante dall&#8217;uso scorretto, inappropriato o illecito delle informazioni presenti sul sito web bergstrominc.com\/es<\/p><p>Nei limiti stabiliti dalla legge, <strong>Dirna Bergstrom, S.L<\/strong>. non si assume alcuna responsabilit\u00e0 per l&#8217;eventuale mancanza di veridicit\u00e0, integrit\u00e0, aggiornamento o accuratezza dei dati o delle informazioni contenute nelle sue pagine web.<\/p><p>I contenuti e le informazioni non vincolano Dirna Bergstrom, S.L. n\u00e9 costituiscono opinioni, consigli o consulenze legali di alcun tipo, poich\u00e9 si tratta semplicemente di un servizio offerto a scopo informativo e didattico. <br><\/p><p>Il sito web<span style=\"font-style: inherit; font-weight: inherit; color: var( --e-global-color-text ); text-align: var(--text-align);\"> bergstrominternational.com\/en\/<\/span> pu\u00f2 contenere link ad altri siti web di terze parti di cui Dirna Bergstrom, S.L. non pu\u00f2 controllare. Pertanto, <strong>Dirna Bergstrom, S.L<\/strong>. non pu\u00f2 assumersi la responsabilit\u00e0 per i contenuti che possono apparire su pagine di terze parti. <\/p><p>I testi, le immagini, i suoni, le animazioni, il software e gli altri contenuti inclusi in questo sito web sono di propriet\u00e0 esclusiva di <strong>Dirna Bergstrom, S.L<\/strong>. o dei suoi licenziatari. Qualsiasi atto di trasmissione, distribuzione, trasferimento, riproduzione, archiviazione o comunicazione pubblica, totale o parziale, dovr\u00e0 avere il consenso espresso di <strong>Dirna Bergstrom, S.L.<\/strong> <\/p><p>Allo stesso modo, per accedere ad alcuni dei servizi offerti da <strong>Dirna Bergstrom, S.L.<\/strong> offerti tramite il sito web devono fornire alcuni dati personali. <br> <\/p><p>In conformit\u00e0 con quanto disposto dal Regolamento (UE) 2016\/679 del Parlamento europeo e del Consiglio, del 27 aprile 2016, relativo alla protezione delle persone fisiche con riguardo al trattamento dei dati personali, nonch\u00e9 alla libera circolazione di tali dati, la informiamo che compilando questi moduli, i suoi dati personali saranno inseriti e trattati nei file di <b>Dirna Bergstrom, S.L.<\/b> per poter fornire e offrire i nostri servizi nonch\u00e9 per informarti sui miglioramenti apportati al Sito Web.<\/p><p>La informiamo inoltre della possibilit\u00e0 di esercitare gratuitamente i diritti di accesso, rettifica, cancellazione e opposizione dei suoi dati personali, inviando una e-mail a <a href=\"mailto:rgpd@dirna.bergstrominc.com\">rgpd@dirna.bergstrominc.com<\/a> o presso<b> Dirna Bergstrom, S.L. Calle Francisco Alonso, 11 A \u2013 28806 \u2013 Alcal\u00e1 de Henares, Madrid, Spagna.<\/b><\/p>\t\t\t\t\t\t\t\t<\/div>\n\t\t\t\t<\/div>\n\t\t\t\t\t<\/div>\n\t\t\t\t<\/div>\n\t\t\t\t<\/div>\n\t\t","protected":false},"excerpt":{"rendered":"<p>Dirna Bergstrom, S.L., con NIF\/CIF B86653995, indirizzo Calle Francisco Alonso, 11 A \u2013 28806 Alcal\u00e1 de Henares, Madrid, non pu\u00f2 [&hellip;]<\/p>\n","protected":false},"author":12,"featured_media":0,"parent":0,"menu_order":0,"comment_status":"closed","ping_status":"closed","template":"","meta":{"site-sidebar-layout":"no-sidebar","site-content-layout":"","ast-site-content-layout":"full-width-container","site-content-style":"default","site-sidebar-style":"default","ast-global-header-display":"","ast-banner-title-visibility":"","ast-main-header-display":"","ast-hfb-above-header-display":"","ast-hfb-below-header-display":"","ast-hfb-mobile-header-display":"","site-post-title":"disabled","ast-breadcrumbs-content":"","ast-featured-img":"disabled","footer-sml-layout":"","ast-disable-related-posts":"","theme-transparent-header-meta":"","adv-header-id-meta":"","stick-header-meta":"","header-above-stick-meta":"","header-main-stick-meta":"","header-below-stick-meta":"","astra-migrate-meta-layouts":"default","ast-page-background-enabled":"default","ast-page-background-meta":{"desktop":{"background-color":"var(--ast-global-color-4)","background-image":"","background-repeat":"repeat","background-position":"center center","background-size":"auto","background-attachment":"scroll","background-type":"","background-media":"","overlay-type":"","overlay-color":"","overlay-opacity":"","overlay-gradient":""},"tablet":{"background-color":"","background-image":"","background-repeat":"repeat","background-position":"center center","background-size":"auto","background-attachment":"scroll","background-type":"","background-media":"","overlay-type":"","overlay-color":"","overlay-opacity":"","overlay-gradient":""},"mobile":{"background-color":"","background-image":"","background-repeat":"repeat","background-position":"center center","background-size":"auto","background-attachment":"scroll","background-type":"","background-media":"","overlay-type":"","overlay-color":"","overlay-opacity":"","overlay-gradient":""}},"ast-content-background-meta":{"desktop":{"background-color":"var(--ast-global-color-5)","background-image":"","background-repeat":"repeat","background-position":"center center","background-size":"auto","background-attachment":"scroll","background-type":"","background-media":"","overlay-type":"","overlay-color":"","overlay-opacity":"","overlay-gradient":""},"tablet":{"background-color":"var(--ast-global-color-5)","background-image":"","background-repeat":"repeat","background-position":"center center","background-size":"auto","background-attachment":"scroll","background-type":"","background-media":"","overlay-type":"","overlay-color":"","overlay-opacity":"","overlay-gradient":""},"mobile":{"background-color":"var(--ast-global-color-5)","background-image":"","background-repeat":"repeat","background-position":"center center","background-size":"auto","background-attachment":"scroll","background-type":"","background-media":"","overlay-type":"","overlay-color":"","overlay-opacity":"","overlay-gradient":""}},"footnotes":""},"class_list":["post-15367","page","type-page","status-publish","hentry"],"_links":{"self":[{"href":"https:\/\/bergstrominc.com\/es\/it\/wp-json\/wp\/v2\/pages\/15367","targetHints":{"allow":["GET"]}}],"collection":[{"href":"https:\/\/bergstrominc.com\/es\/it\/wp-json\/wp\/v2\/pages"}],"about":[{"href":"https:\/\/bergstrominc.com\/es\/it\/wp-json\/wp\/v2\/types\/page"}],"author":[{"embeddable":true,"href":"https:\/\/bergstrominc.com\/es\/it\/wp-json\/wp\/v2\/users\/12"}],"replies":[{"embeddable":true,"href":"https:\/\/bergstrominc.com\/es\/it\/wp-json\/wp\/v2\/comments?post=15367"}],"version-history":[{"count":2,"href":"https:\/\/bergstrominc.com\/es\/it\/wp-json\/wp\/v2\/pages\/15367\/revisions"}],"predecessor-version":[{"id":17728,"href":"https:\/\/bergstrominc.com\/es\/it\/wp-json\/wp\/v2\/pages\/15367\/revisions\/17728"}],"wp:attachment":[{"href":"https:\/\/bergstrominc.com\/es\/it\/wp-json\/wp\/v2\/media?parent=15367"}],"curies":[{"name":"wp","href":"https:\/\/api.w.org\/{rel}","templated":true}]}}