{"id":11176,"date":"2024-06-19T06:28:54","date_gmt":"2024-06-19T04:28:54","guid":{"rendered":"https:\/\/dimgrey-goat-433611.hostingersite.com\/es\/producto\/integral-power-ii\/"},"modified":"2026-01-29T10:13:06","modified_gmt":"2026-01-29T09:13:06","slug":"integral-power-ii","status":"publish","type":"product","link":"https:\/\/bergstrominc.com\/es\/it\/producto\/integral-power-ii\/","title":{"rendered":"INTEGRAL POWER II"},"content":{"rendered":"<p>Integral Power II viene montato sul tetto della cabina ed \u00e8 la soluzione ideale quando il veicolo non \u00e8 dotato di aria condizionata di fabbrica, quando \u00e8 richiesto un sistema di aria condizionata aggiuntivo o in situazioni in cui \u00e8 necessario un sistema di aria condizionata aggiuntivo.<\/p>\n<p>Le principali applicazioni riguardano veicoli fuoristrada come escavatori, autocarri con cassone ribaltabile, gru, bulldozer, macchinari agricoli e carrelli elevatori. Il suo utilizzo \u00e8 molto diffuso anche nei camion per la raccolta dei rifiuti urbani.<\/p>\n<ul>\n<li>Comando a distanza via radiofrequenza (RF) e termometro digitale (<sup>0<\/sup>\u00b0C o <sup>0<\/sup>\u00b0F).<\/li>\n<li>Apparecchiatura completamente elettrica dotata di tecnologia inverter.<\/li>\n<li>Struttura molto resistente e manutenzione minima.<\/li>\n<li>Installazione semplice sul tetto della cabina senza toccare il motore del veicolo.<\/li>\n<li>Adattamento perfetto: adatto a diversi tipi di cabina, con o senza lucernario.<\/li>\n<li>Include un template di taglio per i veicoli che non hanno lucernario.<\/li>\n<li>Disponibilit\u00e0 di console specifiche per determinati modelli (consultare).<\/li>\n<\/ul>\n","protected":false},"excerpt":{"rendered":"<p>Integral Power II \u00e8 un&#8217;unit\u00e0 di climatizzazione elettrica da tetto, alimentata direttamente dalla batteria del veicolo, progettata per funzionare in ambienti estremamente duri e impegnativi.<\/p>\n","protected":false},"featured_media":11185,"comment_status":"open","ping_status":"closed","template":"","meta":{"site-sidebar-layout":"default","site-content-layout":"","ast-site-content-layout":"default","site-content-style":"default","site-sidebar-style":"default","ast-global-header-display":"","ast-banner-title-visibility":"","ast-main-header-display":"","ast-hfb-above-header-display":"","ast-hfb-below-header-display":"","ast-hfb-mobile-header-display":"","site-post-title":"","ast-breadcrumbs-content":"","ast-featured-img":"","footer-sml-layout":"","ast-disable-related-posts":"","theme-transparent-header-meta":"default","adv-header-id-meta":"","stick-header-meta":"","header-above-stick-meta":"","header-main-stick-meta":"","header-below-stick-meta":"","astra-migrate-meta-layouts":"set","ast-page-background-enabled":"default","ast-page-background-meta":{"desktop":{"background-color":"var(--ast-global-color-4)","background-image":"","background-repeat":"repeat","background-position":"center center","background-size":"auto","background-attachment":"scroll","background-type":"","background-media":"","overlay-type":"","overlay-color":"","overlay-opacity":"","overlay-gradient":""},"tablet":{"background-color":"","background-image":"","background-repeat":"repeat","background-position":"center center","background-size":"auto","background-attachment":"scroll","background-type":"","background-media":"","overlay-type":"","overlay-color":"","overlay-opacity":"","overlay-gradient":""},"mobile":{"background-color":"","background-image":"","background-repeat":"repeat","background-position":"center center","background-size":"auto","background-attachment":"scroll","background-type":"","background-media":"","overlay-type":"","overlay-color":"","overlay-opacity":"","overlay-gradient":""}},"ast-content-background-meta":{"desktop":{"background-color":"var(--ast-global-color-5)","background-image":"","background-repeat":"repeat","background-position":"center center","background-size":"auto","background-attachment":"scroll","background-type":"","background-media":"","overlay-type":"","overlay-color":"","overlay-opacity":"","overlay-gradient":""},"tablet":{"background-color":"var(--ast-global-color-5)","background-image":"","background-repeat":"repeat","background-position":"center center","background-size":"auto","background-attachment":"scroll","background-type":"","background-media":"","overlay-type":"","overlay-color":"","overlay-opacity":"","overlay-gradient":""},"mobile":{"background-color":"var(--ast-global-color-5)","background-image":"","background-repeat":"repeat","background-position":"center center","background-size":"auto","background-attachment":"scroll","background-type":"","background-media":"","overlay-type":"","overlay-color":"","overlay-opacity":"","overlay-gradient":""}}},"product_brand":[],"product_cat":[129,128],"product_tag":[130],"class_list":{"0":"post-11176","1":"product","2":"type-product","3":"status-publish","4":"has-post-thumbnail","6":"product_cat-per-lavorare","7":"product_cat-professionale","8":"product_tag-3columnas-it","9":"desktop-align-left","10":"tablet-align-left","11":"mobile-align-left","13":"first","14":"instock","15":"shipping-taxable","16":"product-type-simple"},"_links":{"self":[{"href":"https:\/\/bergstrominc.com\/es\/it\/wp-json\/wp\/v2\/product\/11176","targetHints":{"allow":["GET"]}}],"collection":[{"href":"https:\/\/bergstrominc.com\/es\/it\/wp-json\/wp\/v2\/product"}],"about":[{"href":"https:\/\/bergstrominc.com\/es\/it\/wp-json\/wp\/v2\/types\/product"}],"replies":[{"embeddable":true,"href":"https:\/\/bergstrominc.com\/es\/it\/wp-json\/wp\/v2\/comments?post=11176"}],"version-history":[{"count":6,"href":"https:\/\/bergstrominc.com\/es\/it\/wp-json\/wp\/v2\/product\/11176\/revisions"}],"predecessor-version":[{"id":19320,"href":"https:\/\/bergstrominc.com\/es\/it\/wp-json\/wp\/v2\/product\/11176\/revisions\/19320"}],"wp:featuredmedia":[{"embeddable":true,"href":"https:\/\/bergstrominc.com\/es\/it\/wp-json\/wp\/v2\/media\/11185"}],"wp:attachment":[{"href":"https:\/\/bergstrominc.com\/es\/it\/wp-json\/wp\/v2\/media?parent=11176"}],"wp:term":[{"taxonomy":"product_brand","embeddable":true,"href":"https:\/\/bergstrominc.com\/es\/it\/wp-json\/wp\/v2\/product_brand?post=11176"},{"taxonomy":"product_cat","embeddable":true,"href":"https:\/\/bergstrominc.com\/es\/it\/wp-json\/wp\/v2\/product_cat?post=11176"},{"taxonomy":"product_tag","embeddable":true,"href":"https:\/\/bergstrominc.com\/es\/it\/wp-json\/wp\/v2\/product_tag?post=11176"}],"curies":[{"name":"wp","href":"https:\/\/api.w.org\/{rel}","templated":true}]}}