{"id":11210,"date":"2024-07-03T10:27:38","date_gmt":"2024-07-03T08:27:38","guid":{"rendered":"https:\/\/dimgrey-goat-433611.hostingersite.com\/es\/producto\/dual-power-ii\/"},"modified":"2026-03-02T14:30:08","modified_gmt":"2026-03-02T13:30:08","slug":"dual-power-ii","status":"publish","type":"product","link":"https:\/\/bergstrominc.com\/es\/it\/producto\/dual-power-ii\/","title":{"rendered":"DUAL POWER II"},"content":{"rendered":"<p>DUAL POWER II est\u00e1 compuesto por dos partes principales: una unidad condensadora con compresor el\u00e9ctrico y una unidad evaporadora. Combinando las distintas unidades entre s\u00ed y completando con kits de instalaci\u00f3n, se podr\u00e1 colocar de forma flexible en m\u00faltiples ubicaciones. <\/p>\n<p>Como el compresor es el\u00e9ctrico, no se necesita la potencia del motor, sino tan solo de una conexi\u00f3n al sistema el\u00e9ctrico del veh\u00edculo.<\/p>\n<p>Le diverse opzioni di installazione di DUAL POWER II offrono un&#8217;ampia gamma di soluzioni per veicoli fuoristrada come escavatori, gru, livellatrici o macchine agricole. Questi condizionatori sono ideali per garantire condizioni di lavoro confortevoli. <\/p>\n<ul>\n<li>Apparecchiatura completamente elettrica<\/li>\n<li>Struttura molto resistente e manutenzione minima.<\/li>\n<li>Installazione senza toccare il motore del veicolo e adatta a diversi tipi di cabina.<\/li>\n<li>Adattamento totale al veicolo grazie alla sua struttura modulare.<\/li>\n<li>3 velocit\u00e0 di ventilazione<\/li>\n<li>Regolazione manuale della potenza frigorifera.<\/li>\n<\/ul>\n","protected":false},"excerpt":{"rendered":"<p>DUAL POWER II \u00e8 un climatizzatore elettrico bimodulare ideale per le cabine di veicoli specializzati progettati per operare in ambienti difficili e impegnativi.<\/p>\n<p>Le sue diverse opzioni di installazione consentono una completa personalizzazione del veicolo.<\/p>\n","protected":false},"featured_media":11225,"comment_status":"open","ping_status":"closed","template":"","meta":{"site-sidebar-layout":"default","site-content-layout":"","ast-site-content-layout":"default","site-content-style":"default","site-sidebar-style":"default","ast-global-header-display":"","ast-banner-title-visibility":"","ast-main-header-display":"","ast-hfb-above-header-display":"","ast-hfb-below-header-display":"","ast-hfb-mobile-header-display":"","site-post-title":"","ast-breadcrumbs-content":"","ast-featured-img":"","footer-sml-layout":"","ast-disable-related-posts":"","theme-transparent-header-meta":"default","adv-header-id-meta":"","stick-header-meta":"","header-above-stick-meta":"","header-main-stick-meta":"","header-below-stick-meta":"","astra-migrate-meta-layouts":"set","ast-page-background-enabled":"default","ast-page-background-meta":{"desktop":{"background-color":"var(--ast-global-color-4)","background-image":"","background-repeat":"repeat","background-position":"center center","background-size":"auto","background-attachment":"scroll","background-type":"","background-media":"","overlay-type":"","overlay-color":"","overlay-opacity":"","overlay-gradient":""},"tablet":{"background-color":"","background-image":"","background-repeat":"repeat","background-position":"center center","background-size":"auto","background-attachment":"scroll","background-type":"","background-media":"","overlay-type":"","overlay-color":"","overlay-opacity":"","overlay-gradient":""},"mobile":{"background-color":"","background-image":"","background-repeat":"repeat","background-position":"center center","background-size":"auto","background-attachment":"scroll","background-type":"","background-media":"","overlay-type":"","overlay-color":"","overlay-opacity":"","overlay-gradient":""}},"ast-content-background-meta":{"desktop":{"background-color":"var(--ast-global-color-5)","background-image":"","background-repeat":"repeat","background-position":"center center","background-size":"auto","background-attachment":"scroll","background-type":"","background-media":"","overlay-type":"","overlay-color":"","overlay-opacity":"","overlay-gradient":""},"tablet":{"background-color":"var(--ast-global-color-5)","background-image":"","background-repeat":"repeat","background-position":"center center","background-size":"auto","background-attachment":"scroll","background-type":"","background-media":"","overlay-type":"","overlay-color":"","overlay-opacity":"","overlay-gradient":""},"mobile":{"background-color":"var(--ast-global-color-5)","background-image":"","background-repeat":"repeat","background-position":"center center","background-size":"auto","background-attachment":"scroll","background-type":"","background-media":"","overlay-type":"","overlay-color":"","overlay-opacity":"","overlay-gradient":""}}},"product_brand":[],"product_cat":[129,128],"product_tag":[130],"class_list":{"0":"post-11210","1":"product","2":"type-product","3":"status-publish","4":"has-post-thumbnail","6":"product_cat-per-lavorare","7":"product_cat-professionale","8":"product_tag-3columnas-it","9":"desktop-align-left","10":"tablet-align-left","11":"mobile-align-left","13":"first","14":"instock","15":"shipping-taxable","16":"product-type-simple"},"_links":{"self":[{"href":"https:\/\/bergstrominc.com\/es\/it\/wp-json\/wp\/v2\/product\/11210","targetHints":{"allow":["GET"]}}],"collection":[{"href":"https:\/\/bergstrominc.com\/es\/it\/wp-json\/wp\/v2\/product"}],"about":[{"href":"https:\/\/bergstrominc.com\/es\/it\/wp-json\/wp\/v2\/types\/product"}],"replies":[{"embeddable":true,"href":"https:\/\/bergstrominc.com\/es\/it\/wp-json\/wp\/v2\/comments?post=11210"}],"version-history":[{"count":10,"href":"https:\/\/bergstrominc.com\/es\/it\/wp-json\/wp\/v2\/product\/11210\/revisions"}],"predecessor-version":[{"id":19771,"href":"https:\/\/bergstrominc.com\/es\/it\/wp-json\/wp\/v2\/product\/11210\/revisions\/19771"}],"wp:featuredmedia":[{"embeddable":true,"href":"https:\/\/bergstrominc.com\/es\/it\/wp-json\/wp\/v2\/media\/11225"}],"wp:attachment":[{"href":"https:\/\/bergstrominc.com\/es\/it\/wp-json\/wp\/v2\/media?parent=11210"}],"wp:term":[{"taxonomy":"product_brand","embeddable":true,"href":"https:\/\/bergstrominc.com\/es\/it\/wp-json\/wp\/v2\/product_brand?post=11210"},{"taxonomy":"product_cat","embeddable":true,"href":"https:\/\/bergstrominc.com\/es\/it\/wp-json\/wp\/v2\/product_cat?post=11210"},{"taxonomy":"product_tag","embeddable":true,"href":"https:\/\/bergstrominc.com\/es\/it\/wp-json\/wp\/v2\/product_tag?post=11210"}],"curies":[{"name":"wp","href":"https:\/\/api.w.org\/{rel}","templated":true}]}}