{"id":11239,"date":"2024-07-03T14:06:27","date_gmt":"2024-07-03T12:06:27","guid":{"rendered":"https:\/\/dimgrey-goat-433611.hostingersite.com\/es\/producto\/flex-power-ii\/"},"modified":"2026-01-29T11:38:05","modified_gmt":"2026-01-29T10:38:05","slug":"flex-power-ii","status":"publish","type":"product","link":"https:\/\/bergstrominc.com\/es\/it\/producto\/flex-power-ii\/","title":{"rendered":"FLEX POWER II<br><span style=\"color: orange;\">FUORI PRODUZIONE<\/span>"},"content":{"rendered":"<p>FLEX POWER II \u00e8 composto da tre parti principali: un&#8217;unit\u00e0 compressore, un&#8217;unit\u00e0 condensatore e un&#8217;unit\u00e0 evaporatore. Combinando queste tre unit\u00e0 e completando il kit di installazione, \u00e8 possibile configurarle in modo flessibile in pi\u00f9 posizioni, in base alle esigenze di ciascun veicolo. <\/p>\n<p>Progettato con un compressore elettrico, FLEX POWER II non necessita dell&#8217;energia del motore del veicolo, ma solo del collegamento all&#8217;impianto elettrico.<\/p>\n<ul>\n<li>Apparecchiatura completamente elettrica.<\/li>\n<li>Struttura molto resistente e manutenzione minima.<\/li>\n<li>Installazione senza toccare il motore del veicolo e adatta a diversi tipi di cabina.<\/li>\n<li>Adattamento totale al veicolo grazie alla sua struttura modulare.<\/li>\n<li>3 velocit\u00e0 di ventilazione.<\/li>\n<li>Regolazione manuale della potenza frigorifera.<\/li>\n<\/ul>\n","protected":false},"excerpt":{"rendered":"<p>FLEX POWER II \u00e8 un sistema di climatizzazione elettrico modulare per applicazioni speciali, in grado di funzionare in ambienti difficili e impegnativi.<\/p>\n<p>Le sue diverse varianti di installazione consentono un adattamento completo al veicolo in cui verr\u00e0 installato.<\/p>\n","protected":false},"featured_media":11244,"comment_status":"open","ping_status":"closed","template":"","meta":{"site-sidebar-layout":"default","site-content-layout":"","ast-site-content-layout":"default","site-content-style":"default","site-sidebar-style":"default","ast-global-header-display":"","ast-banner-title-visibility":"","ast-main-header-display":"","ast-hfb-above-header-display":"","ast-hfb-below-header-display":"","ast-hfb-mobile-header-display":"","site-post-title":"","ast-breadcrumbs-content":"","ast-featured-img":"","footer-sml-layout":"","ast-disable-related-posts":"","theme-transparent-header-meta":"default","adv-header-id-meta":"","stick-header-meta":"","header-above-stick-meta":"","header-main-stick-meta":"","header-below-stick-meta":"","astra-migrate-meta-layouts":"set","ast-page-background-enabled":"default","ast-page-background-meta":{"desktop":{"background-color":"var(--ast-global-color-4)","background-image":"","background-repeat":"repeat","background-position":"center center","background-size":"auto","background-attachment":"scroll","background-type":"","background-media":"","overlay-type":"","overlay-color":"","overlay-opacity":"","overlay-gradient":""},"tablet":{"background-color":"","background-image":"","background-repeat":"repeat","background-position":"center center","background-size":"auto","background-attachment":"scroll","background-type":"","background-media":"","overlay-type":"","overlay-color":"","overlay-opacity":"","overlay-gradient":""},"mobile":{"background-color":"","background-image":"","background-repeat":"repeat","background-position":"center center","background-size":"auto","background-attachment":"scroll","background-type":"","background-media":"","overlay-type":"","overlay-color":"","overlay-opacity":"","overlay-gradient":""}},"ast-content-background-meta":{"desktop":{"background-color":"var(--ast-global-color-5)","background-image":"","background-repeat":"repeat","background-position":"center center","background-size":"auto","background-attachment":"scroll","background-type":"","background-media":"","overlay-type":"","overlay-color":"","overlay-opacity":"","overlay-gradient":""},"tablet":{"background-color":"var(--ast-global-color-5)","background-image":"","background-repeat":"repeat","background-position":"center center","background-size":"auto","background-attachment":"scroll","background-type":"","background-media":"","overlay-type":"","overlay-color":"","overlay-opacity":"","overlay-gradient":""},"mobile":{"background-color":"var(--ast-global-color-5)","background-image":"","background-repeat":"repeat","background-position":"center center","background-size":"auto","background-attachment":"scroll","background-type":"","background-media":"","overlay-type":"","overlay-color":"","overlay-opacity":"","overlay-gradient":""}}},"product_brand":[],"product_cat":[227,129,128],"product_tag":[130],"class_list":{"0":"post-11239","1":"product","2":"type-product","3":"status-publish","4":"has-post-thumbnail","6":"product_cat-interrotto","7":"product_cat-per-lavorare","8":"product_cat-professionale","9":"product_tag-3columnas-it","10":"desktop-align-left","11":"tablet-align-left","12":"mobile-align-left","14":"first","15":"outofstock","16":"shipping-taxable","17":"product-type-simple"},"_links":{"self":[{"href":"https:\/\/bergstrominc.com\/es\/it\/wp-json\/wp\/v2\/product\/11239","targetHints":{"allow":["GET"]}}],"collection":[{"href":"https:\/\/bergstrominc.com\/es\/it\/wp-json\/wp\/v2\/product"}],"about":[{"href":"https:\/\/bergstrominc.com\/es\/it\/wp-json\/wp\/v2\/types\/product"}],"replies":[{"embeddable":true,"href":"https:\/\/bergstrominc.com\/es\/it\/wp-json\/wp\/v2\/comments?post=11239"}],"version-history":[{"count":3,"href":"https:\/\/bergstrominc.com\/es\/it\/wp-json\/wp\/v2\/product\/11239\/revisions"}],"predecessor-version":[{"id":17758,"href":"https:\/\/bergstrominc.com\/es\/it\/wp-json\/wp\/v2\/product\/11239\/revisions\/17758"}],"wp:featuredmedia":[{"embeddable":true,"href":"https:\/\/bergstrominc.com\/es\/it\/wp-json\/wp\/v2\/media\/11244"}],"wp:attachment":[{"href":"https:\/\/bergstrominc.com\/es\/it\/wp-json\/wp\/v2\/media?parent=11239"}],"wp:term":[{"taxonomy":"product_brand","embeddable":true,"href":"https:\/\/bergstrominc.com\/es\/it\/wp-json\/wp\/v2\/product_brand?post=11239"},{"taxonomy":"product_cat","embeddable":true,"href":"https:\/\/bergstrominc.com\/es\/it\/wp-json\/wp\/v2\/product_cat?post=11239"},{"taxonomy":"product_tag","embeddable":true,"href":"https:\/\/bergstrominc.com\/es\/it\/wp-json\/wp\/v2\/product_tag?post=11239"}],"curies":[{"name":"wp","href":"https:\/\/api.w.org\/{rel}","templated":true}]}}