{"id":11288,"date":"2024-07-02T17:09:57","date_gmt":"2024-07-02T15:09:57","guid":{"rendered":"https:\/\/dimgrey-goat-433611.hostingersite.com\/es\/producto\/lite\/"},"modified":"2026-01-29T14:26:49","modified_gmt":"2026-01-29T13:26:49","slug":"lite","status":"publish","type":"product","link":"https:\/\/bergstrominc.com\/es\/it\/producto\/lite\/","title":{"rendered":"LITE"},"content":{"rendered":"<p>LITE, un condizionatore d&#8217;aria compatto, ad alte prestazioni, autonomo e montato sul tetto, \u00e8 stato progettato con un unico compressore ermetico per raffreddare la cabina del camion durante i periodi di riposo notturno del conducente.<\/p>\n<p>LITE \u00e8 leggero e facile da installare grazie alle sue dimensioni compatte e all&#8217;altezza ridotta. \u00c8 alimentato direttamente dalla batteria del veicolo, il che contribuisce a ridurre il consumo di carburante e le emissioni di CO\u2082 nell&#8217;atmosfera (rispettoso dell&#8217;ambiente). <\/p>\n<p>&#8211; Apparecchiatura completamente elettrica con tecnologia inverter.<br \/>\n&#8211; Installazione senza toccare il motore del veicolo.<br \/>\n&#8211; Facile installazione senza forare il tetto della cabina nei camion con portellone.<br \/>\n&#8211; Funzionamento manuale e automatico.<br \/>\n&#8211; Controllo remoto in radiofrequenza (RF) e termometro digitale (a <sup>0C<\/sup>o <sup>0F<\/sup>).<br \/>\n&#8211; Doppia protezione della batteria.<br \/>\n&#8211; Risparmio di carburante.<br \/>\n&#8211; 5 velocit\u00e0 di ventilazione.<br \/>\n&#8211; 0 emissioni: il motore del veicolo rimane spento mentre l&#8217;apparecchiatura \u00e8 in funzione.<br \/>\n&#8211; Consente un buon riposo nella cabina del veicolo, contribuendo ad aumentare la sicurezza stradale.<\/p>\n","protected":false},"excerpt":{"rendered":"<p>LITE \u00e8 il dispositivo elettrico a soffitto pi\u00f9 compatto di Bergstrom. Con dimensioni ridotte e un&#8217;altezza simile a SlimFIT, \u00e8 leggero e facile da installare. <\/p>\n<p>Alimentata direttamente dalla batteria del veicolo e con un unico compressore ermetico, LITE \u00e8 un&#8217;ottima soluzione per un buon riposo notturno nella cabina del camion.<\/p>\n","protected":false},"featured_media":11293,"comment_status":"open","ping_status":"closed","template":"","meta":{"site-sidebar-layout":"default","site-content-layout":"","ast-site-content-layout":"default","site-content-style":"default","site-sidebar-style":"default","ast-global-header-display":"","ast-banner-title-visibility":"","ast-main-header-display":"","ast-hfb-above-header-display":"","ast-hfb-below-header-display":"","ast-hfb-mobile-header-display":"","site-post-title":"","ast-breadcrumbs-content":"","ast-featured-img":"","footer-sml-layout":"","ast-disable-related-posts":"","theme-transparent-header-meta":"default","adv-header-id-meta":"","stick-header-meta":"","header-above-stick-meta":"","header-main-stick-meta":"","header-below-stick-meta":"","astra-migrate-meta-layouts":"set","ast-page-background-enabled":"default","ast-page-background-meta":{"desktop":{"background-color":"var(--ast-global-color-4)","background-image":"","background-repeat":"repeat","background-position":"center center","background-size":"auto","background-attachment":"scroll","background-type":"","background-media":"","overlay-type":"","overlay-color":"","overlay-opacity":"","overlay-gradient":""},"tablet":{"background-color":"","background-image":"","background-repeat":"repeat","background-position":"center center","background-size":"auto","background-attachment":"scroll","background-type":"","background-media":"","overlay-type":"","overlay-color":"","overlay-opacity":"","overlay-gradient":""},"mobile":{"background-color":"","background-image":"","background-repeat":"repeat","background-position":"center center","background-size":"auto","background-attachment":"scroll","background-type":"","background-media":"","overlay-type":"","overlay-color":"","overlay-opacity":"","overlay-gradient":""}},"ast-content-background-meta":{"desktop":{"background-color":"var(--ast-global-color-5)","background-image":"","background-repeat":"repeat","background-position":"center center","background-size":"auto","background-attachment":"scroll","background-type":"","background-media":"","overlay-type":"","overlay-color":"","overlay-opacity":"","overlay-gradient":""},"tablet":{"background-color":"var(--ast-global-color-5)","background-image":"","background-repeat":"repeat","background-position":"center center","background-size":"auto","background-attachment":"scroll","background-type":"","background-media":"","overlay-type":"","overlay-color":"","overlay-opacity":"","overlay-gradient":""},"mobile":{"background-color":"var(--ast-global-color-5)","background-image":"","background-repeat":"repeat","background-position":"center center","background-size":"auto","background-attachment":"scroll","background-type":"","background-media":"","overlay-type":"","overlay-color":"","overlay-opacity":"","overlay-gradient":""}}},"product_brand":[],"product_cat":[135,128],"product_tag":[130],"class_list":{"0":"post-11288","1":"product","2":"type-product","3":"status-publish","4":"has-post-thumbnail","6":"product_cat-per-riposare","7":"product_cat-professionale","8":"product_tag-3columnas-it","9":"desktop-align-left","10":"tablet-align-left","11":"mobile-align-left","13":"first","14":"instock","15":"shipping-taxable","16":"product-type-simple"},"_links":{"self":[{"href":"https:\/\/bergstrominc.com\/es\/it\/wp-json\/wp\/v2\/product\/11288","targetHints":{"allow":["GET"]}}],"collection":[{"href":"https:\/\/bergstrominc.com\/es\/it\/wp-json\/wp\/v2\/product"}],"about":[{"href":"https:\/\/bergstrominc.com\/es\/it\/wp-json\/wp\/v2\/types\/product"}],"replies":[{"embeddable":true,"href":"https:\/\/bergstrominc.com\/es\/it\/wp-json\/wp\/v2\/comments?post=11288"}],"version-history":[{"count":5,"href":"https:\/\/bergstrominc.com\/es\/it\/wp-json\/wp\/v2\/product\/11288\/revisions"}],"predecessor-version":[{"id":19356,"href":"https:\/\/bergstrominc.com\/es\/it\/wp-json\/wp\/v2\/product\/11288\/revisions\/19356"}],"wp:featuredmedia":[{"embeddable":true,"href":"https:\/\/bergstrominc.com\/es\/it\/wp-json\/wp\/v2\/media\/11293"}],"wp:attachment":[{"href":"https:\/\/bergstrominc.com\/es\/it\/wp-json\/wp\/v2\/media?parent=11288"}],"wp:term":[{"taxonomy":"product_brand","embeddable":true,"href":"https:\/\/bergstrominc.com\/es\/it\/wp-json\/wp\/v2\/product_brand?post=11288"},{"taxonomy":"product_cat","embeddable":true,"href":"https:\/\/bergstrominc.com\/es\/it\/wp-json\/wp\/v2\/product_cat?post=11288"},{"taxonomy":"product_tag","embeddable":true,"href":"https:\/\/bergstrominc.com\/es\/it\/wp-json\/wp\/v2\/product_tag?post=11288"}],"curies":[{"name":"wp","href":"https:\/\/api.w.org\/{rel}","templated":true}]}}