{"id":11296,"date":"2024-07-02T16:40:58","date_gmt":"2024-07-02T14:40:58","guid":{"rendered":"https:\/\/dimgrey-goat-433611.hostingersite.com\/es\/producto\/t5\/"},"modified":"2026-04-20T11:27:44","modified_gmt":"2026-04-20T09:27:44","slug":"t5","status":"publish","type":"product","link":"https:\/\/bergstrominc.com\/es\/it\/producto\/t5\/","title":{"rendered":"T5"},"content":{"rendered":"<p>Il compatto T5 \u00e8 un&#8217;unit\u00e0 di condizionamento evaporatore-condensatore con 5 velocit\u00e0 di ventilazione e termostato regolabile, adatta per cabine piccole e medie di tutti i tipi di veicoli. L&#8217;installazione del compatto T5 deve essere completata con un compressore adatto al motore del veicolo (non incluso nell&#8217;unit\u00e0 compatta da tetto).<\/p>\n<ul>\n<li>Funzionamento manuale.<\/li>\n<li>Bassa manutenzione.<\/li>\n<li>Facile montaggio.<\/li>\n<li>Struttura molto resistente.<\/li>\n<li>Bassa manutenzione.<\/li>\n<li>Funzionamento manuale.<\/li>\n<li>Bassa manutenzione.<\/li>\n<li>Montaggio sul tetto della cabina<\/li>\n<\/ul>\n<p>Offriamo la possibilit\u00e0 di completare il compatto T5 con un kit di installazione standard composto da:<\/p>\n<ul>\n<li>Compressore a doppio canale con cinghia trapezoidale (5H14 2A).<\/li>\n<li>Set di tubi da 6 metri con raccordi standard.<\/li>\n<li>Cavo di collegamento.<\/li>\n<li>Latta d&#8217;olio.<\/li>\n<li>Staffa del compressore NON INCLUSA.<\/li>\n<\/ul>\n","protected":false},"excerpt":{"rendered":"<p>T5 \u00e8 un&#8217;unit\u00e0 di condizionamento evaporatore-condensatore con 3 velocit\u00e0 di ventilazione e termostato regolabile.<\/p>\n","protected":false},"featured_media":11298,"comment_status":"open","ping_status":"closed","template":"","meta":{"site-sidebar-layout":"default","site-content-layout":"","ast-site-content-layout":"default","site-content-style":"default","site-sidebar-style":"default","ast-global-header-display":"","ast-banner-title-visibility":"","ast-main-header-display":"","ast-hfb-above-header-display":"","ast-hfb-below-header-display":"","ast-hfb-mobile-header-display":"","site-post-title":"","ast-breadcrumbs-content":"","ast-featured-img":"","footer-sml-layout":"","ast-disable-related-posts":"","theme-transparent-header-meta":"default","adv-header-id-meta":"","stick-header-meta":"","header-above-stick-meta":"","header-main-stick-meta":"","header-below-stick-meta":"","astra-migrate-meta-layouts":"set","ast-page-background-enabled":"default","ast-page-background-meta":{"desktop":{"background-color":"var(--ast-global-color-4)","background-image":"","background-repeat":"repeat","background-position":"center center","background-size":"auto","background-attachment":"scroll","background-type":"","background-media":"","overlay-type":"","overlay-color":"","overlay-opacity":"","overlay-gradient":""},"tablet":{"background-color":"","background-image":"","background-repeat":"repeat","background-position":"center center","background-size":"auto","background-attachment":"scroll","background-type":"","background-media":"","overlay-type":"","overlay-color":"","overlay-opacity":"","overlay-gradient":""},"mobile":{"background-color":"","background-image":"","background-repeat":"repeat","background-position":"center center","background-size":"auto","background-attachment":"scroll","background-type":"","background-media":"","overlay-type":"","overlay-color":"","overlay-opacity":"","overlay-gradient":""}},"ast-content-background-meta":{"desktop":{"background-color":"var(--ast-global-color-5)","background-image":"","background-repeat":"repeat","background-position":"center center","background-size":"auto","background-attachment":"scroll","background-type":"","background-media":"","overlay-type":"","overlay-color":"","overlay-opacity":"","overlay-gradient":""},"tablet":{"background-color":"var(--ast-global-color-5)","background-image":"","background-repeat":"repeat","background-position":"center center","background-size":"auto","background-attachment":"scroll","background-type":"","background-media":"","overlay-type":"","overlay-color":"","overlay-opacity":"","overlay-gradient":""},"mobile":{"background-color":"var(--ast-global-color-5)","background-image":"","background-repeat":"repeat","background-position":"center center","background-size":"auto","background-attachment":"scroll","background-type":"","background-media":"","overlay-type":"","overlay-color":"","overlay-opacity":"","overlay-gradient":""}}},"product_brand":[],"product_cat":[129,128],"product_tag":[130],"class_list":{"0":"post-11296","1":"product","2":"type-product","3":"status-publish","4":"has-post-thumbnail","6":"product_cat-per-lavorare","7":"product_cat-professionale","8":"product_tag-3columnas-it","9":"desktop-align-left","10":"tablet-align-left","11":"mobile-align-left","13":"first","14":"instock","15":"shipping-taxable","16":"product-type-simple"},"_links":{"self":[{"href":"https:\/\/bergstrominc.com\/es\/it\/wp-json\/wp\/v2\/product\/11296","targetHints":{"allow":["GET"]}}],"collection":[{"href":"https:\/\/bergstrominc.com\/es\/it\/wp-json\/wp\/v2\/product"}],"about":[{"href":"https:\/\/bergstrominc.com\/es\/it\/wp-json\/wp\/v2\/types\/product"}],"replies":[{"embeddable":true,"href":"https:\/\/bergstrominc.com\/es\/it\/wp-json\/wp\/v2\/comments?post=11296"}],"version-history":[{"count":8,"href":"https:\/\/bergstrominc.com\/es\/it\/wp-json\/wp\/v2\/product\/11296\/revisions"}],"predecessor-version":[{"id":20090,"href":"https:\/\/bergstrominc.com\/es\/it\/wp-json\/wp\/v2\/product\/11296\/revisions\/20090"}],"wp:featuredmedia":[{"embeddable":true,"href":"https:\/\/bergstrominc.com\/es\/it\/wp-json\/wp\/v2\/media\/11298"}],"wp:attachment":[{"href":"https:\/\/bergstrominc.com\/es\/it\/wp-json\/wp\/v2\/media?parent=11296"}],"wp:term":[{"taxonomy":"product_brand","embeddable":true,"href":"https:\/\/bergstrominc.com\/es\/it\/wp-json\/wp\/v2\/product_brand?post=11296"},{"taxonomy":"product_cat","embeddable":true,"href":"https:\/\/bergstrominc.com\/es\/it\/wp-json\/wp\/v2\/product_cat?post=11296"},{"taxonomy":"product_tag","embeddable":true,"href":"https:\/\/bergstrominc.com\/es\/it\/wp-json\/wp\/v2\/product_tag?post=11296"}],"curies":[{"name":"wp","href":"https:\/\/api.w.org\/{rel}","templated":true}]}}