{"id":11324,"date":"2024-07-02T16:24:29","date_gmt":"2024-07-02T14:24:29","guid":{"rendered":"https:\/\/dimgrey-goat-433611.hostingersite.com\/es\/producto\/slimfit\/"},"modified":"2026-01-29T11:14:52","modified_gmt":"2026-01-29T10:14:52","slug":"slimfit","status":"publish","type":"product","link":"https:\/\/bergstrominc.com\/es\/it\/producto\/slimfit\/","title":{"rendered":"SlimFIT"},"content":{"rendered":"<p>SlimFIT \u00e8 il sistema di climatizzazione autonomo pi\u00f9 piatto e performante sul mercato, progettato per raffreddare la cabina dei camion durante i periodi di riposo notturno dell&#8217;autista, le operazioni di carico e scarico e durante le soste obbligatorie.<\/p>\n<p>SlimFIT funziona sia a motore acceso che spento e, poich\u00e9 preleva energia direttamente dalla batteria del veicolo, ti aiuter\u00e0 a ridurre il consumo di carburante e a prevenire le emissioni di CO\u2082 nell&#8217;atmosfera. La sua altezza ridotta e il design aerodinamico lo rendono l&#8217;accessorio perfetto per raffreddare veicoli con cabine alte.<\/p>\n<h4><strong>VANTAGGI:<\/strong><\/h4>\n<p>&nbsp;<\/p>\n<ul>\n<li>Unit\u00e0 completamente elettrica dotata di tecnologia full inverter.<\/li>\n<li>Installazione semplice senza la necessit\u00e0 di toccare il motore del veicolo.<\/li>\n<li>Installazione facile senza necessit\u00e0 di forare il tetto della cabina nei camion con botola.<\/li>\n<li>Funzione manuale e automatica.<\/li>\n<li>Telecomando a infrarossi (IR) e pannello di controllo touch.<\/li>\n<li>Termometro digitale (in <sup>\u00b0<\/sup>C e <sup>\u00b0<\/sup>F).<\/li>\n<li>Doppia protezione della batteria.<\/li>\n<li>Risparmio di carburante.<\/li>\n<li>5 velocit\u00e0 di ventilazione.<\/li>\n<li>Sistema pre-caricato con refrigerante R134a.<\/li>\n<li>Funzione di programmazione.<\/li>\n<li>Bassa manutenzione.<\/li>\n<li>Zero emissioni \u2013 100% rispettoso dell&#8217;ambiente.<\/li>\n<li>Permette un buon riposo nella cabina del veicolo, contribuendo ad aumentare la sicurezza stradale.<\/li>\n<\/ul>\n","protected":false},"excerpt":{"rendered":"<p>SlimFIT di Dirna Bergstrom, un sistema montato sul tetto della cabina, \u00e8 l&#8217;unit\u00e0 di climatizzazione autonoma compatta pi\u00f9 piatta sul mercato per camion da trasporto su strada.<\/p>\n<p>Alimentato direttamente dalla batteria del veicolo, rappresenta un&#8217;eccellente soluzione per il raffreddamento e il risparmio di carburante. Grazie alla sua altezza ridotta, SlimFIT \u00e8 perfetto per i veicoli con cabine alte.<\/p>\n","protected":false},"featured_media":11326,"comment_status":"open","ping_status":"closed","template":"","meta":{"site-sidebar-layout":"default","site-content-layout":"","ast-site-content-layout":"default","site-content-style":"default","site-sidebar-style":"default","ast-global-header-display":"","ast-banner-title-visibility":"","ast-main-header-display":"","ast-hfb-above-header-display":"","ast-hfb-below-header-display":"","ast-hfb-mobile-header-display":"","site-post-title":"","ast-breadcrumbs-content":"","ast-featured-img":"","footer-sml-layout":"","ast-disable-related-posts":"","theme-transparent-header-meta":"default","adv-header-id-meta":"","stick-header-meta":"","header-above-stick-meta":"","header-main-stick-meta":"","header-below-stick-meta":"","astra-migrate-meta-layouts":"set","ast-page-background-enabled":"default","ast-page-background-meta":{"desktop":{"background-color":"var(--ast-global-color-4)","background-image":"","background-repeat":"repeat","background-position":"center center","background-size":"auto","background-attachment":"scroll","background-type":"","background-media":"","overlay-type":"","overlay-color":"","overlay-opacity":"","overlay-gradient":""},"tablet":{"background-color":"","background-image":"","background-repeat":"repeat","background-position":"center center","background-size":"auto","background-attachment":"scroll","background-type":"","background-media":"","overlay-type":"","overlay-color":"","overlay-opacity":"","overlay-gradient":""},"mobile":{"background-color":"","background-image":"","background-repeat":"repeat","background-position":"center center","background-size":"auto","background-attachment":"scroll","background-type":"","background-media":"","overlay-type":"","overlay-color":"","overlay-opacity":"","overlay-gradient":""}},"ast-content-background-meta":{"desktop":{"background-color":"var(--ast-global-color-5)","background-image":"","background-repeat":"repeat","background-position":"center center","background-size":"auto","background-attachment":"scroll","background-type":"","background-media":"","overlay-type":"","overlay-color":"","overlay-opacity":"","overlay-gradient":""},"tablet":{"background-color":"var(--ast-global-color-5)","background-image":"","background-repeat":"repeat","background-position":"center center","background-size":"auto","background-attachment":"scroll","background-type":"","background-media":"","overlay-type":"","overlay-color":"","overlay-opacity":"","overlay-gradient":""},"mobile":{"background-color":"var(--ast-global-color-5)","background-image":"","background-repeat":"repeat","background-position":"center center","background-size":"auto","background-attachment":"scroll","background-type":"","background-media":"","overlay-type":"","overlay-color":"","overlay-opacity":"","overlay-gradient":""}}},"product_brand":[],"product_cat":[135,128],"product_tag":[130],"class_list":{"0":"post-11324","1":"product","2":"type-product","3":"status-publish","4":"has-post-thumbnail","6":"product_cat-per-riposare","7":"product_cat-professionale","8":"product_tag-3columnas-it","9":"desktop-align-left","10":"tablet-align-left","11":"mobile-align-left","13":"first","14":"instock","15":"shipping-taxable","16":"product-type-simple"},"_links":{"self":[{"href":"https:\/\/bergstrominc.com\/es\/it\/wp-json\/wp\/v2\/product\/11324","targetHints":{"allow":["GET"]}}],"collection":[{"href":"https:\/\/bergstrominc.com\/es\/it\/wp-json\/wp\/v2\/product"}],"about":[{"href":"https:\/\/bergstrominc.com\/es\/it\/wp-json\/wp\/v2\/types\/product"}],"replies":[{"embeddable":true,"href":"https:\/\/bergstrominc.com\/es\/it\/wp-json\/wp\/v2\/comments?post=11324"}],"version-history":[{"count":4,"href":"https:\/\/bergstrominc.com\/es\/it\/wp-json\/wp\/v2\/product\/11324\/revisions"}],"predecessor-version":[{"id":19344,"href":"https:\/\/bergstrominc.com\/es\/it\/wp-json\/wp\/v2\/product\/11324\/revisions\/19344"}],"wp:featuredmedia":[{"embeddable":true,"href":"https:\/\/bergstrominc.com\/es\/it\/wp-json\/wp\/v2\/media\/11326"}],"wp:attachment":[{"href":"https:\/\/bergstrominc.com\/es\/it\/wp-json\/wp\/v2\/media?parent=11324"}],"wp:term":[{"taxonomy":"product_brand","embeddable":true,"href":"https:\/\/bergstrominc.com\/es\/it\/wp-json\/wp\/v2\/product_brand?post=11324"},{"taxonomy":"product_cat","embeddable":true,"href":"https:\/\/bergstrominc.com\/es\/it\/wp-json\/wp\/v2\/product_cat?post=11324"},{"taxonomy":"product_tag","embeddable":true,"href":"https:\/\/bergstrominc.com\/es\/it\/wp-json\/wp\/v2\/product_tag?post=11324"}],"curies":[{"name":"wp","href":"https:\/\/api.w.org\/{rel}","templated":true}]}}