{"id":11342,"date":"2024-07-02T17:28:19","date_gmt":"2024-07-02T15:28:19","guid":{"rendered":"https:\/\/dimgrey-goat-433611.hostingersite.com\/es\/producto\/compact-1-4\/"},"modified":"2026-01-29T11:21:40","modified_gmt":"2026-01-29T10:21:40","slug":"compact-1-4","status":"publish","type":"product","link":"https:\/\/bergstrominc.com\/es\/it\/producto\/compact-1-4\/","title":{"rendered":"COMPACT 1.4"},"content":{"rendered":"<p>COMPACT 1.4 \u00e8 un&#8217;unit\u00e0 di climatizzazione compatta, autonoma e ad alte prestazioni, progettata per raffreddare la cabina dei camion durante i periodi di riposo notturno dell&#8217;autista, le operazioni di carico e scarico e durante le soste. Il Compact 1.4 funziona sia a motore acceso che spento e, poich\u00e9 \u00e8 un sistema elettrico autonomo, ti aiuter\u00e0 a ridurre il consumo di carburante e le emissioni di CO\u2082.<\/p>\n<p>\u2022 Apparecchiature completamente elettriche dotate di tecnologia inverter.<br \/>\n\u2022 Installazione senza toccare il motore del veicolo.<br \/>\n\u2022 Facile installazione senza forare il tetto della cabina su camion dotati di portello.<br \/>\n\u2022 Funzione manuale e automatica.<br \/>\n\u2022 Controllo remoto tramite (RF) e termometro digitale (in \u00baC e \u00baF)<br \/>\n\u2022 Doppia protezione della batteria<br \/>\n\u2022 Risparmio di carburante.<br \/>\n\u2022 5 velocit\u00e0 di ventilazione<br \/>\n\u2022 Sistemi precaricati<br \/>\n\u2022 Permette un riposo confortevole nell&#8217;abitacolo del veicolo, contribuendo ad aumentare la sicurezza stradale.<\/p>\n","protected":false},"excerpt":{"rendered":"<p>COMPACT 1.4 \u00e8 la soluzione perfetta per il riposo notturno nella cabina del camion e, a seconda del modello, pu\u00f2 anche essere utilizzato per mantenere un ambiente confortevole all&#8217;interno della cabina durante le operazioni di carico e scarico, nonch\u00e9 durante i periodi di sosta obbligatoria.<\/p>\n","protected":false},"featured_media":11344,"comment_status":"open","ping_status":"closed","template":"","meta":{"site-sidebar-layout":"default","site-content-layout":"","ast-site-content-layout":"default","site-content-style":"default","site-sidebar-style":"default","ast-global-header-display":"","ast-banner-title-visibility":"","ast-main-header-display":"","ast-hfb-above-header-display":"","ast-hfb-below-header-display":"","ast-hfb-mobile-header-display":"","site-post-title":"","ast-breadcrumbs-content":"","ast-featured-img":"","footer-sml-layout":"","ast-disable-related-posts":"","theme-transparent-header-meta":"default","adv-header-id-meta":"","stick-header-meta":"","header-above-stick-meta":"","header-main-stick-meta":"","header-below-stick-meta":"","astra-migrate-meta-layouts":"set","ast-page-background-enabled":"default","ast-page-background-meta":{"desktop":{"background-color":"var(--ast-global-color-4)","background-image":"","background-repeat":"repeat","background-position":"center center","background-size":"auto","background-attachment":"scroll","background-type":"","background-media":"","overlay-type":"","overlay-color":"","overlay-opacity":"","overlay-gradient":""},"tablet":{"background-color":"","background-image":"","background-repeat":"repeat","background-position":"center center","background-size":"auto","background-attachment":"scroll","background-type":"","background-media":"","overlay-type":"","overlay-color":"","overlay-opacity":"","overlay-gradient":""},"mobile":{"background-color":"","background-image":"","background-repeat":"repeat","background-position":"center center","background-size":"auto","background-attachment":"scroll","background-type":"","background-media":"","overlay-type":"","overlay-color":"","overlay-opacity":"","overlay-gradient":""}},"ast-content-background-meta":{"desktop":{"background-color":"var(--ast-global-color-5)","background-image":"","background-repeat":"repeat","background-position":"center center","background-size":"auto","background-attachment":"scroll","background-type":"","background-media":"","overlay-type":"","overlay-color":"","overlay-opacity":"","overlay-gradient":""},"tablet":{"background-color":"var(--ast-global-color-5)","background-image":"","background-repeat":"repeat","background-position":"center center","background-size":"auto","background-attachment":"scroll","background-type":"","background-media":"","overlay-type":"","overlay-color":"","overlay-opacity":"","overlay-gradient":""},"mobile":{"background-color":"var(--ast-global-color-5)","background-image":"","background-repeat":"repeat","background-position":"center center","background-size":"auto","background-attachment":"scroll","background-type":"","background-media":"","overlay-type":"","overlay-color":"","overlay-opacity":"","overlay-gradient":""}}},"product_brand":[],"product_cat":[135,128],"product_tag":[130],"class_list":{"0":"post-11342","1":"product","2":"type-product","3":"status-publish","4":"has-post-thumbnail","6":"product_cat-per-riposare","7":"product_cat-professionale","8":"product_tag-3columnas-it","9":"desktop-align-left","10":"tablet-align-left","11":"mobile-align-left","13":"first","14":"instock","15":"shipping-taxable","16":"product-type-simple"},"_links":{"self":[{"href":"https:\/\/bergstrominc.com\/es\/it\/wp-json\/wp\/v2\/product\/11342","targetHints":{"allow":["GET"]}}],"collection":[{"href":"https:\/\/bergstrominc.com\/es\/it\/wp-json\/wp\/v2\/product"}],"about":[{"href":"https:\/\/bergstrominc.com\/es\/it\/wp-json\/wp\/v2\/types\/product"}],"replies":[{"embeddable":true,"href":"https:\/\/bergstrominc.com\/es\/it\/wp-json\/wp\/v2\/comments?post=11342"}],"version-history":[{"count":3,"href":"https:\/\/bergstrominc.com\/es\/it\/wp-json\/wp\/v2\/product\/11342\/revisions"}],"predecessor-version":[{"id":19347,"href":"https:\/\/bergstrominc.com\/es\/it\/wp-json\/wp\/v2\/product\/11342\/revisions\/19347"}],"wp:featuredmedia":[{"embeddable":true,"href":"https:\/\/bergstrominc.com\/es\/it\/wp-json\/wp\/v2\/media\/11344"}],"wp:attachment":[{"href":"https:\/\/bergstrominc.com\/es\/it\/wp-json\/wp\/v2\/media?parent=11342"}],"wp:term":[{"taxonomy":"product_brand","embeddable":true,"href":"https:\/\/bergstrominc.com\/es\/it\/wp-json\/wp\/v2\/product_brand?post=11342"},{"taxonomy":"product_cat","embeddable":true,"href":"https:\/\/bergstrominc.com\/es\/it\/wp-json\/wp\/v2\/product_cat?post=11342"},{"taxonomy":"product_tag","embeddable":true,"href":"https:\/\/bergstrominc.com\/es\/it\/wp-json\/wp\/v2\/product_tag?post=11342"}],"curies":[{"name":"wp","href":"https:\/\/api.w.org\/{rel}","templated":true}]}}