{"id":11358,"date":"2024-07-03T12:41:18","date_gmt":"2024-07-03T10:41:18","guid":{"rendered":"https:\/\/dimgrey-goat-433611.hostingersite.com\/es\/producto\/dinamic-1-1\/"},"modified":"2026-01-29T11:32:55","modified_gmt":"2026-01-29T10:32:55","slug":"dinamic-1-1","status":"publish","type":"product","link":"https:\/\/bergstrominc.com\/es\/it\/producto\/dinamic-1-1\/","title":{"rendered":"DINAMIC 1.1"},"content":{"rendered":"<p>DINAMIC \u00e8 un climatizzatore elettrico ad alte prestazioni, autonomo e montato posteriormente: l&#8217;unit\u00e0 \u00e8 posizionata nella parte posteriore della cabina, eliminando la necessit\u00e0 di toccare il portello originale.<\/p>\n<p>Sebbene sia specificamente progettato per camion con cabina alta, cabina americana, cabina senza portellone o bisarca, \u00e8 una buona soluzione universale per raffreddare la cabina del camion durante i periodi di riposo notturno dell&#8217;autista e durante le operazioni di carico e scarico a motore spento.<\/p>\n<p>DINAMIC \u00e8 un sistema elettrico autonomo alimentato direttamente dalla batteria del veicolo, che aiuta a ridurre i costi del carburante e a prevenire le emissioni di CO\u2082 nell&#8217;atmosfera (nel rispetto dell&#8217;ambiente) funzionando a motore spento.<\/p>\n<ul>\n<li>Apparecchiatura completamente elettrica dotata di tecnologia inverter.<\/li>\n<li>Installazione semplice sulla parete posteriore senza necessit\u00e0 di toccare il motore del veicolo.<\/li>\n<li>Operativa con motore acceso o spento<\/li>\n<li>Funzionamento manuale e automatico<\/li>\n<li>Telecomando a radiofrequenza (RF) e termometro digitale (<sup>0<\/sup>C o <sup>0<\/sup>F)<\/li>\n<li>Doppia protezione della batteria<\/li>\n<li>5 velocit\u00e0 di ventilazione<\/li>\n<li>Permette un buon riposo nella cabina del veicolo, contribuendo ad aumentare la sicurezza stradale.<\/li>\n<\/ul>\n","protected":false},"excerpt":{"rendered":"<p>Grazie al bassissimo consumo energetico, il climatizzatore autonomo DINAMIC \u00e8 particolarmente adatto all&#8217;uso notturno, a motore spento.<\/p>\n<p>DINAMIC \u00e8 particolarmente adatto per veicoli stradali come bisarche o camion con cabine rialzate, cabine americane o cabine senza portellone.<\/p>\n","protected":false},"featured_media":11360,"comment_status":"open","ping_status":"closed","template":"","meta":{"site-sidebar-layout":"default","site-content-layout":"","ast-site-content-layout":"default","site-content-style":"default","site-sidebar-style":"default","ast-global-header-display":"","ast-banner-title-visibility":"","ast-main-header-display":"","ast-hfb-above-header-display":"","ast-hfb-below-header-display":"","ast-hfb-mobile-header-display":"","site-post-title":"","ast-breadcrumbs-content":"","ast-featured-img":"","footer-sml-layout":"","ast-disable-related-posts":"","theme-transparent-header-meta":"default","adv-header-id-meta":"","stick-header-meta":"","header-above-stick-meta":"","header-main-stick-meta":"","header-below-stick-meta":"","astra-migrate-meta-layouts":"set","ast-page-background-enabled":"default","ast-page-background-meta":{"desktop":{"background-color":"var(--ast-global-color-4)","background-image":"","background-repeat":"repeat","background-position":"center center","background-size":"auto","background-attachment":"scroll","background-type":"","background-media":"","overlay-type":"","overlay-color":"","overlay-opacity":"","overlay-gradient":""},"tablet":{"background-color":"","background-image":"","background-repeat":"repeat","background-position":"center center","background-size":"auto","background-attachment":"scroll","background-type":"","background-media":"","overlay-type":"","overlay-color":"","overlay-opacity":"","overlay-gradient":""},"mobile":{"background-color":"","background-image":"","background-repeat":"repeat","background-position":"center center","background-size":"auto","background-attachment":"scroll","background-type":"","background-media":"","overlay-type":"","overlay-color":"","overlay-opacity":"","overlay-gradient":""}},"ast-content-background-meta":{"desktop":{"background-color":"var(--ast-global-color-5)","background-image":"","background-repeat":"repeat","background-position":"center center","background-size":"auto","background-attachment":"scroll","background-type":"","background-media":"","overlay-type":"","overlay-color":"","overlay-opacity":"","overlay-gradient":""},"tablet":{"background-color":"var(--ast-global-color-5)","background-image":"","background-repeat":"repeat","background-position":"center center","background-size":"auto","background-attachment":"scroll","background-type":"","background-media":"","overlay-type":"","overlay-color":"","overlay-opacity":"","overlay-gradient":""},"mobile":{"background-color":"var(--ast-global-color-5)","background-image":"","background-repeat":"repeat","background-position":"center center","background-size":"auto","background-attachment":"scroll","background-type":"","background-media":"","overlay-type":"","overlay-color":"","overlay-opacity":"","overlay-gradient":""}}},"product_brand":[],"product_cat":[135,128],"product_tag":[130],"class_list":{"0":"post-11358","1":"product","2":"type-product","3":"status-publish","4":"has-post-thumbnail","6":"product_cat-per-riposare","7":"product_cat-professionale","8":"product_tag-3columnas-it","9":"desktop-align-left","10":"tablet-align-left","11":"mobile-align-left","13":"first","14":"instock","15":"shipping-taxable","16":"product-type-simple"},"_links":{"self":[{"href":"https:\/\/bergstrominc.com\/es\/it\/wp-json\/wp\/v2\/product\/11358","targetHints":{"allow":["GET"]}}],"collection":[{"href":"https:\/\/bergstrominc.com\/es\/it\/wp-json\/wp\/v2\/product"}],"about":[{"href":"https:\/\/bergstrominc.com\/es\/it\/wp-json\/wp\/v2\/types\/product"}],"replies":[{"embeddable":true,"href":"https:\/\/bergstrominc.com\/es\/it\/wp-json\/wp\/v2\/comments?post=11358"}],"version-history":[{"count":3,"href":"https:\/\/bergstrominc.com\/es\/it\/wp-json\/wp\/v2\/product\/11358\/revisions"}],"predecessor-version":[{"id":16997,"href":"https:\/\/bergstrominc.com\/es\/it\/wp-json\/wp\/v2\/product\/11358\/revisions\/16997"}],"wp:featuredmedia":[{"embeddable":true,"href":"https:\/\/bergstrominc.com\/es\/it\/wp-json\/wp\/v2\/media\/11360"}],"wp:attachment":[{"href":"https:\/\/bergstrominc.com\/es\/it\/wp-json\/wp\/v2\/media?parent=11358"}],"wp:term":[{"taxonomy":"product_brand","embeddable":true,"href":"https:\/\/bergstrominc.com\/es\/it\/wp-json\/wp\/v2\/product_brand?post=11358"},{"taxonomy":"product_cat","embeddable":true,"href":"https:\/\/bergstrominc.com\/es\/it\/wp-json\/wp\/v2\/product_cat?post=11358"},{"taxonomy":"product_tag","embeddable":true,"href":"https:\/\/bergstrominc.com\/es\/it\/wp-json\/wp\/v2\/product_tag?post=11358"}],"curies":[{"name":"wp","href":"https:\/\/api.w.org\/{rel}","templated":true}]}}