{"id":14781,"date":"2025-01-23T08:52:31","date_gmt":"2025-01-23T07:52:31","guid":{"rendered":"https:\/\/dimgrey-goat-433611.hostingersite.com\/es\/?post_type=product&#038;p=14781"},"modified":"2026-03-02T13:12:22","modified_gmt":"2026-03-02T12:12:22","slug":"p23-2t-plus","status":"publish","type":"product","link":"https:\/\/bergstrominc.com\/es\/it\/producto\/p23-2t-plus\/","title":{"rendered":"P23-2T Plus"},"content":{"rendered":"<p>Il P23-2T Plus \u00e8 un&#8217;unit\u00e0 di condizionamento dell&#8217;aria compatta, ad alte prestazioni e autonoma, montata sul tetto della cabina, che rappresenta la soluzione ideale per raffreddare la cabina quando non \u00e8 installato un sistema di condizionamento dell&#8217;aria originale o quando il condizionamento dell&#8217;aria esistente richiede un rinforzo aggiuntivo.<\/p>\n<p>P23-2T Plus funziona sia a motore acceso che spento e, poich\u00e9 \u00e8 un sistema elettrico autonomo, ti aiuter\u00e0 a ridurre il consumo di carburante e le emissioni di CO\u2082 nell&#8217;atmosfera.<\/p>\n<ul>\n<li>Unit\u00e0 completamente elettrica dotata di tecnologia full inverter.<\/li>\n<li>Installazione senza toccare il motore del veicolo.<\/li>\n<li>Facile montaggio: installazione universale adattabile a tutti i tipi di cabina<\/li>\n<li>Funzione manuale, automatica ed eco.<\/li>\n<li>Controllo remoto (IR) e termometro digitale a <sup>0<\/sup> \u00b0C<\/li>\n<li>Sistema di protezione intelligente della batteria per garantire l&#8217;avviamento<\/li>\n<li>Risparmio di carburante.<\/li>\n<li>3 velocit\u00e0 di ventilazione<\/li>\n<li>Sistemi precaricati<\/li>\n<li>Permette un riposo confortevole nell&#8217;abitacolo del veicolo, contribuendo ad aumentare la sicurezza stradale.<\/li>\n<\/ul>\n","protected":false},"excerpt":{"rendered":"<div class=\"lRu31\" dir=\"ltr\">\n<div class=\"lRu31\" dir=\"ltr\"><span class=\"HwtZe\" lang=\"es\"><span class=\"jCAhz JpY6Fd\"><span class=\"ryNqvb\">Il P23-2T Plus \u00e8 un condizionatore d&#8217;aria compatto da tetto alimentato direttamente dalla batteria del veicolo, progettato per funzionare nei veicoli utilizzati nelle condizioni pi\u00f9 impegnative su strada e fuoristrada.<\/span><\/span><\/span><\/div>\n<div dir=\"ltr\"><\/div>\n<div><a href=\"https:\/\/www.youtube.com\/watch?v=h5bHuRh4E7E\">Cliccando qui potete guardare il video dell&#8217;installazione su YouTube.<\/a><\/div>\n<\/div>\n<p><a href=\"https:\/\/info-es.bergstrominc.com\/WebEspa%C3%B1a\/Encuentra-tu-referencia\/Para-trabajar\/P23\/Plantilla%20de%20Corte%20P23-2T%20Plus.pdf\">Scarica il modello di taglio cliccando qui<\/a><\/p>\n","protected":false},"featured_media":15070,"comment_status":"open","ping_status":"closed","template":"","meta":{"site-sidebar-layout":"default","site-content-layout":"","ast-site-content-layout":"default","site-content-style":"default","site-sidebar-style":"default","ast-global-header-display":"","ast-banner-title-visibility":"","ast-main-header-display":"","ast-hfb-above-header-display":"","ast-hfb-below-header-display":"","ast-hfb-mobile-header-display":"","site-post-title":"","ast-breadcrumbs-content":"","ast-featured-img":"","footer-sml-layout":"","ast-disable-related-posts":"","theme-transparent-header-meta":"default","adv-header-id-meta":"","stick-header-meta":"","header-above-stick-meta":"","header-main-stick-meta":"","header-below-stick-meta":"","astra-migrate-meta-layouts":"set","ast-page-background-enabled":"default","ast-page-background-meta":{"desktop":{"background-color":"var(--ast-global-color-4)","background-image":"","background-repeat":"repeat","background-position":"center center","background-size":"auto","background-attachment":"scroll","background-type":"","background-media":"","overlay-type":"","overlay-color":"","overlay-opacity":"","overlay-gradient":""},"tablet":{"background-color":"","background-image":"","background-repeat":"repeat","background-position":"center center","background-size":"auto","background-attachment":"scroll","background-type":"","background-media":"","overlay-type":"","overlay-color":"","overlay-opacity":"","overlay-gradient":""},"mobile":{"background-color":"","background-image":"","background-repeat":"repeat","background-position":"center center","background-size":"auto","background-attachment":"scroll","background-type":"","background-media":"","overlay-type":"","overlay-color":"","overlay-opacity":"","overlay-gradient":""}},"ast-content-background-meta":{"desktop":{"background-color":"var(--ast-global-color-5)","background-image":"","background-repeat":"repeat","background-position":"center center","background-size":"auto","background-attachment":"scroll","background-type":"","background-media":"","overlay-type":"","overlay-color":"","overlay-opacity":"","overlay-gradient":""},"tablet":{"background-color":"var(--ast-global-color-5)","background-image":"","background-repeat":"repeat","background-position":"center center","background-size":"auto","background-attachment":"scroll","background-type":"","background-media":"","overlay-type":"","overlay-color":"","overlay-opacity":"","overlay-gradient":""},"mobile":{"background-color":"var(--ast-global-color-5)","background-image":"","background-repeat":"repeat","background-position":"center center","background-size":"auto","background-attachment":"scroll","background-type":"","background-media":"","overlay-type":"","overlay-color":"","overlay-opacity":"","overlay-gradient":""}}},"product_brand":[],"product_cat":[129,128],"product_tag":[130],"class_list":{"0":"post-14781","1":"product","2":"type-product","3":"status-publish","4":"has-post-thumbnail","6":"product_cat-per-lavorare","7":"product_cat-professionale","8":"product_tag-3columnas-it","9":"desktop-align-left","10":"tablet-align-left","11":"mobile-align-left","13":"first","14":"instock","15":"shipping-taxable","16":"product-type-simple"},"_links":{"self":[{"href":"https:\/\/bergstrominc.com\/es\/it\/wp-json\/wp\/v2\/product\/14781","targetHints":{"allow":["GET"]}}],"collection":[{"href":"https:\/\/bergstrominc.com\/es\/it\/wp-json\/wp\/v2\/product"}],"about":[{"href":"https:\/\/bergstrominc.com\/es\/it\/wp-json\/wp\/v2\/types\/product"}],"replies":[{"embeddable":true,"href":"https:\/\/bergstrominc.com\/es\/it\/wp-json\/wp\/v2\/comments?post=14781"}],"version-history":[{"count":8,"href":"https:\/\/bergstrominc.com\/es\/it\/wp-json\/wp\/v2\/product\/14781\/revisions"}],"predecessor-version":[{"id":18969,"href":"https:\/\/bergstrominc.com\/es\/it\/wp-json\/wp\/v2\/product\/14781\/revisions\/18969"}],"wp:featuredmedia":[{"embeddable":true,"href":"https:\/\/bergstrominc.com\/es\/it\/wp-json\/wp\/v2\/media\/15070"}],"wp:attachment":[{"href":"https:\/\/bergstrominc.com\/es\/it\/wp-json\/wp\/v2\/media?parent=14781"}],"wp:term":[{"taxonomy":"product_brand","embeddable":true,"href":"https:\/\/bergstrominc.com\/es\/it\/wp-json\/wp\/v2\/product_brand?post=14781"},{"taxonomy":"product_cat","embeddable":true,"href":"https:\/\/bergstrominc.com\/es\/it\/wp-json\/wp\/v2\/product_cat?post=14781"},{"taxonomy":"product_tag","embeddable":true,"href":"https:\/\/bergstrominc.com\/es\/it\/wp-json\/wp\/v2\/product_tag?post=14781"}],"curies":[{"name":"wp","href":"https:\/\/api.w.org\/{rel}","templated":true}]}}