{"id":15381,"date":"2025-02-07T10:46:49","date_gmt":"2025-02-07T09:46:49","guid":{"rendered":"https:\/\/dimgrey-goat-433611.hostingersite.com\/es\/?post_type=product&#038;p=15381"},"modified":"2026-01-29T11:38:09","modified_gmt":"2026-01-29T10:38:09","slug":"flex-power-ii-copia","status":"publish","type":"product","link":"https:\/\/bergstrominc.com\/es\/it\/producto\/flex-power-ii-copia\/","title":{"rendered":"FLEX POWER II (copia)"},"content":{"rendered":"<p>FLEX POWER II \u00e8 composto da tre parti principali: un&#8217;unit\u00e0 compressore, un&#8217;unit\u00e0 condensatrice e un&#8217;unit\u00e0 evaporante. Combinando queste tre unit\u00e0 e completandole con un kit di installazione, pu\u00f2 essere configurato in modo flessibile in pi\u00f9 posizioni in base alle esigenze di ogni veicolo. Essendo progettato con un compressore elettrico, FLEX POWER II non richiede la potenza del motore del veicolo, ma solo una connessione al sistema elettrico.   <\/p>\n<ul>\n<li>Apparecchiatura completamente elettrica.<\/li>\n<li>Struttura molto resistente e manutenzione minima.<\/li>\n<li>Installazione senza toccare il motore del veicolo e adatta a diversi tipi di cabina.<\/li>\n<li>Adattamento totale al veicolo grazie alla sua struttura modulare.<\/li>\n<li>3 velocit\u00e0 di ventilazione.<\/li>\n<li>Regolazione manuale della potenza frigorifera.<\/li>\n<\/ul>\n","protected":false},"excerpt":{"rendered":"<p>FLEX POWER II \u00e8 un sistema modulare di climatizzazione elettrica per applicazioni speciali, progettato per lavorare in ambienti difficili e impegnativi. Le sue diverse opzioni di installazione consentono un&#8217;adattabilit\u00e0 completa al veicolo in cui verr\u00e0 installato. <\/p>\n","protected":false},"featured_media":11244,"comment_status":"open","ping_status":"closed","template":"","meta":{"site-sidebar-layout":"default","site-content-layout":"","ast-site-content-layout":"default","site-content-style":"default","site-sidebar-style":"default","ast-global-header-display":"","ast-banner-title-visibility":"","ast-main-header-display":"","ast-hfb-above-header-display":"","ast-hfb-below-header-display":"","ast-hfb-mobile-header-display":"","site-post-title":"","ast-breadcrumbs-content":"","ast-featured-img":"","footer-sml-layout":"","ast-disable-related-posts":"","theme-transparent-header-meta":"default","adv-header-id-meta":"","stick-header-meta":"","header-above-stick-meta":"","header-main-stick-meta":"","header-below-stick-meta":"","astra-migrate-meta-layouts":"set","ast-page-background-enabled":"default","ast-page-background-meta":{"desktop":{"background-color":"var(--ast-global-color-4)","background-image":"","background-repeat":"repeat","background-position":"center center","background-size":"auto","background-attachment":"scroll","background-type":"","background-media":"","overlay-type":"","overlay-color":"","overlay-opacity":"","overlay-gradient":""},"tablet":{"background-color":"","background-image":"","background-repeat":"repeat","background-position":"center center","background-size":"auto","background-attachment":"scroll","background-type":"","background-media":"","overlay-type":"","overlay-color":"","overlay-opacity":"","overlay-gradient":""},"mobile":{"background-color":"","background-image":"","background-repeat":"repeat","background-position":"center center","background-size":"auto","background-attachment":"scroll","background-type":"","background-media":"","overlay-type":"","overlay-color":"","overlay-opacity":"","overlay-gradient":""}},"ast-content-background-meta":{"desktop":{"background-color":"var(--ast-global-color-5)","background-image":"","background-repeat":"repeat","background-position":"center center","background-size":"auto","background-attachment":"scroll","background-type":"","background-media":"","overlay-type":"","overlay-color":"","overlay-opacity":"","overlay-gradient":""},"tablet":{"background-color":"var(--ast-global-color-5)","background-image":"","background-repeat":"repeat","background-position":"center center","background-size":"auto","background-attachment":"scroll","background-type":"","background-media":"","overlay-type":"","overlay-color":"","overlay-opacity":"","overlay-gradient":""},"mobile":{"background-color":"var(--ast-global-color-5)","background-image":"","background-repeat":"repeat","background-position":"center center","background-size":"auto","background-attachment":"scroll","background-type":"","background-media":"","overlay-type":"","overlay-color":"","overlay-opacity":"","overlay-gradient":""}}},"product_brand":[],"product_cat":[139],"product_tag":[],"class_list":{"0":"post-15381","1":"product","2":"type-product","3":"status-publish","4":"has-post-thumbnail","6":"product_cat-sin-categorizar-it","7":"desktop-align-left","8":"tablet-align-left","9":"mobile-align-left","11":"first","12":"instock","13":"shipping-taxable","14":"product-type-simple"},"_links":{"self":[{"href":"https:\/\/bergstrominc.com\/es\/it\/wp-json\/wp\/v2\/product\/15381","targetHints":{"allow":["GET"]}}],"collection":[{"href":"https:\/\/bergstrominc.com\/es\/it\/wp-json\/wp\/v2\/product"}],"about":[{"href":"https:\/\/bergstrominc.com\/es\/it\/wp-json\/wp\/v2\/types\/product"}],"replies":[{"embeddable":true,"href":"https:\/\/bergstrominc.com\/es\/it\/wp-json\/wp\/v2\/comments?post=15381"}],"version-history":[{"count":1,"href":"https:\/\/bergstrominc.com\/es\/it\/wp-json\/wp\/v2\/product\/15381\/revisions"}],"predecessor-version":[{"id":15385,"href":"https:\/\/bergstrominc.com\/es\/it\/wp-json\/wp\/v2\/product\/15381\/revisions\/15385"}],"wp:featuredmedia":[{"embeddable":true,"href":"https:\/\/bergstrominc.com\/es\/it\/wp-json\/wp\/v2\/media\/11244"}],"wp:attachment":[{"href":"https:\/\/bergstrominc.com\/es\/it\/wp-json\/wp\/v2\/media?parent=15381"}],"wp:term":[{"taxonomy":"product_brand","embeddable":true,"href":"https:\/\/bergstrominc.com\/es\/it\/wp-json\/wp\/v2\/product_brand?post=15381"},{"taxonomy":"product_cat","embeddable":true,"href":"https:\/\/bergstrominc.com\/es\/it\/wp-json\/wp\/v2\/product_cat?post=15381"},{"taxonomy":"product_tag","embeddable":true,"href":"https:\/\/bergstrominc.com\/es\/it\/wp-json\/wp\/v2\/product_tag?post=15381"}],"curies":[{"name":"wp","href":"https:\/\/api.w.org\/{rel}","templated":true}]}}