{"id":19590,"date":"2026-02-02T09:55:03","date_gmt":"2026-02-02T08:55:03","guid":{"rendered":"https:\/\/bergstrominc.com\/es\/producto\/integral-power-duo-ita\/"},"modified":"2026-03-23T07:58:13","modified_gmt":"2026-03-23T06:58:13","slug":"integral-power-duo-ita","status":"publish","type":"product","link":"https:\/\/bergstrominc.com\/es\/it\/producto\/integral-power-duo-ita\/","title":{"rendered":"INTEGRAL POWER DUO"},"content":{"rendered":"<p data-start=\"252\" data-end=\"503\">L&#8217;Integral Power DUO \u00e8 l&#8217;evoluzione del rinomato Integral Power II, che integra aria condizionata e riscaldamento in un&#8217;unica unit\u00e0 completamente elettrica, progettata per garantire il massimo comfort termico in qualsiasi periodo dell&#8217;anno.<\/p>\n<p data-start=\"505\" data-end=\"778\">Viene montato sul tetto della cabina ed \u00e8 la soluzione ideale quando il veicolo non \u00e8 dotato di aria condizionata di fabbrica, quando \u00e8 necessario un rinforzo dell&#8217;impianto esistente o quando sono richieste attrezzature aggiuntive e indipendenti, sia in climi caldi che freddi.<\/p>\n<p data-start=\"780\" data-end=\"1146\">Grazie alla sua versatilit\u00e0 e robustezza, l&#8217;Integral Power DUO \u00e8 particolarmente adatto per veicoli fuoristrada come escavatori, autocarri con cassone ribaltabile, gru, livellatrici, macchine agricole e carrelli elevatori. Trova inoltre ampio impiego nei camion per la raccolta dei rifiuti urbani, dove affidabilit\u00e0 e comfort per l&#8217;operatore sono fondamentali.<\/p>\n<h3 data-start=\"1148\" data-end=\"1183\">Caratteristiche principali<\/h3>\n<p>&nbsp;<\/p>\n<ul data-start=\"1184\" data-end=\"1892\">\n<li data-start=\"1184\" data-end=\"1257\">\n<p data-start=\"1186\" data-end=\"1257\">Doppia funzione: aria condizionata e riscaldamento in un&#8217;unica unit\u00e0.<\/p>\n<\/li>\n<li data-start=\"1345\" data-end=\"1437\">\n<p data-start=\"1347\" data-end=\"1437\">Unit\u00e0 100% elettrica con tecnologia inverter avanzata, efficiente e silenziosa. Ora con fino a 12 dB(A) di rumore esterno in meno.<\/p>\n<\/li>\n<li data-start=\"1438\" data-end=\"1559\">\n<p data-start=\"1440\" data-end=\"1559\">Struttura estremamente resistente, progettata per ambienti di lavoro impegnativi con manutenzione minima.<\/p>\n<\/li>\n<li data-start=\"1560\" data-end=\"1660\">\n<p data-start=\"1562\" data-end=\"1660\">Semplice installazione sul tetto della cabina, senza intervento sul motore del veicolo.<\/p>\n<\/li>\n<li data-start=\"1661\" data-end=\"1739\">\n<p data-start=\"1663\" data-end=\"1739\">Ideale per cabine senza portello.<\/p>\n<\/li>\n<li data-start=\"1740\" data-end=\"1802\">\n<p data-start=\"1742\" data-end=\"1802\">Modello di taglio incluso.<\/p>\n<\/li>\n<li data-start=\"1803\" data-end=\"1892\">\n<p data-start=\"1805\" data-end=\"1892\">Include gas refrigerante di nuova generazione R-1234yf con impatto ambientale quasi nullo<\/p>\n<\/li>\n<\/ul>\n<p data-start=\"1894\" data-end=\"2102\">Integral Power DUO \u00e8 la soluzione ideale per chi cerca comfort termico tutto l&#8217;anno, massima affidabilit\u00e0 e un&#8217;installazione rapida e pulita, anche nelle applicazioni pi\u00f9 impegnative.<\/p>\n","protected":false},"excerpt":{"rendered":"<p>Integral Power DUO \u00e8 un climatizzatore elettrico da tetto che combina aria condizionata e riscaldamento in un&#8217;unica unit\u00e0, progettato per veicoli che operano in condizioni impegnative e richiedono una soluzione affidabile, efficiente e facile da installare.<\/p>\n","protected":false},"featured_media":19312,"comment_status":"open","ping_status":"closed","template":"","meta":{"site-sidebar-layout":"default","site-content-layout":"","ast-site-content-layout":"default","site-content-style":"default","site-sidebar-style":"default","ast-global-header-display":"","ast-banner-title-visibility":"","ast-main-header-display":"","ast-hfb-above-header-display":"","ast-hfb-below-header-display":"","ast-hfb-mobile-header-display":"","site-post-title":"","ast-breadcrumbs-content":"","ast-featured-img":"","footer-sml-layout":"","ast-disable-related-posts":"","theme-transparent-header-meta":"default","adv-header-id-meta":"","stick-header-meta":"","header-above-stick-meta":"","header-main-stick-meta":"","header-below-stick-meta":"","astra-migrate-meta-layouts":"set","ast-page-background-enabled":"default","ast-page-background-meta":{"desktop":{"background-color":"var(--ast-global-color-4)","background-image":"","background-repeat":"repeat","background-position":"center center","background-size":"auto","background-attachment":"scroll","background-type":"","background-media":"","overlay-type":"","overlay-color":"","overlay-opacity":"","overlay-gradient":""},"tablet":{"background-color":"","background-image":"","background-repeat":"repeat","background-position":"center center","background-size":"auto","background-attachment":"scroll","background-type":"","background-media":"","overlay-type":"","overlay-color":"","overlay-opacity":"","overlay-gradient":""},"mobile":{"background-color":"","background-image":"","background-repeat":"repeat","background-position":"center center","background-size":"auto","background-attachment":"scroll","background-type":"","background-media":"","overlay-type":"","overlay-color":"","overlay-opacity":"","overlay-gradient":""}},"ast-content-background-meta":{"desktop":{"background-color":"var(--ast-global-color-5)","background-image":"","background-repeat":"repeat","background-position":"center center","background-size":"auto","background-attachment":"scroll","background-type":"","background-media":"","overlay-type":"","overlay-color":"","overlay-opacity":"","overlay-gradient":""},"tablet":{"background-color":"var(--ast-global-color-5)","background-image":"","background-repeat":"repeat","background-position":"center center","background-size":"auto","background-attachment":"scroll","background-type":"","background-media":"","overlay-type":"","overlay-color":"","overlay-opacity":"","overlay-gradient":""},"mobile":{"background-color":"var(--ast-global-color-5)","background-image":"","background-repeat":"repeat","background-position":"center center","background-size":"auto","background-attachment":"scroll","background-type":"","background-media":"","overlay-type":"","overlay-color":"","overlay-opacity":"","overlay-gradient":""}}},"product_brand":[],"product_cat":[129,128],"product_tag":[],"class_list":{"0":"post-19590","1":"product","2":"type-product","3":"status-publish","4":"has-post-thumbnail","6":"product_cat-per-lavorare","7":"product_cat-professionale","8":"desktop-align-left","9":"tablet-align-left","10":"mobile-align-left","12":"first","13":"instock","14":"shipping-taxable","15":"product-type-simple"},"_links":{"self":[{"href":"https:\/\/bergstrominc.com\/es\/it\/wp-json\/wp\/v2\/product\/19590","targetHints":{"allow":["GET"]}}],"collection":[{"href":"https:\/\/bergstrominc.com\/es\/it\/wp-json\/wp\/v2\/product"}],"about":[{"href":"https:\/\/bergstrominc.com\/es\/it\/wp-json\/wp\/v2\/types\/product"}],"replies":[{"embeddable":true,"href":"https:\/\/bergstrominc.com\/es\/it\/wp-json\/wp\/v2\/comments?post=19590"}],"version-history":[{"count":2,"href":"https:\/\/bergstrominc.com\/es\/it\/wp-json\/wp\/v2\/product\/19590\/revisions"}],"predecessor-version":[{"id":19850,"href":"https:\/\/bergstrominc.com\/es\/it\/wp-json\/wp\/v2\/product\/19590\/revisions\/19850"}],"wp:featuredmedia":[{"embeddable":true,"href":"https:\/\/bergstrominc.com\/es\/it\/wp-json\/wp\/v2\/media\/19312"}],"wp:attachment":[{"href":"https:\/\/bergstrominc.com\/es\/it\/wp-json\/wp\/v2\/media?parent=19590"}],"wp:term":[{"taxonomy":"product_brand","embeddable":true,"href":"https:\/\/bergstrominc.com\/es\/it\/wp-json\/wp\/v2\/product_brand?post=19590"},{"taxonomy":"product_cat","embeddable":true,"href":"https:\/\/bergstrominc.com\/es\/it\/wp-json\/wp\/v2\/product_cat?post=19590"},{"taxonomy":"product_tag","embeddable":true,"href":"https:\/\/bergstrominc.com\/es\/it\/wp-json\/wp\/v2\/product_tag?post=19590"}],"curies":[{"name":"wp","href":"https:\/\/api.w.org\/{rel}","templated":true}]}}