{"id":14890,"date":"2025-01-24T09:55:04","date_gmt":"2025-01-24T08:55:04","guid":{"rendered":"https:\/\/dimgrey-goat-433611.hostingersite.com\/es\/?page_id=14890"},"modified":"2025-01-24T10:01:58","modified_gmt":"2025-01-24T09:01:58","slug":"politica-integrada","status":"publish","type":"page","link":"https:\/\/bergstrominc.com\/es\/politica-integrada\/","title":{"rendered":"Pol\u00edtica Integrada"},"content":{"rendered":"\t\t<div data-elementor-type=\"wp-page\" data-elementor-id=\"14890\" class=\"elementor elementor-14890\" data-elementor-post-type=\"page\">\n\t\t\t\t<div class=\"elementor-element elementor-element-bfa02a3 e-flex e-con-boxed e-con e-parent\" data-id=\"bfa02a3\" data-element_type=\"container\" data-e-type=\"container\" data-settings=\"{&quot;background_background&quot;:&quot;classic&quot;,&quot;jet_parallax_layout_list&quot;:[]}\">\n\t\t\t\t\t<div class=\"e-con-inner\">\n\t\t<div class=\"elementor-element elementor-element-8078865 e-con-full e-flex e-con e-child\" data-id=\"8078865\" data-element_type=\"container\" data-e-type=\"container\" data-settings=\"{&quot;jet_parallax_layout_list&quot;:[]}\">\n\t\t\t\t<div class=\"elementor-element elementor-element-9d10754 elementor-widget__width-initial elementor-widget elementor-widget-heading\" data-id=\"9d10754\" data-element_type=\"widget\" data-e-type=\"widget\" data-widget_type=\"heading.default\">\n\t\t\t\t<div class=\"elementor-widget-container\">\n\t\t\t\t\t<h1 class=\"elementor-heading-title elementor-size-default\">Pol\u00edtica Integrada<\/h1>\t\t\t\t<\/div>\n\t\t\t\t<\/div>\n\t\t\t\t<\/div>\n\t\t\t\t\t<\/div>\n\t\t\t\t<\/div>\n\t\t<div class=\"elementor-element elementor-element-20ea8c2 e-flex e-con-boxed e-con e-parent\" data-id=\"20ea8c2\" data-element_type=\"container\" data-e-type=\"container\" data-settings=\"{&quot;background_background&quot;:&quot;classic&quot;,&quot;jet_parallax_layout_list&quot;:[]}\">\n\t\t\t\t\t<div class=\"e-con-inner\">\n\t\t\t\t<div class=\"elementor-element elementor-element-ae512c6 elementor-widget elementor-widget-text-editor\" data-id=\"ae512c6\" data-element_type=\"widget\" data-e-type=\"widget\" data-widget_type=\"text-editor.default\">\n\t\t\t\t<div class=\"elementor-widget-container\">\n\t\t\t\t\t\t\t\t\t<p><strong>Dirna Bergstrom <\/strong>establece, implementa y mantiene un Sistema Integrado de Gesti\u00f3n que abarca todas las actividades de la organizaci\u00f3n para el dise\u00f1o, producci\u00f3n, comercializaci\u00f3n y servicio posventa de equipos de aire acondicionado, tubos conformados y racores para la industria del autom\u00f3vil.<\/p><p>La Pol\u00edtica Integrada proporciona un marco de referencia para establecer y revisar los objetivos de gesti\u00f3n de la calidad y medio ambiente de Dirna Bergstrom.<\/p><p>Con el fin de contribuir a la mejora de la organizaci\u00f3n y su sostenibilidad a largo plazo, la Direcci\u00f3n se compromete a impulsar, de forma directa y, a trav\u00e9s de todos sus responsables, la aplicaci\u00f3n sistem\u00e1tica de los principios que configuran esta Pol\u00edtica y que se resumen a continuaci\u00f3n:<\/p><p><strong>Calidad y enfoque al cliente<\/strong>: en Dirna Bergstrom estamos comprometidos en la obtenci\u00f3n de los mayores est\u00e1ndares de calidad para nuestros clientes. Fomentamos una cultura de calidad con el objetivo de dise\u00f1ar, fabricar y suministrar productos con cero defectos que cumplan con los requisitos de seguridad, calidad y entrega que exigen nuestros clientes.<\/p><p><strong>Competitividad y \u00e9xito<\/strong>: trabajamos alineando los objetivos de mejora con nuestra misi\u00f3n y despleg\u00e1ndolos y ejecut\u00e1ndolos de forma coherente para alcanzar nuestra visi\u00f3n.<\/p><p><strong>Cumplimiento legal<\/strong>: identificamos, evaluamos y actualizamos todos los requisitos en materia de calidad, medio ambiente y seguridad, aplicables a nuestra actividad, para garantizar el cumplimiento de la legislaci\u00f3n vigente y de otros requisitos.<\/p><p><strong>Gesti\u00f3n Ambiental<\/strong>: nos comprometamos a utilizar de manera eficiente los recursos y reducir los residuos y emisiones con el objetivo de minimizar el impacto que generamos en nuestro entorno y contribuir a la protecci\u00f3n del medio ambiente.<\/p><p><strong>\u00c9tica y transparencia<\/strong>: todas nuestras actividades y relaciones laborales se basan en rigurosos principios \u00e9ticos y de transparencia establecidos en nuestro C\u00f3digo de Conducta y en nuestra Pol\u00edtica Anticorrupci\u00f3n.<\/p><p><strong>Formaci\u00f3n<\/strong>: en Dirna Bergstrom consideramos de vital importancia formar a nuestros trabajadores para que adquieran los conocimientos y competencias necesarias y, de esta forma, impulsar su desarrollo y crecimiento profesional.<\/p><p><strong>Implicaci\u00f3n y mejora continua<\/strong>: todo el personal que compone la organizaci\u00f3n es conocedor de las declaraciones recogidas en esta Pol\u00edtica, as\u00ed como de los aspectos m\u00e1s importantes del Sistema Integrado de Gesti\u00f3n y est\u00e1 comprometido a colaborar y trabajar para mejorar continuamente nuestras actividades, productos y servicios.<\/p><p>Alcal\u00e1 de Henares, a 1 de enero de 2025<\/p>\t\t\t\t\t\t\t\t<\/div>\n\t\t\t\t<\/div>\n\t\t\t\t\t<\/div>\n\t\t\t\t<\/div>\n\t\t\t\t<\/div>\n\t\t","protected":false},"excerpt":{"rendered":"<p>Dirna Bergstrom establece, implementa y mantiene un Sistema Integrado de Gesti\u00f3n que abarca todas las actividades de la organizaci\u00f3n para [&hellip;]<\/p>\n","protected":false},"author":11,"featured_media":0,"parent":0,"menu_order":0,"comment_status":"closed","ping_status":"closed","template":"elementor_header_footer","meta":{"site-sidebar-layout":"default","site-content-layout":"","ast-site-content-layout":"full-width-container","site-content-style":"default","site-sidebar-style":"default","ast-global-header-display":"","ast-banner-title-visibility":"","ast-main-header-display":"","ast-hfb-above-header-display":"","ast-hfb-below-header-display":"","ast-hfb-mobile-header-display":"","site-post-title":"","ast-breadcrumbs-content":"","ast-featured-img":"","footer-sml-layout":"","ast-disable-related-posts":"","theme-transparent-header-meta":"","adv-header-id-meta":"","stick-header-meta":"","header-above-stick-meta":"","header-main-stick-meta":"","header-below-stick-meta":"","astra-migrate-meta-layouts":"default","ast-page-background-enabled":"default","ast-page-background-meta":{"desktop":{"background-color":"var(--ast-global-color-4)","background-image":"","background-repeat":"repeat","background-position":"center center","background-size":"auto","background-attachment":"scroll","background-type":"","background-media":"","overlay-type":"","overlay-color":"","overlay-opacity":"","overlay-gradient":""},"tablet":{"background-color":"","background-image":"","background-repeat":"repeat","background-position":"center center","background-size":"auto","background-attachment":"scroll","background-type":"","background-media":"","overlay-type":"","overlay-color":"","overlay-opacity":"","overlay-gradient":""},"mobile":{"background-color":"","background-image":"","background-repeat":"repeat","background-position":"center center","background-size":"auto","background-attachment":"scroll","background-type":"","background-media":"","overlay-type":"","overlay-color":"","overlay-opacity":"","overlay-gradient":""}},"ast-content-background-meta":{"desktop":{"background-color":"var(--ast-global-color-5)","background-image":"","background-repeat":"repeat","background-position":"center center","background-size":"auto","background-attachment":"scroll","background-type":"","background-media":"","overlay-type":"","overlay-color":"","overlay-opacity":"","overlay-gradient":""},"tablet":{"background-color":"var(--ast-global-color-5)","background-image":"","background-repeat":"repeat","background-position":"center center","background-size":"auto","background-attachment":"scroll","background-type":"","background-media":"","overlay-type":"","overlay-color":"","overlay-opacity":"","overlay-gradient":""},"mobile":{"background-color":"var(--ast-global-color-5)","background-image":"","background-repeat":"repeat","background-position":"center center","background-size":"auto","background-attachment":"scroll","background-type":"","background-media":"","overlay-type":"","overlay-color":"","overlay-opacity":"","overlay-gradient":""}},"footnotes":""},"class_list":["post-14890","page","type-page","status-publish","hentry"],"_links":{"self":[{"href":"https:\/\/bergstrominc.com\/es\/wp-json\/wp\/v2\/pages\/14890","targetHints":{"allow":["GET"]}}],"collection":[{"href":"https:\/\/bergstrominc.com\/es\/wp-json\/wp\/v2\/pages"}],"about":[{"href":"https:\/\/bergstrominc.com\/es\/wp-json\/wp\/v2\/types\/page"}],"author":[{"embeddable":true,"href":"https:\/\/bergstrominc.com\/es\/wp-json\/wp\/v2\/users\/11"}],"replies":[{"embeddable":true,"href":"https:\/\/bergstrominc.com\/es\/wp-json\/wp\/v2\/comments?post=14890"}],"version-history":[{"count":7,"href":"https:\/\/bergstrominc.com\/es\/wp-json\/wp\/v2\/pages\/14890\/revisions"}],"predecessor-version":[{"id":14899,"href":"https:\/\/bergstrominc.com\/es\/wp-json\/wp\/v2\/pages\/14890\/revisions\/14899"}],"wp:attachment":[{"href":"https:\/\/bergstrominc.com\/es\/wp-json\/wp\/v2\/media?parent=14890"}],"curies":[{"name":"wp","href":"https:\/\/api.w.org\/{rel}","templated":true}]}}