{"id":14900,"date":"2025-01-24T10:05:07","date_gmt":"2025-01-24T09:05:07","guid":{"rendered":"https:\/\/dimgrey-goat-433611.hostingersite.com\/es\/?page_id=14900"},"modified":"2025-01-24T10:13:05","modified_gmt":"2025-01-24T09:13:05","slug":"politica-medioambiental","status":"publish","type":"page","link":"https:\/\/bergstrominc.com\/es\/politica-medioambiental\/","title":{"rendered":"Pol\u00edtica Medioambiental"},"content":{"rendered":"\t\t<div data-elementor-type=\"wp-page\" data-elementor-id=\"14900\" class=\"elementor elementor-14900\" data-elementor-post-type=\"page\">\n\t\t\t\t<div class=\"elementor-element elementor-element-bfa02a3 e-flex e-con-boxed e-con e-parent\" data-id=\"bfa02a3\" data-element_type=\"container\" data-e-type=\"container\" data-settings=\"{&quot;background_background&quot;:&quot;classic&quot;,&quot;jet_parallax_layout_list&quot;:[]}\">\n\t\t\t\t\t<div class=\"e-con-inner\">\n\t\t<div class=\"elementor-element elementor-element-8078865 e-con-full e-flex e-con e-child\" data-id=\"8078865\" data-element_type=\"container\" data-e-type=\"container\" data-settings=\"{&quot;jet_parallax_layout_list&quot;:[]}\">\n\t\t\t\t<div class=\"elementor-element elementor-element-9d10754 elementor-widget__width-initial elementor-widget elementor-widget-heading\" data-id=\"9d10754\" data-element_type=\"widget\" data-e-type=\"widget\" data-widget_type=\"heading.default\">\n\t\t\t\t<div class=\"elementor-widget-container\">\n\t\t\t\t\t<h1 class=\"elementor-heading-title elementor-size-default\">Pol\u00edtica Medioambiental<\/h1>\t\t\t\t<\/div>\n\t\t\t\t<\/div>\n\t\t\t\t<\/div>\n\t\t\t\t\t<\/div>\n\t\t\t\t<\/div>\n\t\t<div class=\"elementor-element elementor-element-20ea8c2 e-flex e-con-boxed e-con e-parent\" data-id=\"20ea8c2\" data-element_type=\"container\" data-e-type=\"container\" data-settings=\"{&quot;background_background&quot;:&quot;classic&quot;,&quot;jet_parallax_layout_list&quot;:[]}\">\n\t\t\t\t\t<div class=\"e-con-inner\">\n\t\t\t\t<div class=\"elementor-element elementor-element-ae512c6 elementor-widget elementor-widget-text-editor\" data-id=\"ae512c6\" data-element_type=\"widget\" data-e-type=\"widget\" data-widget_type=\"text-editor.default\">\n\t\t\t\t<div class=\"elementor-widget-container\">\n\t\t\t\t\t\t\t\t\t<p><strong>Dirna Bergstrom <\/strong>abarca todas las actividades de la organizaci\u00f3n para el dise\u00f1o, producci\u00f3n, comercializaci\u00f3n y servicio posventa de equipos de aire acondicionado, tubos conformados y racores para la industria del autom\u00f3vil.&nbsp;<span style=\"font-style: inherit; font-weight: inherit; color: var( --e-global-color-text ); text-align: var(--text-align);\">Es el proveedor m\u00e1s importante de Europa en el \u00e1mbito del dise\u00f1o y la fabricaci\u00f3n de parking coolers, componentes y piezas de A\/A para veh\u00edculos industriales<\/span><\/p>\n<p>Dirna Bergstrom, establece la <em>Pol\u00edtica Medioambiental <\/em>bas\u00e1ndose en los siguientes compromisos:<\/p>\n<ul>\n<li><strong>Cumplimiento de la legislaci\u00f3n medioambiental<\/strong>: identificamos, evaluamos y actualizamos todos los requisitos en materia de medio ambiente, aplicables a nuestra actividad, para garantizar el cumplimiento de la legislaci\u00f3n vigente y de otros requisitos. Adem\u00e1s, disponemos de la certificaci\u00f3n ISO 14001:2015.<\/li>\n<\/ul>\n<ul>\n<li><strong>Mejora continua de la actuaci\u00f3n medioambiental: <\/strong>estamos comprometidos a colaborar y trabajar para mejorar continuamente nuestras actividades, productos y servicios, a la vez que protegemos el medio ambiente:\n<ul>\n<li>Control de consumo energ\u00e9tico, trabajamos en gran medida con energ\u00edas renovables a trav\u00e9s de, comercializadoras que usan un alto porcentaje de esas energ\u00edas renovables y nuestros propios paneles fotovoltaicos.<\/li>\n<li>Trabajar con los proveedores para reducir el impacto medioambiental en las materias primas.<\/li>\n<li>Promover la sensibilizaci\u00f3n medioambiental entre nuestros empleados, clientes y proveedores para impactar lo m\u00ednimo en nuestro entorno.<\/li>\n<li>Trabajamos con el grupo Bergstrom y la consultora Ecoact en la reducci\u00f3n de la huella de carbono o descarbonizaci\u00f3n de nuestros procesos y transportes, a trav\u00e9s del proyecto GHG.<\/li>\n<li>Mantener el Sistema de Gesti\u00f3n Medioambiental certificado por la ISO14001.<\/li>\n<\/ul>\n<\/li>\n<\/ul>\n<ul>\n<li><strong>Prevenci\u00f3n de la contaminaci\u00f3n.<\/strong>\n<ul>\n<li>Las emisiones ac\u00fasticas de nuestros procesos est\u00e1n dentro de la normativa aplicable.<\/li>\n<li>Segregaci\u00f3n de los residuos generados.<\/li>\n<li>Reciclado de los residuos cart\u00f3n y pl\u00e1stico por nuestro gestor autorizado.<\/li>\n<li>Prevenci\u00f3n en contaminaci\u00f3n de suelos.&nbsp;<\/li>\n<li>Prevenci\u00f3n de cualquier tipo de vertido.<\/li>\n<li>Cumplimiento con la normativa de recogida de residuos peligrosos, generados en el proceso de producci\u00f3n en nuestras instalaciones y, gesti\u00f3n por el responsable de esos residuos.<\/li>\n<\/ul>\n<\/li>\n<\/ul>\n<p>En nuestro proceso de producci\u00f3n y manufactura se respeta el bienestar animal y la biodiversidad, ya que priorizamos el uso de materias primas recicladas.<\/p>\n<p>La comunicaci\u00f3n de esta pol\u00edtica medioambiental ser\u00e1 \u00e1gil y fluida: est\u00e1 al alcance de todo el personal interno y cualquier persona externa a trav\u00e9s de nuestra web.<\/p>\n<p>Alcal\u00e1 de Henares, a 1 de enero de 2025<\/p>\t\t\t\t\t\t\t\t<\/div>\n\t\t\t\t<\/div>\n\t\t\t\t\t<\/div>\n\t\t\t\t<\/div>\n\t\t\t\t<\/div>\n\t\t","protected":false},"excerpt":{"rendered":"<p>Dirna Bergstrom abarca todas las actividades de la organizaci\u00f3n para el dise\u00f1o, producci\u00f3n, comercializaci\u00f3n y servicio posventa de equipos de [&hellip;]<\/p>\n","protected":false},"author":11,"featured_media":0,"parent":0,"menu_order":0,"comment_status":"closed","ping_status":"closed","template":"elementor_header_footer","meta":{"site-sidebar-layout":"default","site-content-layout":"","ast-site-content-layout":"full-width-container","site-content-style":"default","site-sidebar-style":"default","ast-global-header-display":"","ast-banner-title-visibility":"","ast-main-header-display":"","ast-hfb-above-header-display":"","ast-hfb-below-header-display":"","ast-hfb-mobile-header-display":"","site-post-title":"","ast-breadcrumbs-content":"","ast-featured-img":"","footer-sml-layout":"","ast-disable-related-posts":"","theme-transparent-header-meta":"","adv-header-id-meta":"","stick-header-meta":"","header-above-stick-meta":"","header-main-stick-meta":"","header-below-stick-meta":"","astra-migrate-meta-layouts":"default","ast-page-background-enabled":"default","ast-page-background-meta":{"desktop":{"background-color":"var(--ast-global-color-4)","background-image":"","background-repeat":"repeat","background-position":"center center","background-size":"auto","background-attachment":"scroll","background-type":"","background-media":"","overlay-type":"","overlay-color":"","overlay-opacity":"","overlay-gradient":""},"tablet":{"background-color":"","background-image":"","background-repeat":"repeat","background-position":"center center","background-size":"auto","background-attachment":"scroll","background-type":"","background-media":"","overlay-type":"","overlay-color":"","overlay-opacity":"","overlay-gradient":""},"mobile":{"background-color":"","background-image":"","background-repeat":"repeat","background-position":"center center","background-size":"auto","background-attachment":"scroll","background-type":"","background-media":"","overlay-type":"","overlay-color":"","overlay-opacity":"","overlay-gradient":""}},"ast-content-background-meta":{"desktop":{"background-color":"var(--ast-global-color-5)","background-image":"","background-repeat":"repeat","background-position":"center center","background-size":"auto","background-attachment":"scroll","background-type":"","background-media":"","overlay-type":"","overlay-color":"","overlay-opacity":"","overlay-gradient":""},"tablet":{"background-color":"var(--ast-global-color-5)","background-image":"","background-repeat":"repeat","background-position":"center center","background-size":"auto","background-attachment":"scroll","background-type":"","background-media":"","overlay-type":"","overlay-color":"","overlay-opacity":"","overlay-gradient":""},"mobile":{"background-color":"var(--ast-global-color-5)","background-image":"","background-repeat":"repeat","background-position":"center center","background-size":"auto","background-attachment":"scroll","background-type":"","background-media":"","overlay-type":"","overlay-color":"","overlay-opacity":"","overlay-gradient":""}},"footnotes":""},"class_list":["post-14900","page","type-page","status-publish","hentry"],"_links":{"self":[{"href":"https:\/\/bergstrominc.com\/es\/wp-json\/wp\/v2\/pages\/14900","targetHints":{"allow":["GET"]}}],"collection":[{"href":"https:\/\/bergstrominc.com\/es\/wp-json\/wp\/v2\/pages"}],"about":[{"href":"https:\/\/bergstrominc.com\/es\/wp-json\/wp\/v2\/types\/page"}],"author":[{"embeddable":true,"href":"https:\/\/bergstrominc.com\/es\/wp-json\/wp\/v2\/users\/11"}],"replies":[{"embeddable":true,"href":"https:\/\/bergstrominc.com\/es\/wp-json\/wp\/v2\/comments?post=14900"}],"version-history":[{"count":4,"href":"https:\/\/bergstrominc.com\/es\/wp-json\/wp\/v2\/pages\/14900\/revisions"}],"predecessor-version":[{"id":14904,"href":"https:\/\/bergstrominc.com\/es\/wp-json\/wp\/v2\/pages\/14900\/revisions\/14904"}],"wp:attachment":[{"href":"https:\/\/bergstrominc.com\/es\/wp-json\/wp\/v2\/media?parent=14900"}],"curies":[{"name":"wp","href":"https:\/\/api.w.org\/{rel}","templated":true}]}}