{"id":18,"date":"2024-03-22T10:42:01","date_gmt":"2024-03-22T09:42:01","guid":{"rendered":"https:\/\/dimgrey-goat-433611.hostingersite.com\/es\/?page_id=18"},"modified":"2025-06-16T13:18:15","modified_gmt":"2025-06-16T11:18:15","slug":"terminos-y-condiciones","status":"publish","type":"page","link":"https:\/\/bergstrominc.com\/es\/terminos-y-condiciones\/","title":{"rendered":"T\u00e9rminos y condiciones"},"content":{"rendered":"\t\t<div data-elementor-type=\"wp-page\" data-elementor-id=\"18\" class=\"elementor elementor-18\" data-elementor-post-type=\"page\">\n\t\t\t\t<div class=\"elementor-element elementor-element-1ea9088 e-flex e-con-boxed e-con e-parent\" data-id=\"1ea9088\" data-element_type=\"container\" data-e-type=\"container\" data-settings=\"{&quot;background_background&quot;:&quot;classic&quot;,&quot;jet_parallax_layout_list&quot;:[]}\">\n\t\t\t\t\t<div class=\"e-con-inner\">\n\t\t<div class=\"elementor-element elementor-element-b9f985c e-con-full e-flex e-con e-child\" data-id=\"b9f985c\" data-element_type=\"container\" data-e-type=\"container\" data-settings=\"{&quot;jet_parallax_layout_list&quot;:[]}\">\n\t\t\t\t<div class=\"elementor-element elementor-element-c4e030c elementor-widget__width-initial elementor-widget elementor-widget-heading\" data-id=\"c4e030c\" data-element_type=\"widget\" data-e-type=\"widget\" data-widget_type=\"heading.default\">\n\t\t\t\t<div class=\"elementor-widget-container\">\n\t\t\t\t\t<h1 class=\"elementor-heading-title elementor-size-default\">T\u00e9rminos y condiciones<\/h1>\t\t\t\t<\/div>\n\t\t\t\t<\/div>\n\t\t\t\t<\/div>\n\t\t\t\t\t<\/div>\n\t\t\t\t<\/div>\n\t\t<div class=\"elementor-element elementor-element-2d5863c e-flex e-con-boxed e-con e-parent\" data-id=\"2d5863c\" data-element_type=\"container\" data-e-type=\"container\" data-settings=\"{&quot;background_background&quot;:&quot;classic&quot;,&quot;jet_parallax_layout_list&quot;:[]}\">\n\t\t\t\t\t<div class=\"e-con-inner\">\n\t\t\t\t<div class=\"elementor-element elementor-element-03b5c7f elementor-widget elementor-widget-text-editor\" data-id=\"03b5c7f\" data-element_type=\"widget\" data-e-type=\"widget\" data-widget_type=\"text-editor.default\">\n\t\t\t\t<div class=\"elementor-widget-container\">\n\t\t\t\t\t\t\t\t\t<p>La titularidad de este sitio web, bergstrominc.com\/es en adelante \u201cSitio Web\u201d la ostenta <strong>Dirna Bergstrom S.L.<\/strong> provista de NIF ES-B86653995, inscrita en el Registro Mercantil de Madrid, Volumen 30.723, Secci\u00f3n Octava, Hoja M-552.885, Registro primero, y cuyos datos de contacto son: Calle Francisco Alonso, 11 A \u2013 28806 Alcal\u00e1 de Henares.<\/p><p>Este documento (as\u00ed como todo otro documentos que aqu\u00ed se mencionen) regula las condiciones por las que se rige el uso de este Sitio Web y la compra o adquisici\u00f3n de productos y\/o servicios en el mismo (en adelante, Condiciones).<\/p><p>Adem\u00e1s de leer las presentes Condiciones, antes de acceder, navegar y\/o usar esta p\u00e1gina web, el Usuario ha de haber le\u00eddo el Aviso Legal y las Condiciones Generales de Uso, incluyendo, la pol\u00edtica de cookies, si las hubiera, y la pol\u00edtica de privacidad y de protecci\u00f3n de datos de Dirna Bergstrom S.L.<\/p><p>Al utilizar este Sitio Web o al hacer y\/o solicitar la adquisici\u00f3n de un producto y\/o servicio a trav\u00e9s del mismo el Usuario consiente quedar vinculado por estas Condiciones y por todo lo anteriormente mencionado, por lo que si no est\u00e1 de acuerdo con todo ello, no debe usar este Sitio Web.<\/p><p>Asimismo, se informa que estas Condiciones podr\u00edan ser modificadas. El Usuario es responsable de consultarlas cada vez que acceda, navegue y\/o use el Sitio Web ya que ser\u00e1n aplicables aquellas que se encuentren vigentes en el momento en que se solicite la adquisici\u00f3n de productos y\/o servicios.<\/p><p>Para todas las preguntas que el Usuario pueda tener en relaci\u00f3n con las Condiciones puede ponerse en contacto con el titular utilizando los datos de contacto facilitados m\u00e1s arriba o, en su caso, utilizando el formulario de contacto.<\/p><h4>INFORMACI\u00d3N RELEVANTE<\/h4><div>\u00a0<\/div><p>Es requisito necesario para la adquisici\u00f3n de los productos que se ofrecen en este sitio, que lea y acepte los siguientes T\u00e9rminos y Condiciones que a continuaci\u00f3n se redactan. El uso de nuestros servicios, as\u00ed como la compra de nuestros productos implicar\u00e1 que usted ha le\u00eddo y aceptado los T\u00e9rminos y Condiciones de Uso en el presente documento. Todos los productos que son ofrecidos por nuestro sitio web y que pudieran ser creados, cobrados, enviados o presentados por una p\u00e1gina web tercera, estar\u00e1n sujetas a sus propios T\u00e9rminos y Condiciones. En algunos casos, para adquirir un producto, ser\u00e1 necesario el registro por parte del usuario, con ingreso de datos personales fidedignos y definici\u00f3n de una contrase\u00f1a.<\/p><p>El usuario puede elegir y cambiar la clave para su acceso de administraci\u00f3n de su cuenta en cualquier momento, en caso de que se haya registrado y que sea necesario para la compra de alguno de nuestros productos.<\/p><p>bergstrominternational.com\/es\/\u00a0no asume la responsabilidad en caso de que el usuario entregue dicha clave a terceros.<\/p><p>Todas las compras y transacciones que se lleven a cabo por medio de este sitio web, est\u00e1n sujetas a un proceso de confirmaci\u00f3n y verificaci\u00f3n, el cual podr\u00eda incluir la verificaci\u00f3n del stock y disponibilidad de producto, validaci\u00f3n de la forma de pago, validaci\u00f3n de la factura (en caso de existir) y el cumplimiento de las condiciones requeridas por el medio de pago seleccionado. En algunos casos puede que se requiera una verificaci\u00f3n por medio de correo electr\u00f3nico.<\/p><p>Los precios de los productos ofrecidos en esta Tienda Online son v\u00e1lidos \u00fanicamente en las compras realizadas en este sitio web.<\/p><h4>EL USUARIO<\/h4><div>\u00a0<\/div><p>El acceso, la navegaci\u00f3n y uso del Sitio Web, confiere la condici\u00f3n de usuario (en adelante referido, indistintamente, individualmente como Usuario o conjuntamente como Usuarios), por lo que se aceptan, desde que se inicia la navegaci\u00f3n por el Sitio Web, todas las Condiciones aqu\u00ed establecidas, as\u00ed como sus ulteriores modificaciones, sin perjuicio de la aplicaci\u00f3n de la correspondiente normativa legal de obligado cumplimiento seg\u00fan el caso.<\/p><p>El Usuario asume su responsabilidad de un uso correcto del Sitio Web. Esta responsabilidad se extender\u00e1 a:<\/p><ul><li>Hacer uso de este Sitio Web \u00fanicamente para realizar consultas y compras o adquisiciones legalmente v\u00e1lidas.<\/li><li>No realizar ninguna compra falsa o fraudulenta. Si razonablemente se pudiera considerar que se ha hecho una compra de esta \u00edndole, podr\u00eda ser anulada y se informar\u00eda a las autoridades pertinentes.<\/li><li>Facilitar datos de contacto veraces y l\u00edcitos, por ejemplo, direcci\u00f3n de correo electr\u00f3nico, direcci\u00f3n postal y\/u otros datos (ver Aviso Legal y Condiciones Generales de Uso).<\/li><li>El Usuario declara ser mayor de 18 a\u00f1os y tener capacidad legal para celebrar contratos a trav\u00e9s de este Sitio Web.<\/li><\/ul><p>El Sitio Web est\u00e1 dirigido principalmente a Usuarios residentes en Espa\u00f1a. Dirna Bergstrom S.L. no asegura que el Sitio Web cumpla con legislaciones de otros pa\u00edses, ya sea total o parcialmente. Dirna Bergstrom S.L. declina toda responsabilidad que se pueda derivar de dicho acceso, as\u00ed como tampoco asegura env\u00edos o prestaci\u00f3n de servicios fuera de Espa\u00f1a.<\/p><p>El Usuario podr\u00e1 formalizar, a su elecci\u00f3n, con Dirna Bergstrom S.L. el contrato de compraventa de los productos y\/o servicios deseados en cualquiera de los idiomas en los que las presentes Condiciones est\u00e9n disponibles en este Sitio Web.<\/p><h4>LICENCIA<\/h4><div>\u00a0<\/div><p>Dirna Bergstrom S.L. a trav\u00e9s de su sitio web concede una licencia para que los usuarios utilicen los productos que son vendidos en este sitio web de acuerdo a los T\u00e9rminos y Condiciones que se describen en este documento.<\/p><h4>USO NO AUTORIZADO<\/h4><div>\u00a0<\/div><p>En caso de que aplique (para venta de software, plantillas, u otro producto de dise\u00f1o y programaci\u00f3n) usted no puede colocar uno de nuestros productos, modificado o sin modificar, en un CD, sitio web o ning\u00fan otro medio y ofrecerlos para la redistribuci\u00f3n o la reventa de ning\u00fan tipo.<\/p><h4>PROPIEDAD<\/h4><div>\u00a0<\/div><p>Usted no puede declarar propiedad intelectual o exclusiva a ninguno de nuestros productos, modificado o sin modificar. Todos los productos son propiedad de los proveedores del contenido. En caso de que no se especifique lo contrario, nuestros productos se proporcionan sin ning\u00fan tipo de garant\u00eda, expresa o impl\u00edcita. En ning\u00fan caso esta compa\u00f1\u00eda ser\u00e1 responsable de cualquier da\u00f1o incluyendo, pero no limitado a, da\u00f1os directos, indirectos, especiales, fortuitos o consecuentes u otras p\u00e9rdidas resultantes del uso o de la imposibilidad de utilizar nuestros productos.<\/p><h4 id=\"garant\u00eda\">POL\u00cdTICA DE REEMBOLSO Y GARANT\u00cdA<\/h4><div>\u00a0<\/div><p>En el caso de productos que sean mercanc\u00edas irrevocables no-tangibles, no realizamos reembolsos despu\u00e9s de que se env\u00ede el producto, usted tiene la responsabilidad de entender lo que compra antes de comprarlo. Le pedimos que lea cuidadosamente antes de comprarlo. Hacemos solamente excepciones con esta regla cuando la descripci\u00f3n no se ajusta al producto. Hay algunos productos que pudieran tener garant\u00eda y posibilidad de reembolso, pero este ser\u00e1 especificado al comprar el producto. En tales casos la garant\u00eda solo cubrir\u00e1 fallos de f\u00e1brica y s\u00f3lo se har\u00e1 efectiva cuando el producto se haya usado correctamente. La garant\u00eda no cubre aver\u00edas o da\u00f1os ocasionados por uso indebido. Los t\u00e9rminos de la garant\u00eda est\u00e1n asociados a fallos de fabricaci\u00f3n y funcionamiento en condiciones normales de los productos y s\u00f3lo se har\u00e1n efectivos estos t\u00e9rminos si el equipo ha sido usado correctamente. Esto incluye:<\/p><ul><li>De acuerdo a las especificaciones t\u00e9cnicas indicadas para cada producto.<\/li><li>En condiciones ambientales acorde con las especificaciones indicadas por el fabricante.<\/li><li>En uso espec\u00edfico para la funci\u00f3n con que fue dise\u00f1ado de f\u00e1brica.<\/li><li>En condiciones de operaci\u00f3n el\u00e9ctricas acorde con las especificaciones y tolerancias indicadas.<\/li><\/ul><h4>COMPROBACI\u00d3N ANTIFRAUDE<\/h4><div>\u00a0<\/div><p>La compra del cliente puede ser aplazada para la comprobaci\u00f3n antifraude. Tambi\u00e9n puede ser suspendida por m\u00e1s tiempo para una investigaci\u00f3n m\u00e1s rigurosa, para evitar transacciones fraudulentas.<\/p><h4>PRIVACIDAD<\/h4><p>bergstrominternational.com\/es\/\u00a0garantiza que la informaci\u00f3n personal que usted env\u00eda ser\u00e1n tratados con arreglo a lo establecido en la pol\u00edtica de protecci\u00f3n de datos (Aviso Legal y Condiciones Generales de Uso). Los datos ingresados por un usuario o en el caso de requerir una validaci\u00f3n de los pedidos no ser\u00e1n entregados a terceros, salvo que deba ser revelada en cumplimiento a una orden judicial o requerimientos legales.<\/p><p>La suscripci\u00f3n a boletines de correos electr\u00f3nicos publicitarios es voluntaria y podr\u00eda ser seleccionada al momento de crear su cuenta.<\/p><p>Al hacer acceder, navegar y\/o usar el Sitio Web el Usuario consiente el tratamiento de dicha informaci\u00f3n y datos y declara que toda la informaci\u00f3n o datos que facilita son veraces.<\/p><h4>LEGISLACI\u00d3N APLICABLE Y JURISDICCI\u00d3N<\/h4><div>\u00a0<\/div><p>El acceso, navegaci\u00f3n y\/o uso de este Sitio Web y los contratos de compra de productos a trav\u00e9s del mismo se regir\u00e1n por la legislaci\u00f3n espa\u00f1ola.<\/p><p>Cualquier controversia, problema o desacuerdo que surja o est\u00e9 relacionado con el acceso, navegaci\u00f3n y\/o uso del Sitio Web, o con la interpretaci\u00f3n y ejecuci\u00f3n de estas Condiciones, o con los contratos de venta entre Dirna Bergstrom S.L. y el Usuario, ser\u00e1 sometida a la jurisdicci\u00f3n no exclusiva de los juzgados y tribunales espa\u00f1oles.<\/p><h4>QUEJAS Y RECLAMACIONES<\/h4><div>\u00a0<\/div><p>El Usuario puede hacer llegar a Dirna Bergstrom S.L. sus quejas, reclamaciones o todo otro comentario que desee realizar a trav\u00e9s de los datos de contacto que se facilitan al principio de estas Condiciones (Informaci\u00f3n General).<\/p>\t\t\t\t\t\t\t\t<\/div>\n\t\t\t\t<\/div>\n\t\t\t\t\t<\/div>\n\t\t\t\t<\/div>\n\t\t\t\t<\/div>\n\t\t","protected":false},"excerpt":{"rendered":"<p>La titularidad de este sitio web, bergstrominc.com\/es en adelante \u201cSitio Web\u201d la ostenta Dirna Bergstrom S.L. provista de NIF ES-B86653995, [&hellip;]<\/p>\n","protected":false},"author":2,"featured_media":0,"parent":0,"menu_order":0,"comment_status":"closed","ping_status":"closed","template":"elementor_header_footer","meta":{"site-sidebar-layout":"no-sidebar","site-content-layout":"","ast-site-content-layout":"full-width-container","site-content-style":"default","site-sidebar-style":"default","ast-global-header-display":"","ast-banner-title-visibility":"","ast-main-header-display":"","ast-hfb-above-header-display":"","ast-hfb-below-header-display":"","ast-hfb-mobile-header-display":"","site-post-title":"disabled","ast-breadcrumbs-content":"","ast-featured-img":"disabled","footer-sml-layout":"","ast-disable-related-posts":"","theme-transparent-header-meta":"","adv-header-id-meta":"","stick-header-meta":"","header-above-stick-meta":"","header-main-stick-meta":"","header-below-stick-meta":"","astra-migrate-meta-layouts":"default","ast-page-background-enabled":"default","ast-page-background-meta":{"desktop":{"background-color":"var(--ast-global-color-4)","background-image":"","background-repeat":"repeat","background-position":"center center","background-size":"auto","background-attachment":"scroll","background-type":"","background-media":"","overlay-type":"","overlay-color":"","overlay-opacity":"","overlay-gradient":""},"tablet":{"background-color":"","background-image":"","background-repeat":"repeat","background-position":"center center","background-size":"auto","background-attachment":"scroll","background-type":"","background-media":"","overlay-type":"","overlay-color":"","overlay-opacity":"","overlay-gradient":""},"mobile":{"background-color":"","background-image":"","background-repeat":"repeat","background-position":"center center","background-size":"auto","background-attachment":"scroll","background-type":"","background-media":"","overlay-type":"","overlay-color":"","overlay-opacity":"","overlay-gradient":""}},"ast-content-background-meta":{"desktop":{"background-color":"var(--ast-global-color-5)","background-image":"","background-repeat":"repeat","background-position":"center center","background-size":"auto","background-attachment":"scroll","background-type":"","background-media":"","overlay-type":"","overlay-color":"","overlay-opacity":"","overlay-gradient":""},"tablet":{"background-color":"var(--ast-global-color-5)","background-image":"","background-repeat":"repeat","background-position":"center center","background-size":"auto","background-attachment":"scroll","background-type":"","background-media":"","overlay-type":"","overlay-color":"","overlay-opacity":"","overlay-gradient":""},"mobile":{"background-color":"var(--ast-global-color-5)","background-image":"","background-repeat":"repeat","background-position":"center center","background-size":"auto","background-attachment":"scroll","background-type":"","background-media":"","overlay-type":"","overlay-color":"","overlay-opacity":"","overlay-gradient":""}},"footnotes":""},"class_list":["post-18","page","type-page","status-publish","hentry"],"_links":{"self":[{"href":"https:\/\/bergstrominc.com\/es\/wp-json\/wp\/v2\/pages\/18","targetHints":{"allow":["GET"]}}],"collection":[{"href":"https:\/\/bergstrominc.com\/es\/wp-json\/wp\/v2\/pages"}],"about":[{"href":"https:\/\/bergstrominc.com\/es\/wp-json\/wp\/v2\/types\/page"}],"author":[{"embeddable":true,"href":"https:\/\/bergstrominc.com\/es\/wp-json\/wp\/v2\/users\/2"}],"replies":[{"embeddable":true,"href":"https:\/\/bergstrominc.com\/es\/wp-json\/wp\/v2\/comments?post=18"}],"version-history":[{"count":28,"href":"https:\/\/bergstrominc.com\/es\/wp-json\/wp\/v2\/pages\/18\/revisions"}],"predecessor-version":[{"id":17731,"href":"https:\/\/bergstrominc.com\/es\/wp-json\/wp\/v2\/pages\/18\/revisions\/17731"}],"wp:attachment":[{"href":"https:\/\/bergstrominc.com\/es\/wp-json\/wp\/v2\/media?parent=18"}],"curies":[{"name":"wp","href":"https:\/\/api.w.org\/{rel}","templated":true}]}}