{"id":18783,"date":"2025-10-06T12:03:04","date_gmt":"2025-10-06T10:03:04","guid":{"rendered":"https:\/\/bergstrominc.com\/es\/?page_id=18783"},"modified":"2025-10-06T12:14:44","modified_gmt":"2025-10-06T10:14:44","slug":"condiciones-generales-de-compra-para-proveedores","status":"publish","type":"page","link":"https:\/\/bergstrominc.com\/es\/condiciones-generales-de-compra-para-proveedores\/","title":{"rendered":"Condiciones Generales de Compra para proveedores"},"content":{"rendered":"\t\t<div data-elementor-type=\"wp-page\" data-elementor-id=\"18783\" class=\"elementor elementor-18783\" data-elementor-post-type=\"page\">\n\t\t\t\t<div class=\"elementor-element elementor-element-e3ec22f e-flex e-con-boxed e-con e-parent\" data-id=\"e3ec22f\" data-element_type=\"container\" data-e-type=\"container\" data-settings=\"{&quot;background_background&quot;:&quot;classic&quot;,&quot;jet_parallax_layout_list&quot;:[]}\">\n\t\t\t\t\t<div class=\"e-con-inner\">\n\t\t<div class=\"elementor-element elementor-element-8dd77cc e-con-full e-flex e-con e-child\" data-id=\"8dd77cc\" data-element_type=\"container\" data-e-type=\"container\" data-settings=\"{&quot;jet_parallax_layout_list&quot;:[]}\">\n\t\t\t\t<div class=\"elementor-element elementor-element-1beeb8e elementor-widget__width-initial elementor-widget elementor-widget-heading\" data-id=\"1beeb8e\" data-element_type=\"widget\" data-e-type=\"widget\" data-widget_type=\"heading.default\">\n\t\t\t\t<div class=\"elementor-widget-container\">\n\t\t\t\t\t<h1 class=\"elementor-heading-title elementor-size-default\">Condiciones Generales de compra para proveedores<\/h1>\t\t\t\t<\/div>\n\t\t\t\t<\/div>\n\t\t\t\t<\/div>\n\t\t\t\t\t<\/div>\n\t\t\t\t<\/div>\n\t\t<div class=\"elementor-element elementor-element-2058a56 e-flex e-con-boxed e-con e-parent\" data-id=\"2058a56\" data-element_type=\"container\" data-e-type=\"container\" data-settings=\"{&quot;jet_parallax_layout_list&quot;:[]}\">\n\t\t\t\t\t<div class=\"e-con-inner\">\n\t\t\t\t<div class=\"elementor-element elementor-element-7241d62 elementor-widget elementor-widget-text-editor\" data-id=\"7241d62\" data-element_type=\"widget\" data-e-type=\"widget\" data-widget_type=\"text-editor.default\">\n\t\t\t\t<div class=\"elementor-widget-container\">\n\t\t\t\t\t\t\t\t\t<h4>\u00a0\u00a0<\/h4><p><strong>ORDEN DE COMPRA<\/strong><\/p><ul><li>El pedido es personal e intransferible.<\/li><li>Cualquier requisito que entre en oposici\u00f3n con nuestras condiciones de compra, debe ser aceptado por DIRNA-BERGSTROM S.L.<\/li><li>A la recepci\u00f3n del pedido, el proveedor enviar\u00e1 la conformidad al pedido en un plazo no superior a dos d\u00edas a partir de la fecha del pedido.<\/li><li>No se admitir\u00e1n variaciones en las entregas que previamente no hayan sido aceptadas por escrito.<\/li><li>El suministrador deber\u00e1 comunicar de inmediato cualquier incidencia que impida cumplimentar el pedido.<\/li><li>El suministrador se compromete a realizar los suministros y\/o ejecutar las fabricaciones contratadas, de acuerdo con lo especificado en los planos, normas y orden de compra. No tendr\u00e1 validez ning\u00fan cambio que no sea previamente aprobado por escrito por DIRNA-BERGSTROM S.L.<\/li><\/ul><p><strong>ENTREGAS<\/strong><\/p><ul><li>Las entregas deber\u00e1n efectuarse \u00fanicamente en la direcci\u00f3n que indica el pedido.<\/li><li>Los materiales entregados deben cumplir los requisitos legales y reglamentarios establecidos por la legislaci\u00f3n vigente.<\/li><li>El suministrador se compromete a respetar la fecha de entrega acordada. Cualquiera demora autorizada a DIRNA-BERGSTROM S.L. para cancelar el pedido, sin incurrir en ning\u00fan otra responsabilidad.<\/li><li>En el supuesto de que se acepte la entrega, el vencimiento de la factura en la que se incluya el albar\u00e1n, se aplazar\u00e1 10 d\u00edas por cada d\u00eda de retraso.<\/li><li>Los adelantos de entregas no solicitadas expresamente facultar\u00e1n\u00a0 a DIRNA-BERGSTROM S.L. para retrasar la contabilizaci\u00f3n.<\/li><li>Las mercanc\u00edas deber\u00e1n viajar siempre a portes pagados por cuenta y riesgo del proveedor, salvo indicaci\u00f3n expresa en pedido.<\/li><li>Los albaranes de entrega indicar\u00e1n:<ul><li style=\"list-style-type: none;\"><ul><li>N\u00ba de pedido.<\/li><li>C\u00f3digo DIRNA-BERGSTROM S.L.\u00a0 del producto y descripci\u00f3n.<\/li><li>Precio y unitario y valoraci\u00f3n total del albar\u00e1n.<\/li><\/ul><\/li><\/ul><\/li><li>Tras la validaci\u00f3n por parte de DIRNA-BERGSTRPM S.L. de las condiciones de embalaje de un producto, toda la modificaci\u00f3n del mismo no solicitada y aprobada previamente por DIRNA-BERGSTROM S.L. ser\u00e1 motivo de rechazo de la mercanc\u00eda.<\/li><\/ul><p><strong>INSPECCI\u00d3N<\/strong><\/p><ul><li>El suministrador permitir\u00e1 el acceso a sus instalaciones para la inspecci\u00f3n por parte de DIRNA-BERGSTROM S.L<\/li><li>La verificaci\u00f3n por parte de DIRNA-BERGSTROM S.L., no exime al suministrador de su responsabilidad de entregar los productos aceptables.<\/li><li>Los materiales rechazados por diferencia en calidad, cantidad o plazo de entrega ser\u00e1n devueltos sin m\u00e1s aviso y con todos los gastos de env\u00edo en cuenta del proveedor.<\/li><li>Tras la aprobaci\u00f3n por parte de DIRNA-BERGSTROM S.L. de las muestras iniciales de cada producto, toda modificaci\u00f3n en el material, gramaje, acabado superficial, geometr\u00eda o aspecto no solicitada y aprobada previamente por DIRNA-BERGSTROM S.L ser\u00e1 motivo de rechazo de la mercanc\u00eda.<\/li><\/ul><p><strong>COMPROMISO DE CALIDAD<\/strong><\/p><ul><li>La aceptaci\u00f3n del pedido supone el compromiso del cumplimiento de las condiciones reflejadas en el Manual de Proveedores de DIRNA BERGSTROM S.L.\u00a0<\/li><\/ul><p><strong>FACTURACI\u00d3N<\/strong><\/p><ul><li>Todas las facturas motivadas por un pedido deber\u00e1n contener el n\u00famero de pedido de DIRNA-BERGSTROM S.L. as\u00ed c\u00f3mo el de sus albaranes.<\/li><li>Las facturas, remitidas por duplicado, deber\u00e1n atenerse a la normativa vigente.<\/li><li>Cada factura indicar\u00e1 las condiciones de pago pactadas de antemano.<\/li><\/ul><p><strong>FORMA DE PAGO<\/strong><\/p><ul><li>El pago se har\u00e1 mediante la emisi\u00f3n de un \u00abpagar\u00e9\u00bb por nuestra sociedad, que les emitiremos con carta de acompa\u00f1amiento, indicando a que n\u00fameros de sus facturas corresponden.<\/li><li>Los pagar\u00e9s ser\u00e1n extendidos a 60 d\u00edas con vencimiento fijo los d\u00edas 25 de cada mes, y podr\u00e1n emitirse uno por factura, o bien contenido en su importe el de varias facturas producidas dentro del mes.<\/li><\/ul><p><strong>ABONOS<\/strong><\/p><ul><li>Se deducir\u00e1n de la factura que origine la reclamaci\u00f3n del abono por DIRNA-BERGSTROM S.L.\u00a0<\/li><\/ul><p><strong>DOCUMENTACI\u00d3N\/\u00daTILES<\/strong><\/p><ul><li>PLANOS\/UTILLAJE: en todos los casos dichos planos y \u00fatiles no podr\u00e1n ser empleados m\u00e1s que para la ejecuci\u00f3n de nuestros pedidos.<\/li><li>En cualquier momento estar\u00e1n a nuestra disposici\u00f3n y nos ser\u00e1n entregados a requerimiento por nuestra parte.<\/li><li>DIRNA-BERGSTROM S.L. se reserva el derecho de visitar e inspeccionar en el domicilio del proveedor, la fabricaci\u00f3n de las piezas contenidas en el pedido.<\/li><li>UTILLAJE en instalaciones de proveedor, sujeto a contrato de dep\u00f3sito elaborado para este prop\u00f3sito.<\/li><\/ul><p><strong>MERCANC\u00cdA EN DEP\u00d3SITO<\/strong><\/p><ul><li>El tenedor de mercanc\u00eda en dep\u00f3sito se compromete a entregar esta mercanc\u00eda a DIRNA-BERGSTROM S.L. en el momento en el que se le requiera y a utilizarla solo para la fabricaci\u00f3n de pedidos solicitados por DIRNA-BERGSTROM S.L.\u00a0<\/li><\/ul><p><strong>JURISDICCI\u00d3N<\/strong><\/p><ul><li>En caso de desacuerdo sobre la aceptaci\u00f3n de un pedido, tanto en materia de calidad como econ\u00f3micamente, primeramente, se tratar\u00e1 de resolver en una reuni\u00f3n en la sede de DIRNA-BERGSTROM S.L., entre los responsables de Calidad y Compras de DIRNA BERGSTROM S.L. y el suministrador, y en caso de conflicto legal, se recurrir\u00e1 a los Tribunales de Alcal\u00e1 de Henares con renuncia a cualquier otro fuero o domicilio que pudiera corresponderle.\u00a0<\/li><\/ul><p><strong>LEY DE PROTECCI\u00d3N DE DATOS<\/strong><\/p><ul><li>En cumplimiento con la Ley Org\u00e1nica 15\/1999, de Protecci\u00f3n de datos de Car\u00e1cter Personal, le informamos que DIRNA-BERGSTROM S.L., es responsable de un fichero de datos de caracteres personales, en el cual se encuentran incluidos los datos recabados de PROVEEDORES, as\u00ed como los datos de las personas de contacto en los mismos, incluida su direcci\u00f3n de correo electr\u00f3nico, cuya finalidad es la gesti\u00f3n de las relaciones comerciales con Vds., as\u00ed como la gesti\u00f3n contable y econ\u00f3micamente derivada de las mismas.<\/li><li>Resulta necesario de Vds. nos facilitan todos los datos solicitados, garantizando que los mismos son verdaderos, exactos, completos y actualizados y que se encuentra facultado para facilitar a DIRNA-BERGSTROM S.L. los datos de la\/s persona\/s de contacto en la entidad.<\/li><li>Le informamos que sus datos podr\u00e1n ser cedidos a las entidades tributarias, para el cumplimiento de obligaciones fiscales, as\u00ed como a entidades financieras para la gesti\u00f3n de cobros y pagos.<\/li><li>Al facilitarnos los datos referidos anteriormente, Vds. consienten expresamente el uso, tratamiento y comunicaci\u00f3n de los mismos para las finalidades informadas<\/li><li>En caso de tener lugar alguna modificaci\u00f3n y\/o variaci\u00f3n en alguno de los datos existentes en nuestra base de datos, en particular, de los relativos a las personas de contacto, Vds. deber\u00e1n poner en nuestro conocimiento dicha circunstancia a fin de proceder a su actualizaci\u00f3n.<\/li><li>Para el ejercicio de los derechos de acceso, rectificaci\u00f3n u oposici\u00f3n, deber\u00e1 remitirse a un escrito identificado con la referencia \u00abProtecci\u00f3n de datos\u00bb, en el que se concrete la solicitud correspondiente y al que acompa\u00f1e fotocopia del documento nacional de Identidad del interesado, a la siguiente direcci\u00f3n: C \/ Francisco Alonso,11A \u2013 28806 \u2013 Alcal\u00e1 de Henares (MADRID).\u00a0<\/li><\/ul><p><strong>LA ACEPTACI\u00d3N DEL PEDIDO SUPONE EL COMPROMISO POR PARTE DEL PROVEEDOR DE LA ACEPTACI\u00d3N DE ESTAS CONDICIONES<\/strong><\/p><p>Elaborado: Director de Compras\u00a0 \u00a0 \u00a0 \u00a0 \u00a0 \u00a0 \u00a0 \u00a0 \u00a0 \u00a0 \u00a0 \u00a0 \u00a0 \u00a0 \u00a0 \u00a0 \u00a0 \u00a0<\/p><p>Aprobado: Director General\u00a0 \u00a0 \u00a0 \u00a0 \u00a0 \u00a0 \u00a0 \u00a0 \u00a0 \u00a0 \u00a0 \u00a0<\/p><p>F-7415 rev. 03<\/p>\t\t\t\t\t\t\t\t<\/div>\n\t\t\t\t<\/div>\n\t\t\t\t\t<\/div>\n\t\t\t\t<\/div>\n\t\t\t\t<\/div>\n\t\t","protected":false},"excerpt":{"rendered":"<p>Condiciones Generales de compra para proveedores \u00a0\u00a0 ORDEN DE COMPRA El pedido es personal e intransferible. Cualquier requisito que entre [&hellip;]<\/p>\n","protected":false},"author":11,"featured_media":0,"parent":0,"menu_order":0,"comment_status":"closed","ping_status":"closed","template":"","meta":{"site-sidebar-layout":"no-sidebar","site-content-layout":"","ast-site-content-layout":"full-width-container","site-content-style":"default","site-sidebar-style":"default","ast-global-header-display":"","ast-banner-title-visibility":"","ast-main-header-display":"","ast-hfb-above-header-display":"","ast-hfb-below-header-display":"","ast-hfb-mobile-header-display":"","site-post-title":"","ast-breadcrumbs-content":"","ast-featured-img":"disabled","footer-sml-layout":"","ast-disable-related-posts":"","theme-transparent-header-meta":"","adv-header-id-meta":"","stick-header-meta":"","header-above-stick-meta":"","header-main-stick-meta":"","header-below-stick-meta":"","astra-migrate-meta-layouts":"default","ast-page-background-enabled":"default","ast-page-background-meta":{"desktop":{"background-color":"var(--ast-global-color-4)","background-image":"","background-repeat":"repeat","background-position":"center center","background-size":"auto","background-attachment":"scroll","background-type":"","background-media":"","overlay-type":"","overlay-color":"","overlay-opacity":"","overlay-gradient":""},"tablet":{"background-color":"","background-image":"","background-repeat":"repeat","background-position":"center center","background-size":"auto","background-attachment":"scroll","background-type":"","background-media":"","overlay-type":"","overlay-color":"","overlay-opacity":"","overlay-gradient":""},"mobile":{"background-color":"","background-image":"","background-repeat":"repeat","background-position":"center center","background-size":"auto","background-attachment":"scroll","background-type":"","background-media":"","overlay-type":"","overlay-color":"","overlay-opacity":"","overlay-gradient":""}},"ast-content-background-meta":{"desktop":{"background-color":"var(--ast-global-color-5)","background-image":"","background-repeat":"repeat","background-position":"center center","background-size":"auto","background-attachment":"scroll","background-type":"","background-media":"","overlay-type":"","overlay-color":"","overlay-opacity":"","overlay-gradient":""},"tablet":{"background-color":"var(--ast-global-color-5)","background-image":"","background-repeat":"repeat","background-position":"center center","background-size":"auto","background-attachment":"scroll","background-type":"","background-media":"","overlay-type":"","overlay-color":"","overlay-opacity":"","overlay-gradient":""},"mobile":{"background-color":"var(--ast-global-color-5)","background-image":"","background-repeat":"repeat","background-position":"center center","background-size":"auto","background-attachment":"scroll","background-type":"","background-media":"","overlay-type":"","overlay-color":"","overlay-opacity":"","overlay-gradient":""}},"footnotes":""},"class_list":["post-18783","page","type-page","status-publish","hentry"],"_links":{"self":[{"href":"https:\/\/bergstrominc.com\/es\/wp-json\/wp\/v2\/pages\/18783","targetHints":{"allow":["GET"]}}],"collection":[{"href":"https:\/\/bergstrominc.com\/es\/wp-json\/wp\/v2\/pages"}],"about":[{"href":"https:\/\/bergstrominc.com\/es\/wp-json\/wp\/v2\/types\/page"}],"author":[{"embeddable":true,"href":"https:\/\/bergstrominc.com\/es\/wp-json\/wp\/v2\/users\/11"}],"replies":[{"embeddable":true,"href":"https:\/\/bergstrominc.com\/es\/wp-json\/wp\/v2\/comments?post=18783"}],"version-history":[{"count":4,"href":"https:\/\/bergstrominc.com\/es\/wp-json\/wp\/v2\/pages\/18783\/revisions"}],"predecessor-version":[{"id":18787,"href":"https:\/\/bergstrominc.com\/es\/wp-json\/wp\/v2\/pages\/18783\/revisions\/18787"}],"wp:attachment":[{"href":"https:\/\/bergstrominc.com\/es\/wp-json\/wp\/v2\/media?parent=18783"}],"curies":[{"name":"wp","href":"https:\/\/api.w.org\/{rel}","templated":true}]}}