{"id":14622,"date":"2025-01-23T08:52:31","date_gmt":"2025-01-23T07:52:31","guid":{"rendered":"https:\/\/dimgrey-goat-433611.hostingersite.com\/es\/?post_type=product&#038;p=14622"},"modified":"2025-10-29T09:57:09","modified_gmt":"2025-10-29T08:57:09","slug":"p23-2t-plus","status":"publish","type":"product","link":"https:\/\/bergstrominc.com\/es\/producto\/p23-2t-plus\/","title":{"rendered":"P23-2T Plus"},"content":{"rendered":"<p>P23-2T Plus es un equipo compacto de aire acondicionado aut\u00f3nomo de altas prestaciones que se monta en el techo de la cabina y que resulta una soluci\u00f3n ideal para enfriar la misma cuando no se dispone de un sistema de aire acondicionado original instalado o cuando el aire acondicionado existente requiere de un refuerzo adicional.<\/p>\n<p>P23-2T Plus funciona tanto a motor en marcha como a motor parado y, puesto que es un sistema el\u00e9ctrico aut\u00f3nomo, le ayudar\u00e1 a reducir el gasto en combustible y las emisiones de CO\u2082 a la atm\u00f3sfera.<\/p>\n<ul>\n<li>Equipo completamente el\u00e9ctrico dotado de tecnolog\u00eda full inverter.<\/li>\n<li>Instalaci\u00f3n sin tocar el motor del veh\u00edculo.<\/li>\n<li>Montaje sencillo: instalaci\u00f3n universal adaptable a todos los tipos de cabina<\/li>\n<li>Funci\u00f3n manual, autom\u00e1tica y eco.<\/li>\n<li>Mando a distancia (IR) y term\u00f3metro digital en <sup>0<\/sup>C<\/li>\n<li>Sistema inteligente de protecci\u00f3n de bater\u00eda para asegurar arranque<\/li>\n<li>Ahorro de combustible.<\/li>\n<li>3 velocidades de ventilaci\u00f3n<\/li>\n<li>Sistemas precargados<\/li>\n<li>Posibilita un descanso confortable en la cabina del veh\u00edculo, lo que contribuye a incrementar la seguridad vial.<\/li>\n<\/ul>\n","protected":false},"excerpt":{"rendered":"<div class=\"lRu31\" dir=\"ltr\">\n<div class=\"lRu31\" dir=\"ltr\"><span class=\"HwtZe\" lang=\"es\"><span class=\"jCAhz JpY6Fd\"><span class=\"ryNqvb\">El P23-2T Plus es un aire acondicionado de techo compacto alimentado directamente por la bater\u00eda del veh\u00edculo, dise\u00f1ado para funcionar en veh\u00edculos utilizados en las condiciones m\u00e1s exigentes dentro y fuera de la carretera.<\/span><\/span><\/span><\/div>\n<div dir=\"ltr\"><\/div>\n<div><a href=\"https:\/\/youtu.be\/8Kt6LSEH2uM\">Haciendo clic aqu\u00ed podr\u00e1s ver el v\u00eddeo de instalaci\u00f3n en YouTube.<\/a><\/div>\n<\/div>\n<p><a href=\"https:\/\/info-es.bergstrominc.com\/WebEspa%C3%B1a\/Encuentra-tu-referencia\/Para-trabajar\/P23\/Plantilla%20de%20Corte%20P23-2T%20Plus.pdf\">Descargue la plantilla de corte haciendo clic aqu\u00ed<\/a><\/p>\n","protected":false},"featured_media":15066,"comment_status":"open","ping_status":"closed","template":"","meta":{"site-sidebar-layout":"default","site-content-layout":"","ast-site-content-layout":"default","site-content-style":"default","site-sidebar-style":"default","ast-global-header-display":"","ast-banner-title-visibility":"","ast-main-header-display":"","ast-hfb-above-header-display":"","ast-hfb-below-header-display":"","ast-hfb-mobile-header-display":"","site-post-title":"","ast-breadcrumbs-content":"","ast-featured-img":"","footer-sml-layout":"","ast-disable-related-posts":"","theme-transparent-header-meta":"default","adv-header-id-meta":"","stick-header-meta":"","header-above-stick-meta":"","header-main-stick-meta":"","header-below-stick-meta":"","astra-migrate-meta-layouts":"set","ast-page-background-enabled":"default","ast-page-background-meta":{"desktop":{"background-color":"var(--ast-global-color-4)","background-image":"","background-repeat":"repeat","background-position":"center center","background-size":"auto","background-attachment":"scroll","background-type":"","background-media":"","overlay-type":"","overlay-color":"","overlay-opacity":"","overlay-gradient":""},"tablet":{"background-color":"","background-image":"","background-repeat":"repeat","background-position":"center center","background-size":"auto","background-attachment":"scroll","background-type":"","background-media":"","overlay-type":"","overlay-color":"","overlay-opacity":"","overlay-gradient":""},"mobile":{"background-color":"","background-image":"","background-repeat":"repeat","background-position":"center center","background-size":"auto","background-attachment":"scroll","background-type":"","background-media":"","overlay-type":"","overlay-color":"","overlay-opacity":"","overlay-gradient":""}},"ast-content-background-meta":{"desktop":{"background-color":"var(--ast-global-color-5)","background-image":"","background-repeat":"repeat","background-position":"center center","background-size":"auto","background-attachment":"scroll","background-type":"","background-media":"","overlay-type":"","overlay-color":"","overlay-opacity":"","overlay-gradient":""},"tablet":{"background-color":"var(--ast-global-color-5)","background-image":"","background-repeat":"repeat","background-position":"center center","background-size":"auto","background-attachment":"scroll","background-type":"","background-media":"","overlay-type":"","overlay-color":"","overlay-opacity":"","overlay-gradient":""},"mobile":{"background-color":"var(--ast-global-color-5)","background-image":"","background-repeat":"repeat","background-position":"center center","background-size":"auto","background-attachment":"scroll","background-type":"","background-media":"","overlay-type":"","overlay-color":"","overlay-opacity":"","overlay-gradient":""}}},"product_brand":[],"product_cat":[65,39],"product_tag":[69],"class_list":{"0":"post-14622","1":"product","2":"type-product","3":"status-publish","4":"has-post-thumbnail","6":"product_cat-para-trabajar","7":"product_cat-profesional","8":"product_tag-3columnas","9":"desktop-align-left","10":"tablet-align-left","11":"mobile-align-left","13":"first","14":"instock","15":"shipping-taxable","16":"product-type-simple"},"_links":{"self":[{"href":"https:\/\/bergstrominc.com\/es\/wp-json\/wp\/v2\/product\/14622","targetHints":{"allow":["GET"]}}],"collection":[{"href":"https:\/\/bergstrominc.com\/es\/wp-json\/wp\/v2\/product"}],"about":[{"href":"https:\/\/bergstrominc.com\/es\/wp-json\/wp\/v2\/types\/product"}],"replies":[{"embeddable":true,"href":"https:\/\/bergstrominc.com\/es\/wp-json\/wp\/v2\/comments?post=14622"}],"version-history":[{"count":18,"href":"https:\/\/bergstrominc.com\/es\/wp-json\/wp\/v2\/product\/14622\/revisions"}],"predecessor-version":[{"id":18966,"href":"https:\/\/bergstrominc.com\/es\/wp-json\/wp\/v2\/product\/14622\/revisions\/18966"}],"wp:featuredmedia":[{"embeddable":true,"href":"https:\/\/bergstrominc.com\/es\/wp-json\/wp\/v2\/media\/15066"}],"wp:attachment":[{"href":"https:\/\/bergstrominc.com\/es\/wp-json\/wp\/v2\/media?parent=14622"}],"wp:term":[{"taxonomy":"product_brand","embeddable":true,"href":"https:\/\/bergstrominc.com\/es\/wp-json\/wp\/v2\/product_brand?post=14622"},{"taxonomy":"product_cat","embeddable":true,"href":"https:\/\/bergstrominc.com\/es\/wp-json\/wp\/v2\/product_cat?post=14622"},{"taxonomy":"product_tag","embeddable":true,"href":"https:\/\/bergstrominc.com\/es\/wp-json\/wp\/v2\/product_tag?post=14622"}],"curies":[{"name":"wp","href":"https:\/\/api.w.org\/{rel}","templated":true}]}}