{"id":7428,"date":"2024-07-01T17:48:29","date_gmt":"2024-07-01T15:48:29","guid":{"rendered":"https:\/\/dimgrey-goat-433611.hostingersite.com\/es\/?post_type=product&#038;p=7428"},"modified":"2025-07-21T14:46:05","modified_gmt":"2025-07-21T12:46:05","slug":"compact-3-0","status":"publish","type":"product","link":"https:\/\/bergstrominc.com\/es\/producto\/compact-3-0\/","title":{"rendered":"COMPACT 3.0"},"content":{"rendered":"\t\t<div data-elementor-type=\"product-post\" data-elementor-id=\"7428\" class=\"elementor elementor-7428\" data-elementor-post-type=\"product\">\n\t\t\t\t<div class=\"elementor-element elementor-element-696f71ce e-flex e-con-boxed e-con e-parent\" data-id=\"696f71ce\" data-element_type=\"container\" data-e-type=\"container\" data-settings=\"{&quot;jet_parallax_layout_list&quot;:[]}\">\n\t\t\t\t\t<div class=\"e-con-inner\">\n\t\t\t\t<div class=\"elementor-element elementor-element-3c498659 elementor-widget elementor-widget-text-editor\" data-id=\"3c498659\" data-element_type=\"widget\" data-e-type=\"widget\" data-widget_type=\"text-editor.default\">\n\t\t\t\t<div class=\"elementor-widget-container\">\n\t\t\t\t\t\t\t\t\t<p>COMPACT 3.0 es un equipo completamente el\u00e9ctrico dotado con tecnolog\u00eda full inverter.<\/p><p>Adem\u00e1s de recomendar su uso durante los periodos de parada obligatoria o en las operaciones de carga y descarga, COMPACT resulta una de las mejores opciones para el descanso nocturno en la cabina del cami\u00f3n.<\/p><p>COMPACT 3.0 est\u00e1 equipado con dos compresores y dos circuitos de refrigerante independientes para el evaporador y el condensador, por lo que act\u00faa como dos unidades de aire acondicionado en un \u00fanico equipo.<\/p><ul><li>Equipo completamente el\u00e9ctrico dotado de tecnolog\u00eda full inverter.<\/li><li>Instalaci\u00f3n en el techo sin tocar el motor del veh\u00edculo.<\/li><li>Montaje sencillo sin necesidad de taladrar el techo de la cabina en camiones con escotilla.<\/li><li>Funci\u00f3n manual y autom\u00e1tica.<\/li><li>Mando a distancia por radiofrecuencia (RF) y term\u00f3metro digital (en \u00baC y \u00baF).<\/li><li>Doble protecci\u00f3n de bater\u00eda.<\/li><li>Ahorro de combustible.<\/li><li>5 velocidades de ventilaci\u00f3n.<\/li><li>Sistemas precargados.<\/li><li>M\u00ednimo mantenimiento.<\/li><li>Funcionamiento con veh\u00edculo a motor parado o en marcha.<\/li><li>Emisiones 0 &#8211; 100% respetuoso con el medio ambiente<\/li><li>Posibilita un buen descanso en la cabina del veh\u00edculo, lo que contribuye a incrementar la seguridad vial<\/li><\/ul>\t\t\t\t\t\t\t\t<\/div>\n\t\t\t\t<\/div>\n\t\t\t\t\t<\/div>\n\t\t\t\t<\/div>\n\t\t\t\t<\/div>\n\t\t","protected":false},"excerpt":{"rendered":"<p>COMPACT 3.0, equipo compacto de aire acondicionado aut\u00f3nomo de altas prestaciones que puede ser utilizado con el motor parado o en marcha, ha sido dise\u00f1ado para ser la alternativa de climatizaci\u00f3n en veh\u00edculos sin aire acondicionado de origen.<\/p>\n","protected":false},"featured_media":9892,"comment_status":"open","ping_status":"closed","template":"","meta":{"site-sidebar-layout":"default","site-content-layout":"","ast-site-content-layout":"default","site-content-style":"default","site-sidebar-style":"default","ast-global-header-display":"","ast-banner-title-visibility":"","ast-main-header-display":"","ast-hfb-above-header-display":"","ast-hfb-below-header-display":"","ast-hfb-mobile-header-display":"","site-post-title":"","ast-breadcrumbs-content":"","ast-featured-img":"","footer-sml-layout":"","ast-disable-related-posts":"","theme-transparent-header-meta":"default","adv-header-id-meta":"","stick-header-meta":"","header-above-stick-meta":"","header-main-stick-meta":"","header-below-stick-meta":"","astra-migrate-meta-layouts":"set","ast-page-background-enabled":"default","ast-page-background-meta":{"desktop":{"background-color":"var(--ast-global-color-4)","background-image":"","background-repeat":"repeat","background-position":"center center","background-size":"auto","background-attachment":"scroll","background-type":"","background-media":"","overlay-type":"","overlay-color":"","overlay-opacity":"","overlay-gradient":""},"tablet":{"background-color":"","background-image":"","background-repeat":"repeat","background-position":"center center","background-size":"auto","background-attachment":"scroll","background-type":"","background-media":"","overlay-type":"","overlay-color":"","overlay-opacity":"","overlay-gradient":""},"mobile":{"background-color":"","background-image":"","background-repeat":"repeat","background-position":"center center","background-size":"auto","background-attachment":"scroll","background-type":"","background-media":"","overlay-type":"","overlay-color":"","overlay-opacity":"","overlay-gradient":""}},"ast-content-background-meta":{"desktop":{"background-color":"var(--ast-global-color-5)","background-image":"","background-repeat":"repeat","background-position":"center center","background-size":"auto","background-attachment":"scroll","background-type":"","background-media":"","overlay-type":"","overlay-color":"","overlay-opacity":"","overlay-gradient":""},"tablet":{"background-color":"var(--ast-global-color-5)","background-image":"","background-repeat":"repeat","background-position":"center center","background-size":"auto","background-attachment":"scroll","background-type":"","background-media":"","overlay-type":"","overlay-color":"","overlay-opacity":"","overlay-gradient":""},"mobile":{"background-color":"var(--ast-global-color-5)","background-image":"","background-repeat":"repeat","background-position":"center center","background-size":"auto","background-attachment":"scroll","background-type":"","background-media":"","overlay-type":"","overlay-color":"","overlay-opacity":"","overlay-gradient":""}}},"product_brand":[],"product_cat":[71],"product_tag":[69],"class_list":{"0":"post-7428","1":"product","2":"type-product","3":"status-publish","4":"has-post-thumbnail","6":"product_cat-para-descansar","7":"product_tag-3columnas","8":"desktop-align-left","9":"tablet-align-left","10":"mobile-align-left","12":"first","13":"instock","14":"shipping-taxable","15":"product-type-simple"},"_links":{"self":[{"href":"https:\/\/bergstrominc.com\/es\/wp-json\/wp\/v2\/product\/7428","targetHints":{"allow":["GET"]}}],"collection":[{"href":"https:\/\/bergstrominc.com\/es\/wp-json\/wp\/v2\/product"}],"about":[{"href":"https:\/\/bergstrominc.com\/es\/wp-json\/wp\/v2\/types\/product"}],"replies":[{"embeddable":true,"href":"https:\/\/bergstrominc.com\/es\/wp-json\/wp\/v2\/comments?post=7428"}],"version-history":[{"count":18,"href":"https:\/\/bergstrominc.com\/es\/wp-json\/wp\/v2\/product\/7428\/revisions"}],"predecessor-version":[{"id":18149,"href":"https:\/\/bergstrominc.com\/es\/wp-json\/wp\/v2\/product\/7428\/revisions\/18149"}],"wp:featuredmedia":[{"embeddable":true,"href":"https:\/\/bergstrominc.com\/es\/wp-json\/wp\/v2\/media\/9892"}],"wp:attachment":[{"href":"https:\/\/bergstrominc.com\/es\/wp-json\/wp\/v2\/media?parent=7428"}],"wp:term":[{"taxonomy":"product_brand","embeddable":true,"href":"https:\/\/bergstrominc.com\/es\/wp-json\/wp\/v2\/product_brand?post=7428"},{"taxonomy":"product_cat","embeddable":true,"href":"https:\/\/bergstrominc.com\/es\/wp-json\/wp\/v2\/product_cat?post=7428"},{"taxonomy":"product_tag","embeddable":true,"href":"https:\/\/bergstrominc.com\/es\/wp-json\/wp\/v2\/product_tag?post=7428"}],"curies":[{"name":"wp","href":"https:\/\/api.w.org\/{rel}","templated":true}]}}