{"id":8957,"date":"2024-07-03T12:41:18","date_gmt":"2024-07-03T10:41:18","guid":{"rendered":"https:\/\/dimgrey-goat-433611.hostingersite.com\/es\/?post_type=product&#038;p=8957"},"modified":"2025-04-15T07:39:54","modified_gmt":"2025-04-15T05:39:54","slug":"dinamic-1-1","status":"publish","type":"product","link":"https:\/\/bergstrominc.com\/es\/producto\/dinamic-1-1\/","title":{"rendered":"DINAMIC 1.1"},"content":{"rendered":"<p>DINAMIC es un equipo de aire acondicionado el\u00e9ctrico aut\u00f3nomo de altas prestaciones de instalaci\u00f3n trasera: la unidad se coloca en la parte trasera de la cabina y no es necesario tocar la escotilla original.<\/p>\n<p>Aunque dise\u00f1ado especialmente para camiones con cabinas altas, cabinas americanas, sin escotilla o de transporte de autom\u00f3viles, resulta una buena soluci\u00f3n universal para refrigerar la cabina del cami\u00f3n durante los per\u00edodos de descanso nocturno del conductor y durante las operaciones de carga y descarga con el motor apagado.<\/p>\n<p>DINAMIC es un sistema el\u00e9ctrico aut\u00f3nomo alimentado directamente de la bater\u00eda del veh\u00edculo, por lo que le ayudar\u00e1 a reducir el gasto en combustible y evitar\u00e1 emisiones de CO\u2082 a la atm\u00f3sfera (respetuoso con el medio ambiente), al funcionar mientras que el motor permanece apagado.<\/p>\n<ul>\n<li>Equipo completamente el\u00e9ctrico dotado de tecnolog\u00eda inverter.<\/li>\n<li>Instalaci\u00f3n sencilla en la pared trasera sin necesidad de tocar el motor del veh\u00edculo.<\/li>\n<li>Operacional con el motor encendido o apagado<\/li>\n<li>Funci\u00f3n manual y autom\u00e1tica<\/li>\n<li>Mando a distancia por radiofrecuencia (RF) y term\u00f3metro digital (<sup>0<\/sup>C o <sup>0<\/sup>F)<\/li>\n<li>Doble protecci\u00f3n de bater\u00eda<\/li>\n<li>5 velocidades de ventilaci\u00f3n<\/li>\n<li>Posibilita un buen descanso en la cabina del veh\u00edculo, lo que contribuye a incrementar la seguridad vial.<\/li>\n<\/ul>\n","protected":false},"excerpt":{"rendered":"<p>Con un consumo el\u00e9ctrico muy bajo, el aire acondicionado aut\u00f3nomo DINAMIC resulta especialmente indicado para su uso nocturno, cuando el motor est\u00e1 apagado.<\/p>\n<p>DINAMIC est\u00e1 especialmente indicado para veh\u00edculos de carretera tales como camiones porta-coches o camiones con cabinas de altura excesiva, cabinas americanas o cabinas sin escotilla.<\/p>\n","protected":false},"featured_media":10011,"comment_status":"open","ping_status":"closed","template":"","meta":{"site-sidebar-layout":"default","site-content-layout":"","ast-site-content-layout":"default","site-content-style":"default","site-sidebar-style":"default","ast-global-header-display":"","ast-banner-title-visibility":"","ast-main-header-display":"","ast-hfb-above-header-display":"","ast-hfb-below-header-display":"","ast-hfb-mobile-header-display":"","site-post-title":"","ast-breadcrumbs-content":"","ast-featured-img":"","footer-sml-layout":"","ast-disable-related-posts":"","theme-transparent-header-meta":"default","adv-header-id-meta":"","stick-header-meta":"","header-above-stick-meta":"","header-main-stick-meta":"","header-below-stick-meta":"","astra-migrate-meta-layouts":"set","ast-page-background-enabled":"default","ast-page-background-meta":{"desktop":{"background-color":"var(--ast-global-color-4)","background-image":"","background-repeat":"repeat","background-position":"center center","background-size":"auto","background-attachment":"scroll","background-type":"","background-media":"","overlay-type":"","overlay-color":"","overlay-opacity":"","overlay-gradient":""},"tablet":{"background-color":"","background-image":"","background-repeat":"repeat","background-position":"center center","background-size":"auto","background-attachment":"scroll","background-type":"","background-media":"","overlay-type":"","overlay-color":"","overlay-opacity":"","overlay-gradient":""},"mobile":{"background-color":"","background-image":"","background-repeat":"repeat","background-position":"center center","background-size":"auto","background-attachment":"scroll","background-type":"","background-media":"","overlay-type":"","overlay-color":"","overlay-opacity":"","overlay-gradient":""}},"ast-content-background-meta":{"desktop":{"background-color":"var(--ast-global-color-5)","background-image":"","background-repeat":"repeat","background-position":"center center","background-size":"auto","background-attachment":"scroll","background-type":"","background-media":"","overlay-type":"","overlay-color":"","overlay-opacity":"","overlay-gradient":""},"tablet":{"background-color":"var(--ast-global-color-5)","background-image":"","background-repeat":"repeat","background-position":"center center","background-size":"auto","background-attachment":"scroll","background-type":"","background-media":"","overlay-type":"","overlay-color":"","overlay-opacity":"","overlay-gradient":""},"mobile":{"background-color":"var(--ast-global-color-5)","background-image":"","background-repeat":"repeat","background-position":"center center","background-size":"auto","background-attachment":"scroll","background-type":"","background-media":"","overlay-type":"","overlay-color":"","overlay-opacity":"","overlay-gradient":""}}},"product_brand":[],"product_cat":[71,39],"product_tag":[69],"class_list":{"0":"post-8957","1":"product","2":"type-product","3":"status-publish","4":"has-post-thumbnail","6":"product_cat-para-descansar","7":"product_cat-profesional","8":"product_tag-3columnas","9":"desktop-align-left","10":"tablet-align-left","11":"mobile-align-left","13":"first","14":"instock","15":"shipping-taxable","16":"product-type-simple"},"_links":{"self":[{"href":"https:\/\/bergstrominc.com\/es\/wp-json\/wp\/v2\/product\/8957","targetHints":{"allow":["GET"]}}],"collection":[{"href":"https:\/\/bergstrominc.com\/es\/wp-json\/wp\/v2\/product"}],"about":[{"href":"https:\/\/bergstrominc.com\/es\/wp-json\/wp\/v2\/types\/product"}],"replies":[{"embeddable":true,"href":"https:\/\/bergstrominc.com\/es\/wp-json\/wp\/v2\/comments?post=8957"}],"version-history":[{"count":2,"href":"https:\/\/bergstrominc.com\/es\/wp-json\/wp\/v2\/product\/8957\/revisions"}],"predecessor-version":[{"id":10370,"href":"https:\/\/bergstrominc.com\/es\/wp-json\/wp\/v2\/product\/8957\/revisions\/10370"}],"wp:featuredmedia":[{"embeddable":true,"href":"https:\/\/bergstrominc.com\/es\/wp-json\/wp\/v2\/media\/10011"}],"wp:attachment":[{"href":"https:\/\/bergstrominc.com\/es\/wp-json\/wp\/v2\/media?parent=8957"}],"wp:term":[{"taxonomy":"product_brand","embeddable":true,"href":"https:\/\/bergstrominc.com\/es\/wp-json\/wp\/v2\/product_brand?post=8957"},{"taxonomy":"product_cat","embeddable":true,"href":"https:\/\/bergstrominc.com\/es\/wp-json\/wp\/v2\/product_cat?post=8957"},{"taxonomy":"product_tag","embeddable":true,"href":"https:\/\/bergstrominc.com\/es\/wp-json\/wp\/v2\/product_tag?post=8957"}],"curies":[{"name":"wp","href":"https:\/\/api.w.org\/{rel}","templated":true}]}}