{"id":9005,"date":"2024-07-03T14:06:27","date_gmt":"2024-07-03T12:06:27","guid":{"rendered":"https:\/\/dimgrey-goat-433611.hostingersite.com\/es\/?post_type=product&#038;p=9005"},"modified":"2026-04-08T09:15:38","modified_gmt":"2026-04-08T07:15:38","slug":"flex-power-ii","status":"publish","type":"product","link":"https:\/\/bergstrominc.com\/es\/producto\/flex-power-ii\/","title":{"rendered":"FLEX POWER II"},"content":{"rendered":"<p>FLEX POWER II est\u00e1 compuesto por tres partes principales: una unidad compresora, una unidad condensadora y una unidad evaporadora. Combinando estas tres unidades entre s\u00ed y completadas por un kit de instalaci\u00f3n, se podr\u00e1 configurar de forma flexible en m\u00faltiples ubicaciones seg\u00fan las necesidades de cada veh\u00edculo.<\/p>\n<p>Al estar dise\u00f1ado con un compresor el\u00e9ctrico, FLEX POWER II no necesita la potencia del motor del veh\u00edculo, sino tan solo una conexi\u00f3n al sistema el\u00e9ctrico.<\/p>\n<ul>\n<li>Equipo completamente el\u00e9ctrico.<\/li>\n<li>Estructura muy resistente y m\u00ednimo mantenimiento.<\/li>\n<li>Instalaci\u00f3n sin tocar el motor del veh\u00edculo y adecuado para diferentes tipos de cabina.<\/li>\n<li>Adaptaci\u00f3n total al veh\u00edculo por su estructura modular.<\/li>\n<li>3 velocidades de ventilaci\u00f3n.<\/li>\n<li>Regulaci\u00f3n manual de potencia frigor\u00edfica.<\/li>\n<\/ul>\n","protected":false},"excerpt":{"rendered":"<p>FLEX POWER II es un sistema modular el\u00e9ctrico de aire acondicionado para aplicaciones especiales, capacitado para trabajar en entornos duros y exigentes.<\/p>\n<p>Sus diferentes variantes de instalaci\u00f3n, permiten una completa adaptaci\u00f3n al veh\u00edculo en el que vaya a ser instalado.<\/p>\n","protected":false},"featured_media":10021,"comment_status":"open","ping_status":"closed","template":"","meta":{"site-sidebar-layout":"default","site-content-layout":"","ast-site-content-layout":"default","site-content-style":"default","site-sidebar-style":"default","ast-global-header-display":"","ast-banner-title-visibility":"","ast-main-header-display":"","ast-hfb-above-header-display":"","ast-hfb-below-header-display":"","ast-hfb-mobile-header-display":"","site-post-title":"","ast-breadcrumbs-content":"","ast-featured-img":"","footer-sml-layout":"","ast-disable-related-posts":"","theme-transparent-header-meta":"default","adv-header-id-meta":"","stick-header-meta":"","header-above-stick-meta":"","header-main-stick-meta":"","header-below-stick-meta":"","astra-migrate-meta-layouts":"set","ast-page-background-enabled":"default","ast-page-background-meta":{"desktop":{"background-color":"var(--ast-global-color-4)","background-image":"","background-repeat":"repeat","background-position":"center center","background-size":"auto","background-attachment":"scroll","background-type":"","background-media":"","overlay-type":"","overlay-color":"","overlay-opacity":"","overlay-gradient":""},"tablet":{"background-color":"","background-image":"","background-repeat":"repeat","background-position":"center center","background-size":"auto","background-attachment":"scroll","background-type":"","background-media":"","overlay-type":"","overlay-color":"","overlay-opacity":"","overlay-gradient":""},"mobile":{"background-color":"","background-image":"","background-repeat":"repeat","background-position":"center center","background-size":"auto","background-attachment":"scroll","background-type":"","background-media":"","overlay-type":"","overlay-color":"","overlay-opacity":"","overlay-gradient":""}},"ast-content-background-meta":{"desktop":{"background-color":"var(--ast-global-color-5)","background-image":"","background-repeat":"repeat","background-position":"center center","background-size":"auto","background-attachment":"scroll","background-type":"","background-media":"","overlay-type":"","overlay-color":"","overlay-opacity":"","overlay-gradient":""},"tablet":{"background-color":"var(--ast-global-color-5)","background-image":"","background-repeat":"repeat","background-position":"center center","background-size":"auto","background-attachment":"scroll","background-type":"","background-media":"","overlay-type":"","overlay-color":"","overlay-opacity":"","overlay-gradient":""},"mobile":{"background-color":"var(--ast-global-color-5)","background-image":"","background-repeat":"repeat","background-position":"center center","background-size":"auto","background-attachment":"scroll","background-type":"","background-media":"","overlay-type":"","overlay-color":"","overlay-opacity":"","overlay-gradient":""}}},"product_brand":[],"product_cat":[223,65,39],"product_tag":[69],"class_list":{"0":"post-9005","1":"product","2":"type-product","3":"status-publish","4":"has-post-thumbnail","6":"product_cat-equipos-descatalogados","7":"product_cat-para-trabajar","8":"product_cat-profesional","9":"product_tag-3columnas","10":"desktop-align-left","11":"tablet-align-left","12":"mobile-align-left","14":"first","15":"outofstock","16":"shipping-taxable","17":"product-type-simple"},"_links":{"self":[{"href":"https:\/\/bergstrominc.com\/es\/wp-json\/wp\/v2\/product\/9005","targetHints":{"allow":["GET"]}}],"collection":[{"href":"https:\/\/bergstrominc.com\/es\/wp-json\/wp\/v2\/product"}],"about":[{"href":"https:\/\/bergstrominc.com\/es\/wp-json\/wp\/v2\/types\/product"}],"replies":[{"embeddable":true,"href":"https:\/\/bergstrominc.com\/es\/wp-json\/wp\/v2\/comments?post=9005"}],"version-history":[{"count":17,"href":"https:\/\/bergstrominc.com\/es\/wp-json\/wp\/v2\/product\/9005\/revisions"}],"predecessor-version":[{"id":20032,"href":"https:\/\/bergstrominc.com\/es\/wp-json\/wp\/v2\/product\/9005\/revisions\/20032"}],"wp:featuredmedia":[{"embeddable":true,"href":"https:\/\/bergstrominc.com\/es\/wp-json\/wp\/v2\/media\/10021"}],"wp:attachment":[{"href":"https:\/\/bergstrominc.com\/es\/wp-json\/wp\/v2\/media?parent=9005"}],"wp:term":[{"taxonomy":"product_brand","embeddable":true,"href":"https:\/\/bergstrominc.com\/es\/wp-json\/wp\/v2\/product_brand?post=9005"},{"taxonomy":"product_cat","embeddable":true,"href":"https:\/\/bergstrominc.com\/es\/wp-json\/wp\/v2\/product_cat?post=9005"},{"taxonomy":"product_tag","embeddable":true,"href":"https:\/\/bergstrominc.com\/es\/wp-json\/wp\/v2\/product_tag?post=9005"}],"curies":[{"name":"wp","href":"https:\/\/api.w.org\/{rel}","templated":true}]}}