{"id":13597,"date":"2025-04-15T09:47:00","date_gmt":"2025-04-15T14:47:00","guid":{"rendered":"https:\/\/dimgrey-goat-433611.hostingersite.com\/us\/carreras-en-bergstrom-inc\/"},"modified":"2025-03-18T04:33:09","modified_gmt":"2025-03-18T08:33:09","slug":"carreras-en-bergstrom-inc","status":"publish","type":"page","link":"https:\/\/bergstrominc.com\/us\/es\/carreras-en-bergstrom-inc\/","title":{"rendered":"Carreras en Bergstrom Inc."},"content":{"rendered":"\t\t<div data-elementor-type=\"wp-page\" data-elementor-id=\"13597\" class=\"elementor elementor-13597 elementor-12781\" data-elementor-post-type=\"page\">\n\t\t\t\t<div class=\"elementor-element elementor-element-50ab7727 e-flex e-con-boxed e-con e-parent\" data-id=\"50ab7727\" data-element_type=\"container\" data-e-type=\"container\" data-settings=\"{&quot;background_background&quot;:&quot;classic&quot;,&quot;jet_parallax_layout_list&quot;:[]}\">\n\t\t\t\t\t<div class=\"e-con-inner\">\n\t\t<div class=\"elementor-element elementor-element-39c322fb e-con-full e-flex e-con e-child\" data-id=\"39c322fb\" data-element_type=\"container\" data-e-type=\"container\" data-settings=\"{&quot;jet_parallax_layout_list&quot;:[]}\">\n\t\t\t\t<div class=\"elementor-element elementor-element-3f577b26 elementor-widget__width-initial elementor-widget elementor-widget-heading\" data-id=\"3f577b26\" data-element_type=\"widget\" data-e-type=\"widget\" data-widget_type=\"heading.default\">\n\t\t\t\t<div class=\"elementor-widget-container\">\n\t\t\t\t\t<h1 class=\"elementor-heading-title elementor-size-default\">Carreras en Bergstrom Inc.\n<\/h1>\t\t\t\t<\/div>\n\t\t\t\t<\/div>\n\t\t\t\t<div class=\"elementor-element elementor-element-31e789fc elementor-widget__width-initial elementor-widget-mobile__width-inherit elementor-widget elementor-widget-text-editor\" data-id=\"31e789fc\" data-element_type=\"widget\" data-e-type=\"widget\" data-widget_type=\"text-editor.default\">\n\t\t\t\t<div class=\"elementor-widget-container\">\n\t\t\t\t\t\t\t\t\tBergstrom ofrece a su equipo un entorno de trabajo verdaderamente distinguido y agradable, que fomenta el crecimiento y desarrollo de los empleados, y reconoce los logros del equipo; brindando infinitas oportunidades a quienes desean marcar la diferencia.\n\t\t\t\t\t\t\t\t<\/div>\n\t\t\t\t<\/div>\n\t\t\t\t<\/div>\n\t\t\t\t\t<\/div>\n\t\t\t\t<\/div>\n\t\t<div class=\"elementor-element elementor-element-6091897e e-flex e-con-boxed e-con e-parent\" data-id=\"6091897e\" data-element_type=\"container\" data-e-type=\"container\" data-settings=\"{&quot;jet_parallax_layout_list&quot;:[]}\">\n\t\t\t\t\t<div class=\"e-con-inner\">\n\t\t<div class=\"elementor-element elementor-element-68784a57 e-con-full e-flex e-con e-child\" data-id=\"68784a57\" data-element_type=\"container\" data-e-type=\"container\" data-settings=\"{&quot;jet_parallax_layout_list&quot;:[]}\">\n\t\t\t\t<div class=\"elementor-element elementor-element-572e4e26 elementor-widget elementor-widget-heading\" data-id=\"572e4e26\" data-element_type=\"widget\" data-e-type=\"widget\" data-widget_type=\"heading.default\">\n\t\t\t\t<div class=\"elementor-widget-container\">\n\t\t\t\t\t<h2 class=\"elementor-heading-title elementor-size-default\">Nuestra cultura<br> <br> <br> <br>\n<\/h2>\t\t\t\t<\/div>\n\t\t\t\t<\/div>\n\t\t\t\t<div class=\"elementor-element elementor-element-7b2784f4 elementor-widget__width-initial elementor-widget-mobile__width-inherit elementor-widget elementor-widget-text-editor\" data-id=\"7b2784f4\" data-element_type=\"widget\" data-e-type=\"widget\" data-widget_type=\"text-editor.default\">\n\t\t\t\t<div class=\"elementor-widget-container\">\n\t\t\t\t\t\t\t\t\tBergstrom es una familia, unida por fuertes relaciones e intereses, formada por personas din\u00e1micas y con integridad, desafiadas constantemente a seguir ofreciendo productos l\u00edderes en la industria.\t\t\t\t\t\t\t\t<\/div>\n\t\t\t\t<\/div>\n\t\t\t\t<div class=\"elementor-element elementor-element-3e349a9c elementor-widget elementor-widget-heading\" data-id=\"3e349a9c\" data-element_type=\"widget\" data-e-type=\"widget\" data-widget_type=\"heading.default\">\n\t\t\t\t<div class=\"elementor-widget-container\">\n\t\t\t\t\t<h3 class=\"elementor-heading-title elementor-size-default\">Oportunidades laborales actuales\n<\/h3>\t\t\t\t<\/div>\n\t\t\t\t<\/div>\n\t\t\t\t<div class=\"elementor-element elementor-element-12707552 elementor-widget__width-initial elementor-widget-mobile__width-inherit elementor-widget elementor-widget-text-editor\" data-id=\"12707552\" data-element_type=\"widget\" data-e-type=\"widget\" data-widget_type=\"text-editor.default\">\n\t\t\t\t<div class=\"elementor-widget-container\">\n\t\t\t\t\t\t\t\t\t<p>Las siguientes son posiciones actualmente disponibles en Bergstrom:<\/p>\n\t\t\t\t\t\t\t\t<\/div>\n\t\t\t\t<\/div>\n\t\t\t\t<div class=\"elementor-element elementor-element-79e331aa elementor-widget__width-initial elementor-widget-mobile__width-inherit elementor-widget elementor-widget-text-editor\" data-id=\"79e331aa\" data-element_type=\"widget\" data-e-type=\"widget\" data-widget_type=\"text-editor.default\">\n\t\t\t\t<div class=\"elementor-widget-container\">\n\t\t\t\t\t\t\t\t\t<p><a href=\"https:\/\/bergstrominc.com\/us\/wp-content\/uploads\/2025\/02\/job-Controller-US-Operations.pdf\"><b>CONTROLADOR DE OPERACIONES EN EE. UU.<\/b><span style=\"font-weight: 400;\"> <\/span><\/a><\/p>\n\t\t\t\t\t\t\t\t<\/div>\n\t\t\t\t<\/div>\n\t\t\t\t<\/div>\n\t\t\t\t<div class=\"elementor-element elementor-element-5685e6b5 elementor-widget__width-initial elementor-widget-mobile__width-inherit elementor-widget elementor-widget-image\" data-id=\"5685e6b5\" data-element_type=\"widget\" data-e-type=\"widget\" data-widget_type=\"image.default\">\n\t\t\t\t<div class=\"elementor-widget-container\">\n\t\t\t\t\t\t\t\t\t\t\t\t\t\t\t<img fetchpriority=\"high\" decoding=\"async\" width=\"630\" height=\"550\" src=\"https:\/\/bergstrominc.com\/us\/wp-content\/uploads\/2024\/07\/about-us-carrusel-image-9.jpg\" class=\"attachment-large size-large wp-image-9211\" alt=\"\" srcset=\"https:\/\/bergstrominc.com\/us\/wp-content\/uploads\/2024\/07\/about-us-carrusel-image-9.jpg 630w, https:\/\/bergstrominc.com\/us\/wp-content\/uploads\/2024\/07\/about-us-carrusel-image-9-300x262.jpg 300w, https:\/\/bergstrominc.com\/us\/wp-content\/uploads\/2024\/07\/about-us-carrusel-image-9-600x524.jpg 600w\" sizes=\"(max-width: 630px) 100vw, 630px\" \/>\t\t\t\t\t\t\t\t\t\t\t\t\t\t\t<\/div>\n\t\t\t\t<\/div>\n\t\t\t\t\t<\/div>\n\t\t\t\t<\/div>\n\t\t<div class=\"elementor-element elementor-element-59d470df e-flex e-con-boxed e-con e-parent\" data-id=\"59d470df\" data-element_type=\"container\" data-e-type=\"container\" data-settings=\"{&quot;background_background&quot;:&quot;classic&quot;,&quot;jet_parallax_layout_list&quot;:[]}\">\n\t\t\t\t\t<div class=\"e-con-inner\">\n\t\t\t\t<div class=\"elementor-element elementor-element-7a2968f1 elementor-widget__width-initial elementor-widget-mobile__width-inherit elementor-widget elementor-widget-image\" data-id=\"7a2968f1\" data-element_type=\"widget\" data-e-type=\"widget\" data-widget_type=\"image.default\">\n\t\t\t\t<div class=\"elementor-widget-container\">\n\t\t\t\t\t\t\t\t\t\t\t\t\t\t\t<img decoding=\"async\" width=\"630\" height=\"550\" src=\"https:\/\/bergstrominc.com\/us\/wp-content\/uploads\/2024\/07\/about-us-carrusel-image-3.jpg\" class=\"attachment-large size-large wp-image-9214\" alt=\"\" srcset=\"https:\/\/bergstrominc.com\/us\/wp-content\/uploads\/2024\/07\/about-us-carrusel-image-3.jpg 630w, https:\/\/bergstrominc.com\/us\/wp-content\/uploads\/2024\/07\/about-us-carrusel-image-3-300x262.jpg 300w, https:\/\/bergstrominc.com\/us\/wp-content\/uploads\/2024\/07\/about-us-carrusel-image-3-600x524.jpg 600w\" sizes=\"(max-width: 630px) 100vw, 630px\" \/>\t\t\t\t\t\t\t\t\t\t\t\t\t\t\t<\/div>\n\t\t\t\t<\/div>\n\t\t<div class=\"elementor-element elementor-element-3fdfcc16 e-con-full e-flex e-con e-child\" data-id=\"3fdfcc16\" data-element_type=\"container\" data-e-type=\"container\" data-settings=\"{&quot;jet_parallax_layout_list&quot;:[]}\">\n\t\t\t\t<div class=\"elementor-element elementor-element-dbf593c elementor-widget__width-initial elementor-widget-tablet__width-inherit elementor-invisible elementor-widget elementor-widget-heading\" data-id=\"dbf593c\" data-element_type=\"widget\" data-e-type=\"widget\" data-settings=\"{&quot;_animation&quot;:&quot;fadeIn&quot;}\" data-widget_type=\"heading.default\">\n\t\t\t\t<div class=\"elementor-widget-container\">\n\t\t\t\t\t<p class=\"elementor-heading-title elementor-size-default\">Empleo<\/p>\t\t\t\t<\/div>\n\t\t\t\t<\/div>\n\t\t\t\t<div class=\"elementor-element elementor-element-1ddfa8f8 elementor-widget elementor-widget-heading\" data-id=\"1ddfa8f8\" data-element_type=\"widget\" data-e-type=\"widget\" data-widget_type=\"heading.default\">\n\t\t\t\t<div class=\"elementor-widget-container\">\n\t\t\t\t\t<h3 class=\"elementor-heading-title elementor-size-default\">Declaraci\u00f3n de Igualdad de Oportunidades en el Empleo\n<\/h3>\t\t\t\t<\/div>\n\t\t\t\t<\/div>\n\t\t\t\t<div class=\"elementor-element elementor-element-46dbb834 elementor-widget__width-initial elementor-widget-mobile__width-inherit elementor-widget elementor-widget-text-editor\" data-id=\"46dbb834\" data-element_type=\"widget\" data-e-type=\"widget\" data-widget_type=\"text-editor.default\">\n\t\t\t\t<div class=\"elementor-widget-container\">\n\t\t\t\t\t\t\t\t\t<p>Bergstrom Inc. ofrece igualdad de oportunidades de empleo (EEO) a todos los empleados y solicitantes sin distinci\u00f3n ilegal de raza, color, religi\u00f3n, origen nacional, ascendencia, edad, sexo, estado civil, discapacidad, estado militar, orientaci\u00f3n sexual, baja desfavorable del servicio militar, estado de orden de protecci\u00f3n, informaci\u00f3n gen\u00e9tica, historial crediticio u otro grupo protegido seg\u00fan lo establecido por la ley. Bergstrom Inc. cumple con las leyes estatales y locales aplicables sobre no discriminaci\u00f3n en el empleo en todas las ubicaciones donde la empresa tiene instalaciones. Esta pol\u00edtica se aplica a todos los t\u00e9rminos y condiciones de empleo, incluyendo contrataci\u00f3n, colocaci\u00f3n, ascensos, despidos, reincorporaciones, traslados, licencias, compensaci\u00f3n y formaci\u00f3n.  <\/p>\n\t\t\t\t\t\t\t\t<\/div>\n\t\t\t\t<\/div>\n\t\t\t\t<div class=\"elementor-element elementor-element-7c3604f7 elementor-widget__width-initial elementor-widget-mobile__width-inherit elementor-widget elementor-widget-text-editor\" data-id=\"7c3604f7\" data-element_type=\"widget\" data-e-type=\"widget\" data-widget_type=\"text-editor.default\">\n\t\t\t\t<div class=\"elementor-widget-container\">\n\t\t\t\t\t\t\t\t\tBergstrom Inc. proh\u00edbe expresamente cualquier forma de acoso laboral ilegal basado en raza, color, religi\u00f3n, origen nacional, ascendencia, edad, sexo, estado civil, discapacidad, estado militar, orientaci\u00f3n sexual, baja desfavorable del servicio militar, estado de orden de protecci\u00f3n, informaci\u00f3n gen\u00e9tica, historial crediticio u otro grupo protegido por la ley. Cualquier interferencia indebida que afecte la capacidad de los empleados de Bergstrom Inc. para desempe\u00f1ar sus funciones laborales no ser\u00e1 tolerada en absoluto.<br><br> \n\t\t\t\t\t\t\t\t<\/div>\n\t\t\t\t<\/div>\n\t\t\t\t<\/div>\n\t\t\t\t\t<\/div>\n\t\t\t\t<\/div>\n\t\t<div class=\"elementor-element elementor-element-27a3f3b3 animated-slow e-flex e-con-boxed elementor-invisible e-con e-child\" data-id=\"27a3f3b3\" data-element_type=\"container\" data-e-type=\"container\" data-settings=\"{&quot;background_background&quot;:&quot;classic&quot;,&quot;animation&quot;:&quot;fadeIn&quot;,&quot;jet_parallax_layout_list&quot;:[]}\">\n\t\t\t\t\t<div class=\"e-con-inner\">\n\t\t\t\t<div class=\"elementor-element elementor-element-133821ed elementor-widget__width-initial elementor-widget elementor-widget-heading\" data-id=\"133821ed\" data-element_type=\"widget\" data-e-type=\"widget\" data-widget_type=\"heading.default\">\n\t\t\t\t<div class=\"elementor-widget-container\">\n\t\t\t\t\t<h1 class=\"elementor-heading-title elementor-size-default\">Confiance<\/h1>\t\t\t\t<\/div>\n\t\t\t\t<\/div>\n\t\t\t\t<div class=\"elementor-element elementor-element-148b725c elementor-widget__width-initial elementor-widget elementor-widget-image\" data-id=\"148b725c\" data-element_type=\"widget\" data-e-type=\"widget\" data-widget_type=\"image.default\">\n\t\t\t\t<div class=\"elementor-widget-container\">\n\t\t\t\t\t\t\t\t\t\t\t\t\t\t\t<img decoding=\"async\" width=\"512\" height=\"512\" src=\"https:\/\/bergstrominc.com\/us\/wp-content\/uploads\/2024\/07\/bergstrom-favicon.png\" class=\"attachment-large size-large wp-image-9192\" alt=\"\" srcset=\"https:\/\/bergstrominc.com\/us\/wp-content\/uploads\/2024\/07\/bergstrom-favicon.png 512w, https:\/\/bergstrominc.com\/us\/wp-content\/uploads\/2024\/07\/bergstrom-favicon-300x300.png 300w, https:\/\/bergstrominc.com\/us\/wp-content\/uploads\/2024\/07\/bergstrom-favicon-150x150.png 150w, https:\/\/bergstrominc.com\/us\/wp-content\/uploads\/2024\/07\/bergstrom-favicon-100x100.png 100w\" sizes=\"(max-width: 512px) 100vw, 512px\" \/>\t\t\t\t\t\t\t\t\t\t\t\t\t\t\t<\/div>\n\t\t\t\t<\/div>\n\t\t\t\t<div class=\"elementor-element elementor-element-497d8734 elementor-widget__width-initial elementor-widget elementor-widget-heading\" data-id=\"497d8734\" data-element_type=\"widget\" data-e-type=\"widget\" data-widget_type=\"heading.default\">\n\t\t\t\t<div class=\"elementor-widget-container\">\n\t\t\t\t\t<h1 class=\"elementor-heading-title elementor-size-default\">Integrity<\/h1>\t\t\t\t<\/div>\n\t\t\t\t<\/div>\n\t\t\t\t\t<\/div>\n\t\t\t\t<\/div>\n\t\t\t\t<\/div>\n\t\t","protected":false},"excerpt":{"rendered":"<p>Carreras en Bergstrom Inc. Bergstrom ofrece a su equipo un entorno de trabajo verdaderamente distinguido y agradable, que fomenta el [&hellip;]<\/p>\n","protected":false},"author":4,"featured_media":0,"parent":0,"menu_order":0,"comment_status":"closed","ping_status":"closed","template":"","meta":{"postBodyCss":"","postBodyMargin":[],"postBodyPadding":[],"postBodyBackground":{"backgroundType":"classic","gradient":""},"site-sidebar-layout":"no-sidebar","site-content-layout":"","ast-site-content-layout":"full-width-container","site-content-style":"default","site-sidebar-style":"default","ast-global-header-display":"","ast-banner-title-visibility":"","ast-main-header-display":"","ast-hfb-above-header-display":"","ast-hfb-below-header-display":"","ast-hfb-mobile-header-display":"","site-post-title":"disabled","ast-breadcrumbs-content":"","ast-featured-img":"disabled","footer-sml-layout":"","ast-disable-related-posts":"","theme-transparent-header-meta":"","adv-header-id-meta":"","stick-header-meta":"","header-above-stick-meta":"","header-main-stick-meta":"","header-below-stick-meta":"","astra-migrate-meta-layouts":"default","ast-page-background-enabled":"default","ast-page-background-meta":{"desktop":{"background-color":"var(--ast-global-color-4)","background-image":"","background-repeat":"repeat","background-position":"center center","background-size":"auto","background-attachment":"scroll","background-type":"","background-media":"","overlay-type":"","overlay-color":"","overlay-opacity":"","overlay-gradient":""},"tablet":{"background-color":"","background-image":"","background-repeat":"repeat","background-position":"center center","background-size":"auto","background-attachment":"scroll","background-type":"","background-media":"","overlay-type":"","overlay-color":"","overlay-opacity":"","overlay-gradient":""},"mobile":{"background-color":"","background-image":"","background-repeat":"repeat","background-position":"center center","background-size":"auto","background-attachment":"scroll","background-type":"","background-media":"","overlay-type":"","overlay-color":"","overlay-opacity":"","overlay-gradient":""}},"ast-content-background-meta":{"desktop":{"background-color":"var(--ast-global-color-5)","background-image":"","background-repeat":"repeat","background-position":"center center","background-size":"auto","background-attachment":"scroll","background-type":"","background-media":"","overlay-type":"","overlay-color":"","overlay-opacity":"","overlay-gradient":""},"tablet":{"background-color":"var(--ast-global-color-5)","background-image":"","background-repeat":"repeat","background-position":"center center","background-size":"auto","background-attachment":"scroll","background-type":"","background-media":"","overlay-type":"","overlay-color":"","overlay-opacity":"","overlay-gradient":""},"mobile":{"background-color":"var(--ast-global-color-5)","background-image":"","background-repeat":"repeat","background-position":"center center","background-size":"auto","background-attachment":"scroll","background-type":"","background-media":"","overlay-type":"","overlay-color":"","overlay-opacity":"","overlay-gradient":""}},"footnotes":""},"class_list":["post-13597","page","type-page","status-publish","hentry"],"_links":{"self":[{"href":"https:\/\/bergstrominc.com\/us\/es\/wp-json\/wp\/v2\/pages\/13597","targetHints":{"allow":["GET"]}}],"collection":[{"href":"https:\/\/bergstrominc.com\/us\/es\/wp-json\/wp\/v2\/pages"}],"about":[{"href":"https:\/\/bergstrominc.com\/us\/es\/wp-json\/wp\/v2\/types\/page"}],"author":[{"embeddable":true,"href":"https:\/\/bergstrominc.com\/us\/es\/wp-json\/wp\/v2\/users\/4"}],"replies":[{"embeddable":true,"href":"https:\/\/bergstrominc.com\/us\/es\/wp-json\/wp\/v2\/comments?post=13597"}],"version-history":[{"count":1,"href":"https:\/\/bergstrominc.com\/us\/es\/wp-json\/wp\/v2\/pages\/13597\/revisions"}],"predecessor-version":[{"id":13599,"href":"https:\/\/bergstrominc.com\/us\/es\/wp-json\/wp\/v2\/pages\/13597\/revisions\/13599"}],"wp:attachment":[{"href":"https:\/\/bergstrominc.com\/us\/es\/wp-json\/wp\/v2\/media?parent=13597"}],"curies":[{"name":"wp","href":"https:\/\/api.w.org\/{rel}","templated":true}]}}