{"id":13694,"date":"2024-07-08T17:28:55","date_gmt":"2024-07-08T21:28:55","guid":{"rendered":"https:\/\/dimgrey-goat-433611.hostingersite.com\/us\/politica-legal-de-cookies\/"},"modified":"2025-03-18T06:57:34","modified_gmt":"2025-03-18T10:57:34","slug":"politica-legal-de-cookies","status":"publish","type":"page","link":"https:\/\/bergstrominc.com\/us\/es\/politica-legal-de-cookies\/","title":{"rendered":"Pol\u00edtica Legal de Cookies"},"content":{"rendered":"\t\t<div data-elementor-type=\"wp-page\" data-elementor-id=\"13694\" class=\"elementor elementor-13694 elementor-9148\" data-elementor-post-type=\"page\">\n\t\t\t\t<div class=\"elementor-element elementor-element-4a1ec6ef e-flex e-con-boxed e-con e-parent\" data-id=\"4a1ec6ef\" data-element_type=\"container\" data-e-type=\"container\" data-settings=\"{&quot;background_background&quot;:&quot;classic&quot;,&quot;jet_parallax_layout_list&quot;:[]}\">\n\t\t\t\t\t<div class=\"e-con-inner\">\n\t\t<div class=\"elementor-element elementor-element-4920331 e-con-full e-flex e-con e-child\" data-id=\"4920331\" data-element_type=\"container\" data-e-type=\"container\" data-settings=\"{&quot;jet_parallax_layout_list&quot;:[]}\">\n\t\t\t\t<div class=\"elementor-element elementor-element-228e1b0a elementor-widget__width-initial elementor-widget elementor-widget-heading\" data-id=\"228e1b0a\" data-element_type=\"widget\" data-e-type=\"widget\" data-widget_type=\"heading.default\">\n\t\t\t\t<div class=\"elementor-widget-container\">\n\t\t\t\t\t<h1 class=\"elementor-heading-title elementor-size-default\">Pol\u00edtica Legal de Cookies<\/h1>\t\t\t\t<\/div>\n\t\t\t\t<\/div>\n\t\t\t\t<\/div>\n\t\t\t\t\t<\/div>\n\t\t\t\t<\/div>\n\t\t<div class=\"elementor-element elementor-element-3cf89df2 e-flex e-con-boxed e-con e-parent\" data-id=\"3cf89df2\" data-element_type=\"container\" data-e-type=\"container\" data-settings=\"{&quot;background_background&quot;:&quot;classic&quot;,&quot;jet_parallax_layout_list&quot;:[]}\">\n\t\t\t\t\t<div class=\"e-con-inner\">\n\t\t\t\t<div class=\"elementor-element elementor-element-343931d5 elementor-widget elementor-widget-text-editor\" data-id=\"343931d5\" data-element_type=\"widget\" data-e-type=\"widget\" data-widget_type=\"text-editor.default\">\n\t\t\t\t<div class=\"elementor-widget-container\">\n\t\t\t\t\t\t\t\t\t<h4>Derechos de Autor<\/h4>\n<p>Copyright 2025 Bergstrom. Todos los derechos reservados. Todos los textos, im\u00e1genes, gr\u00e1ficos, animaciones, videos, m\u00fasica y dem\u00e1s materiales en este sitio web est\u00e1n sujetos a los derechos de autor y otros derechos de propiedad intelectual de Bergstrom. Estos materiales no pueden ser reproducidos, distribuidos, modificados ni republicados en otros sitios web sin el permiso expreso y por escrito de Bergstrom.   <\/p>\n<h4>Marca Registrada<\/h4>\n<p>Las marcas que aparecen en este sitio web incluyen, pero no se limitan a: (i) Bergstrom y el logotipo de Bergstrom; (ii) NITE, eCoolPark y eClimaCoach, junto con sus respectivos logotipos, emblemas, esl\u00f3ganes y dise\u00f1os.  <\/p>\n<h4>Avisos<\/h4>\n<p>La informaci\u00f3n contenida en este sitio est\u00e1 dise\u00f1ada para ser lo m\u00e1s completa y precisa posible. Sin embargo, nos reservamos el derecho de realizar cambios en cualquier momento, sin previo aviso, en precios, colores, materiales, equipos, especificaciones, modelos y disponibilidad. Algunos enlaces proporcionados en este sitio pueden dirigir a p\u00e1ginas administradas por propietarios independientes. La informaci\u00f3n presentada en dichos sitios es responsabilidad exclusiva de sus respectivos propietarios. Bergstrom y sus asociaciones no tienen control ni responsabilidad sobre el contenido de sitios independientes y proporcionan estos enlaces \u00fanicamente para la comodidad de sus visitantes.<\/p>\n\t\t\t\t\t\t\t\t<\/div>\n\t\t\t\t<\/div>\n\t\t\t\t\t<\/div>\n\t\t\t\t<\/div>\n\t\t\t\t<\/div>\n\t\t","protected":false},"excerpt":{"rendered":"<p>Derechos de Autor Copyright 2025 Bergstrom. Todos los derechos reservados. Todos los textos, im\u00e1genes, gr\u00e1ficos, animaciones, videos, m\u00fasica y dem\u00e1s [&hellip;]<\/p>\n","protected":false},"author":1,"featured_media":0,"parent":0,"menu_order":0,"comment_status":"closed","ping_status":"closed","template":"","meta":{"postBodyCss":"","postBodyMargin":[],"postBodyPadding":[],"postBodyBackground":{"backgroundType":"classic","gradient":""},"site-sidebar-layout":"no-sidebar","site-content-layout":"","ast-site-content-layout":"full-width-container","site-content-style":"default","site-sidebar-style":"default","ast-global-header-display":"","ast-banner-title-visibility":"","ast-main-header-display":"","ast-hfb-above-header-display":"","ast-hfb-below-header-display":"","ast-hfb-mobile-header-display":"","site-post-title":"disabled","ast-breadcrumbs-content":"","ast-featured-img":"disabled","footer-sml-layout":"","ast-disable-related-posts":"","theme-transparent-header-meta":"","adv-header-id-meta":"","stick-header-meta":"","header-above-stick-meta":"","header-main-stick-meta":"","header-below-stick-meta":"","astra-migrate-meta-layouts":"default","ast-page-background-enabled":"default","ast-page-background-meta":{"desktop":{"background-color":"var(--ast-global-color-4)","background-image":"","background-repeat":"repeat","background-position":"center center","background-size":"auto","background-attachment":"scroll","background-type":"","background-media":"","overlay-type":"","overlay-color":"","overlay-opacity":"","overlay-gradient":""},"tablet":{"background-color":"","background-image":"","background-repeat":"repeat","background-position":"center center","background-size":"auto","background-attachment":"scroll","background-type":"","background-media":"","overlay-type":"","overlay-color":"","overlay-opacity":"","overlay-gradient":""},"mobile":{"background-color":"","background-image":"","background-repeat":"repeat","background-position":"center center","background-size":"auto","background-attachment":"scroll","background-type":"","background-media":"","overlay-type":"","overlay-color":"","overlay-opacity":"","overlay-gradient":""}},"ast-content-background-meta":{"desktop":{"background-color":"var(--ast-global-color-5)","background-image":"","background-repeat":"repeat","background-position":"center center","background-size":"auto","background-attachment":"scroll","background-type":"","background-media":"","overlay-type":"","overlay-color":"","overlay-opacity":"","overlay-gradient":""},"tablet":{"background-color":"var(--ast-global-color-5)","background-image":"","background-repeat":"repeat","background-position":"center center","background-size":"auto","background-attachment":"scroll","background-type":"","background-media":"","overlay-type":"","overlay-color":"","overlay-opacity":"","overlay-gradient":""},"mobile":{"background-color":"var(--ast-global-color-5)","background-image":"","background-repeat":"repeat","background-position":"center center","background-size":"auto","background-attachment":"scroll","background-type":"","background-media":"","overlay-type":"","overlay-color":"","overlay-opacity":"","overlay-gradient":""}},"footnotes":""},"class_list":["post-13694","page","type-page","status-publish","hentry"],"_links":{"self":[{"href":"https:\/\/bergstrominc.com\/us\/es\/wp-json\/wp\/v2\/pages\/13694","targetHints":{"allow":["GET"]}}],"collection":[{"href":"https:\/\/bergstrominc.com\/us\/es\/wp-json\/wp\/v2\/pages"}],"about":[{"href":"https:\/\/bergstrominc.com\/us\/es\/wp-json\/wp\/v2\/types\/page"}],"author":[{"embeddable":true,"href":"https:\/\/bergstrominc.com\/us\/es\/wp-json\/wp\/v2\/users\/1"}],"replies":[{"embeddable":true,"href":"https:\/\/bergstrominc.com\/us\/es\/wp-json\/wp\/v2\/comments?post=13694"}],"version-history":[{"count":1,"href":"https:\/\/bergstrominc.com\/us\/es\/wp-json\/wp\/v2\/pages\/13694\/revisions"}],"predecessor-version":[{"id":13695,"href":"https:\/\/bergstrominc.com\/us\/es\/wp-json\/wp\/v2\/pages\/13694\/revisions\/13695"}],"wp:attachment":[{"href":"https:\/\/bergstrominc.com\/us\/es\/wp-json\/wp\/v2\/media?parent=13694"}],"curies":[{"name":"wp","href":"https:\/\/api.w.org\/{rel}","templated":true}]}}