{"id":13732,"date":"2024-07-08T17:32:27","date_gmt":"2024-07-08T21:32:27","guid":{"rendered":"https:\/\/dimgrey-goat-433611.hostingersite.com\/us\/privacy-policy\/"},"modified":"2025-03-18T07:09:16","modified_gmt":"2025-03-18T11:09:16","slug":"privacy-policy","status":"publish","type":"page","link":"https:\/\/bergstrominc.com\/us\/es\/privacy-policy\/","title":{"rendered":"Privacy Policy"},"content":{"rendered":"\t\t<div data-elementor-type=\"wp-page\" data-elementor-id=\"13732\" class=\"elementor elementor-13732 elementor-9164\" data-elementor-post-type=\"page\">\n\t\t\t\t<div class=\"elementor-element elementor-element-3669803 e-flex e-con-boxed e-con e-parent\" data-id=\"3669803\" data-element_type=\"container\" data-e-type=\"container\" data-settings=\"{&quot;background_background&quot;:&quot;classic&quot;,&quot;jet_parallax_layout_list&quot;:[]}\">\n\t\t\t\t\t<div class=\"e-con-inner\">\n\t\t<div class=\"elementor-element elementor-element-25bbb363 e-con-full e-flex e-con e-child\" data-id=\"25bbb363\" data-element_type=\"container\" data-e-type=\"container\" data-settings=\"{&quot;jet_parallax_layout_list&quot;:[]}\">\n\t\t\t\t<div class=\"elementor-element elementor-element-23085468 elementor-widget__width-initial elementor-widget elementor-widget-heading\" data-id=\"23085468\" data-element_type=\"widget\" data-e-type=\"widget\" data-widget_type=\"heading.default\">\n\t\t\t\t<div class=\"elementor-widget-container\">\n\t\t\t\t\t<h1 class=\"elementor-heading-title elementor-size-default\">Pol\u00edtica de Privacidad\n<\/h1>\t\t\t\t<\/div>\n\t\t\t\t<\/div>\n\t\t\t\t<\/div>\n\t\t\t\t\t<\/div>\n\t\t\t\t<\/div>\n\t\t<div class=\"elementor-element elementor-element-78bed167 e-flex e-con-boxed e-con e-parent\" data-id=\"78bed167\" data-element_type=\"container\" data-e-type=\"container\" data-settings=\"{&quot;background_background&quot;:&quot;classic&quot;,&quot;jet_parallax_layout_list&quot;:[]}\">\n\t\t\t\t\t<div class=\"e-con-inner\">\n\t\t\t\t<div class=\"elementor-element elementor-element-3e4b08fb elementor-widget__width-inherit elementor-widget elementor-widget-text-editor\" data-id=\"3e4b08fb\" data-element_type=\"widget\" data-e-type=\"widget\" data-widget_type=\"text-editor.default\">\n\t\t\t\t<div class=\"elementor-widget-container\">\n\t\t\t\t\t\t\t\t\t<p>Bergstrom Inc. cre\u00f3 la aplicaci\u00f3n Nite Phoenix como una aplicaci\u00f3n gratuita. Este SERVICIO es proporcionado por Bergstrom Inc. sin costo alguno y est\u00e1 destinado para su uso tal como est\u00e1.<\/p><p><br \/>Esta p\u00e1gina se utiliza para informar a los visitantes sobre nuestras pol\u00edticas de recopilaci\u00f3n, uso y divulgaci\u00f3n de Informaci\u00f3n Personal si alguien decide utilizar nuestro Servicio.<\/p><p><br \/>Si decides utilizar nuestro Servicio, aceptas la recopilaci\u00f3n y el uso de informaci\u00f3n en relaci\u00f3n con esta pol\u00edtica. La Informaci\u00f3n Personal que recopilamos se utiliza para proporcionar y mejorar el Servicio. No utilizaremos ni compartiremos tu informaci\u00f3n con nadie, excepto como se describe en esta Pol\u00edtica de Privacidad.<\/p><p><br \/>Los t\u00e9rminos utilizados en esta Pol\u00edtica de Privacidad tienen el mismo significado que en nuestros T\u00e9rminos y Condiciones, los cuales est\u00e1n disponibles en Nite Phoenix, a menos que se definan de manera diferente en esta Pol\u00edtica de Privacidad.<\/p><p><b>Recopilaci\u00f3n y Uso de Informaci\u00f3n<\/b><br \/>Para una mejor experiencia, mientras usas nuestro Servicio, es posible que te solicitemos que nos proporciones cierta informaci\u00f3n personal identificable, incluyendo, pero no limit\u00e1ndose a, ubicaci\u00f3n, acceso a almacenamiento externo, acceso al estado de la red, acceso a Internet y a la informaci\u00f3n de Bluetooth para emparejar. La informaci\u00f3n que solicitamos ser\u00e1 retenida por nosotros y utilizada como se describe en esta pol\u00edtica de privacidad.<\/p><p><br \/>La aplicaci\u00f3n utiliza servicios de terceros que pueden recopilar informaci\u00f3n utilizada para identificarte.<\/p><p><br \/>Enlace a la pol\u00edtica de privacidad de los proveedores de servicios de terceros utilizados por la aplicaci\u00f3n:<\/p><ul><li><a href=\"https:\/\/policies.google.com\/privacy\">Google Play Services<\/a><\/li><\/ul><p><b>Datos de Registros<\/b><br \/>Queremos informarte que, cada vez que uses nuestro Servicio, en caso de que ocurra un error en la aplicaci\u00f3n, recopilamos datos e informaci\u00f3n (a trav\u00e9s de productos de terceros) en tu tel\u00e9fono, llamados Datos de Registro. Estos Datos de Registro pueden incluir informaci\u00f3n como la direcci\u00f3n de Protocolo de Internet (\u201cIP\u201d) de tu dispositivo, nombre del dispositivo, versi\u00f3n del sistema operativo, la configuraci\u00f3n de la aplicaci\u00f3n cuando se utiliza nuestro Servicio, la hora y fecha de tu uso del Servicio y otras estad\u00edsticas.<\/p><p><b>Cookies<\/b><br \/>Las cookies son archivos con una peque\u00f1a cantidad de datos que se utilizan com\u00fanmente como identificadores \u00fanicos an\u00f3nimos. Estos se env\u00edan a tu navegador desde los sitios web que visitas y se almacenan en la memoria interna de tu dispositivo.<br \/>Este Servicio no utiliza expl\u00edcitamente estas \u00abcookies\u00bb. Sin embargo, la aplicaci\u00f3n puede utilizar c\u00f3digos y bibliotecas de terceros que usan \u00abcookies\u00bb para recopilar informaci\u00f3n y mejorar sus servicios. Tienes la opci\u00f3n de aceptar o rechazar estas cookies y saber cu\u00e1ndo se env\u00eda una cookie a tu dispositivo. Si decides rechazar nuestras cookies, es posible que no puedas utilizar algunas partes de este Servicio.<\/p><p><b>Proveedores de Servicios<\/b><br \/>Podemos emplear a compa\u00f1\u00edas y personas de terceros por las siguientes razones:<br \/>\u2022 Para facilitar nuestro Servicio;<br \/>\u2022 Para proporcionar el Servicio en nuestro nombre;<br \/>\u2022 Para realizar servicios relacionados con el Servicio; o<br \/>\u2022 Para ayudarnos a analizar c\u00f3mo se utiliza nuestro Servicio.\u00a0<\/p><p>Queremos informar a los usuarios de este Servicio que estos terceros tienen acceso a tu Informaci\u00f3n Personal. La raz\u00f3n es realizar las tareas asignadas en nuestro nombre. Sin embargo, est\u00e1n obligados a no divulgar ni utilizar la informaci\u00f3n para ning\u00fan otro prop\u00f3sito.<\/p><p><b>Seguridad<\/b><br \/>Valoramos tu confianza al proporcionarnos tu Informaci\u00f3n Personal, por lo que nos esforzamos por utilizar medios comercialmente aceptables para protegerla. Pero recuerda que ning\u00fan m\u00e9todo de transmisi\u00f3n a trav\u00e9s de Internet ni ning\u00fan m\u00e9todo de almacenamiento electr\u00f3nico es 100% seguro y confiable, y no podemos garantizar su seguridad absoluta.<\/p><p><b>Enlaces a Otros Sitios<\/b><br \/>Este Servicio puede contener enlaces a otros sitios. Si haces clic en un enlace de un tercero, ser\u00e1s dirigido a ese sitio. Ten en cuenta que estos sitios externos no son operados por nosotros. Por lo tanto, te recomendamos encarecidamente revisar la Pol\u00edtica de Privacidad de esos sitios web. No tenemos control ni asumimos ninguna responsabilidad sobre el contenido, las pol\u00edticas de privacidad o las pr\u00e1cticas de cualquier sitio o servicio de terceros.<\/p><p><b>Privacidad de los Ni\u00f1os<\/b><br \/>Estos Servicios no est\u00e1n dirigidos a personas menores de 13 a\u00f1os. No recopilamos conscientemente informaci\u00f3n personal identificable de ni\u00f1os menores de 13 a\u00f1os. En caso de que descubramos que un ni\u00f1o menor de 13 a\u00f1os nos ha proporcionado informaci\u00f3n personal, la eliminaremos inmediatamente de nuestros servidores. Si eres un padre o tutor y sabes que tu hijo nos ha proporcionado informaci\u00f3n personal, por favor cont\u00e1ctanos para que podamos tomar las medidas necesarias.<\/p><p><b>Cambios en esta Pol\u00edtica de Privacidad<\/b><br \/>Podemos actualizar nuestra Pol\u00edtica de Privacidad de vez en cuando. Por lo tanto, te recomendamos revisar esta p\u00e1gina peri\u00f3dicamente para cualquier cambio. Te notificaremos sobre cualquier cambio publicando la nueva Pol\u00edtica de Privacidad en esta p\u00e1gina. Estos cambios entrar\u00e1n en vigor inmediatamente despu\u00e9s de ser publicados en esta p\u00e1gina.<\/p><p><b>Cont\u00e1ctanos<\/b><br \/>Si tienes alguna pregunta o sugerencia sobre nuestra Pol\u00edtica de Privacidad, no dudes en contactarnos a\u00a0<a href=\"mailto:marketing@bergstrominc.com\">marketing@bergstrominc.com<\/a>\u00a0<\/p>\t\t\t\t\t\t\t\t<\/div>\n\t\t\t\t<\/div>\n\t\t\t\t\t<\/div>\n\t\t\t\t<\/div>\n\t\t\t\t<\/div>\n\t\t","protected":false},"excerpt":{"rendered":"<p>Pol\u00edtica de Privacidad Bergstrom Inc. cre\u00f3 la aplicaci\u00f3n Nite Phoenix como una aplicaci\u00f3n gratuita. Este SERVICIO es proporcionado por Bergstrom [&hellip;]<\/p>\n","protected":false},"author":1,"featured_media":0,"parent":0,"menu_order":0,"comment_status":"closed","ping_status":"closed","template":"","meta":{"postBodyCss":"","postBodyMargin":[],"postBodyPadding":[],"postBodyBackground":{"backgroundType":"classic","gradient":""},"site-sidebar-layout":"no-sidebar","site-content-layout":"","ast-site-content-layout":"full-width-container","site-content-style":"default","site-sidebar-style":"default","ast-global-header-display":"","ast-banner-title-visibility":"","ast-main-header-display":"","ast-hfb-above-header-display":"","ast-hfb-below-header-display":"","ast-hfb-mobile-header-display":"","site-post-title":"disabled","ast-breadcrumbs-content":"","ast-featured-img":"disabled","footer-sml-layout":"","ast-disable-related-posts":"","theme-transparent-header-meta":"","adv-header-id-meta":"","stick-header-meta":"","header-above-stick-meta":"","header-main-stick-meta":"","header-below-stick-meta":"","astra-migrate-meta-layouts":"default","ast-page-background-enabled":"default","ast-page-background-meta":{"desktop":{"background-color":"var(--ast-global-color-4)","background-image":"","background-repeat":"repeat","background-position":"center center","background-size":"auto","background-attachment":"scroll","background-type":"","background-media":"","overlay-type":"","overlay-color":"","overlay-opacity":"","overlay-gradient":""},"tablet":{"background-color":"","background-image":"","background-repeat":"repeat","background-position":"center center","background-size":"auto","background-attachment":"scroll","background-type":"","background-media":"","overlay-type":"","overlay-color":"","overlay-opacity":"","overlay-gradient":""},"mobile":{"background-color":"","background-image":"","background-repeat":"repeat","background-position":"center center","background-size":"auto","background-attachment":"scroll","background-type":"","background-media":"","overlay-type":"","overlay-color":"","overlay-opacity":"","overlay-gradient":""}},"ast-content-background-meta":{"desktop":{"background-color":"var(--ast-global-color-5)","background-image":"","background-repeat":"repeat","background-position":"center center","background-size":"auto","background-attachment":"scroll","background-type":"","background-media":"","overlay-type":"","overlay-color":"","overlay-opacity":"","overlay-gradient":""},"tablet":{"background-color":"var(--ast-global-color-5)","background-image":"","background-repeat":"repeat","background-position":"center center","background-size":"auto","background-attachment":"scroll","background-type":"","background-media":"","overlay-type":"","overlay-color":"","overlay-opacity":"","overlay-gradient":""},"mobile":{"background-color":"var(--ast-global-color-5)","background-image":"","background-repeat":"repeat","background-position":"center center","background-size":"auto","background-attachment":"scroll","background-type":"","background-media":"","overlay-type":"","overlay-color":"","overlay-opacity":"","overlay-gradient":""}},"footnotes":""},"class_list":["post-13732","page","type-page","status-publish","hentry"],"_links":{"self":[{"href":"https:\/\/bergstrominc.com\/us\/es\/wp-json\/wp\/v2\/pages\/13732","targetHints":{"allow":["GET"]}}],"collection":[{"href":"https:\/\/bergstrominc.com\/us\/es\/wp-json\/wp\/v2\/pages"}],"about":[{"href":"https:\/\/bergstrominc.com\/us\/es\/wp-json\/wp\/v2\/types\/page"}],"author":[{"embeddable":true,"href":"https:\/\/bergstrominc.com\/us\/es\/wp-json\/wp\/v2\/users\/1"}],"replies":[{"embeddable":true,"href":"https:\/\/bergstrominc.com\/us\/es\/wp-json\/wp\/v2\/comments?post=13732"}],"version-history":[{"count":6,"href":"https:\/\/bergstrominc.com\/us\/es\/wp-json\/wp\/v2\/pages\/13732\/revisions"}],"predecessor-version":[{"id":13744,"href":"https:\/\/bergstrominc.com\/us\/es\/wp-json\/wp\/v2\/pages\/13732\/revisions\/13744"}],"wp:attachment":[{"href":"https:\/\/bergstrominc.com\/us\/es\/wp-json\/wp\/v2\/media?parent=13732"}],"curies":[{"name":"wp","href":"https:\/\/api.w.org\/{rel}","templated":true}]}}