{"id":13746,"date":"2024-07-15T11:36:26","date_gmt":"2024-07-15T15:36:26","guid":{"rendered":"https:\/\/dimgrey-goat-433611.hostingersite.com\/us\/terms-conditions-and-legal-notices\/"},"modified":"2025-03-18T07:12:26","modified_gmt":"2025-03-18T11:12:26","slug":"terms-conditions-and-legal-notices","status":"publish","type":"page","link":"https:\/\/bergstrominc.com\/us\/es\/terms-conditions-and-legal-notices\/","title":{"rendered":"Terms, Conditions and Legal Notices"},"content":{"rendered":"\t\t<div data-elementor-type=\"wp-page\" data-elementor-id=\"13746\" class=\"elementor elementor-13746 elementor-9492\" data-elementor-post-type=\"page\">\n\t\t\t\t<div class=\"elementor-element elementor-element-49a394be e-flex e-con-boxed e-con e-parent\" data-id=\"49a394be\" data-element_type=\"container\" data-e-type=\"container\" data-settings=\"{&quot;background_background&quot;:&quot;classic&quot;,&quot;jet_parallax_layout_list&quot;:[]}\">\n\t\t\t\t\t<div class=\"e-con-inner\">\n\t\t<div class=\"elementor-element elementor-element-5eb25a2e e-con-full e-flex e-con e-child\" data-id=\"5eb25a2e\" data-element_type=\"container\" data-e-type=\"container\" data-settings=\"{&quot;jet_parallax_layout_list&quot;:[]}\">\n\t\t\t\t<div class=\"elementor-element elementor-element-a307cc elementor-widget__width-initial elementor-widget elementor-widget-heading\" data-id=\"a307cc\" data-element_type=\"widget\" data-e-type=\"widget\" data-widget_type=\"heading.default\">\n\t\t\t\t<div class=\"elementor-widget-container\">\n\t\t\t\t\t<h1 class=\"elementor-heading-title elementor-size-default\">T\u00e9rminos, Condiciones y Avisos Legales\n<\/h1>\t\t\t\t<\/div>\n\t\t\t\t<\/div>\n\t\t\t\t<\/div>\n\t\t\t\t\t<\/div>\n\t\t\t\t<\/div>\n\t\t<div class=\"elementor-element elementor-element-38e0bf60 e-flex e-con-boxed e-con e-parent\" data-id=\"38e0bf60\" data-element_type=\"container\" data-e-type=\"container\" data-settings=\"{&quot;background_background&quot;:&quot;classic&quot;,&quot;jet_parallax_layout_list&quot;:[]}\">\n\t\t\t\t\t<div class=\"e-con-inner\">\n\t\t\t\t<div class=\"elementor-element elementor-element-2da5bf5b elementor-widget elementor-widget-text-editor\" data-id=\"2da5bf5b\" data-element_type=\"widget\" data-e-type=\"widget\" data-widget_type=\"text-editor.default\">\n\t\t\t\t<div class=\"elementor-widget-container\">\n\t\t\t\t\t\t\t\t\t<p><b>Acuerdo entre el Usuario y Bergstrom, Inc. (\u00abBergstrom\u00bb)<\/b><\/p><p>Este sitio web se ofrece al Usuario condicionado a la aceptaci\u00f3n por parte del Usuario (\u00abUsuario\u00bb o \u00abt\u00fa\u00bb) sin modificaci\u00f3n de los t\u00e9rminos, condiciones y avisos contenidos en el presente. Al acceder y utilizar este sitio web, el Usuario acepta estar sujeto a todos estos t\u00e9rminos, condiciones y avisos, incluida la Pol\u00edtica de Privacidad de Bergstrom (el \u00abAcuerdo\u00bb).<\/p><p><b>Uso de Bergstrominc.com y todos los sitios web afiliados a Bergstrom<\/b><\/p><p>El Usuario declara y garantiza que posee el derecho y la capacidad legal para celebrar este Acuerdo y utilizar este sitio web de acuerdo con todos los t\u00e9rminos y condiciones aqu\u00ed establecidos. El Usuario se compromete a ser financieramente responsable por todo el uso de este sitio web. El Usuario se compromete a no ceder, transferir o sublicenciar los derechos del Usuario en virtud de este Acuerdo.<\/p><p>Sin limitaci\u00f3n, el Usuario no har\u00e1 ninguna compra especulativa, falsa o fraudulenta, ni ninguna reserva en anticipaci\u00f3n de demanda. El Usuario acepta que el sitio web de Kysor Distributor se utilizar\u00e1 \u00fanicamente para realizar compras leg\u00edtimas para el Usuario. El Usuario se compromete a cumplir con los t\u00e9rminos o condiciones de compra impuestas por cualquier proveedor con el que el Usuario elija tratar, incluyendo, pero no limitado a, el pago o canje de todos los montos cuando sean debidos y el cumplimiento de todas las reglas relativas a la disponibilidad de precios, productos o servicios. El Usuario ser\u00e1 completamente responsable de todos los cargos, tarifas, derechos, impuestos y evaluaciones derivados del uso de este sitio web.<\/p><p>Este sitio web es para uso personal y no comercial del Usuario \u00fanicamente. El Usuario acepta no modificar, copiar, alterar, distribuir, transmitir, mostrar, realizar, reproducir, publicar, licenciar, crear obras derivadas, transferir o vender cualquier informaci\u00f3n, software, productos o servicios obtenidos de este sitio web sin el permiso previo por escrito de Bergstrom. El Usuario acepta no utilizar ning\u00fan robot, ara\u00f1a, dispositivo autom\u00e1tico u otro proceso manual para monitorear o copiar este sitio web o el contenido contenido en \u00e9l o para cualquier otro prop\u00f3sito no autorizado sin el permiso previo por escrito de Bergstrom. El Usuario acepta no utilizar ning\u00fan dispositivo, software o rutina para interferir o intentar interferir con el correcto funcionamiento de este sitio web o con cualquier actividad llevada a cabo en este sitio. El Usuario acepta no tomar ninguna acci\u00f3n que imponga una carga irracional o desproporcionadamente grande en nuestra infraestructura. Bergstrom se reserva el derecho de investigar cualquier uso ilegal y\/o no autorizado de este sitio web, incluyendo, pero no limitado a, la creaci\u00f3n no autorizada de marcos de este sitio web o el uso no autorizado de cualquier robot, ara\u00f1a u otro dispositivo automatizado, y de tomar las acciones legales apropiadas, incluyendo, sin limitaci\u00f3n, acciones civiles, penales y de medidas cautelares.<\/p><p><b>Avisos de derechos de autor y marcas registradas<\/b><\/p><p>Todo el contenido de este sitio web es: Copyright\u00a9 2025 Bergstrom, Inc. y\/o sus proveedores, 2390 Blackhawk Road, Rockford, Illinois 61109. Todos los derechos reservados.<\/p><p>Todos los derechos de autor, marcas registradas, nombres comerciales, logotipos y marcas de servicio (las \u00abMarcas\u00bb) mostradas en este sitio web son propiedad de Bergstrom o de otros terceros. El Usuario no est\u00e1 autorizado a utilizar estas Marcas sin el consentimiento previo por escrito de Bergstrom o el consentimiento de dichos terceros que puedan ser propietarios de las Marcas.<\/p><p><b>Descargo de responsabilidad<\/b><\/p><p>La informaci\u00f3n, software, productos y servicios publicados en este sitio web pueden incluir inexactitudes o errores tipogr\u00e1ficos. Peri\u00f3dicamente se agregan cambios a la informaci\u00f3n aqu\u00ed contenida. Bergstrom y\/o sus proveedores pueden realizar mejoras y\/o cambios en este sitio web en cualquier momento sin previo aviso. Bergstrom y\/o sus proveedores no hacen representaciones sobre la idoneidad de la informaci\u00f3n, software, productos y servicios contenidos en este sitio web para cualquier prop\u00f3sito. Toda dicha informaci\u00f3n, software, productos y servicios se proporcionan \u00abtal cual\u00bb sin garant\u00eda de ning\u00fan tipo. Bergstrom y\/o sus proveedores por la presente renuncian a todas las garant\u00edas y condiciones con respecto a esta informaci\u00f3n, software, productos y servicios, incluidas todas las garant\u00edas y condiciones impl\u00edcitas de comerciabilidad, idoneidad para un prop\u00f3sito particular, t\u00edtulo y no infracci\u00f3n. En ning\u00fan caso Bergstrom y\/o sus proveedores ser\u00e1n responsables de ning\u00fan da\u00f1o directo, indirecto, punitivo, incidental, especial o consecuente que surja de o est\u00e9 de alguna manera relacionado con el uso de este sitio web o con la demora o incapacidad de uso de este sitio web, o por cualquier informaci\u00f3n, software, productos y servicios obtenidos a trav\u00e9s de este sitio web, o de otra manera que surja del uso de este sitio web, ya sea basado en contrato, agravio, responsabilidad estricta o de otro tipo, incluso si Bergstrom y\/o cualquiera de sus proveedores ha sido informado de la posibilidad de da\u00f1os. Debido a que algunos Estados\/jurisdicciones no permiten la exclusi\u00f3n o limitaci\u00f3n de responsabilidad por da\u00f1os consecuentes o incidentales, la limitaci\u00f3n anterior puede no aplicarse a ti.<\/p><p><b>Declaraciones prospectivas<\/b><\/p><p>Este sitio web puede contener declaraciones prospectivas sobre Bergstrom. Estas declaraciones prospectivas solo se refieren a la fecha indicada o, si no se indica dicha fecha, a la fecha en que dichas declaraciones se publiquen en este sitio web. Los resultados reales pueden diferir materialmente de los descritos en cualquier declaraci\u00f3n prospectiva. Bergstrom renuncia expresamente a cualquier obligaci\u00f3n de actualizar, modificar, complementar o revisar de otro modo cualquier declaraci\u00f3n prospectiva contenida en este sitio web para reflejar eventos o circunstancias que puedan surgir despu\u00e9s de la fecha indicada, excepto seg\u00fan lo exija la ley aplicable.<\/p><p>La informaci\u00f3n proporcionada en este sitio web se proporciona \u00fanicamente para fines de referencia de los Usuarios y no debe ser considerada en relaci\u00f3n con ninguna decisi\u00f3n de inversi\u00f3n. La informaci\u00f3n proporcionada en este sitio web no constituye una oferta para vender ni la solicitud de una oferta para comprar valores.<\/p><p><b>Enlaces a sitios web de terceros<\/b><\/p><p>Este sitio web puede contener enlaces y punteros a sitios de Internet mantenidos por terceros. Bergstrom no opera ni controla en ning\u00fan aspecto ninguna informaci\u00f3n, productos o servicios en dichos sitios de terceros. Los enlaces y punteros de terceros se incluyen \u00fanicamente para la conveniencia de los Usuarios y no constituyen ning\u00fan respaldo por parte de Bergstrom y\/o sus proveedores. El Usuario asume la responsabilidad exclusiva por el uso de enlaces y punteros de terceros.<\/p><p><b>Software disponible en este sitio web<\/b><\/p><p>Tenga en cuenta que todo el software, incluyendo, sin limitaci\u00f3n, todo el c\u00f3digo HTML y los controles Active X contenidos en este sitio web, son propiedad de Bergstrom y\/o sus proveedores y est\u00e1n protegidos por leyes de propiedad intelectual y otras leyes, incluidas, sin limitaci\u00f3n, las leyes de derechos de autor y disposiciones de tratados internacionales. Cualquier reproducci\u00f3n o redistribuci\u00f3n del software est\u00e1 expresamente prohibida por la ley y puede resultar en sanciones civiles y penales. Los infractores ser\u00e1n procesados en la m\u00e1xima medida posible.<\/p><p><b>Uso de la informaci\u00f3n<\/b><\/p><p><a href=\"https:\/\/us.bergstrominc.com\/privacy-policy\">Consulte la Pol\u00edtica de Privacidad de Bergstrom.<\/a><\/p><p>\u00a0Cualquier comunicaci\u00f3n que env\u00ede a este sitio web o de otro modo a Bergstrom por correo electr\u00f3nico se realiza de manera no confidencial, y Bergstrom no tiene ninguna obligaci\u00f3n de abstenerse de reproducir, publicar o utilizar dichas comunicaciones de cualquier manera para cualquier prop\u00f3sito. Bergstrom ser\u00e1 libre de usar el contenido de dichas comunicaciones por correo electr\u00f3nico, incluidos el desarrollo, fabricaci\u00f3n y\/o comercializaci\u00f3n de bienes o servicios.<\/p><p><b>Indemnizaci\u00f3n<\/b><\/p><p>Como condici\u00f3n para el uso de este sitio web, el Usuario acepta indemnizar a Bergstrom y sus proveedores de y contra cualquier y todas las responsabilidades, gastos (incluidos los honorarios de abogados) y da\u00f1os derivados de reclamaciones resultantes del uso del Usuario de este sitio web, incluidas, sin limitaci\u00f3n, cualquier reclamaci\u00f3n que alegue hechos que, de ser ciertos, constituir\u00edan un incumplimiento por parte del Usuario de este Acuerdo.<\/p><p><b>Uso de foros de discusi\u00f3n, salas de chat, encuestas y otros foros de comunicaci\u00f3n<\/b><\/p><p>En la medida en que este sitio web contenga tableros de anuncios, conferencias, salas de chat, encuestas u otras instalaciones de comunicaci\u00f3n (\u00abForos\u00bb), el Usuario acepta utilizar dichos Foros solo para enviar y recibir mensajes y material que sean apropiados y est\u00e9n relacionados con el Foro en particular. A modo de ejemplo, y no como limitaci\u00f3n, el Usuario acepta que al usar un Foro, el Usuario no deber\u00e1:<\/p><ul><li aria-level=\"1\">Difamar, abusar, acosar, acechar, amenazar o violar de otro modo los derechos legales (como los derechos de privacidad y publicidad) de otros.<\/li><li aria-level=\"1\">Publicar, enviar, distribuir o diseminar material o informaci\u00f3n difamatoria, infringida, obscena, indecente o ilegal.<\/li><li aria-level=\"1\">Subir archivos que contengan software u otro material protegido por leyes de propiedad intelectual (o por derechos de privacidad de publicidad) a menos que el Usuario posea o controle los derechos correspondientes o haya recibido todos los consentimientos necesarios.<\/li><li aria-level=\"1\">Subir archivos que contengan virus, archivos corruptos o cualquier otro software o programas similares que puedan da\u00f1ar el funcionamiento de la computadora de otro.<\/li><li aria-level=\"1\">Eliminar cualquier atribuci\u00f3n de autor, avisos legales o designaciones o etiquetas propietarias en cualquier archivo que se suba.<\/li><li aria-level=\"1\">Falsificar el origen o la fuente del software u otro material contenido en un archivo que se suba.<\/li><li aria-level=\"1\">Anunciar u ofrecer vender cualquier bien o servicio, o participar en encuestas, concursos, cartas en cadena o para cualquier prop\u00f3sito comercial.<\/li><li aria-level=\"1\">Descargar cualquier archivo que el Usuario sepa<\/li><\/ul><p>El Usuario acepta utilizar este sitio web solo como lo permite este Acuerdo, cualquier pol\u00edtica o procedimiento adicional publicado en este sitio web de vez en cuando por Bergstrom, y la ley aplicable. Bergstrom se reserva el derecho de eliminar sin previo aviso cualquier contenido de este sitio web recibido de los Usuarios, incluidas, sin limitaci\u00f3n, publicaciones en tableros de anuncios. Bergstrom se reserva el derecho de denegar a su exclusivo criterio el acceso de cualquier usuario a este sitio web o a cualquier parte del mismo sin previo aviso. Bergstrom se reserva el derecho de editar cualquier aviso o publicaci\u00f3n para mayor claridad y extensi\u00f3n. El Usuario reconoce que cualquier Foro hospedado por este sitio web son comunicaciones p\u00fablicas y no privadas. Adem\u00e1s, el Usuario reconoce que los chats, publicaciones, conferencias y otras comunicaciones de otros Usuarios no son respaldados por Bergstrom, y dichas comunicaciones no se considerar\u00e1n revisadas, examinadas o aprobadas por Bergstrom.<\/p><p>\u00a0<\/p><p><b>Contacto de servicio<\/b><\/p><p>Si deseas ponerte en contacto con nosotros sobre este sitio web, utiliza la informaci\u00f3n que se detalla a continuaci\u00f3n para comunicarte con el servicio al cliente.<\/p><ul><li aria-level=\"1\">Correo electr\u00f3nico:\u00a0<a href=\"mailto:marketing@bergstrominc.com\">marketing@bergstrominc.com<\/a><\/li><li aria-level=\"1\">Direcci\u00f3n: Bergstrom Inc.<\/li><li aria-level=\"1\">Atenci\u00f3n: Coordinador de Marketing, 2390 Blackhawk Rd., P.O. Box 1007 Rockford, IL 61125, EE.UU.<\/li><\/ul><p><b>General<\/b><\/p><p>Bergstrom se reserva el derecho de hacer todos los cambios en este sitio web a su entera discreci\u00f3n sin previo aviso al Usuario. Bergstrom se reserva el derecho de negar el acceso a este sitio web a cualquier persona en cualquier momento. Este Acuerdo se considerar\u00e1 que incluye todos los dem\u00e1s avisos, pol\u00edticas, exenciones de responsabilidad y otros t\u00e9rminos contenidos en este sitio web; sin embargo, en caso de conflicto entre dichos otros t\u00e9rminos y los t\u00e9rminos de este Acuerdo, prevalecer\u00e1n los t\u00e9rminos de este Acuerdo.<\/p><p>Este Acuerdo se rige por las leyes del Estado de Illinois, EE.UU., sin referencia a las disposiciones sobre conflictos de leyes. El Usuario consiente la jurisdicci\u00f3n y competencia exclusiva de los tribunales del condado de Winnebago, Illinois, EE.UU., en todas las disputas que surjan de o est\u00e9n relacionadas con el uso de este sitio web. El uso de este sitio web no est\u00e1 autorizado en ninguna jurisdicci\u00f3n que no d\u00e9 efecto a todas las disposiciones de estos t\u00e9rminos y condiciones, incluyendo, sin limitaci\u00f3n, este p\u00e1rrafo.<\/p><p>Todos los derechos no expresamente otorgados en este documento est\u00e1n reservados.<\/p>\t\t\t\t\t\t\t\t<\/div>\n\t\t\t\t<\/div>\n\t\t\t\t\t<\/div>\n\t\t\t\t<\/div>\n\t\t\t\t<\/div>\n\t\t","protected":false},"excerpt":{"rendered":"<p>T\u00e9rminos, Condiciones y Avisos Legales Acuerdo entre el Usuario y Bergstrom, Inc. (\u00abBergstrom\u00bb) Este sitio web se ofrece al Usuario [&hellip;]<\/p>\n","protected":false},"author":1,"featured_media":0,"parent":0,"menu_order":0,"comment_status":"closed","ping_status":"closed","template":"","meta":{"postBodyCss":"","postBodyMargin":[],"postBodyPadding":[],"postBodyBackground":{"backgroundType":"classic","gradient":""},"site-sidebar-layout":"no-sidebar","site-content-layout":"","ast-site-content-layout":"full-width-container","site-content-style":"default","site-sidebar-style":"default","ast-global-header-display":"","ast-banner-title-visibility":"","ast-main-header-display":"","ast-hfb-above-header-display":"","ast-hfb-below-header-display":"","ast-hfb-mobile-header-display":"","site-post-title":"disabled","ast-breadcrumbs-content":"","ast-featured-img":"disabled","footer-sml-layout":"","ast-disable-related-posts":"","theme-transparent-header-meta":"","adv-header-id-meta":"","stick-header-meta":"","header-above-stick-meta":"","header-main-stick-meta":"","header-below-stick-meta":"","astra-migrate-meta-layouts":"default","ast-page-background-enabled":"default","ast-page-background-meta":{"desktop":{"background-color":"var(--ast-global-color-4)","background-image":"","background-repeat":"repeat","background-position":"center center","background-size":"auto","background-attachment":"scroll","background-type":"","background-media":"","overlay-type":"","overlay-color":"","overlay-opacity":"","overlay-gradient":""},"tablet":{"background-color":"","background-image":"","background-repeat":"repeat","background-position":"center center","background-size":"auto","background-attachment":"scroll","background-type":"","background-media":"","overlay-type":"","overlay-color":"","overlay-opacity":"","overlay-gradient":""},"mobile":{"background-color":"","background-image":"","background-repeat":"repeat","background-position":"center center","background-size":"auto","background-attachment":"scroll","background-type":"","background-media":"","overlay-type":"","overlay-color":"","overlay-opacity":"","overlay-gradient":""}},"ast-content-background-meta":{"desktop":{"background-color":"var(--ast-global-color-5)","background-image":"","background-repeat":"repeat","background-position":"center center","background-size":"auto","background-attachment":"scroll","background-type":"","background-media":"","overlay-type":"","overlay-color":"","overlay-opacity":"","overlay-gradient":""},"tablet":{"background-color":"var(--ast-global-color-5)","background-image":"","background-repeat":"repeat","background-position":"center center","background-size":"auto","background-attachment":"scroll","background-type":"","background-media":"","overlay-type":"","overlay-color":"","overlay-opacity":"","overlay-gradient":""},"mobile":{"background-color":"var(--ast-global-color-5)","background-image":"","background-repeat":"repeat","background-position":"center center","background-size":"auto","background-attachment":"scroll","background-type":"","background-media":"","overlay-type":"","overlay-color":"","overlay-opacity":"","overlay-gradient":""}},"footnotes":""},"class_list":["post-13746","page","type-page","status-publish","hentry"],"_links":{"self":[{"href":"https:\/\/bergstrominc.com\/us\/es\/wp-json\/wp\/v2\/pages\/13746","targetHints":{"allow":["GET"]}}],"collection":[{"href":"https:\/\/bergstrominc.com\/us\/es\/wp-json\/wp\/v2\/pages"}],"about":[{"href":"https:\/\/bergstrominc.com\/us\/es\/wp-json\/wp\/v2\/types\/page"}],"author":[{"embeddable":true,"href":"https:\/\/bergstrominc.com\/us\/es\/wp-json\/wp\/v2\/users\/1"}],"replies":[{"embeddable":true,"href":"https:\/\/bergstrominc.com\/us\/es\/wp-json\/wp\/v2\/comments?post=13746"}],"version-history":[{"count":6,"href":"https:\/\/bergstrominc.com\/us\/es\/wp-json\/wp\/v2\/pages\/13746\/revisions"}],"predecessor-version":[{"id":13755,"href":"https:\/\/bergstrominc.com\/us\/es\/wp-json\/wp\/v2\/pages\/13746\/revisions\/13755"}],"wp:attachment":[{"href":"https:\/\/bergstrominc.com\/us\/es\/wp-json\/wp\/v2\/media?parent=13746"}],"curies":[{"name":"wp","href":"https:\/\/api.w.org\/{rel}","templated":true}]}}